{"id":8895,"date":"2013-11-30T13:16:00","date_gmt":"2013-11-30T11:16:00","guid":{"rendered":"https:\/\/www.finieris.com\/?page_id=8895"},"modified":"2024-06-21T10:40:40","modified_gmt":"2024-06-21T07:40:40","slug":"ltrk-apmacibu-projekts-produktivitate-lv","status":"publish","type":"page","link":"https:\/\/www.finieris.com\/lv\/produkti-un-pakalpojumi\/petnieciba-un-attistiba\/es-atbalsta-projekti\/ltrk-apmacibu-projekts-produktivitate-lv\/","title":{"rendered":"LTRK apm\u0101c\u012bbu projekts Produktivitate.lv"},"content":{"rendered":"<section id=\"written-content-block_cec075e0e55e74ed51176fc78d1ed919\" class=\"block written-content bg-white pt-sm\"\n    >\n        <div class=\"container\" data-aos=\"fade-up\" data-aos-once=\"true\" data-aos-duration=\"500\">\n        <div class=\"row\">\n                        <div class=\"col col-md-9\">\n                <h3>LTRK apm\u0101c\u012bbu projekts Produktivitate.lv<\/h3>\n<p><img decoding=\"async\" src=\"https:\/\/www.finieris.lv\/docs\/uznemums\/ES_projekti\/ESF_ieguldijums_nakotne_ES.JPG\" alt=\"\" width=\"550\" \/><\/p>\n<p>&#8220;Latvijas Finieris&#8221; ir pievienojies Latvijas Tirdzniec\u012bbas un r\u016bpniec\u012bbas kameras un Latvijas Invest\u012bciju un att\u012bst\u012bbas a\u0123ent\u016bras \u012bstenotajam partneru darbinieku apm\u0101c\u012bbu projektam &#8220;Produktivitate.lv&#8221;.<\/p>\n<p>Projekta ietvaros tiek pl\u0101nota 4 vad\u012bt\u0101ju apm\u0101c\u012bba kurs\u0101 &#8220;Biznesa klase&#8221;.<\/p>\n<p>Projekta l\u012bguma Nr. L-APA-10-0016.<\/p>\n<p>Projektu \u012bsteno biedr\u012bba Latvijas Tirdzniec\u012bbas un r\u016bpniec\u012bbas kamera.<\/p>\n<p>Laik\u0101 no 2013.gada novembra l\u012bdz 2015.gada febru\u0101ra beig\u0101m projekta ietvaros 6 uz\u0146\u0113muma vad\u012bt\u0101ji ir apguvu\u0161i m\u0101c\u012bbu programmu \u201eBiznesa klase\u201d. Kop\u0113jais realiz\u0113to m\u0101c\u012bbu apjoms ir 900 stundas.<\/p>\n            <\/div>\n        <\/div>\n    <\/div>\n    <\/section>\n","protected":false},"excerpt":{"rendered":"","protected":false},"author":1,"featured_media":0,"parent":8840,"menu_order":0,"comment_status":"closed","ping_status":"closed","template":"","meta":{"_acf_changed":false,"footnotes":""},"categories":[1],"class_list":["post-8895","page","type-page","status-publish","hentry","category-visi-jaunumi"],"acf":[],"yoast_head":"<!-- This site is optimized with the Yoast SEO Premium plugin v27.2 (Yoast SEO v27.2) - https:\/\/yoast.com\/product\/yoast-seo-premium-wordpress\/ -->\n<title>LTRK apm\u0101c\u012bbu projekts Produktivitate.lv - Latvijas Finieris<\/title>\n<meta name=\"description\" content=\"Uzzin\u0101t vair\u0101k par projektu \u201cProduktivitate.lv\u201d. Apm\u0101c\u012bbas vad\u012bt\u0101jiem - projekts, kas izgl\u012bto un att\u012bsta biznesa prasmes.\" \/>\n<meta name=\"robots\" content=\"index, follow, max-snippet:-1, max-image-preview:large, max-video-preview:-1\" \/>\n<link rel=\"canonical\" href=\"https:\/\/www.finieris.com\/lv\/produkti-un-pakalpojumi\/petnieciba-un-attistiba\/es-atbalsta-projekti\/ltrk-apmacibu-projekts-produktivitate-lv\/\" \/>\n<meta property=\"og:locale\" content=\"lv_LV\" \/>\n<meta property=\"og:type\" content=\"article\" \/>\n<meta property=\"og:title\" content=\"LTRK apm\u0101c\u012bbu projekts Produktivitate.lv\" \/>\n<meta property=\"og:description\" content=\"Uzzin\u0101t vair\u0101k par projektu \u201cProduktivitate.lv\u201d. Apm\u0101c\u012bbas vad\u012bt\u0101jiem - projekts, kas izgl\u012bto un att\u012bsta biznesa prasmes.\" \/>\n<meta property=\"og:url\" content=\"https:\/\/www.finieris.com\/lv\/produkti-un-pakalpojumi\/petnieciba-un-attistiba\/es-atbalsta-projekti\/ltrk-apmacibu-projekts-produktivitate-lv\/\" \/>\n<meta property=\"og:site_name\" content=\"Latvijas Finieris\" \/>\n<meta property=\"article:publisher\" content=\"https:\/\/www.facebook.com\/Finieris\/\" \/>\n<meta property=\"article:modified_time\" content=\"2024-06-21T07:40:40+00:00\" \/>\n<meta name=\"twitter:card\" content=\"summary_large_image\" \/>\n<meta name=\"twitter:label1\" content=\"Est. reading time\" \/>\n\t<meta name=\"twitter:data1\" content=\"1 minute\" \/>\n<script type=\"application\/ld+json\" class=\"yoast-schema-graph\">{\"@context\":\"https:\/\/schema.org\",\"@graph\":[{\"@type\":\"WebPage\",\"@id\":\"https:\/\/www.finieris.com\/lv\/produkti-un-pakalpojumi\/petnieciba-un-attistiba\/es-atbalsta-projekti\/ltrk-apmacibu-projekts-produktivitate-lv\/\",\"url\":\"https:\/\/www.finieris.com\/lv\/produkti-un-pakalpojumi\/petnieciba-un-attistiba\/es-atbalsta-projekti\/ltrk-apmacibu-projekts-produktivitate-lv\/\",\"name\":\"LTRK apm\u0101c\u012bbu projekts Produktivitate.lv - Latvijas Finieris\",\"isPartOf\":{\"@id\":\"https:\/\/www.finieris.com\/lv\/#website\"},\"datePublished\":\"2013-11-30T11:16:00+00:00\",\"dateModified\":\"2024-06-21T07:40:40+00:00\",\"description\":\"Uzzin\u0101t vair\u0101k par projektu \u201cProduktivitate.lv\u201d. Apm\u0101c\u012bbas vad\u012bt\u0101jiem - projekts, kas izgl\u012bto un att\u012bsta biznesa prasmes.\",\"breadcrumb\":{\"@id\":\"https:\/\/www.finieris.com\/lv\/produkti-un-pakalpojumi\/petnieciba-un-attistiba\/es-atbalsta-projekti\/ltrk-apmacibu-projekts-produktivitate-lv\/#breadcrumb\"},\"inLanguage\":\"lv-LV\",\"potentialAction\":[{\"@type\":\"ReadAction\",\"target\":[\"https:\/\/www.finieris.com\/lv\/produkti-un-pakalpojumi\/petnieciba-un-attistiba\/es-atbalsta-projekti\/ltrk-apmacibu-projekts-produktivitate-lv\/\"]}]},{\"@type\":\"BreadcrumbList\",\"@id\":\"https:\/\/www.finieris.com\/lv\/produkti-un-pakalpojumi\/petnieciba-un-attistiba\/es-atbalsta-projekti\/ltrk-apmacibu-projekts-produktivitate-lv\/#breadcrumb\",\"itemListElement\":[{\"@type\":\"ListItem\",\"position\":1,\"name\":\"Home\",\"item\":\"https:\/\/www.finieris.com\/lv\/\"},{\"@type\":\"ListItem\",\"position\":2,\"name\":\"Produkti un pakalpojumi\",\"item\":\"https:\/\/www.finieris.com\/lv\/produkti-un-pakalpojumi\/\"},{\"@type\":\"ListItem\",\"position\":3,\"name\":\"P\u0113tniec\u012bba un att\u012bst\u012bba\",\"item\":\"https:\/\/www.finieris.com\/lv\/produkti-un-pakalpojumi\/petnieciba-un-attistiba\/\"},{\"@type\":\"ListItem\",\"position\":4,\"name\":\"ES atbalsta projekti\",\"item\":\"https:\/\/www.finieris.com\/lv\/produkti-un-pakalpojumi\/petnieciba-un-attistiba\/es-atbalsta-projekti\/\"},{\"@type\":\"ListItem\",\"position\":5,\"name\":\"LTRK apm\u0101c\u012bbu projekts Produktivitate.lv\"}]},{\"@type\":\"WebSite\",\"@id\":\"https:\/\/www.finieris.com\/lv\/#website\",\"url\":\"https:\/\/www.finieris.com\/lv\/\",\"name\":\"Latvijas Finieris\",\"description\":\"Leading the way in sustainable forestry\",\"publisher\":{\"@id\":\"https:\/\/www.finieris.com\/lv\/#organization\"},\"potentialAction\":[{\"@type\":\"SearchAction\",\"target\":{\"@type\":\"EntryPoint\",\"urlTemplate\":\"https:\/\/www.finieris.com\/lv\/?s={search_term_string}\"},\"query-input\":{\"@type\":\"PropertyValueSpecification\",\"valueRequired\":true,\"valueName\":\"search_term_string\"}}],\"inLanguage\":\"lv-LV\"},{\"@type\":\"Organization\",\"@id\":\"https:\/\/www.finieris.com\/lv\/#organization\",\"name\":\"Latvijas Finieris\",\"alternateName\":\"Riga Wood\",\"url\":\"https:\/\/www.finieris.com\/lv\/\",\"logo\":{\"@type\":\"ImageObject\",\"inLanguage\":\"lv-LV\",\"@id\":\"https:\/\/www.finieris.com\/lv\/#\/schema\/logo\/image\/\",\"url\":\"https:\/\/www.finieris.com\/wp-content\/uploads\/2023\/08\/finieris-logo.svg\",\"contentUrl\":\"https:\/\/www.finieris.com\/wp-content\/uploads\/2023\/08\/finieris-logo.svg\",\"width\":1,\"height\":1,\"caption\":\"Latvijas Finieris\"},\"image\":{\"@id\":\"https:\/\/www.finieris.com\/lv\/#\/schema\/logo\/image\/\"},\"sameAs\":[\"https:\/\/www.facebook.com\/Finieris\/\",\"https:\/\/lv.linkedin.com\/company\/latvijas-finieris\",\"https:\/\/www.youtube.com\/c\/LatvijasFinierisAS\"]}]}<\/script>\n<!-- \/ Yoast SEO Premium plugin. -->","yoast_head_json":{"title":"LTRK apm\u0101c\u012bbu projekts Produktivitate.lv - Latvijas Finieris","description":"Uzzin\u0101t vair\u0101k par projektu \u201cProduktivitate.lv\u201d. Apm\u0101c\u012bbas vad\u012bt\u0101jiem - projekts, kas izgl\u012bto un att\u012bsta biznesa prasmes.","robots":{"index":"index","follow":"follow","max-snippet":"max-snippet:-1","max-image-preview":"max-image-preview:large","max-video-preview":"max-video-preview:-1"},"canonical":"https:\/\/www.finieris.com\/lv\/produkti-un-pakalpojumi\/petnieciba-un-attistiba\/es-atbalsta-projekti\/ltrk-apmacibu-projekts-produktivitate-lv\/","og_locale":"lv_LV","og_type":"article","og_title":"LTRK apm\u0101c\u012bbu projekts Produktivitate.lv","og_description":"Uzzin\u0101t vair\u0101k par projektu \u201cProduktivitate.lv\u201d. Apm\u0101c\u012bbas vad\u012bt\u0101jiem - projekts, kas izgl\u012bto un att\u012bsta biznesa prasmes.","og_url":"https:\/\/www.finieris.com\/lv\/produkti-un-pakalpojumi\/petnieciba-un-attistiba\/es-atbalsta-projekti\/ltrk-apmacibu-projekts-produktivitate-lv\/","og_site_name":"Latvijas Finieris","article_publisher":"https:\/\/www.facebook.com\/Finieris\/","article_modified_time":"2024-06-21T07:40:40+00:00","twitter_card":"summary_large_image","twitter_misc":{"Est. reading time":"1 minute"},"schema":{"@context":"https:\/\/schema.org","@graph":[{"@type":"WebPage","@id":"https:\/\/www.finieris.com\/lv\/produkti-un-pakalpojumi\/petnieciba-un-attistiba\/es-atbalsta-projekti\/ltrk-apmacibu-projekts-produktivitate-lv\/","url":"https:\/\/www.finieris.com\/lv\/produkti-un-pakalpojumi\/petnieciba-un-attistiba\/es-atbalsta-projekti\/ltrk-apmacibu-projekts-produktivitate-lv\/","name":"LTRK apm\u0101c\u012bbu projekts Produktivitate.lv - Latvijas Finieris","isPartOf":{"@id":"https:\/\/www.finieris.com\/lv\/#website"},"datePublished":"2013-11-30T11:16:00+00:00","dateModified":"2024-06-21T07:40:40+00:00","description":"Uzzin\u0101t vair\u0101k par projektu \u201cProduktivitate.lv\u201d. Apm\u0101c\u012bbas vad\u012bt\u0101jiem - projekts, kas izgl\u012bto un att\u012bsta biznesa prasmes.","breadcrumb":{"@id":"https:\/\/www.finieris.com\/lv\/produkti-un-pakalpojumi\/petnieciba-un-attistiba\/es-atbalsta-projekti\/ltrk-apmacibu-projekts-produktivitate-lv\/#breadcrumb"},"inLanguage":"lv-LV","potentialAction":[{"@type":"ReadAction","target":["https:\/\/www.finieris.com\/lv\/produkti-un-pakalpojumi\/petnieciba-un-attistiba\/es-atbalsta-projekti\/ltrk-apmacibu-projekts-produktivitate-lv\/"]}]},{"@type":"BreadcrumbList","@id":"https:\/\/www.finieris.com\/lv\/produkti-un-pakalpojumi\/petnieciba-un-attistiba\/es-atbalsta-projekti\/ltrk-apmacibu-projekts-produktivitate-lv\/#breadcrumb","itemListElement":[{"@type":"ListItem","position":1,"name":"Home","item":"https:\/\/www.finieris.com\/lv\/"},{"@type":"ListItem","position":2,"name":"Produkti un pakalpojumi","item":"https:\/\/www.finieris.com\/lv\/produkti-un-pakalpojumi\/"},{"@type":"ListItem","position":3,"name":"P\u0113tniec\u012bba un att\u012bst\u012bba","item":"https:\/\/www.finieris.com\/lv\/produkti-un-pakalpojumi\/petnieciba-un-attistiba\/"},{"@type":"ListItem","position":4,"name":"ES atbalsta projekti","item":"https:\/\/www.finieris.com\/lv\/produkti-un-pakalpojumi\/petnieciba-un-attistiba\/es-atbalsta-projekti\/"},{"@type":"ListItem","position":5,"name":"LTRK apm\u0101c\u012bbu projekts Produktivitate.lv"}]},{"@type":"WebSite","@id":"https:\/\/www.finieris.com\/lv\/#website","url":"https:\/\/www.finieris.com\/lv\/","name":"Latvijas Finieris","description":"Leading the way in sustainable forestry","publisher":{"@id":"https:\/\/www.finieris.com\/lv\/#organization"},"potentialAction":[{"@type":"SearchAction","target":{"@type":"EntryPoint","urlTemplate":"https:\/\/www.finieris.com\/lv\/?s={search_term_string}"},"query-input":{"@type":"PropertyValueSpecification","valueRequired":true,"valueName":"search_term_string"}}],"inLanguage":"lv-LV"},{"@type":"Organization","@id":"https:\/\/www.finieris.com\/lv\/#organization","name":"Latvijas Finieris","alternateName":"Riga Wood","url":"https:\/\/www.finieris.com\/lv\/","logo":{"@type":"ImageObject","inLanguage":"lv-LV","@id":"https:\/\/www.finieris.com\/lv\/#\/schema\/logo\/image\/","url":"https:\/\/www.finieris.com\/wp-content\/uploads\/2023\/08\/finieris-logo.svg","contentUrl":"https:\/\/www.finieris.com\/wp-content\/uploads\/2023\/08\/finieris-logo.svg","width":1,"height":1,"caption":"Latvijas Finieris"},"image":{"@id":"https:\/\/www.finieris.com\/lv\/#\/schema\/logo\/image\/"},"sameAs":["https:\/\/www.facebook.com\/Finieris\/","https:\/\/lv.linkedin.com\/company\/latvijas-finieris","https:\/\/www.youtube.com\/c\/LatvijasFinierisAS"]}]}},"_links":{"self":[{"href":"https:\/\/www.finieris.com\/lv\/wp-json\/wp\/v2\/pages\/8895","targetHints":{"allow":["GET"]}}],"collection":[{"href":"https:\/\/www.finieris.com\/lv\/wp-json\/wp\/v2\/pages"}],"about":[{"href":"https:\/\/www.finieris.com\/lv\/wp-json\/wp\/v2\/types\/page"}],"author":[{"embeddable":true,"href":"https:\/\/www.finieris.com\/lv\/wp-json\/wp\/v2\/users\/1"}],"replies":[{"embeddable":true,"href":"https:\/\/www.finieris.com\/lv\/wp-json\/wp\/v2\/comments?post=8895"}],"version-history":[{"count":2,"href":"https:\/\/www.finieris.com\/lv\/wp-json\/wp\/v2\/pages\/8895\/revisions"}],"predecessor-version":[{"id":10224,"href":"https:\/\/www.finieris.com\/lv\/wp-json\/wp\/v2\/pages\/8895\/revisions\/10224"}],"up":[{"embeddable":true,"href":"https:\/\/www.finieris.com\/lv\/wp-json\/wp\/v2\/pages\/8840"}],"wp:attachment":[{"href":"https:\/\/www.finieris.com\/lv\/wp-json\/wp\/v2\/media?parent=8895"}],"wp:term":[{"taxonomy":"category","embeddable":true,"href":"https:\/\/www.finieris.com\/lv\/wp-json\/wp\/v2\/categories?post=8895"}],"curies":[{"name":"wp","href":"https:\/\/api.w.org\/{rel}","templated":true}]}}