{"id":8893,"date":"2015-08-06T13:15:00","date_gmt":"2015-08-06T10:15:00","guid":{"rendered":"https:\/\/www.finieris.com\/?page_id=8893"},"modified":"2024-06-21T10:39:35","modified_gmt":"2024-06-21T07:39:35","slug":"esf-projekts-kokrupniecibas-un-saistito-nozaru-komersantu-darbinieku-apmacibu-projekts","status":"publish","type":"page","link":"https:\/\/www.finieris.com\/lv\/produkti-un-pakalpojumi\/petnieciba-un-attistiba\/es-atbalsta-projekti\/esf-projekts-kokrupniecibas-un-saistito-nozaru-komersantu-darbinieku-apmacibu-projekts\/","title":{"rendered":"ESF projekts &#8220;Kokr\u016bpniec\u012bbas un saist\u012bto nozaru komersantu darbinieku apm\u0101c\u012bbu projekts&#8221;"},"content":{"rendered":"<section id=\"written-content-block_7dcd689454a61dbc200a2968e812c17f\" class=\"block written-content bg-white pt-sm\"\n    >\n        <div class=\"container\" data-aos=\"fade-up\" data-aos-once=\"true\" data-aos-duration=\"500\">\n        <div class=\"row\">\n                        <div class=\"col col-md-9\">\n                <h3>ESF projekts &#8220;Kokr\u016bpniec\u012bbas un saist\u012bto nozaru komersantu darbinieku apm\u0101c\u012bbu projekts&#8221;<\/h3>\n<p><img decoding=\"async\" src=\"https:\/\/www.finieris.lv\/docs\/uznemums\/ES_projekti\/ESF.jpg\" alt=\"\" width=\"607\" height=\"130\" \/><\/p>\n<p>06.08.2015.<br \/>\n2015.gad\u0101 projekta ietvaros 13 m\u0101c\u012bbu kursus apmekl\u0113ja 79 uz\u0146\u0113muma darbinieki.<br \/>\nKop\u0113jais realiz\u0113to m\u0101c\u012bbu apjoms ir 1701 stundas.<\/p>\n<p>Laika period\u0101 no 2010.gada 1.oktobra l\u012bdz 2015.gada 30.maijam projekta ietvaros da\u017e\u0101da veida apm\u0101c\u012bbas ir apmekl\u0113ju\u0161i 505 uz\u0146\u0113muma darbinieki, kop\u0101 m\u0101coties 21,5 t\u016bkst. stundas.<\/p>\n<p>15.04.2015.<br \/>\n2014.gad\u0101 projekta ietvaros 38 m\u0101c\u012bbu kursus apmekl\u0113ja 156 uz\u0146\u0113muma darbinieki.<br \/>\nKop\u0113jais realiz\u0113to m\u0101c\u012bbu apjoms ir 3389 stundas.<\/p>\n<p>10.01.2014.<br \/>\n2013.gad\u0101 projekta ietvaros 48 m\u0101c\u012bbu kursus apmekl\u0113ja 162 uz\u0146\u0113muma darbinieki.<br \/>\nKop\u0113jais realiz\u0113to m\u0101c\u012bbu apjoms ir 6351 stundas.<\/p>\n<p>02.01.2013.<br \/>\n2012.gad\u0101 projekta ietvaros 140 uz\u0146\u0113muma darbinieki apmekl\u0113ja 41 m\u0101c\u012bbu kursu. Kop\u0113jais realiz\u0113to m\u0101c\u012bbu apjoms ir 4711,5 stundas.<\/p>\n<p>03.01.2012.<br \/>\nNo 2010. gada 1. novembra l\u012bdz 2011. gada 31. decembrim m\u0101c\u012bb\u0101s ir piedal\u012bju\u0161ies 263 darbinieki 39 da\u017e\u0101dos apm\u0101c\u012bbu kursos. Kop\u0113jais realiz\u0113to m\u0101c\u012bbu apjoms ir 5313 stundas.<\/p>\n<p>16.11.2010.<br \/>\nAS &#8220;Latvijas Finieris&#8221; piedal\u0101s Latvijas Kokr\u016bpniec\u012bbas feder\u0101cijas un Latvijas Invest\u012bciju un att\u012bst\u012bbas a\u0123ent\u016bras \u012bstenotaj\u0101 projekt\u0101 &#8220;Kokr\u016bpniec\u012bbas un saist\u012bto nozaru komersantu darbinieku apm\u0101c\u012bbu projekts&#8221; (projekts Nr. APA\/1.3.1.1.1.\/10\/02\/001, l\u012bgums Nr.L-APA-10-0021, nosl\u0113gts 15.11.2010), kuru l\u012bdzfinans\u0113 Eiropas Soci\u0101lais fonds.<\/p>\n<p>Apm\u0101c\u012bbu projekta ietvaros l\u012bdz 2013. gada 1. j\u016blijam tiks apm\u0101c\u012bti vair\u0101k nek\u0101 550 AS &#8220;Latvijas Finieris&#8221; darbinieki, kuri paaugstin\u0101s savas profesion\u0101l\u0101s un datoru lieto\u0161anas prasmes, pilnveidos ra\u017eo\u0161anas efekt\u012bvas vad\u012bbas kompetences, k\u0101 ar\u012b apg\u016bs jaunas zin\u0101\u0161anas inform\u0101ciju tehnolo\u0123ij\u0101s.<\/p>\n            <\/div>\n        <\/div>\n    <\/div>\n    <\/section>\n","protected":false},"excerpt":{"rendered":"","protected":false},"author":1,"featured_media":0,"parent":8840,"menu_order":0,"comment_status":"closed","ping_status":"closed","template":"","meta":{"_acf_changed":false,"footnotes":""},"categories":[1],"class_list":["post-8893","page","type-page","status-publish","hentry","category-visi-jaunumi"],"acf":[],"yoast_head":"<!-- This site is optimized with the Yoast SEO Premium plugin v27.2 (Yoast SEO v27.2) - https:\/\/yoast.com\/product\/yoast-seo-premium-wordpress\/ -->\n<title>ESF projekts &quot;Kokr\u016bpniec\u012bbas un saist\u012bto nozaru komersantu darbinieku apm\u0101c\u012bbu projekts&quot; - Latvijas Finieris<\/title>\n<meta name=\"description\" content=\"P\u0113t\u012bjums par ESF projekta &#039;Kokr\u016bpniec\u012bbas un saist\u012bto nozaru komersantu darbinieku apm\u0101c\u012bbu projekts&#039; ietekmi - apmekl\u0113tas 1701 stundas apm\u0101c\u012bb\u0101s.\" \/>\n<meta name=\"robots\" content=\"index, follow, max-snippet:-1, max-image-preview:large, max-video-preview:-1\" \/>\n<link rel=\"canonical\" href=\"https:\/\/www.finieris.com\/lv\/produkti-un-pakalpojumi\/petnieciba-un-attistiba\/es-atbalsta-projekti\/esf-projekts-kokrupniecibas-un-saistito-nozaru-komersantu-darbinieku-apmacibu-projekts\/\" \/>\n<meta property=\"og:locale\" content=\"lv_LV\" \/>\n<meta property=\"og:type\" content=\"article\" \/>\n<meta property=\"og:title\" content=\"ESF projekts &quot;Kokr\u016bpniec\u012bbas un saist\u012bto nozaru komersantu darbinieku apm\u0101c\u012bbu projekts&quot;\" \/>\n<meta property=\"og:description\" content=\"P\u0113t\u012bjums par ESF projekta &#039;Kokr\u016bpniec\u012bbas un saist\u012bto nozaru komersantu darbinieku apm\u0101c\u012bbu projekts&#039; ietekmi - apmekl\u0113tas 1701 stundas apm\u0101c\u012bb\u0101s.\" \/>\n<meta property=\"og:url\" content=\"https:\/\/www.finieris.com\/lv\/produkti-un-pakalpojumi\/petnieciba-un-attistiba\/es-atbalsta-projekti\/esf-projekts-kokrupniecibas-un-saistito-nozaru-komersantu-darbinieku-apmacibu-projekts\/\" \/>\n<meta property=\"og:site_name\" content=\"Latvijas Finieris\" \/>\n<meta property=\"article:publisher\" content=\"https:\/\/www.facebook.com\/Finieris\/\" \/>\n<meta property=\"article:modified_time\" content=\"2024-06-21T07:39:35+00:00\" \/>\n<meta name=\"twitter:card\" content=\"summary_large_image\" \/>\n<meta name=\"twitter:label1\" content=\"Est. reading time\" \/>\n\t<meta name=\"twitter:data1\" content=\"2 minutes\" \/>\n<script type=\"application\/ld+json\" class=\"yoast-schema-graph\">{\"@context\":\"https:\/\/schema.org\",\"@graph\":[{\"@type\":\"WebPage\",\"@id\":\"https:\/\/www.finieris.com\/lv\/produkti-un-pakalpojumi\/petnieciba-un-attistiba\/es-atbalsta-projekti\/esf-projekts-kokrupniecibas-un-saistito-nozaru-komersantu-darbinieku-apmacibu-projekts\/\",\"url\":\"https:\/\/www.finieris.com\/lv\/produkti-un-pakalpojumi\/petnieciba-un-attistiba\/es-atbalsta-projekti\/esf-projekts-kokrupniecibas-un-saistito-nozaru-komersantu-darbinieku-apmacibu-projekts\/\",\"name\":\"ESF projekts \\\"Kokr\u016bpniec\u012bbas un saist\u012bto nozaru komersantu darbinieku apm\u0101c\u012bbu projekts\\\" - Latvijas Finieris\",\"isPartOf\":{\"@id\":\"https:\/\/www.finieris.com\/lv\/#website\"},\"datePublished\":\"2015-08-06T10:15:00+00:00\",\"dateModified\":\"2024-06-21T07:39:35+00:00\",\"description\":\"P\u0113t\u012bjums par ESF projekta 'Kokr\u016bpniec\u012bbas un saist\u012bto nozaru komersantu darbinieku apm\u0101c\u012bbu projekts' ietekmi - apmekl\u0113tas 1701 stundas apm\u0101c\u012bb\u0101s.\",\"breadcrumb\":{\"@id\":\"https:\/\/www.finieris.com\/lv\/produkti-un-pakalpojumi\/petnieciba-un-attistiba\/es-atbalsta-projekti\/esf-projekts-kokrupniecibas-un-saistito-nozaru-komersantu-darbinieku-apmacibu-projekts\/#breadcrumb\"},\"inLanguage\":\"lv-LV\",\"potentialAction\":[{\"@type\":\"ReadAction\",\"target\":[\"https:\/\/www.finieris.com\/lv\/produkti-un-pakalpojumi\/petnieciba-un-attistiba\/es-atbalsta-projekti\/esf-projekts-kokrupniecibas-un-saistito-nozaru-komersantu-darbinieku-apmacibu-projekts\/\"]}]},{\"@type\":\"BreadcrumbList\",\"@id\":\"https:\/\/www.finieris.com\/lv\/produkti-un-pakalpojumi\/petnieciba-un-attistiba\/es-atbalsta-projekti\/esf-projekts-kokrupniecibas-un-saistito-nozaru-komersantu-darbinieku-apmacibu-projekts\/#breadcrumb\",\"itemListElement\":[{\"@type\":\"ListItem\",\"position\":1,\"name\":\"Home\",\"item\":\"https:\/\/www.finieris.com\/lv\/\"},{\"@type\":\"ListItem\",\"position\":2,\"name\":\"Produkti un pakalpojumi\",\"item\":\"https:\/\/www.finieris.com\/lv\/produkti-un-pakalpojumi\/\"},{\"@type\":\"ListItem\",\"position\":3,\"name\":\"P\u0113tniec\u012bba un att\u012bst\u012bba\",\"item\":\"https:\/\/www.finieris.com\/lv\/produkti-un-pakalpojumi\/petnieciba-un-attistiba\/\"},{\"@type\":\"ListItem\",\"position\":4,\"name\":\"ES atbalsta projekti\",\"item\":\"https:\/\/www.finieris.com\/lv\/produkti-un-pakalpojumi\/petnieciba-un-attistiba\/es-atbalsta-projekti\/\"},{\"@type\":\"ListItem\",\"position\":5,\"name\":\"ESF projekts &#8220;Kokr\u016bpniec\u012bbas un saist\u012bto nozaru komersantu darbinieku apm\u0101c\u012bbu projekts&#8221;\"}]},{\"@type\":\"WebSite\",\"@id\":\"https:\/\/www.finieris.com\/lv\/#website\",\"url\":\"https:\/\/www.finieris.com\/lv\/\",\"name\":\"Latvijas Finieris\",\"description\":\"Leading the way in sustainable forestry\",\"publisher\":{\"@id\":\"https:\/\/www.finieris.com\/lv\/#organization\"},\"potentialAction\":[{\"@type\":\"SearchAction\",\"target\":{\"@type\":\"EntryPoint\",\"urlTemplate\":\"https:\/\/www.finieris.com\/lv\/?s={search_term_string}\"},\"query-input\":{\"@type\":\"PropertyValueSpecification\",\"valueRequired\":true,\"valueName\":\"search_term_string\"}}],\"inLanguage\":\"lv-LV\"},{\"@type\":\"Organization\",\"@id\":\"https:\/\/www.finieris.com\/lv\/#organization\",\"name\":\"Latvijas Finieris\",\"alternateName\":\"Riga Wood\",\"url\":\"https:\/\/www.finieris.com\/lv\/\",\"logo\":{\"@type\":\"ImageObject\",\"inLanguage\":\"lv-LV\",\"@id\":\"https:\/\/www.finieris.com\/lv\/#\/schema\/logo\/image\/\",\"url\":\"https:\/\/www.finieris.com\/wp-content\/uploads\/2023\/08\/finieris-logo.svg\",\"contentUrl\":\"https:\/\/www.finieris.com\/wp-content\/uploads\/2023\/08\/finieris-logo.svg\",\"width\":1,\"height\":1,\"caption\":\"Latvijas Finieris\"},\"image\":{\"@id\":\"https:\/\/www.finieris.com\/lv\/#\/schema\/logo\/image\/\"},\"sameAs\":[\"https:\/\/www.facebook.com\/Finieris\/\",\"https:\/\/lv.linkedin.com\/company\/latvijas-finieris\",\"https:\/\/www.youtube.com\/c\/LatvijasFinierisAS\"]}]}<\/script>\n<!-- \/ Yoast SEO Premium plugin. -->","yoast_head_json":{"title":"ESF projekts \"Kokr\u016bpniec\u012bbas un saist\u012bto nozaru komersantu darbinieku apm\u0101c\u012bbu projekts\" - Latvijas Finieris","description":"P\u0113t\u012bjums par ESF projekta 'Kokr\u016bpniec\u012bbas un saist\u012bto nozaru komersantu darbinieku apm\u0101c\u012bbu projekts' ietekmi - apmekl\u0113tas 1701 stundas apm\u0101c\u012bb\u0101s.","robots":{"index":"index","follow":"follow","max-snippet":"max-snippet:-1","max-image-preview":"max-image-preview:large","max-video-preview":"max-video-preview:-1"},"canonical":"https:\/\/www.finieris.com\/lv\/produkti-un-pakalpojumi\/petnieciba-un-attistiba\/es-atbalsta-projekti\/esf-projekts-kokrupniecibas-un-saistito-nozaru-komersantu-darbinieku-apmacibu-projekts\/","og_locale":"lv_LV","og_type":"article","og_title":"ESF projekts \"Kokr\u016bpniec\u012bbas un saist\u012bto nozaru komersantu darbinieku apm\u0101c\u012bbu projekts\"","og_description":"P\u0113t\u012bjums par ESF projekta 'Kokr\u016bpniec\u012bbas un saist\u012bto nozaru komersantu darbinieku apm\u0101c\u012bbu projekts' ietekmi - apmekl\u0113tas 1701 stundas apm\u0101c\u012bb\u0101s.","og_url":"https:\/\/www.finieris.com\/lv\/produkti-un-pakalpojumi\/petnieciba-un-attistiba\/es-atbalsta-projekti\/esf-projekts-kokrupniecibas-un-saistito-nozaru-komersantu-darbinieku-apmacibu-projekts\/","og_site_name":"Latvijas Finieris","article_publisher":"https:\/\/www.facebook.com\/Finieris\/","article_modified_time":"2024-06-21T07:39:35+00:00","twitter_card":"summary_large_image","twitter_misc":{"Est. reading time":"2 minutes"},"schema":{"@context":"https:\/\/schema.org","@graph":[{"@type":"WebPage","@id":"https:\/\/www.finieris.com\/lv\/produkti-un-pakalpojumi\/petnieciba-un-attistiba\/es-atbalsta-projekti\/esf-projekts-kokrupniecibas-un-saistito-nozaru-komersantu-darbinieku-apmacibu-projekts\/","url":"https:\/\/www.finieris.com\/lv\/produkti-un-pakalpojumi\/petnieciba-un-attistiba\/es-atbalsta-projekti\/esf-projekts-kokrupniecibas-un-saistito-nozaru-komersantu-darbinieku-apmacibu-projekts\/","name":"ESF projekts \"Kokr\u016bpniec\u012bbas un saist\u012bto nozaru komersantu darbinieku apm\u0101c\u012bbu projekts\" - Latvijas Finieris","isPartOf":{"@id":"https:\/\/www.finieris.com\/lv\/#website"},"datePublished":"2015-08-06T10:15:00+00:00","dateModified":"2024-06-21T07:39:35+00:00","description":"P\u0113t\u012bjums par ESF projekta 'Kokr\u016bpniec\u012bbas un saist\u012bto nozaru komersantu darbinieku apm\u0101c\u012bbu projekts' ietekmi - apmekl\u0113tas 1701 stundas apm\u0101c\u012bb\u0101s.","breadcrumb":{"@id":"https:\/\/www.finieris.com\/lv\/produkti-un-pakalpojumi\/petnieciba-un-attistiba\/es-atbalsta-projekti\/esf-projekts-kokrupniecibas-un-saistito-nozaru-komersantu-darbinieku-apmacibu-projekts\/#breadcrumb"},"inLanguage":"lv-LV","potentialAction":[{"@type":"ReadAction","target":["https:\/\/www.finieris.com\/lv\/produkti-un-pakalpojumi\/petnieciba-un-attistiba\/es-atbalsta-projekti\/esf-projekts-kokrupniecibas-un-saistito-nozaru-komersantu-darbinieku-apmacibu-projekts\/"]}]},{"@type":"BreadcrumbList","@id":"https:\/\/www.finieris.com\/lv\/produkti-un-pakalpojumi\/petnieciba-un-attistiba\/es-atbalsta-projekti\/esf-projekts-kokrupniecibas-un-saistito-nozaru-komersantu-darbinieku-apmacibu-projekts\/#breadcrumb","itemListElement":[{"@type":"ListItem","position":1,"name":"Home","item":"https:\/\/www.finieris.com\/lv\/"},{"@type":"ListItem","position":2,"name":"Produkti un pakalpojumi","item":"https:\/\/www.finieris.com\/lv\/produkti-un-pakalpojumi\/"},{"@type":"ListItem","position":3,"name":"P\u0113tniec\u012bba un att\u012bst\u012bba","item":"https:\/\/www.finieris.com\/lv\/produkti-un-pakalpojumi\/petnieciba-un-attistiba\/"},{"@type":"ListItem","position":4,"name":"ES atbalsta projekti","item":"https:\/\/www.finieris.com\/lv\/produkti-un-pakalpojumi\/petnieciba-un-attistiba\/es-atbalsta-projekti\/"},{"@type":"ListItem","position":5,"name":"ESF projekts &#8220;Kokr\u016bpniec\u012bbas un saist\u012bto nozaru komersantu darbinieku apm\u0101c\u012bbu projekts&#8221;"}]},{"@type":"WebSite","@id":"https:\/\/www.finieris.com\/lv\/#website","url":"https:\/\/www.finieris.com\/lv\/","name":"Latvijas Finieris","description":"Leading the way in sustainable forestry","publisher":{"@id":"https:\/\/www.finieris.com\/lv\/#organization"},"potentialAction":[{"@type":"SearchAction","target":{"@type":"EntryPoint","urlTemplate":"https:\/\/www.finieris.com\/lv\/?s={search_term_string}"},"query-input":{"@type":"PropertyValueSpecification","valueRequired":true,"valueName":"search_term_string"}}],"inLanguage":"lv-LV"},{"@type":"Organization","@id":"https:\/\/www.finieris.com\/lv\/#organization","name":"Latvijas Finieris","alternateName":"Riga Wood","url":"https:\/\/www.finieris.com\/lv\/","logo":{"@type":"ImageObject","inLanguage":"lv-LV","@id":"https:\/\/www.finieris.com\/lv\/#\/schema\/logo\/image\/","url":"https:\/\/www.finieris.com\/wp-content\/uploads\/2023\/08\/finieris-logo.svg","contentUrl":"https:\/\/www.finieris.com\/wp-content\/uploads\/2023\/08\/finieris-logo.svg","width":1,"height":1,"caption":"Latvijas Finieris"},"image":{"@id":"https:\/\/www.finieris.com\/lv\/#\/schema\/logo\/image\/"},"sameAs":["https:\/\/www.facebook.com\/Finieris\/","https:\/\/lv.linkedin.com\/company\/latvijas-finieris","https:\/\/www.youtube.com\/c\/LatvijasFinierisAS"]}]}},"_links":{"self":[{"href":"https:\/\/www.finieris.com\/lv\/wp-json\/wp\/v2\/pages\/8893","targetHints":{"allow":["GET"]}}],"collection":[{"href":"https:\/\/www.finieris.com\/lv\/wp-json\/wp\/v2\/pages"}],"about":[{"href":"https:\/\/www.finieris.com\/lv\/wp-json\/wp\/v2\/types\/page"}],"author":[{"embeddable":true,"href":"https:\/\/www.finieris.com\/lv\/wp-json\/wp\/v2\/users\/1"}],"replies":[{"embeddable":true,"href":"https:\/\/www.finieris.com\/lv\/wp-json\/wp\/v2\/comments?post=8893"}],"version-history":[{"count":2,"href":"https:\/\/www.finieris.com\/lv\/wp-json\/wp\/v2\/pages\/8893\/revisions"}],"predecessor-version":[{"id":10219,"href":"https:\/\/www.finieris.com\/lv\/wp-json\/wp\/v2\/pages\/8893\/revisions\/10219"}],"up":[{"embeddable":true,"href":"https:\/\/www.finieris.com\/lv\/wp-json\/wp\/v2\/pages\/8840"}],"wp:attachment":[{"href":"https:\/\/www.finieris.com\/lv\/wp-json\/wp\/v2\/media?parent=8893"}],"wp:term":[{"taxonomy":"category","embeddable":true,"href":"https:\/\/www.finieris.com\/lv\/wp-json\/wp\/v2\/categories?post=8893"}],"curies":[{"name":"wp","href":"https:\/\/api.w.org\/{rel}","templated":true}]}}