{"id":8891,"date":"2018-01-02T13:14:00","date_gmt":"2018-01-02T11:14:00","guid":{"rendered":"https:\/\/www.finieris.com\/?page_id=8891"},"modified":"2024-06-21T10:41:24","modified_gmt":"2024-06-21T07:41:24","slug":"projekts-programmvadibas-iekartas-metalapstrades-procesu-kvalitates-garantija","status":"publish","type":"page","link":"https:\/\/www.finieris.com\/lv\/produkti-un-pakalpojumi\/petnieciba-un-attistiba\/es-atbalsta-projekti\/projekts-programmvadibas-iekartas-metalapstrades-procesu-kvalitates-garantija\/","title":{"rendered":"Projekts &#8220;Programmvad\u012bbas iek\u0101rtas \u2013 met\u0101lapstr\u0101des procesu kvalit\u0101tes garantija&#8221;"},"content":{"rendered":"<section id=\"written-content-block_c546486208fc7aed9e96f73a2d6270db\" class=\"block written-content bg-white pt-sm\"\n    >\n        <div class=\"container\" data-aos=\"fade-up\" data-aos-once=\"true\" data-aos-duration=\"500\">\n        <div class=\"row\">\n                        <div class=\"col col-md-9\">\n                <h3>Projekts &#8220;Programmvad\u012bbas iek\u0101rtas \u2013 met\u0101lapstr\u0101des procesu kvalit\u0101tes garantija&#8221;<\/h3>\n<p><img decoding=\"async\" src=\"https:\/\/www.finieris.lv\/docs\/uznemums\/ES_projekti\/ERAF.jpg\" alt=\"\" width=\"607\" height=\"130\" \/><\/p>\n<p>&#8220;Latvijas Finieris&#8221; 2014. gada 2. apr\u012bl\u012b nosl\u0113dz l\u012bgumu ar Latvijas Invest\u012bciju un att\u012bst\u012bbas a\u0123ent\u016bru par projekta &#8220;Programmvad\u012bbas iek\u0101rtas \u2013 met\u0101lapstr\u0101des procesu kvalit\u0101tes garantija&#8221; \u012bsteno\u0161anu. \u0160o projektu l\u012bdzfinans\u0113 Eiropas Re\u0123ion\u0101l\u0101s att\u012bst\u012bbas fonds.<\/p>\n<p>Projekta m\u0113r\u0137is \u2013 ar jaunu un modernu met\u0101la meh\u0101nisk\u0101s apstr\u0101des tehnolo\u0123iju pal\u012bdz\u012bbu nodro\u0161in\u0101t augst\u0101kas sare\u017e\u0123\u012bt\u012bbas un precizit\u0101tes iek\u0101rtu mezglu izgatavo\u0161anu un apkopi, lai apg\u016btu jaunus ma\u0161\u012bnb\u016bves tirgus segmentus Latvij\u0101 un \u0101rvalst\u012bs. Projekta kop\u0113j\u0101s izmaksas ir 889 407 eiro.<\/p>\n<p>Projekta ietvaros 2015.\u00a0gada janv\u0101r\u012b Iek\u0101rtu R\u016bpn\u012bca sekm\u012bgi uzs\u0101kusi divu pirmo pieg\u0101d\u0101to iek\u0101rtu ekspluat\u0101ciju piln\u0101 noslodz\u0113.<\/p>\n<p>2015. gada j\u016blij\u0101 Iek\u0101rtu R\u016bpn\u012bca pie\u0146\u0113musi ekspluat\u0101cij\u0101 visas projekta ietvaros paredz\u0113t\u0101s tehnolo\u0123isk\u0101s iek\u0101rtas. Notiek projekta nobeiguma p\u0101rskata dokument\u0101cijas gatavo\u0161ana iesnieg\u0161anai LIAA.<\/p>\n            <\/div>\n        <\/div>\n    <\/div>\n    <\/section>\n","protected":false},"excerpt":{"rendered":"","protected":false},"author":1,"featured_media":0,"parent":8840,"menu_order":0,"comment_status":"closed","ping_status":"closed","template":"","meta":{"_acf_changed":false,"footnotes":""},"categories":[1],"class_list":["post-8891","page","type-page","status-publish","hentry","category-visi-jaunumi"],"acf":[],"yoast_head":"<!-- This site is optimized with the Yoast SEO Premium plugin v27.2 (Yoast SEO v27.2) - https:\/\/yoast.com\/product\/yoast-seo-premium-wordpress\/ -->\n<title>Projekts &quot;Programmvad\u012bbas iek\u0101rtas \u2013 met\u0101lapstr\u0101des procesu kvalit\u0101tes garantija&quot; - Latvijas Finieris<\/title>\n<meta name=\"description\" content=\"Uzziniet par projekta &#039;Programmvad\u012bbas iek\u0101rtas - met\u0101lapstr\u0101des procesu kvalit\u0101tes garantija&#039; m\u0113r\u0137iem un \u012bsteno\u0161anu Latvijas Finier\u012b.\" \/>\n<meta name=\"robots\" content=\"index, follow, max-snippet:-1, max-image-preview:large, max-video-preview:-1\" \/>\n<link rel=\"canonical\" href=\"https:\/\/www.finieris.com\/lv\/produkti-un-pakalpojumi\/petnieciba-un-attistiba\/es-atbalsta-projekti\/projekts-programmvadibas-iekartas-metalapstrades-procesu-kvalitates-garantija\/\" \/>\n<meta property=\"og:locale\" content=\"lv_LV\" \/>\n<meta property=\"og:type\" content=\"article\" \/>\n<meta property=\"og:title\" content=\"Projekts &quot;Programmvad\u012bbas iek\u0101rtas \u2013 met\u0101lapstr\u0101des procesu kvalit\u0101tes garantija&quot;\" \/>\n<meta property=\"og:description\" content=\"Uzziniet par projekta &#039;Programmvad\u012bbas iek\u0101rtas - met\u0101lapstr\u0101des procesu kvalit\u0101tes garantija&#039; m\u0113r\u0137iem un \u012bsteno\u0161anu Latvijas Finier\u012b.\" \/>\n<meta property=\"og:url\" content=\"https:\/\/www.finieris.com\/lv\/produkti-un-pakalpojumi\/petnieciba-un-attistiba\/es-atbalsta-projekti\/projekts-programmvadibas-iekartas-metalapstrades-procesu-kvalitates-garantija\/\" \/>\n<meta property=\"og:site_name\" content=\"Latvijas Finieris\" \/>\n<meta property=\"article:publisher\" content=\"https:\/\/www.facebook.com\/Finieris\/\" \/>\n<meta property=\"article:modified_time\" content=\"2024-06-21T07:41:24+00:00\" \/>\n<meta name=\"twitter:card\" content=\"summary_large_image\" \/>\n<meta name=\"twitter:label1\" content=\"Est. reading time\" \/>\n\t<meta name=\"twitter:data1\" content=\"1 minute\" \/>\n<script type=\"application\/ld+json\" class=\"yoast-schema-graph\">{\"@context\":\"https:\/\/schema.org\",\"@graph\":[{\"@type\":\"WebPage\",\"@id\":\"https:\/\/www.finieris.com\/lv\/produkti-un-pakalpojumi\/petnieciba-un-attistiba\/es-atbalsta-projekti\/projekts-programmvadibas-iekartas-metalapstrades-procesu-kvalitates-garantija\/\",\"url\":\"https:\/\/www.finieris.com\/lv\/produkti-un-pakalpojumi\/petnieciba-un-attistiba\/es-atbalsta-projekti\/projekts-programmvadibas-iekartas-metalapstrades-procesu-kvalitates-garantija\/\",\"name\":\"Projekts \\\"Programmvad\u012bbas iek\u0101rtas \u2013 met\u0101lapstr\u0101des procesu kvalit\u0101tes garantija\\\" - Latvijas Finieris\",\"isPartOf\":{\"@id\":\"https:\/\/www.finieris.com\/lv\/#website\"},\"datePublished\":\"2018-01-02T11:14:00+00:00\",\"dateModified\":\"2024-06-21T07:41:24+00:00\",\"description\":\"Uzziniet par projekta 'Programmvad\u012bbas iek\u0101rtas - met\u0101lapstr\u0101des procesu kvalit\u0101tes garantija' m\u0113r\u0137iem un \u012bsteno\u0161anu Latvijas Finier\u012b.\",\"breadcrumb\":{\"@id\":\"https:\/\/www.finieris.com\/lv\/produkti-un-pakalpojumi\/petnieciba-un-attistiba\/es-atbalsta-projekti\/projekts-programmvadibas-iekartas-metalapstrades-procesu-kvalitates-garantija\/#breadcrumb\"},\"inLanguage\":\"lv-LV\",\"potentialAction\":[{\"@type\":\"ReadAction\",\"target\":[\"https:\/\/www.finieris.com\/lv\/produkti-un-pakalpojumi\/petnieciba-un-attistiba\/es-atbalsta-projekti\/projekts-programmvadibas-iekartas-metalapstrades-procesu-kvalitates-garantija\/\"]}]},{\"@type\":\"BreadcrumbList\",\"@id\":\"https:\/\/www.finieris.com\/lv\/produkti-un-pakalpojumi\/petnieciba-un-attistiba\/es-atbalsta-projekti\/projekts-programmvadibas-iekartas-metalapstrades-procesu-kvalitates-garantija\/#breadcrumb\",\"itemListElement\":[{\"@type\":\"ListItem\",\"position\":1,\"name\":\"Home\",\"item\":\"https:\/\/www.finieris.com\/lv\/\"},{\"@type\":\"ListItem\",\"position\":2,\"name\":\"Produkti un pakalpojumi\",\"item\":\"https:\/\/www.finieris.com\/lv\/produkti-un-pakalpojumi\/\"},{\"@type\":\"ListItem\",\"position\":3,\"name\":\"P\u0113tniec\u012bba un att\u012bst\u012bba\",\"item\":\"https:\/\/www.finieris.com\/lv\/produkti-un-pakalpojumi\/petnieciba-un-attistiba\/\"},{\"@type\":\"ListItem\",\"position\":4,\"name\":\"ES atbalsta projekti\",\"item\":\"https:\/\/www.finieris.com\/lv\/produkti-un-pakalpojumi\/petnieciba-un-attistiba\/es-atbalsta-projekti\/\"},{\"@type\":\"ListItem\",\"position\":5,\"name\":\"Projekts &#8220;Programmvad\u012bbas iek\u0101rtas \u2013 met\u0101lapstr\u0101des procesu kvalit\u0101tes garantija&#8221;\"}]},{\"@type\":\"WebSite\",\"@id\":\"https:\/\/www.finieris.com\/lv\/#website\",\"url\":\"https:\/\/www.finieris.com\/lv\/\",\"name\":\"Latvijas Finieris\",\"description\":\"Leading the way in sustainable forestry\",\"publisher\":{\"@id\":\"https:\/\/www.finieris.com\/lv\/#organization\"},\"potentialAction\":[{\"@type\":\"SearchAction\",\"target\":{\"@type\":\"EntryPoint\",\"urlTemplate\":\"https:\/\/www.finieris.com\/lv\/?s={search_term_string}\"},\"query-input\":{\"@type\":\"PropertyValueSpecification\",\"valueRequired\":true,\"valueName\":\"search_term_string\"}}],\"inLanguage\":\"lv-LV\"},{\"@type\":\"Organization\",\"@id\":\"https:\/\/www.finieris.com\/lv\/#organization\",\"name\":\"Latvijas Finieris\",\"alternateName\":\"Riga Wood\",\"url\":\"https:\/\/www.finieris.com\/lv\/\",\"logo\":{\"@type\":\"ImageObject\",\"inLanguage\":\"lv-LV\",\"@id\":\"https:\/\/www.finieris.com\/lv\/#\/schema\/logo\/image\/\",\"url\":\"https:\/\/www.finieris.com\/wp-content\/uploads\/2023\/08\/finieris-logo.svg\",\"contentUrl\":\"https:\/\/www.finieris.com\/wp-content\/uploads\/2023\/08\/finieris-logo.svg\",\"width\":1,\"height\":1,\"caption\":\"Latvijas Finieris\"},\"image\":{\"@id\":\"https:\/\/www.finieris.com\/lv\/#\/schema\/logo\/image\/\"},\"sameAs\":[\"https:\/\/www.facebook.com\/Finieris\/\",\"https:\/\/lv.linkedin.com\/company\/latvijas-finieris\",\"https:\/\/www.youtube.com\/c\/LatvijasFinierisAS\"]}]}<\/script>\n<!-- \/ Yoast SEO Premium plugin. -->","yoast_head_json":{"title":"Projekts \"Programmvad\u012bbas iek\u0101rtas \u2013 met\u0101lapstr\u0101des procesu kvalit\u0101tes garantija\" - Latvijas Finieris","description":"Uzziniet par projekta 'Programmvad\u012bbas iek\u0101rtas - met\u0101lapstr\u0101des procesu kvalit\u0101tes garantija' m\u0113r\u0137iem un \u012bsteno\u0161anu Latvijas Finier\u012b.","robots":{"index":"index","follow":"follow","max-snippet":"max-snippet:-1","max-image-preview":"max-image-preview:large","max-video-preview":"max-video-preview:-1"},"canonical":"https:\/\/www.finieris.com\/lv\/produkti-un-pakalpojumi\/petnieciba-un-attistiba\/es-atbalsta-projekti\/projekts-programmvadibas-iekartas-metalapstrades-procesu-kvalitates-garantija\/","og_locale":"lv_LV","og_type":"article","og_title":"Projekts \"Programmvad\u012bbas iek\u0101rtas \u2013 met\u0101lapstr\u0101des procesu kvalit\u0101tes garantija\"","og_description":"Uzziniet par projekta 'Programmvad\u012bbas iek\u0101rtas - met\u0101lapstr\u0101des procesu kvalit\u0101tes garantija' m\u0113r\u0137iem un \u012bsteno\u0161anu Latvijas Finier\u012b.","og_url":"https:\/\/www.finieris.com\/lv\/produkti-un-pakalpojumi\/petnieciba-un-attistiba\/es-atbalsta-projekti\/projekts-programmvadibas-iekartas-metalapstrades-procesu-kvalitates-garantija\/","og_site_name":"Latvijas Finieris","article_publisher":"https:\/\/www.facebook.com\/Finieris\/","article_modified_time":"2024-06-21T07:41:24+00:00","twitter_card":"summary_large_image","twitter_misc":{"Est. reading time":"1 minute"},"schema":{"@context":"https:\/\/schema.org","@graph":[{"@type":"WebPage","@id":"https:\/\/www.finieris.com\/lv\/produkti-un-pakalpojumi\/petnieciba-un-attistiba\/es-atbalsta-projekti\/projekts-programmvadibas-iekartas-metalapstrades-procesu-kvalitates-garantija\/","url":"https:\/\/www.finieris.com\/lv\/produkti-un-pakalpojumi\/petnieciba-un-attistiba\/es-atbalsta-projekti\/projekts-programmvadibas-iekartas-metalapstrades-procesu-kvalitates-garantija\/","name":"Projekts \"Programmvad\u012bbas iek\u0101rtas \u2013 met\u0101lapstr\u0101des procesu kvalit\u0101tes garantija\" - Latvijas Finieris","isPartOf":{"@id":"https:\/\/www.finieris.com\/lv\/#website"},"datePublished":"2018-01-02T11:14:00+00:00","dateModified":"2024-06-21T07:41:24+00:00","description":"Uzziniet par projekta 'Programmvad\u012bbas iek\u0101rtas - met\u0101lapstr\u0101des procesu kvalit\u0101tes garantija' m\u0113r\u0137iem un \u012bsteno\u0161anu Latvijas Finier\u012b.","breadcrumb":{"@id":"https:\/\/www.finieris.com\/lv\/produkti-un-pakalpojumi\/petnieciba-un-attistiba\/es-atbalsta-projekti\/projekts-programmvadibas-iekartas-metalapstrades-procesu-kvalitates-garantija\/#breadcrumb"},"inLanguage":"lv-LV","potentialAction":[{"@type":"ReadAction","target":["https:\/\/www.finieris.com\/lv\/produkti-un-pakalpojumi\/petnieciba-un-attistiba\/es-atbalsta-projekti\/projekts-programmvadibas-iekartas-metalapstrades-procesu-kvalitates-garantija\/"]}]},{"@type":"BreadcrumbList","@id":"https:\/\/www.finieris.com\/lv\/produkti-un-pakalpojumi\/petnieciba-un-attistiba\/es-atbalsta-projekti\/projekts-programmvadibas-iekartas-metalapstrades-procesu-kvalitates-garantija\/#breadcrumb","itemListElement":[{"@type":"ListItem","position":1,"name":"Home","item":"https:\/\/www.finieris.com\/lv\/"},{"@type":"ListItem","position":2,"name":"Produkti un pakalpojumi","item":"https:\/\/www.finieris.com\/lv\/produkti-un-pakalpojumi\/"},{"@type":"ListItem","position":3,"name":"P\u0113tniec\u012bba un att\u012bst\u012bba","item":"https:\/\/www.finieris.com\/lv\/produkti-un-pakalpojumi\/petnieciba-un-attistiba\/"},{"@type":"ListItem","position":4,"name":"ES atbalsta projekti","item":"https:\/\/www.finieris.com\/lv\/produkti-un-pakalpojumi\/petnieciba-un-attistiba\/es-atbalsta-projekti\/"},{"@type":"ListItem","position":5,"name":"Projekts &#8220;Programmvad\u012bbas iek\u0101rtas \u2013 met\u0101lapstr\u0101des procesu kvalit\u0101tes garantija&#8221;"}]},{"@type":"WebSite","@id":"https:\/\/www.finieris.com\/lv\/#website","url":"https:\/\/www.finieris.com\/lv\/","name":"Latvijas Finieris","description":"Leading the way in sustainable forestry","publisher":{"@id":"https:\/\/www.finieris.com\/lv\/#organization"},"potentialAction":[{"@type":"SearchAction","target":{"@type":"EntryPoint","urlTemplate":"https:\/\/www.finieris.com\/lv\/?s={search_term_string}"},"query-input":{"@type":"PropertyValueSpecification","valueRequired":true,"valueName":"search_term_string"}}],"inLanguage":"lv-LV"},{"@type":"Organization","@id":"https:\/\/www.finieris.com\/lv\/#organization","name":"Latvijas Finieris","alternateName":"Riga Wood","url":"https:\/\/www.finieris.com\/lv\/","logo":{"@type":"ImageObject","inLanguage":"lv-LV","@id":"https:\/\/www.finieris.com\/lv\/#\/schema\/logo\/image\/","url":"https:\/\/www.finieris.com\/wp-content\/uploads\/2023\/08\/finieris-logo.svg","contentUrl":"https:\/\/www.finieris.com\/wp-content\/uploads\/2023\/08\/finieris-logo.svg","width":1,"height":1,"caption":"Latvijas Finieris"},"image":{"@id":"https:\/\/www.finieris.com\/lv\/#\/schema\/logo\/image\/"},"sameAs":["https:\/\/www.facebook.com\/Finieris\/","https:\/\/lv.linkedin.com\/company\/latvijas-finieris","https:\/\/www.youtube.com\/c\/LatvijasFinierisAS"]}]}},"_links":{"self":[{"href":"https:\/\/www.finieris.com\/lv\/wp-json\/wp\/v2\/pages\/8891","targetHints":{"allow":["GET"]}}],"collection":[{"href":"https:\/\/www.finieris.com\/lv\/wp-json\/wp\/v2\/pages"}],"about":[{"href":"https:\/\/www.finieris.com\/lv\/wp-json\/wp\/v2\/types\/page"}],"author":[{"embeddable":true,"href":"https:\/\/www.finieris.com\/lv\/wp-json\/wp\/v2\/users\/1"}],"replies":[{"embeddable":true,"href":"https:\/\/www.finieris.com\/lv\/wp-json\/wp\/v2\/comments?post=8891"}],"version-history":[{"count":2,"href":"https:\/\/www.finieris.com\/lv\/wp-json\/wp\/v2\/pages\/8891\/revisions"}],"predecessor-version":[{"id":10227,"href":"https:\/\/www.finieris.com\/lv\/wp-json\/wp\/v2\/pages\/8891\/revisions\/10227"}],"up":[{"embeddable":true,"href":"https:\/\/www.finieris.com\/lv\/wp-json\/wp\/v2\/pages\/8840"}],"wp:attachment":[{"href":"https:\/\/www.finieris.com\/lv\/wp-json\/wp\/v2\/media?parent=8891"}],"wp:term":[{"taxonomy":"category","embeddable":true,"href":"https:\/\/www.finieris.com\/lv\/wp-json\/wp\/v2\/categories?post=8891"}],"curies":[{"name":"wp","href":"https:\/\/api.w.org\/{rel}","templated":true}]}}