{"id":8887,"date":"2018-09-18T13:12:00","date_gmt":"2018-09-18T10:12:00","guid":{"rendered":"https:\/\/www.finieris.com\/?page_id=8887"},"modified":"2024-06-21T10:40:26","modified_gmt":"2024-06-21T07:40:26","slug":"jauni-saplaksna-kompozitmateriali","status":"publish","type":"page","link":"https:\/\/www.finieris.com\/lv\/produkti-un-pakalpojumi\/petnieciba-un-attistiba\/es-atbalsta-projekti\/jauni-saplaksna-kompozitmateriali\/","title":{"rendered":"Jauni sapl\u0101k\u0161\u0146a kompoz\u012btmateri\u0101li"},"content":{"rendered":"<section id=\"written-content-block_37eddee4c9260e193ff2db5ab5137e47\" class=\"block written-content bg-white pt-sm\"\n    >\n        <div class=\"container\" data-aos=\"fade-up\" data-aos-once=\"true\" data-aos-duration=\"500\">\n        <div class=\"row\">\n                        <div class=\"col col-md-9\">\n                <h3>Jauni sapl\u0101k\u0161\u0146a kompoz\u012btmateri\u0101li<\/h3>\n<p><img decoding=\"async\" src=\"https:\/\/www.finieris.lv\/docs\/uznemums\/ES_projekti\/es_projekti.jpg\" alt=\"\" width=\"562\" height=\"185\" \/><\/p>\n<p>Projekta m\u0113r\u0137is &#8211; izstr\u0101d\u0101t tirg\u016b piepras\u012btus jaunus kompoz\u012btmateri\u0101lus, k\u0101 ar\u012b uzlabot eso\u0161\u0101s pl\u0101t\u0146u \u012bpa\u0161\u012bbas atbilsto\u0161i tirgus piepras\u012bjumam. M\u0113r\u0137a sasnieg\u0161anai apvienot zin\u0101tnieku, sapl\u0101k\u0161\u0146u ra\u017eot\u0101ju un galapat\u0113r\u0113t\u0101ju u.c. industriju kompetences inovat\u012bvu risin\u0101jumu izstr\u0101dei<\/p>\n<p>Projekta ietvaros tiks realiz\u0113ti savstarp\u0113ji saist\u012bti p\u0113t\u012bjumi:<\/p>\n<ul class=\"bullets\">\n<li>Sapl\u0101k\u0161\u0146a konstrukcijas p\u0113t\u012bjums par kompoz\u012btmateri\u0101lu konstrukciju projekt\u0113\u0161anu un model\u0113\u0161anu ar m\u0113r\u0137i veikt produktu datorsimul\u0101cijas da\u013c\u0113ji aizst\u0101jot eksperiment\u0101los p\u0113t\u012bjumus.<\/li>\n<li>Ekolo\u0123isk\u0101s l\u012bmes \u2013 p\u0113t\u012bjums par eso\u0161o saistvielu aizst\u0101\u0161anas iesp\u0113j\u0101m ar biolo\u0123iskas izcelsmes l\u012bm\u0113m, t\u0101d\u0101 veid\u0101 samazinot saistviel\u0101s izmantoto fosil\u0101s izcelsmes izrakte\u0146u \u012bpatsvaru.<\/li>\n<li>Gaisto\u0161o vielu p\u0113t\u012bjums par gaisto\u0161o vielu saturu kompoz\u012btpl\u0101tnes.<\/li>\n<li>Sensoru integr\u0113\u0161ana sapl\u0101ksn\u012b<\/li>\n<li>Kompoz\u012btmateri\u0101lu savienojumu izstr\u0101de.<\/li>\n<li>Biolo\u0123isk\u0101s iztur\u012bbas paaugstin\u0101\u0161anas p\u0113t\u012bjums<\/li>\n<li>Uguns reakcijas samazin\u0101\u0161anas p\u0113t\u012bjums<\/li>\n<\/ul>\n<h5>2016. gads III ceturksnis<\/h5>\n<ul class=\"bullets\">\n<li>Projekta p\u0113tniec\u012bbas sada\u013cu iepirkumu organiz\u0113\u0161ana, rezult\u0101tu izv\u0113rt\u0113\u0161ana, l\u012bgumu sl\u0113g\u0161ana;<\/li>\n<li>Da\u017e\u0101du materi\u0101lu un b\u0113rza sapl\u0101k\u0161\u0146a sal\u012bdzino\u0161ie testi.<\/li>\n<li>Uzs\u0101kts sapl\u0101k\u0161\u0146a konstrukcijas p\u0113t\u012bjums ar m\u0113r\u0137i ieg\u016bt finiera meh\u0101nisk\u0101s \u012bpa\u0161\u012bbas izejas datus\u00a0 datorsimul\u0101cij\u0101m.<\/li>\n<\/ul>\n<h5 class=\"normal\">2016. gads IV ceturksnis<\/h5>\n<h6 class=\"normal\">Ugunsreakcijas p\u0113t\u012bjums<\/h6>\n<ul class=\"bullets\">\n<li>Veikti 6 testi saska\u0146\u0101 ar metodi EN13823 \u2013\u00a0 p\u0113t\u012bta gala apstr\u0101des ietekme uz impregn\u0113ta sapl\u0101k\u0161\u0146a ugunsreakcijas r\u0101d\u012bt\u0101jiem;<\/li>\n<li>Veikti 8 testi saska\u0146\u0101 ar metodi EN9239 \u2013 21 mm bieza sapl\u0101k\u0161\u0146a ugunsreakcijas p\u0113t\u012bjumi par virs\u0113j\u0101 finiera un kl\u0101juma ietekmi;<\/li>\n<\/ul>\n<h6>Sapl\u0101k\u0161\u0146a konstrukcijas p\u0113t\u012bjums<\/h6>\n<ul class=\"bullets\">\n<li>Izstr\u0101d\u0101ti da\u017e\u0101du biezumu un \u0161\u0137\u0113rsgriezumu lieces paraugu 3D mode\u013ci Solidworks vid\u0113, p\u0101rbaudot da\u017e\u0101dus parauga \u201enostiprin\u0101\u0161anas\u201d un slodzes pielik\u0161anas variantus, nov\u0113rt\u0113jot to ietekmi uz rezult\u0101tiem;<\/li>\n<li>Veiktas tr\u012bs punktu lieces datorsimul\u0101cijas atbilsto\u0161i EN 310. Noteikts ekvivalentais elast\u012bbas modulis, k\u0101 ar\u012b graujo\u0161\u0101 slodze, pie kuras notiek \u0101r\u0113j\u0101 k\u0101rtas pl\u012b\u0161ana. Veikta ieg\u016bto v\u0113rt\u012bbu krosvalid\u0101cija (crossvalidation) ar r\u016bpn\u012bc\u0101 ieg\u016btajiem testu datiem;<\/li>\n<li>Projekta ietvaros Izgatavoti paraugi \u2013 24 paraugu prototipi \u2013 (3 veidu biolo\u0123iskie; 4 veidu Ripplinga; 14 veidu uguns reakcijas p\u0113t\u012bjumos, 3 veidu ar ID tagiem).<\/li>\n<\/ul>\n<h5>2017. gads I ceturksnis<\/h5>\n<ul class=\"bullets\">\n<li>Sapl\u0101k\u0161\u0146a konstrukcijas p\u0113t\u012bjuma ietvaros veikta paraugu test\u0113\u0161ana, iek\u0101rtu iestat\u012b\u0161ana;<\/li>\n<li>Noteikti RFID \u010dipu nolas\u012b\u0161anas dzi\u013cumi sapl\u0101ksn\u012b, tiek mekl\u0113ti adh\u0113zijas nodro\u0161in\u0101\u0161anas risin\u0101jumi starp koksni un met\u0101l\u0101 p\u0101rkl\u0101jumu;<\/li>\n<li>Notest\u0113ti 2 veidu paraugi (ripplinga efekta samazin\u0101\u0161anai) \u2013 rezult\u0101ti negat\u012bvi, p\u0113t\u012bjums turpin\u0101s;<\/li>\n<li>Uguns reakcijas p\u0113t\u012bjums, kuros k\u0101 main\u012bgie ir p\u0101rkl\u0101juma veids, biezums un ra\u017eo\u0161anas vieta;<\/li>\n<li>Uzs\u0101kti biolo\u0123isk\u0101s iztur\u012bbas testi paraugiem, kuru izgatavo\u0161an\u0101 izmatota speci\u0101lu piedeva pie l\u012bm\u0113\u0161anas un impregn\u0113\u0161anas sve\u0137iem. Rezult\u0101ti b\u016bs \u0161.g. j\u016blij\u0101.<\/li>\n<\/ul>\n<h5>2017. gads II ceturksnis<\/h5>\n<ul class=\"bullets\">\n<li>P\u0113t\u012bjums sapl\u0101k\u0161\u0146a konstrukcijas \u2013 rezult\u0101tu anal\u012bze;<\/li>\n<li>Notest\u0113ti rippling paraugi \u2013 rezult\u0101ti negat\u012bvi, p\u0113t\u012bjums turpin\u0101s;<\/li>\n<li>Darbs pie ekolo\u0123isko l\u012bmju izstr\u0101des, p\u0113t\u012bjuma metodikas izstr\u0101de, pilottestu veik\u0161ana un aprob\u0101cija;<\/li>\n<li>Biolo\u0123isk\u0101s notur\u012bbas p\u0113t\u012bjumi\u2013 paraugu iztur\u0113\u0161ana \u201cs\u0113\u0146u iedarb\u012bbas vid\u0113\u201d;<\/li>\n<\/ul>\n<h6>Uguns reakcijas p\u0113t\u012bjumi<\/h6>\n<ul class=\"bullets\">\n<li>Apstiprin\u0101ts, ka kritiskais \u0161\u0137iedru virziens sapl\u0101k\u0161\u0146a paraugiem ir \u0161\u0137\u0113rseniskais, t.i., \u0161\u0137\u0113rs\u0101m liesmas izplat\u012b\u0161an\u0101s virzienam,<\/li>\n<li>Laboratoriskos apst\u0101k\u013cos impregn\u0113jot pap\u012bru ar sve\u0137iem, nevar tikt izdar\u012bti secin\u0101jumi, pamatojoties uz testu skaitliskaj\u0101m v\u0113rt\u012bb\u0101m, tos var izmantot tikai sal\u012bdzino\u0161u testa rezult\u0101tu izv\u0113rt\u0113\u0161anai,<\/li>\n<li>Veiktie indikat\u012bvie testi apstiprin\u0101ja hipot\u0113zi, ka tehnolo\u0123isko re\u017e\u012bmu ietekme var b\u016bt kritiska sapl\u0101k\u0161\u0146a\u00a0 &#8211; k\u0101 gr\u012bdas materi\u0101la, atbilst\u012bbas noteik\u0161an\u0101 p\u0113c standarta EN 13501.<\/li>\n<\/ul>\n<h5>2017. gads III ceturksnis<\/h5>\n<ul class=\"bullets\">\n<li>Ceturksn\u012b izgatavoti un notest\u0113ti 4 veidu ripplinga\u00a0 paraugu prototipi;<\/li>\n<li>Nosl\u0113dzies sensoru integr\u0113\u0161anas tagu p\u0113t\u012bjums, apzin\u0101tas sapl\u0101k\u0161\u0146a ar ID tagu ra\u017eo\u0161anas iesp\u0113jas un to \u012bpa\u0161\u012bbas;<\/li>\n<li>Turpin\u0101s ekolo\u0123isko l\u012bmju test\u0113\u0161ana \u2013 veikti laboratorijas testi;<\/li>\n<li>Ugunsreakcijas p\u0113t\u012bjuma ietvaros veikti indikat\u012bvie testi par filmas silver grey 220 ietekmi uz liesmas izplat\u012b\u0161anos gr\u012bdas materi\u0101liem. Testa metode EN 9239;<\/li>\n<li>Pabeigti bioiztur\u012bbas p\u0113t\u012bjumi par m\u0101las piedevas ietekmi uz sapl\u0101k\u0161\u0146a bioiztur\u012bbas r\u0101d\u012bt\u0101jiem. Rezult\u0101ti negat\u012bvi.<\/li>\n<\/ul>\n<h5>2017. gads VI ceturksnis<\/h5>\n<ul class=\"bullets\">\n<li>Test\u0113ti rippling paraugi \u2013 rezult\u0101ti negat\u012bvi, p\u0113t\u012bjums turpin\u0101s;<\/li>\n<li>Darbs pie ekolo\u0123isko l\u012bmju izstr\u0101des un koksnes impregn\u0113\u0161anas ar fenola formaldeh\u012bda sve\u0137iem;<\/li>\n<li>Sagatavotas divas publik\u0101cijas:<\/li>\n<\/ul>\n<p>\u201cOrganoclay Additive for Plywood Protection against Brown and White Rot Fungi\u201d<\/p>\n<p>\u201cBirch Plywood Sample Mechanical Property Investigation, Analysis and Validation of Results in Solidworks Environment\u201d<\/p>\n<h6>Ugunsreakcijas p\u0113t\u012bjumi:<\/h6>\n<ul class=\"bullets\">\n<li>noteikti uguns reakcijas izmai\u0146as (EN9239) atkar\u012bb\u0101 no spiediena un l\u012bmes uznesuma (3 paraugi);<\/li>\n<li>noteikti uguns reakcijas parametri p\u0113c EN9239 paraugiem ar modific\u0113tu amino sve\u0137u p\u0101rkl\u0101jumu vien\u0101 k\u0101rt\u0101;<\/li>\n<li>noteikti uguns reakcijas parametri p\u0113c EN 13823 impregn\u0113tai un standarta loksnei ar dekorat\u012bvu p\u0101rkl\u0101jumu (magn\u0113tisk\u0101 t\u0101fele)<\/li>\n<\/ul>\n<h5>2018.gada I ceturksnis<\/h5>\n<ul class=\"bullets\">\n<li>Sapl\u0101k\u0161\u0146a konstrukcijas \u2013 sapl\u0101k\u0161\u0146a konstrukciju projekt\u0113\u0161ana. Notest\u0113ti sapl\u0101k\u0161\u0146a \u00a0paraugi ar zemu virsk\u0101rtas uzbrie\u0161anu;<\/li>\n<li>Ekolo\u0123isk\u0101s l\u012bmes sve\u0137u sint\u0113ze un pilot ra\u017eo\u0161anas testi, sapl\u0101k\u0161\u0146a \u012bpa\u0161\u012bbu p\u0101rbaudes;<\/li>\n<li>Uzs\u0101kts p\u0113t\u012bjums par biolo\u0123iskas iztur\u012bbas paaugstin\u0101\u0161anas iesp\u0113j\u0101m, impregn\u0113jot finierus ar mazmolekul\u0101riem fenola sve\u0137iem. Sagatavoti paraugi ar viena veida sve\u0137iem, izmantojot da\u017e\u0101das koncentr\u0101cijas \u016bdens \u0161\u0137\u012bdumus (10, 20 un 30%);<\/li>\n<\/ul>\n<h6>Ugunsreakcijas p\u0113t\u012bjumi:<\/h6>\n<ul class=\"bullets\">\n<li>sagatavoti paraugi ar jaunu filmu un veikti testi p\u0113c metodes EN9239.<\/li>\n<li>sagatavoti jauni paraugi ar met\u0101la loksnes iek\u0161k\u0101rtu testiem p\u0113c metodes EN13823;<\/li>\n<li>sagatavoti paraugi ar speci\u0101lu grunti testiem gan p\u0113c metodes EN13823, gan EN 9239;<\/li>\n<li>tiek veikti uzkl\u0101\u0161anas testi ar jaunu \u016bdensb\u0101zes \u0161\u0137\u012bdumu, iepriek\u0161 uzkars\u0113jot pl\u0101tnes (p\u0113c antipir\u0113na izstr\u0101d\u0101t\u0101ju ieteikumiem), iepriek\u0161 uzkars\u0113jot pl\u0101tnes un iespie\u017eot sietveda reljefu, lai palielin\u0101tu virsmas uzs\u016bk\u0161anas sp\u0113ju, k\u0101 ar\u012b bez uzkars\u0113\u0161anas.<\/li>\n<\/ul>\n<h5>2018.gada II ceturksnis<\/h5>\n<ul class=\"bullets\">\n<li>Izgatavoti zemas virsk\u0101rtas uzbrie\u0161anas paraugi izmantojot pilotiek\u0101rtas;<\/li>\n<li>Ar ekolo\u0123isko l\u012bmi (ar paaugstin\u0101tu atjaunojamo resursu satura komponenti) l\u012bm\u0113ta sapl\u0101k\u0161\u0146a \u012bpa\u0161\u012bbu p\u0101rbaudes;<\/li>\n<li>Biolo\u0123isk\u0101s iztur\u012bbas p\u0113t\u012bjumi. Pabeigti skr\u012bninga testi ar fenola sve\u0137iem impregn\u0113tie paraugiem, kuros noteiktas robe\u017ekoncentr\u0101cijas efekt\u012bvai koksnes aizsardz\u012bbai;<\/li>\n<li>Ugunsreakcijas p\u0113t\u012bjums. Iepriek\u0161\u0113j\u0101 ceturksn\u012b veiktie uzkl\u0101\u0161anas testi, nedeva gaid\u012bto rezult\u0101tu \u2013 antipir\u0113ns ies\u016bc\u0101s virsm\u0101 nepiln\u012bgi, izveidojot plankumus un notec\u0113jumus. Veikti SBI testi (EN13823) sapl\u0101ksnim ar speci\u0101lu grunti, rezult\u0101ti negat\u012bvi. Kl\u0101juma uznesums par mazu. Veikti SBI testi ar t\u0113rauda loksni zem finier\u0113juma un modific\u0113tas filmas. Ar\u012b rezult\u0101ti negat\u012bvi.<\/li>\n<\/ul>\n<h5>2018.gada III ceturksnis<\/h5>\n<ul class=\"bullets\">\n<li>P\u0113t\u012bjums sapl\u0101k\u0161\u0146a konstrukcijas \u2013 sapl\u0101k\u0161\u0146a konstrukciju projekt\u0113\u0161ana. Koncentr\u0113tas slodzes testu datu apstr\u0101de.<\/li>\n<li>Ekolo\u0123isk\u0101s l\u012bmes sve\u0137u sint\u0113ze ra\u017eo\u0161anas testu izv\u0113rt\u0113\u0161ana, tehnolo\u0123ijas modific\u0113\u0161ana un iek\u0101rtu piel\u0101go\u0161ana.<\/li>\n<li>Pilot ra\u017eo\u0161anas testi sapl\u0101k\u0161\u0146iem ar zemu virsk\u0101rtas uzbrie\u0161anu. Testu paraugu izgatavo\u0161ana.<\/li>\n<\/ul>\n<hr class=\"small\" \/>\n<p>P\u0113t\u012bjums tiek \u012bstenots projekta Me\u017ea nozares Kompetences centrs ietvaros. Me\u017ea nozares Kompetences centrs aptver divus zin\u0101tniskos virzienus:<\/p>\n<ul class=\"bullets\">\n<li style=\"list-style-type: none;\">\n<ul>\n<li>Jauni koksnes materi\u0101li un tehnolo\u0123ijas;<\/li>\n<li>Me\u017ea kapit\u0101lv\u0113rt\u012bbas palielin\u0101\u0161ana un me\u017esaimniec\u012bba.<\/li>\n<\/ul>\n<\/li>\n<\/ul>\n<p>Kompetences centra projekta m\u0113r\u0137is ir atbalst\u012bt vismaz 10 p\u0113t\u012bjumus atbilsto\u0161i defin\u0113tajiem p\u0113tniec\u012bbas virzieniem, att\u012bstot jaunus produktus un tehnolo\u0123ijas nozar\u0113 un ievie\u0161ot t\u0101s ra\u017eo\u0161an\u0101, t\u0101d\u0113j\u0101di veicinot p\u0113tniec\u012bbas un r\u016bpniec\u012bbas sektora sadarb\u012bbu, k\u0101 ar\u012b nozares komersantu konkur\u0113tsp\u0113jas paaugstin\u0101\u0161anu. Kop\u0113jais ERAF atbalsta apjoms ir EUR 3\u00a0206\u00a0250.<\/p>\n<p>Projekts tiek \u012bstenots 2016.gada 1.j\u016blija l\u012bdz 2018.gada 31.decembrim.<\/p>\n<p>Sagatavota publik\u0101cija<\/p>\n<p>\u201cRestriction of Liquid Water Spreading in Top-layer of Plywood\u201d<\/p>\n            <\/div>\n        <\/div>\n    <\/div>\n    <\/section>\n","protected":false},"excerpt":{"rendered":"","protected":false},"author":1,"featured_media":0,"parent":8840,"menu_order":0,"comment_status":"closed","ping_status":"closed","template":"","meta":{"_acf_changed":false,"footnotes":""},"categories":[1],"class_list":["post-8887","page","type-page","status-publish","hentry","category-visi-jaunumi"],"acf":[],"yoast_head":"<!-- This site is optimized with the Yoast SEO Premium plugin v27.2 (Yoast SEO v27.2) - https:\/\/yoast.com\/product\/yoast-seo-premium-wordpress\/ -->\n<title>Jauni sapl\u0101k\u0161\u0146a kompoz\u012btmateri\u0101li - Latvijas Finieris<\/title>\n<meta name=\"description\" content=\"Jauni sapl\u0101k\u0161\u0146a kompoz\u012btmateri\u0101li - \u012bpa\u0161\u012bbu uzlabo\u0161ana un jauni risin\u0101jumi b\u016bvniec\u012bb\u0101. Iepaz\u012bsti p\u0113t\u012bjumus par kompoz\u012btpl\u0101t\u0146u datorsimul\u0101cij\u0101m, gaisto\u0161o vielu saturu un biolo\u0123iski iztur\u012bbu.\" \/>\n<meta name=\"robots\" content=\"index, follow, max-snippet:-1, max-image-preview:large, max-video-preview:-1\" \/>\n<link rel=\"canonical\" href=\"https:\/\/www.finieris.com\/lv\/produkti-un-pakalpojumi\/petnieciba-un-attistiba\/es-atbalsta-projekti\/jauni-saplaksna-kompozitmateriali\/\" \/>\n<meta property=\"og:locale\" content=\"lv_LV\" \/>\n<meta property=\"og:type\" content=\"article\" \/>\n<meta property=\"og:title\" content=\"Jauni sapl\u0101k\u0161\u0146a kompoz\u012btmateri\u0101li\" \/>\n<meta property=\"og:description\" content=\"Jauni sapl\u0101k\u0161\u0146a kompoz\u012btmateri\u0101li - \u012bpa\u0161\u012bbu uzlabo\u0161ana un jauni risin\u0101jumi b\u016bvniec\u012bb\u0101. Iepaz\u012bsti p\u0113t\u012bjumus par kompoz\u012btpl\u0101t\u0146u datorsimul\u0101cij\u0101m, gaisto\u0161o vielu saturu un biolo\u0123iski iztur\u012bbu.\" \/>\n<meta property=\"og:url\" content=\"https:\/\/www.finieris.com\/lv\/produkti-un-pakalpojumi\/petnieciba-un-attistiba\/es-atbalsta-projekti\/jauni-saplaksna-kompozitmateriali\/\" \/>\n<meta property=\"og:site_name\" content=\"Latvijas Finieris\" \/>\n<meta property=\"article:publisher\" content=\"https:\/\/www.facebook.com\/Finieris\/\" \/>\n<meta property=\"article:modified_time\" content=\"2024-06-21T07:40:26+00:00\" \/>\n<meta name=\"twitter:card\" content=\"summary_large_image\" \/>\n<meta name=\"twitter:label1\" content=\"Est. reading time\" \/>\n\t<meta name=\"twitter:data1\" content=\"5 minutes\" \/>\n<script type=\"application\/ld+json\" class=\"yoast-schema-graph\">{\"@context\":\"https:\/\/schema.org\",\"@graph\":[{\"@type\":\"WebPage\",\"@id\":\"https:\/\/www.finieris.com\/lv\/produkti-un-pakalpojumi\/petnieciba-un-attistiba\/es-atbalsta-projekti\/jauni-saplaksna-kompozitmateriali\/\",\"url\":\"https:\/\/www.finieris.com\/lv\/produkti-un-pakalpojumi\/petnieciba-un-attistiba\/es-atbalsta-projekti\/jauni-saplaksna-kompozitmateriali\/\",\"name\":\"Jauni sapl\u0101k\u0161\u0146a kompoz\u012btmateri\u0101li - Latvijas Finieris\",\"isPartOf\":{\"@id\":\"https:\/\/www.finieris.com\/lv\/#website\"},\"datePublished\":\"2018-09-18T10:12:00+00:00\",\"dateModified\":\"2024-06-21T07:40:26+00:00\",\"description\":\"Jauni sapl\u0101k\u0161\u0146a kompoz\u012btmateri\u0101li - \u012bpa\u0161\u012bbu uzlabo\u0161ana un jauni risin\u0101jumi b\u016bvniec\u012bb\u0101. Iepaz\u012bsti p\u0113t\u012bjumus par kompoz\u012btpl\u0101t\u0146u datorsimul\u0101cij\u0101m, gaisto\u0161o vielu saturu un biolo\u0123iski iztur\u012bbu.\",\"breadcrumb\":{\"@id\":\"https:\/\/www.finieris.com\/lv\/produkti-un-pakalpojumi\/petnieciba-un-attistiba\/es-atbalsta-projekti\/jauni-saplaksna-kompozitmateriali\/#breadcrumb\"},\"inLanguage\":\"lv-LV\",\"potentialAction\":[{\"@type\":\"ReadAction\",\"target\":[\"https:\/\/www.finieris.com\/lv\/produkti-un-pakalpojumi\/petnieciba-un-attistiba\/es-atbalsta-projekti\/jauni-saplaksna-kompozitmateriali\/\"]}]},{\"@type\":\"BreadcrumbList\",\"@id\":\"https:\/\/www.finieris.com\/lv\/produkti-un-pakalpojumi\/petnieciba-un-attistiba\/es-atbalsta-projekti\/jauni-saplaksna-kompozitmateriali\/#breadcrumb\",\"itemListElement\":[{\"@type\":\"ListItem\",\"position\":1,\"name\":\"Home\",\"item\":\"https:\/\/www.finieris.com\/lv\/\"},{\"@type\":\"ListItem\",\"position\":2,\"name\":\"Produkti un pakalpojumi\",\"item\":\"https:\/\/www.finieris.com\/lv\/produkti-un-pakalpojumi\/\"},{\"@type\":\"ListItem\",\"position\":3,\"name\":\"P\u0113tniec\u012bba un att\u012bst\u012bba\",\"item\":\"https:\/\/www.finieris.com\/lv\/produkti-un-pakalpojumi\/petnieciba-un-attistiba\/\"},{\"@type\":\"ListItem\",\"position\":4,\"name\":\"ES atbalsta projekti\",\"item\":\"https:\/\/www.finieris.com\/lv\/produkti-un-pakalpojumi\/petnieciba-un-attistiba\/es-atbalsta-projekti\/\"},{\"@type\":\"ListItem\",\"position\":5,\"name\":\"Jauni sapl\u0101k\u0161\u0146a kompoz\u012btmateri\u0101li\"}]},{\"@type\":\"WebSite\",\"@id\":\"https:\/\/www.finieris.com\/lv\/#website\",\"url\":\"https:\/\/www.finieris.com\/lv\/\",\"name\":\"Latvijas Finieris\",\"description\":\"Leading the way in sustainable forestry\",\"publisher\":{\"@id\":\"https:\/\/www.finieris.com\/lv\/#organization\"},\"potentialAction\":[{\"@type\":\"SearchAction\",\"target\":{\"@type\":\"EntryPoint\",\"urlTemplate\":\"https:\/\/www.finieris.com\/lv\/?s={search_term_string}\"},\"query-input\":{\"@type\":\"PropertyValueSpecification\",\"valueRequired\":true,\"valueName\":\"search_term_string\"}}],\"inLanguage\":\"lv-LV\"},{\"@type\":\"Organization\",\"@id\":\"https:\/\/www.finieris.com\/lv\/#organization\",\"name\":\"Latvijas Finieris\",\"alternateName\":\"Riga Wood\",\"url\":\"https:\/\/www.finieris.com\/lv\/\",\"logo\":{\"@type\":\"ImageObject\",\"inLanguage\":\"lv-LV\",\"@id\":\"https:\/\/www.finieris.com\/lv\/#\/schema\/logo\/image\/\",\"url\":\"https:\/\/www.finieris.com\/wp-content\/uploads\/2023\/08\/finieris-logo.svg\",\"contentUrl\":\"https:\/\/www.finieris.com\/wp-content\/uploads\/2023\/08\/finieris-logo.svg\",\"width\":1,\"height\":1,\"caption\":\"Latvijas Finieris\"},\"image\":{\"@id\":\"https:\/\/www.finieris.com\/lv\/#\/schema\/logo\/image\/\"},\"sameAs\":[\"https:\/\/www.facebook.com\/Finieris\/\",\"https:\/\/lv.linkedin.com\/company\/latvijas-finieris\",\"https:\/\/www.youtube.com\/c\/LatvijasFinierisAS\"]}]}<\/script>\n<!-- \/ Yoast SEO Premium plugin. -->","yoast_head_json":{"title":"Jauni sapl\u0101k\u0161\u0146a kompoz\u012btmateri\u0101li - Latvijas Finieris","description":"Jauni sapl\u0101k\u0161\u0146a kompoz\u012btmateri\u0101li - \u012bpa\u0161\u012bbu uzlabo\u0161ana un jauni risin\u0101jumi b\u016bvniec\u012bb\u0101. Iepaz\u012bsti p\u0113t\u012bjumus par kompoz\u012btpl\u0101t\u0146u datorsimul\u0101cij\u0101m, gaisto\u0161o vielu saturu un biolo\u0123iski iztur\u012bbu.","robots":{"index":"index","follow":"follow","max-snippet":"max-snippet:-1","max-image-preview":"max-image-preview:large","max-video-preview":"max-video-preview:-1"},"canonical":"https:\/\/www.finieris.com\/lv\/produkti-un-pakalpojumi\/petnieciba-un-attistiba\/es-atbalsta-projekti\/jauni-saplaksna-kompozitmateriali\/","og_locale":"lv_LV","og_type":"article","og_title":"Jauni sapl\u0101k\u0161\u0146a kompoz\u012btmateri\u0101li","og_description":"Jauni sapl\u0101k\u0161\u0146a kompoz\u012btmateri\u0101li - \u012bpa\u0161\u012bbu uzlabo\u0161ana un jauni risin\u0101jumi b\u016bvniec\u012bb\u0101. Iepaz\u012bsti p\u0113t\u012bjumus par kompoz\u012btpl\u0101t\u0146u datorsimul\u0101cij\u0101m, gaisto\u0161o vielu saturu un biolo\u0123iski iztur\u012bbu.","og_url":"https:\/\/www.finieris.com\/lv\/produkti-un-pakalpojumi\/petnieciba-un-attistiba\/es-atbalsta-projekti\/jauni-saplaksna-kompozitmateriali\/","og_site_name":"Latvijas Finieris","article_publisher":"https:\/\/www.facebook.com\/Finieris\/","article_modified_time":"2024-06-21T07:40:26+00:00","twitter_card":"summary_large_image","twitter_misc":{"Est. reading time":"5 minutes"},"schema":{"@context":"https:\/\/schema.org","@graph":[{"@type":"WebPage","@id":"https:\/\/www.finieris.com\/lv\/produkti-un-pakalpojumi\/petnieciba-un-attistiba\/es-atbalsta-projekti\/jauni-saplaksna-kompozitmateriali\/","url":"https:\/\/www.finieris.com\/lv\/produkti-un-pakalpojumi\/petnieciba-un-attistiba\/es-atbalsta-projekti\/jauni-saplaksna-kompozitmateriali\/","name":"Jauni sapl\u0101k\u0161\u0146a kompoz\u012btmateri\u0101li - Latvijas Finieris","isPartOf":{"@id":"https:\/\/www.finieris.com\/lv\/#website"},"datePublished":"2018-09-18T10:12:00+00:00","dateModified":"2024-06-21T07:40:26+00:00","description":"Jauni sapl\u0101k\u0161\u0146a kompoz\u012btmateri\u0101li - \u012bpa\u0161\u012bbu uzlabo\u0161ana un jauni risin\u0101jumi b\u016bvniec\u012bb\u0101. Iepaz\u012bsti p\u0113t\u012bjumus par kompoz\u012btpl\u0101t\u0146u datorsimul\u0101cij\u0101m, gaisto\u0161o vielu saturu un biolo\u0123iski iztur\u012bbu.","breadcrumb":{"@id":"https:\/\/www.finieris.com\/lv\/produkti-un-pakalpojumi\/petnieciba-un-attistiba\/es-atbalsta-projekti\/jauni-saplaksna-kompozitmateriali\/#breadcrumb"},"inLanguage":"lv-LV","potentialAction":[{"@type":"ReadAction","target":["https:\/\/www.finieris.com\/lv\/produkti-un-pakalpojumi\/petnieciba-un-attistiba\/es-atbalsta-projekti\/jauni-saplaksna-kompozitmateriali\/"]}]},{"@type":"BreadcrumbList","@id":"https:\/\/www.finieris.com\/lv\/produkti-un-pakalpojumi\/petnieciba-un-attistiba\/es-atbalsta-projekti\/jauni-saplaksna-kompozitmateriali\/#breadcrumb","itemListElement":[{"@type":"ListItem","position":1,"name":"Home","item":"https:\/\/www.finieris.com\/lv\/"},{"@type":"ListItem","position":2,"name":"Produkti un pakalpojumi","item":"https:\/\/www.finieris.com\/lv\/produkti-un-pakalpojumi\/"},{"@type":"ListItem","position":3,"name":"P\u0113tniec\u012bba un att\u012bst\u012bba","item":"https:\/\/www.finieris.com\/lv\/produkti-un-pakalpojumi\/petnieciba-un-attistiba\/"},{"@type":"ListItem","position":4,"name":"ES atbalsta projekti","item":"https:\/\/www.finieris.com\/lv\/produkti-un-pakalpojumi\/petnieciba-un-attistiba\/es-atbalsta-projekti\/"},{"@type":"ListItem","position":5,"name":"Jauni sapl\u0101k\u0161\u0146a kompoz\u012btmateri\u0101li"}]},{"@type":"WebSite","@id":"https:\/\/www.finieris.com\/lv\/#website","url":"https:\/\/www.finieris.com\/lv\/","name":"Latvijas Finieris","description":"Leading the way in sustainable forestry","publisher":{"@id":"https:\/\/www.finieris.com\/lv\/#organization"},"potentialAction":[{"@type":"SearchAction","target":{"@type":"EntryPoint","urlTemplate":"https:\/\/www.finieris.com\/lv\/?s={search_term_string}"},"query-input":{"@type":"PropertyValueSpecification","valueRequired":true,"valueName":"search_term_string"}}],"inLanguage":"lv-LV"},{"@type":"Organization","@id":"https:\/\/www.finieris.com\/lv\/#organization","name":"Latvijas Finieris","alternateName":"Riga Wood","url":"https:\/\/www.finieris.com\/lv\/","logo":{"@type":"ImageObject","inLanguage":"lv-LV","@id":"https:\/\/www.finieris.com\/lv\/#\/schema\/logo\/image\/","url":"https:\/\/www.finieris.com\/wp-content\/uploads\/2023\/08\/finieris-logo.svg","contentUrl":"https:\/\/www.finieris.com\/wp-content\/uploads\/2023\/08\/finieris-logo.svg","width":1,"height":1,"caption":"Latvijas Finieris"},"image":{"@id":"https:\/\/www.finieris.com\/lv\/#\/schema\/logo\/image\/"},"sameAs":["https:\/\/www.facebook.com\/Finieris\/","https:\/\/lv.linkedin.com\/company\/latvijas-finieris","https:\/\/www.youtube.com\/c\/LatvijasFinierisAS"]}]}},"_links":{"self":[{"href":"https:\/\/www.finieris.com\/lv\/wp-json\/wp\/v2\/pages\/8887","targetHints":{"allow":["GET"]}}],"collection":[{"href":"https:\/\/www.finieris.com\/lv\/wp-json\/wp\/v2\/pages"}],"about":[{"href":"https:\/\/www.finieris.com\/lv\/wp-json\/wp\/v2\/types\/page"}],"author":[{"embeddable":true,"href":"https:\/\/www.finieris.com\/lv\/wp-json\/wp\/v2\/users\/1"}],"replies":[{"embeddable":true,"href":"https:\/\/www.finieris.com\/lv\/wp-json\/wp\/v2\/comments?post=8887"}],"version-history":[{"count":2,"href":"https:\/\/www.finieris.com\/lv\/wp-json\/wp\/v2\/pages\/8887\/revisions"}],"predecessor-version":[{"id":10223,"href":"https:\/\/www.finieris.com\/lv\/wp-json\/wp\/v2\/pages\/8887\/revisions\/10223"}],"up":[{"embeddable":true,"href":"https:\/\/www.finieris.com\/lv\/wp-json\/wp\/v2\/pages\/8840"}],"wp:attachment":[{"href":"https:\/\/www.finieris.com\/lv\/wp-json\/wp\/v2\/media?parent=8887"}],"wp:term":[{"taxonomy":"category","embeddable":true,"href":"https:\/\/www.finieris.com\/lv\/wp-json\/wp\/v2\/categories?post=8887"}],"curies":[{"name":"wp","href":"https:\/\/api.w.org\/{rel}","templated":true}]}}