{"id":8885,"date":"2018-12-05T13:11:00","date_gmt":"2018-12-05T11:11:00","guid":{"rendered":"https:\/\/www.finieris.com\/?page_id=8885"},"modified":"2025-02-21T15:50:57","modified_gmt":"2025-02-21T13:50:57","slug":"rupnieciskas-betulina-razosanas-iespejas-no-berza-parstrades-atlikumiem","status":"publish","type":"page","link":"https:\/\/www.finieris.com\/lv\/produkti-un-pakalpojumi\/petnieciba-un-attistiba\/es-atbalsta-projekti\/rupnieciskas-betulina-razosanas-iespejas-no-berza-parstrades-atlikumiem\/","title":{"rendered":"R\u016bpnieciskas betul\u012bna ra\u017eo\u0161anas iesp\u0113jas no b\u0113rza p\u0101rstr\u0101des atlikumiem"},"content":{"rendered":"<section id=\"written-content-block_a032b1faf0d7bcbdd0b03cf42f37a55e\" class=\"block written-content bg-white pt-sm\"\n    >\n        <div class=\"container\" data-aos=\"fade-up\" data-aos-once=\"true\" data-aos-duration=\"500\">\n        <div class=\"row\">\n                        <div class=\"col col-md-9\">\n                <h3>R\u016bpnieciskas betul\u012bna ra\u017eo\u0161anas iesp\u0113jas no b\u0113rza p\u0101rstr\u0101des atlikumiem<\/h3>\n<p><img decoding=\"async\" src=\"https:\/\/www.finieris.com\/wp-content\/uploads\/2024\/10\/LV_Finanse_Eiropas_Savieniba_RGB_POS.png\" alt=\"Finans\u0113 Eirpoas Savien\u012bba - Next Generation EU\" width=\"500\" \/> <img decoding=\"async\" src=\"https:\/\/www.finieris.com\/wp-content\/uploads\/2024\/10\/NAP_logo_ar_nosaukumu_PNG_H400px_lv.png\" alt=\"Nacion\u0101lais att\u012bst\u012bbas pl\u0101ns 2027\" width=\"100\" \/><\/p>\n<h5>R\u016bpnieciskas betul\u012bna ra\u017eo\u0161anas iesp\u0113jas no b\u0113rza p\u0101rstr\u0101des atlikumiem<\/h5>\n<p>B\u0113rza mizas \u0101r\u0113jais baltais sl\u0101nis jeb t\u0101ss p\u0113c sava \u0137\u012bmisk\u0101 sast\u0101va ir unik\u0101ls dabas produkts, kas satur lielu daudzumu (~35% no a.s. masas) v\u0113rt\u012bgu ekstraktvielu (betul\u012bns). Projekta m\u0113r\u0137is ir att\u012bst\u012bt jaunu tehnolo\u0123iju,\u00a0nokomplekt\u0113t pilotiek\u0101rtu un piel\u0101got pilotiek\u0101rtas re\u017e\u012bmus augstas pievienot\u0101s v\u0113rt\u012bbas produkta b\u0113rza t\u0101ss ekstraktvielu (betul\u012bna) ieg\u016b\u0161anai r\u016bpnieciskam l\u012bmenim kosm\u0113tikas tirgum. P\u0113t\u012bjumu laik\u0101 ir paredz\u0113ts veikt betul\u012bna izn\u0101kuma un sast\u0101va p\u0113t\u012bjumus atkar\u012bb\u0101 no izejmateri\u0101la sagatavo\u0161anas metodikas, k\u0101 ar\u012b betul\u012bna ra\u017eo\u0161anas iek\u0101rtas att\u012bst\u012b\u0161ana un ra\u017eo\u0161anai optim\u0101lo re\u017e\u012bmu izp\u0113te. Balstoties uz ieg\u016btajiem datiem, eksperiment\u0101l\u0101s izstr\u0101des ietvaros veiks betul\u012bna testa partiju sara\u017eo\u0161anu un t\u0101 fizik\u0101lo \u012bpa\u0161\u012bbu piel\u0101go\u0161anu kosm\u0113tikas izejvielu tirgum.<\/p>\n<h5>2016. gads III ceturksnis<\/h5>\n<ul class=\"bullets\">\n<li>Projekta realiz\u0101cijai iedal\u012btas un apr\u012bkotas atsevi\u0161\u0137as telpas LV K\u0136I;<\/li>\n<li>Pabeigta betul\u012bna ekstrah\u0113\u0161anas iek\u0101rtu apr\u012bko\u0161ana un uzs\u0101kta to ekspluat\u0101cija;<\/li>\n<li>Ieg\u0101d\u0101ts un uzst\u0101d\u012bts vakuuma ietvaic\u0113t\u0101js;<\/li>\n<li>Veikti pirmie b\u0113rza mizas ieguves un \u0161\u0137iro\u0161anas eksperimenti r\u016bpn\u012bc\u0101 Lignum\u0101;<\/li>\n<li>Veiktas divas betul\u012bna ekstrakcijas, nol\u016bk\u0101 analiz\u0113t\u00a0\u0161\u0137\u012bdin\u0101t\u0101ja re\u0123ener\u0101cijas iesp\u0113jas, atkar\u012bb\u0101 no izejmateri\u0101la sagatavo\u0161anas veida un piemais\u012bjuma kl\u0101tb\u016btnes.<\/li>\n<\/ul>\n<h5>2016. gads IV ceturksnis<\/h5>\n<ul class=\"bullets\">\n<li>Pabeigti b\u0113rza mizas ieguves eksperimenti, ieg\u016bti secin\u0101jumi;<\/li>\n<li>Izstr\u0101d\u0101ta izejmateri\u0101la kvalit\u0101tes nov\u0113rt\u0113\u0161anas ekspresmetode;<\/li>\n<li>Veikti 8 eksperimenti ar diviem \u0161\u0137\u012bdin\u0101tajiem, ieg\u016bti dati par \u0161\u0137\u012bdin\u0101t\u0101ju ietekmi uz izn\u0101kuma apjomu;<\/li>\n<li>Veikti eksperimenti ar div\u0101m \u0161\u0137\u012bdin\u0101t\u0101ju re\u0123ener\u0101cijas metod\u0113m, ieg\u016bti secin\u0101jumi;<\/li>\n<li>Ieg\u016bti dati par betul\u012bna mal\u0161anas un sij\u0101\u0161anas pa\u0146\u0113mieniem;<\/li>\n<li>Eksperimentu rezult\u0101t\u0101 sara\u017eoti 5kg betul\u012bna.<\/li>\n<\/ul>\n<h5>2017. gads I ceturksnis<\/h5>\n<ul class=\"bullets\">\n<li>Turpin\u0101ti eksperimenti ar izejvielas sagatavo\u0161anas metod\u0113m;<\/li>\n<li>Ekstrakcijas procesa p\u0113t\u012bjumi &#8211; bilance atkar\u012bb\u0101 no l\u016bksnes atdal\u012b\u0161anas veida;<\/li>\n<li>Ekstraktvielu mal\u0161anas un frakcion\u0113\u0161anas procesa bilance un ra\u017e\u012bba;<\/li>\n<li>Produkta kvalitat\u012bv\u0101 un kvantitat\u012bv\u0101 sast\u0101va noteik\u0161ana un anal\u012b\u017eu metodes valid\u0101cija t\u0101l\u0101kiem p\u0113t\u012bjumiem;<\/li>\n<li>Konsult\u0113joties ar kosm\u0113tisko produktu komercializ\u0101cijas speci\u0101listiem, sagatavoti pavaddokumenti betul\u012bna, k\u0101 kosm\u0113tikas izejvielas re\u0123istr\u0101cijai;<\/li>\n<li>Sagatavotas\u00a0divas publik\u0101cijas:<\/li>\n<\/ul>\n<p>CHARACTERIZATION OF ANTIOXIDANT ACTIVITY AND TOTAL PHENOLIC COMPOUND CONTENT OF BIRCH OUTER BARK EXTRACTS USING MICRO PLATE ASSAY;<\/p>\n<p>A NOVEL METHOD FOR BIRCH OUTER BARK QUALITY CONTROL USING HIGHEST HEATING VALUE;<\/p>\n<ul class=\"bullets\">\n<li>2017. gada mart\u0101 tika pie\u0161\u0137irta Bioekonomikas balva Vides zin\u0101tnes un izgl\u012bt\u012bbas padomes (VZIP) izsludin\u0101t\u0101 konkurs\u0101 \u201eVides zin\u0101tnes balva\u201d Latvijas Finieris iesniegtajam projektam \u201cInovat\u012bvs produkts: b\u0113rza t\u0101ss ekstraktviela\u00a0ar augstu betul\u012bna saturu\u201c.<\/li>\n<\/ul>\n<h5>2017. gads II ceturksnis<\/h5>\n<ul class=\"bullets\">\n<li>Tika pabeigts darbs pie p\u0113t\u012bjumiem par ekstrakcijas procesa efektivit\u0101ti atkar\u012bb\u0101 no l\u016bksnes atdal\u012b\u0161anas veida un izejvielas frakcion\u0101l\u0101 sast\u0101va;<\/li>\n<li>Tika izp\u0113t\u012bti ekstrakta mal\u0161anas un sij\u0101\u0161anas pamat nosac\u012bjumi, k\u0101 ar\u012b uzs\u0101kts darbs pie ekstrakta kvalitat\u012bv\u0101 un kvantitat\u012bv\u0101 sast\u0101va noteik\u0161anas un anal\u012b\u017eu metodes valid\u0101cijas, kas tiks izmantots k\u0101 pamats t\u0101l\u0101kajos p\u0113t\u012bjumos.<\/li>\n<\/ul>\n<h5>2017. gads III ceturksnis<\/h5>\n<ul class=\"bullets\">\n<li>Turpin\u0101ti ekstrakcijas eksperimenti ar optim\u0101lajiem ekstrakcijas parametriem;<\/li>\n<li>Uzs\u0101kts aglomer\u0101tu mal\u0161anas eksperiments, izmantojot citu mal\u0161anas tehnolo\u0123iju;<\/li>\n<li>Stabiliz\u0113ta ekstrakta kvalitat\u012bv\u0101 sast\u0101va valid\u0101cijas metode.<\/li>\n<\/ul>\n<h5>2017. gads VI ceturksnis<\/h5>\n<ul class=\"bullets\">\n<li>Apkopoti optim\u0101lie ekstrakcijas parametri;<\/li>\n<li>Kosm\u0113tikas izejvielas raksturo\u0161ana un pavaddokumentu izstr\u0101des aktivit\u0101tes:<\/li>\n<li>Veikti pieci eksperimenti par ekstrakta koncentr\u0101cijas ietekmi uz kosm\u0113tisko kr\u0113mu \u012bpa\u0161\u012bb\u0101m;<\/li>\n<li>Veikti divi eksperimenti par ekstrakta iedarb\u012bbu uz \u0161\u016bnu l\u012bnij\u0101m.<\/li>\n<\/ul>\n<h5>2018.gada I ceturksnis<\/h5>\n<ul class=\"bullets\">\n<li>Veiksm\u012bgi pabeigts ekstraktvielu mal\u0161anas eksperiments, izmantojot rot\u0101cijas &#8211; sij\u0101\u0161anas tehnolo\u0123iju, sadarb\u012bb\u0101 ar V\u0101cijas uz\u0146\u0113mumu Retsch;<\/li>\n<li>Uzs\u0101kts betul\u012bna skalo\u0161anas p\u0113t\u012bjums;<\/li>\n<li>Ieg\u016bti rezult\u0101ti par betul\u012bna konserv\u0113jo\u0161aj\u0101m un antioksidanta \u012bpa\u0161\u012bb\u0101m kosm\u0113tiskajos l\u012bdzek\u013cos, k\u0101 ar\u012b anti radik\u0101laj\u0101m \u012bpa\u0161\u012bb\u0101m \u0101das \u0161\u016bnu re\u0123ener\u0101cijas proces\u0101;<\/li>\n<li>Pieredzes apmai\u0146as brauciens pie V\u0101cijas uz\u0146\u0113muma Amryt AG, kas ir viens no betul\u012bna ieguves izp\u0113tes uzs\u0101c\u0113jiem Eirop\u0101.<\/li>\n<\/ul>\n<h5>2018.gada II ceturksnis<\/h5>\n<ul class=\"bullets\">\n<li>Turpin\u0101ts darbs pie Ekstrakciju veik\u0161anas. L\u012bdz \u0161im veiktas 57 ekstrakcijas, un ieg\u016bts 46,7 kg ekstrakta;<\/li>\n<li>Pabeigts aglomer\u0101tu mal\u0161anas eksperiments, izmantojot citu mal\u0161anas tehnolo\u0123iju. Atrasts optim\u0101lais mal\u0161anas pa\u0146\u0113miens;<\/li>\n<li>Uzs\u0101kts betul\u012bna skalo\u0161anas p\u0113t\u012bjums, lai samazin\u0101tu sezonalit\u0101tes ietekmi uz b\u0113rza t\u0101ss kvalit\u0101ti;<\/li>\n<li>Ieg\u016bti rezult\u0101ti par betul\u012bna konserv\u0113jo\u0161aj\u0101m un antioksidanta \u012bpa\u0161\u012bb\u0101m kosm\u0113tiskajos l\u012bdzek\u013cos.<\/li>\n<\/ul>\n<h5>2018.gada III ceturksnis<\/h5>\n<ul class=\"bullets\">\n<li>Tika \u012bstenots izejvielas industri\u0101las sagatavo\u0161anas eksperiments \u2013 atsij\u0101jot un iz\u017e\u0101v\u0113jot 15 tonnas b\u0113rza t\u0101ss.<\/li>\n<li>Eksperimenta rezult\u0101t\u0101 tika izdar\u012bti secin\u0101jumi par efekt\u012bv\u0101kaj\u0101m industri\u0101laj\u0101m metod\u0113m izejvielas sag\u0101dei.<\/li>\n<li>Laboratorij\u0101 tika p\u0113t\u012bta ieg\u016bt\u0101 izejvielas kvalit\u0101tes ietekme uz gala produktu, k\u0101 ar\u012b izm\u0113\u0123in\u0101tas divas industri\u0101li ieg\u016btas izejvielas att\u012br\u012b\u0161anas metodes.<\/li>\n<li>Paral\u0113li izejvielu industri\u0101lai ieguvei, tika p\u0113t\u012bts b\u0113rza finierklu\u010du m\u0113rc\u0113\u0161anas baseina \u016bdens \u0137\u012bmiskais sast\u0101vs un t\u0101 ietekme uz gala produktu.<\/li>\n<\/ul>\n<hr class=\"small\" \/>\n<p>P\u0113t\u012bjums tiek \u012bstenots projekta Me\u017ea nozares Kompetences centrs ietvaros. Me\u017ea nozares Kompetences centrs aptver divus zin\u0101tniskos virzienus:<\/p>\n<ul class=\"bullets\">\n<li style=\"list-style-type: none;\">\n<ul>\n<li>Jauni koksnes materi\u0101li un tehnolo\u0123ijas;<\/li>\n<li>Me\u017ea kapit\u0101lv\u0113rt\u012bbas palielin\u0101\u0161ana un me\u017esaimniec\u012bba.<\/li>\n<\/ul>\n<\/li>\n<\/ul>\n<p>Kompetences centra projekta m\u0113r\u0137is ir atbalst\u012bt vismaz 10 p\u0113t\u012bjumus atbilsto\u0161i defin\u0113tajiem p\u0113tniec\u012bbas virzieniem, att\u012bstot jaunus produktus un tehnolo\u0123ijas nozar\u0113 un ievie\u0161ot t\u0101s ra\u017eo\u0161an\u0101, t\u0101d\u0113j\u0101di veicinot p\u0113tniec\u012bbas un r\u016bpniec\u012bbas sektora sadarb\u012bbu, k\u0101 ar\u012b nozares komersantu konkur\u0113tsp\u0113jas paaugstin\u0101\u0161anu. Kop\u0113jais ERAF atbalsta apjoms ir EUR 3\u00a0206\u00a0250.<\/p>\n<p>Projekts tiek \u012bstenots 2016.gada 1.j\u016blija l\u012bdz 2018.gada 31.decembrim.<\/p>\n            <\/div>\n        <\/div>\n    <\/div>\n    <\/section>\n","protected":false},"excerpt":{"rendered":"","protected":false},"author":1,"featured_media":5965,"parent":8840,"menu_order":0,"comment_status":"closed","ping_status":"closed","template":"","meta":{"_acf_changed":false,"footnotes":""},"categories":[759,719],"class_list":["post-8885","page","type-page","status-publish","has-post-thumbnail","hentry","category-betulins","category-rd-lv"],"acf":[],"yoast_head":"<!-- This site is optimized with the Yoast SEO Premium plugin v27.2 (Yoast SEO v27.2) - https:\/\/yoast.com\/product\/yoast-seo-premium-wordpress\/ -->\n<title>R\u016bpnieciskas betul\u012bna ra\u017eo\u0161anas iesp\u0113jas no b\u0113rza p\u0101rstr\u0101des atlikumiem - Latvijas Finieris<\/title>\n<meta name=\"description\" content=\"Atkl\u0101j betul\u012bna ra\u017eo\u0161anas potenci\u0101lu no b\u0113rza p\u0101rstr\u0101des atlikumiem - inovat\u012bva pieeja r\u016bpnieciskajai kosm\u0113tikas ra\u017eo\u0161anai.\" \/>\n<meta name=\"robots\" content=\"index, follow, max-snippet:-1, max-image-preview:large, max-video-preview:-1\" \/>\n<link rel=\"canonical\" href=\"https:\/\/www.finieris.com\/lv\/produkti-un-pakalpojumi\/petnieciba-un-attistiba\/es-atbalsta-projekti\/rupnieciskas-betulina-razosanas-iespejas-no-berza-parstrades-atlikumiem\/\" \/>\n<meta property=\"og:locale\" content=\"lv_LV\" \/>\n<meta property=\"og:type\" content=\"article\" \/>\n<meta property=\"og:title\" content=\"R\u016bpnieciskas betul\u012bna ra\u017eo\u0161anas iesp\u0113jas no b\u0113rza p\u0101rstr\u0101des atlikumiem\" \/>\n<meta property=\"og:description\" content=\"Atkl\u0101j betul\u012bna ra\u017eo\u0161anas potenci\u0101lu no b\u0113rza p\u0101rstr\u0101des atlikumiem - inovat\u012bva pieeja r\u016bpnieciskajai kosm\u0113tikas ra\u017eo\u0161anai.\" \/>\n<meta property=\"og:url\" content=\"https:\/\/www.finieris.com\/lv\/produkti-un-pakalpojumi\/petnieciba-un-attistiba\/es-atbalsta-projekti\/rupnieciskas-betulina-razosanas-iespejas-no-berza-parstrades-atlikumiem\/\" \/>\n<meta property=\"og:site_name\" content=\"Latvijas Finieris\" \/>\n<meta property=\"article:publisher\" content=\"https:\/\/www.facebook.com\/Finieris\/\" \/>\n<meta property=\"article:modified_time\" content=\"2025-02-21T13:50:57+00:00\" \/>\n<meta property=\"og:image\" content=\"https:\/\/www.finieris.com\/wp-content\/uploads\/2024\/02\/AMart-1240.jpg\" \/>\n\t<meta property=\"og:image:width\" content=\"2048\" \/>\n\t<meta property=\"og:image:height\" content=\"1367\" \/>\n\t<meta property=\"og:image:type\" content=\"image\/jpeg\" \/>\n<meta name=\"twitter:card\" content=\"summary_large_image\" \/>\n<meta name=\"twitter:label1\" content=\"Est. reading time\" \/>\n\t<meta name=\"twitter:data1\" content=\"4 minutes\" \/>\n<script type=\"application\/ld+json\" class=\"yoast-schema-graph\">{\"@context\":\"https:\/\/schema.org\",\"@graph\":[{\"@type\":\"WebPage\",\"@id\":\"https:\/\/www.finieris.com\/lv\/produkti-un-pakalpojumi\/petnieciba-un-attistiba\/es-atbalsta-projekti\/rupnieciskas-betulina-razosanas-iespejas-no-berza-parstrades-atlikumiem\/\",\"url\":\"https:\/\/www.finieris.com\/lv\/produkti-un-pakalpojumi\/petnieciba-un-attistiba\/es-atbalsta-projekti\/rupnieciskas-betulina-razosanas-iespejas-no-berza-parstrades-atlikumiem\/\",\"name\":\"R\u016bpnieciskas betul\u012bna ra\u017eo\u0161anas iesp\u0113jas no b\u0113rza p\u0101rstr\u0101des atlikumiem - Latvijas Finieris\",\"isPartOf\":{\"@id\":\"https:\/\/www.finieris.com\/lv\/#website\"},\"primaryImageOfPage\":{\"@id\":\"https:\/\/www.finieris.com\/lv\/produkti-un-pakalpojumi\/petnieciba-un-attistiba\/es-atbalsta-projekti\/rupnieciskas-betulina-razosanas-iespejas-no-berza-parstrades-atlikumiem\/#primaryimage\"},\"image\":{\"@id\":\"https:\/\/www.finieris.com\/lv\/produkti-un-pakalpojumi\/petnieciba-un-attistiba\/es-atbalsta-projekti\/rupnieciskas-betulina-razosanas-iespejas-no-berza-parstrades-atlikumiem\/#primaryimage\"},\"thumbnailUrl\":\"https:\/\/www.finieris.com\/wp-content\/uploads\/2024\/02\/AMart-1240.jpg\",\"datePublished\":\"2018-12-05T11:11:00+00:00\",\"dateModified\":\"2025-02-21T13:50:57+00:00\",\"description\":\"Atkl\u0101j betul\u012bna ra\u017eo\u0161anas potenci\u0101lu no b\u0113rza p\u0101rstr\u0101des atlikumiem - inovat\u012bva pieeja r\u016bpnieciskajai kosm\u0113tikas ra\u017eo\u0161anai.\",\"breadcrumb\":{\"@id\":\"https:\/\/www.finieris.com\/lv\/produkti-un-pakalpojumi\/petnieciba-un-attistiba\/es-atbalsta-projekti\/rupnieciskas-betulina-razosanas-iespejas-no-berza-parstrades-atlikumiem\/#breadcrumb\"},\"inLanguage\":\"lv-LV\",\"potentialAction\":[{\"@type\":\"ReadAction\",\"target\":[\"https:\/\/www.finieris.com\/lv\/produkti-un-pakalpojumi\/petnieciba-un-attistiba\/es-atbalsta-projekti\/rupnieciskas-betulina-razosanas-iespejas-no-berza-parstrades-atlikumiem\/\"]}]},{\"@type\":\"ImageObject\",\"inLanguage\":\"lv-LV\",\"@id\":\"https:\/\/www.finieris.com\/lv\/produkti-un-pakalpojumi\/petnieciba-un-attistiba\/es-atbalsta-projekti\/rupnieciskas-betulina-razosanas-iespejas-no-berza-parstrades-atlikumiem\/#primaryimage\",\"url\":\"https:\/\/www.finieris.com\/wp-content\/uploads\/2024\/02\/AMart-1240.jpg\",\"contentUrl\":\"https:\/\/www.finieris.com\/wp-content\/uploads\/2024\/02\/AMart-1240.jpg\",\"width\":2048,\"height\":1367,\"caption\":\"Betul\u012bns\"},{\"@type\":\"BreadcrumbList\",\"@id\":\"https:\/\/www.finieris.com\/lv\/produkti-un-pakalpojumi\/petnieciba-un-attistiba\/es-atbalsta-projekti\/rupnieciskas-betulina-razosanas-iespejas-no-berza-parstrades-atlikumiem\/#breadcrumb\",\"itemListElement\":[{\"@type\":\"ListItem\",\"position\":1,\"name\":\"Home\",\"item\":\"https:\/\/www.finieris.com\/lv\/\"},{\"@type\":\"ListItem\",\"position\":2,\"name\":\"Produkti un pakalpojumi\",\"item\":\"https:\/\/www.finieris.com\/lv\/produkti-un-pakalpojumi\/\"},{\"@type\":\"ListItem\",\"position\":3,\"name\":\"P\u0113tniec\u012bba un att\u012bst\u012bba\",\"item\":\"https:\/\/www.finieris.com\/lv\/produkti-un-pakalpojumi\/petnieciba-un-attistiba\/\"},{\"@type\":\"ListItem\",\"position\":4,\"name\":\"ES atbalsta projekti\",\"item\":\"https:\/\/www.finieris.com\/lv\/produkti-un-pakalpojumi\/petnieciba-un-attistiba\/es-atbalsta-projekti\/\"},{\"@type\":\"ListItem\",\"position\":5,\"name\":\"R\u016bpnieciskas betul\u012bna ra\u017eo\u0161anas iesp\u0113jas no b\u0113rza p\u0101rstr\u0101des atlikumiem\"}]},{\"@type\":\"WebSite\",\"@id\":\"https:\/\/www.finieris.com\/lv\/#website\",\"url\":\"https:\/\/www.finieris.com\/lv\/\",\"name\":\"Latvijas Finieris\",\"description\":\"Leading the way in sustainable forestry\",\"publisher\":{\"@id\":\"https:\/\/www.finieris.com\/lv\/#organization\"},\"potentialAction\":[{\"@type\":\"SearchAction\",\"target\":{\"@type\":\"EntryPoint\",\"urlTemplate\":\"https:\/\/www.finieris.com\/lv\/?s={search_term_string}\"},\"query-input\":{\"@type\":\"PropertyValueSpecification\",\"valueRequired\":true,\"valueName\":\"search_term_string\"}}],\"inLanguage\":\"lv-LV\"},{\"@type\":\"Organization\",\"@id\":\"https:\/\/www.finieris.com\/lv\/#organization\",\"name\":\"Latvijas Finieris\",\"alternateName\":\"Riga Wood\",\"url\":\"https:\/\/www.finieris.com\/lv\/\",\"logo\":{\"@type\":\"ImageObject\",\"inLanguage\":\"lv-LV\",\"@id\":\"https:\/\/www.finieris.com\/lv\/#\/schema\/logo\/image\/\",\"url\":\"https:\/\/www.finieris.com\/wp-content\/uploads\/2023\/08\/finieris-logo.svg\",\"contentUrl\":\"https:\/\/www.finieris.com\/wp-content\/uploads\/2023\/08\/finieris-logo.svg\",\"width\":1,\"height\":1,\"caption\":\"Latvijas Finieris\"},\"image\":{\"@id\":\"https:\/\/www.finieris.com\/lv\/#\/schema\/logo\/image\/\"},\"sameAs\":[\"https:\/\/www.facebook.com\/Finieris\/\",\"https:\/\/lv.linkedin.com\/company\/latvijas-finieris\",\"https:\/\/www.youtube.com\/c\/LatvijasFinierisAS\"]}]}<\/script>\n<!-- \/ Yoast SEO Premium plugin. -->","yoast_head_json":{"title":"R\u016bpnieciskas betul\u012bna ra\u017eo\u0161anas iesp\u0113jas no b\u0113rza p\u0101rstr\u0101des atlikumiem - Latvijas Finieris","description":"Atkl\u0101j betul\u012bna ra\u017eo\u0161anas potenci\u0101lu no b\u0113rza p\u0101rstr\u0101des atlikumiem - inovat\u012bva pieeja r\u016bpnieciskajai kosm\u0113tikas ra\u017eo\u0161anai.","robots":{"index":"index","follow":"follow","max-snippet":"max-snippet:-1","max-image-preview":"max-image-preview:large","max-video-preview":"max-video-preview:-1"},"canonical":"https:\/\/www.finieris.com\/lv\/produkti-un-pakalpojumi\/petnieciba-un-attistiba\/es-atbalsta-projekti\/rupnieciskas-betulina-razosanas-iespejas-no-berza-parstrades-atlikumiem\/","og_locale":"lv_LV","og_type":"article","og_title":"R\u016bpnieciskas betul\u012bna ra\u017eo\u0161anas iesp\u0113jas no b\u0113rza p\u0101rstr\u0101des atlikumiem","og_description":"Atkl\u0101j betul\u012bna ra\u017eo\u0161anas potenci\u0101lu no b\u0113rza p\u0101rstr\u0101des atlikumiem - inovat\u012bva pieeja r\u016bpnieciskajai kosm\u0113tikas ra\u017eo\u0161anai.","og_url":"https:\/\/www.finieris.com\/lv\/produkti-un-pakalpojumi\/petnieciba-un-attistiba\/es-atbalsta-projekti\/rupnieciskas-betulina-razosanas-iespejas-no-berza-parstrades-atlikumiem\/","og_site_name":"Latvijas Finieris","article_publisher":"https:\/\/www.facebook.com\/Finieris\/","article_modified_time":"2025-02-21T13:50:57+00:00","og_image":[{"width":2048,"height":1367,"url":"https:\/\/www.finieris.com\/wp-content\/uploads\/2024\/02\/AMart-1240.jpg","type":"image\/jpeg"}],"twitter_card":"summary_large_image","twitter_misc":{"Est. reading time":"4 minutes"},"schema":{"@context":"https:\/\/schema.org","@graph":[{"@type":"WebPage","@id":"https:\/\/www.finieris.com\/lv\/produkti-un-pakalpojumi\/petnieciba-un-attistiba\/es-atbalsta-projekti\/rupnieciskas-betulina-razosanas-iespejas-no-berza-parstrades-atlikumiem\/","url":"https:\/\/www.finieris.com\/lv\/produkti-un-pakalpojumi\/petnieciba-un-attistiba\/es-atbalsta-projekti\/rupnieciskas-betulina-razosanas-iespejas-no-berza-parstrades-atlikumiem\/","name":"R\u016bpnieciskas betul\u012bna ra\u017eo\u0161anas iesp\u0113jas no b\u0113rza p\u0101rstr\u0101des atlikumiem - Latvijas Finieris","isPartOf":{"@id":"https:\/\/www.finieris.com\/lv\/#website"},"primaryImageOfPage":{"@id":"https:\/\/www.finieris.com\/lv\/produkti-un-pakalpojumi\/petnieciba-un-attistiba\/es-atbalsta-projekti\/rupnieciskas-betulina-razosanas-iespejas-no-berza-parstrades-atlikumiem\/#primaryimage"},"image":{"@id":"https:\/\/www.finieris.com\/lv\/produkti-un-pakalpojumi\/petnieciba-un-attistiba\/es-atbalsta-projekti\/rupnieciskas-betulina-razosanas-iespejas-no-berza-parstrades-atlikumiem\/#primaryimage"},"thumbnailUrl":"https:\/\/www.finieris.com\/wp-content\/uploads\/2024\/02\/AMart-1240.jpg","datePublished":"2018-12-05T11:11:00+00:00","dateModified":"2025-02-21T13:50:57+00:00","description":"Atkl\u0101j betul\u012bna ra\u017eo\u0161anas potenci\u0101lu no b\u0113rza p\u0101rstr\u0101des atlikumiem - inovat\u012bva pieeja r\u016bpnieciskajai kosm\u0113tikas ra\u017eo\u0161anai.","breadcrumb":{"@id":"https:\/\/www.finieris.com\/lv\/produkti-un-pakalpojumi\/petnieciba-un-attistiba\/es-atbalsta-projekti\/rupnieciskas-betulina-razosanas-iespejas-no-berza-parstrades-atlikumiem\/#breadcrumb"},"inLanguage":"lv-LV","potentialAction":[{"@type":"ReadAction","target":["https:\/\/www.finieris.com\/lv\/produkti-un-pakalpojumi\/petnieciba-un-attistiba\/es-atbalsta-projekti\/rupnieciskas-betulina-razosanas-iespejas-no-berza-parstrades-atlikumiem\/"]}]},{"@type":"ImageObject","inLanguage":"lv-LV","@id":"https:\/\/www.finieris.com\/lv\/produkti-un-pakalpojumi\/petnieciba-un-attistiba\/es-atbalsta-projekti\/rupnieciskas-betulina-razosanas-iespejas-no-berza-parstrades-atlikumiem\/#primaryimage","url":"https:\/\/www.finieris.com\/wp-content\/uploads\/2024\/02\/AMart-1240.jpg","contentUrl":"https:\/\/www.finieris.com\/wp-content\/uploads\/2024\/02\/AMart-1240.jpg","width":2048,"height":1367,"caption":"Betul\u012bns"},{"@type":"BreadcrumbList","@id":"https:\/\/www.finieris.com\/lv\/produkti-un-pakalpojumi\/petnieciba-un-attistiba\/es-atbalsta-projekti\/rupnieciskas-betulina-razosanas-iespejas-no-berza-parstrades-atlikumiem\/#breadcrumb","itemListElement":[{"@type":"ListItem","position":1,"name":"Home","item":"https:\/\/www.finieris.com\/lv\/"},{"@type":"ListItem","position":2,"name":"Produkti un pakalpojumi","item":"https:\/\/www.finieris.com\/lv\/produkti-un-pakalpojumi\/"},{"@type":"ListItem","position":3,"name":"P\u0113tniec\u012bba un att\u012bst\u012bba","item":"https:\/\/www.finieris.com\/lv\/produkti-un-pakalpojumi\/petnieciba-un-attistiba\/"},{"@type":"ListItem","position":4,"name":"ES atbalsta projekti","item":"https:\/\/www.finieris.com\/lv\/produkti-un-pakalpojumi\/petnieciba-un-attistiba\/es-atbalsta-projekti\/"},{"@type":"ListItem","position":5,"name":"R\u016bpnieciskas betul\u012bna ra\u017eo\u0161anas iesp\u0113jas no b\u0113rza p\u0101rstr\u0101des atlikumiem"}]},{"@type":"WebSite","@id":"https:\/\/www.finieris.com\/lv\/#website","url":"https:\/\/www.finieris.com\/lv\/","name":"Latvijas Finieris","description":"Leading the way in sustainable forestry","publisher":{"@id":"https:\/\/www.finieris.com\/lv\/#organization"},"potentialAction":[{"@type":"SearchAction","target":{"@type":"EntryPoint","urlTemplate":"https:\/\/www.finieris.com\/lv\/?s={search_term_string}"},"query-input":{"@type":"PropertyValueSpecification","valueRequired":true,"valueName":"search_term_string"}}],"inLanguage":"lv-LV"},{"@type":"Organization","@id":"https:\/\/www.finieris.com\/lv\/#organization","name":"Latvijas Finieris","alternateName":"Riga Wood","url":"https:\/\/www.finieris.com\/lv\/","logo":{"@type":"ImageObject","inLanguage":"lv-LV","@id":"https:\/\/www.finieris.com\/lv\/#\/schema\/logo\/image\/","url":"https:\/\/www.finieris.com\/wp-content\/uploads\/2023\/08\/finieris-logo.svg","contentUrl":"https:\/\/www.finieris.com\/wp-content\/uploads\/2023\/08\/finieris-logo.svg","width":1,"height":1,"caption":"Latvijas Finieris"},"image":{"@id":"https:\/\/www.finieris.com\/lv\/#\/schema\/logo\/image\/"},"sameAs":["https:\/\/www.facebook.com\/Finieris\/","https:\/\/lv.linkedin.com\/company\/latvijas-finieris","https:\/\/www.youtube.com\/c\/LatvijasFinierisAS"]}]}},"_links":{"self":[{"href":"https:\/\/www.finieris.com\/lv\/wp-json\/wp\/v2\/pages\/8885","targetHints":{"allow":["GET"]}}],"collection":[{"href":"https:\/\/www.finieris.com\/lv\/wp-json\/wp\/v2\/pages"}],"about":[{"href":"https:\/\/www.finieris.com\/lv\/wp-json\/wp\/v2\/types\/page"}],"author":[{"embeddable":true,"href":"https:\/\/www.finieris.com\/lv\/wp-json\/wp\/v2\/users\/1"}],"replies":[{"embeddable":true,"href":"https:\/\/www.finieris.com\/lv\/wp-json\/wp\/v2\/comments?post=8885"}],"version-history":[{"count":3,"href":"https:\/\/www.finieris.com\/lv\/wp-json\/wp\/v2\/pages\/8885\/revisions"}],"predecessor-version":[{"id":14781,"href":"https:\/\/www.finieris.com\/lv\/wp-json\/wp\/v2\/pages\/8885\/revisions\/14781"}],"up":[{"embeddable":true,"href":"https:\/\/www.finieris.com\/lv\/wp-json\/wp\/v2\/pages\/8840"}],"wp:featuredmedia":[{"embeddable":true,"href":"https:\/\/www.finieris.com\/lv\/wp-json\/wp\/v2\/media\/5965"}],"wp:attachment":[{"href":"https:\/\/www.finieris.com\/lv\/wp-json\/wp\/v2\/media?parent=8885"}],"wp:term":[{"taxonomy":"category","embeddable":true,"href":"https:\/\/www.finieris.com\/lv\/wp-json\/wp\/v2\/categories?post=8885"}],"curies":[{"name":"wp","href":"https:\/\/api.w.org\/{rel}","templated":true}]}}