{"id":8878,"date":"2019-03-11T13:08:00","date_gmt":"2019-03-11T11:08:00","guid":{"rendered":"https:\/\/www.finieris.com\/?page_id=8878"},"modified":"2024-06-21T10:34:54","modified_gmt":"2024-06-21T07:34:54","slug":"energoefektivitates-projekts-hapaka-3","status":"publish","type":"page","link":"https:\/\/www.finieris.com\/lv\/produkti-un-pakalpojumi\/petnieciba-un-attistiba\/es-atbalsta-projekti\/energoefektivitates-projekts-hapaka-3\/","title":{"rendered":"Energoefektivit\u0101tes projekts \u201cHapak\u0101\u201d"},"content":{"rendered":"<section id=\"written-content-block_23d8abaf60e0d3a4f16f62c8e72e18cf\" class=\"block written-content bg-white pt-sm\"\n    >\n        <div class=\"container\" data-aos=\"fade-up\" data-aos-once=\"true\" data-aos-duration=\"500\">\n        <div class=\"row\">\n                        <div class=\"col col-md-9\">\n                <h3>Energoefektivit\u0101tes projekts \u201cHapak\u0101\u201d<\/h3>\n<p><img decoding=\"async\" src=\"https:\/\/www.finieris.lv\/docs\/uznemums\/ES_projekti\/es_projekti.jpg\" alt=\"\" width=\"562\" height=\"185\" \/><\/p>\n<p>2019.\u00a0gada 4.\u00a0mart\u0101 AS \u201cLatvijas Finieris\u201d un Centr\u0101l\u0101 finan\u0161u un l\u012bgumu a\u0123ent\u016bra nosl\u0113dza l\u012bgumu par Eiropas Savien\u012bbas fonda projekta \u012bsteno\u0161anu darb\u012bbas programm\u0101 \u201cIzaugsme un nodarbin\u0101t\u012bba\u201d 4.1.1. specifisk\u0101 atbalsta m\u0113r\u0137a \u201cVeicin\u0101t efekt\u012bvu energoresursu izmanto\u0161anu, ener\u0123ijas pat\u0113ri\u0146a samazin\u0101\u0161anu un p\u0101reju uz AER apstr\u0101des r\u016bpniec\u012bbas nozar\u0113\u201d.<\/p>\n<p>2019.\u00a0gada vasar\u0101 r\u016bpn\u012bc\u0101 \u201cHapaks\u201d pl\u0101nots uzs\u0101kt energoefektivit\u0101tes projektu \u201cVentil\u0101cijas sist\u0113mas moderniz\u0101cijas II k\u0101rta r\u016bpn\u012bc\u0101 \u201cHapaks\u201d\u201d. Projekta m\u0113r\u0137is ir uzlabot r\u016bpn\u012bcas \u201cHapaks\u201d energoefektivit\u0101ti. Tuv\u0101kaj\u0101 laik\u0101 uzs\u0101ks iepirkumu par ventil\u0101cijas sist\u0113mas iek\u0101rtu pieg\u0101di un mont\u0101\u017eu.<\/p>\n            <\/div>\n        <\/div>\n    <\/div>\n    <\/section>\n","protected":false},"excerpt":{"rendered":"","protected":false},"author":1,"featured_media":0,"parent":8840,"menu_order":0,"comment_status":"closed","ping_status":"closed","template":"","meta":{"_acf_changed":false,"footnotes":""},"categories":[1],"class_list":["post-8878","page","type-page","status-publish","hentry","category-visi-jaunumi"],"acf":[],"yoast_head":"<!-- This site is optimized with the Yoast SEO Premium plugin v27.5 (Yoast SEO v27.5) - https:\/\/yoast.com\/product\/yoast-seo-premium-wordpress\/ -->\n<title>Energoefektivit\u0101tes projekts \u201cHapak\u0101\u201d - Latvijas Finieris<\/title>\n<meta name=\"description\" content=\"Atkl\u0101j &#039;Hapaks&#039; r\u016bpn\u012bcas energoefektivit\u0101tes projektu un t\u0101 sniegt\u0101s priek\u0161roc\u012bbas. Pl\u0101notas moderniz\u0101cijas un jaun\u0101s ventil\u0101cijas sist\u0113mas.\" \/>\n<meta name=\"robots\" content=\"index, follow, max-snippet:-1, max-image-preview:large, max-video-preview:-1\" \/>\n<link rel=\"canonical\" href=\"https:\/\/www.finieris.com\/lv\/produkti-un-pakalpojumi\/petnieciba-un-attistiba\/es-atbalsta-projekti\/energoefektivitates-projekts-hapaka-3\/\" \/>\n<meta property=\"og:locale\" content=\"lv_LV\" \/>\n<meta property=\"og:type\" content=\"article\" \/>\n<meta property=\"og:title\" content=\"Energoefektivit\u0101tes projekts \u201cHapak\u0101\u201d\" \/>\n<meta property=\"og:description\" content=\"Atkl\u0101j &#039;Hapaks&#039; r\u016bpn\u012bcas energoefektivit\u0101tes projektu un t\u0101 sniegt\u0101s priek\u0161roc\u012bbas. Pl\u0101notas moderniz\u0101cijas un jaun\u0101s ventil\u0101cijas sist\u0113mas.\" \/>\n<meta property=\"og:url\" content=\"https:\/\/www.finieris.com\/lv\/produkti-un-pakalpojumi\/petnieciba-un-attistiba\/es-atbalsta-projekti\/energoefektivitates-projekts-hapaka-3\/\" \/>\n<meta property=\"og:site_name\" content=\"Latvijas Finieris\" \/>\n<meta property=\"article:publisher\" content=\"https:\/\/www.facebook.com\/Finieris\/\" \/>\n<meta property=\"article:modified_time\" content=\"2024-06-21T07:34:54+00:00\" \/>\n<meta name=\"twitter:card\" content=\"summary_large_image\" \/>\n<meta name=\"twitter:label1\" content=\"Est. reading time\" \/>\n\t<meta name=\"twitter:data1\" content=\"1 minute\" \/>\n<script type=\"application\/ld+json\" class=\"yoast-schema-graph\">{\"@context\":\"https:\\\/\\\/schema.org\",\"@graph\":[{\"@type\":\"WebPage\",\"@id\":\"https:\\\/\\\/www.finieris.com\\\/lv\\\/produkti-un-pakalpojumi\\\/petnieciba-un-attistiba\\\/es-atbalsta-projekti\\\/energoefektivitates-projekts-hapaka-3\\\/\",\"url\":\"https:\\\/\\\/www.finieris.com\\\/lv\\\/produkti-un-pakalpojumi\\\/petnieciba-un-attistiba\\\/es-atbalsta-projekti\\\/energoefektivitates-projekts-hapaka-3\\\/\",\"name\":\"Energoefektivit\u0101tes projekts \u201cHapak\u0101\u201d - Latvijas Finieris\",\"isPartOf\":{\"@id\":\"https:\\\/\\\/www.finieris.com\\\/lv\\\/#website\"},\"datePublished\":\"2019-03-11T11:08:00+00:00\",\"dateModified\":\"2024-06-21T07:34:54+00:00\",\"description\":\"Atkl\u0101j 'Hapaks' r\u016bpn\u012bcas energoefektivit\u0101tes projektu un t\u0101 sniegt\u0101s priek\u0161roc\u012bbas. Pl\u0101notas moderniz\u0101cijas un jaun\u0101s ventil\u0101cijas sist\u0113mas.\",\"breadcrumb\":{\"@id\":\"https:\\\/\\\/www.finieris.com\\\/lv\\\/produkti-un-pakalpojumi\\\/petnieciba-un-attistiba\\\/es-atbalsta-projekti\\\/energoefektivitates-projekts-hapaka-3\\\/#breadcrumb\"},\"inLanguage\":\"lv-LV\",\"potentialAction\":[{\"@type\":\"ReadAction\",\"target\":[\"https:\\\/\\\/www.finieris.com\\\/lv\\\/produkti-un-pakalpojumi\\\/petnieciba-un-attistiba\\\/es-atbalsta-projekti\\\/energoefektivitates-projekts-hapaka-3\\\/\"]}]},{\"@type\":\"BreadcrumbList\",\"@id\":\"https:\\\/\\\/www.finieris.com\\\/lv\\\/produkti-un-pakalpojumi\\\/petnieciba-un-attistiba\\\/es-atbalsta-projekti\\\/energoefektivitates-projekts-hapaka-3\\\/#breadcrumb\",\"itemListElement\":[{\"@type\":\"ListItem\",\"position\":1,\"name\":\"Home\",\"item\":\"https:\\\/\\\/www.finieris.com\\\/lv\\\/\"},{\"@type\":\"ListItem\",\"position\":2,\"name\":\"Produkti un pakalpojumi\",\"item\":\"https:\\\/\\\/www.finieris.com\\\/lv\\\/produkti-un-pakalpojumi\\\/\"},{\"@type\":\"ListItem\",\"position\":3,\"name\":\"P\u0113tniec\u012bba un att\u012bst\u012bba\",\"item\":\"https:\\\/\\\/www.finieris.com\\\/lv\\\/produkti-un-pakalpojumi\\\/petnieciba-un-attistiba\\\/\"},{\"@type\":\"ListItem\",\"position\":4,\"name\":\"ES atbalsta projekti\",\"item\":\"https:\\\/\\\/www.finieris.com\\\/lv\\\/produkti-un-pakalpojumi\\\/petnieciba-un-attistiba\\\/es-atbalsta-projekti\\\/\"},{\"@type\":\"ListItem\",\"position\":5,\"name\":\"Energoefektivit\u0101tes projekts \u201cHapak\u0101\u201d\"}]},{\"@type\":\"WebSite\",\"@id\":\"https:\\\/\\\/www.finieris.com\\\/lv\\\/#website\",\"url\":\"https:\\\/\\\/www.finieris.com\\\/lv\\\/\",\"name\":\"Latvijas Finieris\",\"description\":\"Leading the way in sustainable forestry\",\"publisher\":{\"@id\":\"https:\\\/\\\/www.finieris.com\\\/lv\\\/#organization\"},\"potentialAction\":[{\"@type\":\"SearchAction\",\"target\":{\"@type\":\"EntryPoint\",\"urlTemplate\":\"https:\\\/\\\/www.finieris.com\\\/lv\\\/?s={search_term_string}\"},\"query-input\":{\"@type\":\"PropertyValueSpecification\",\"valueRequired\":true,\"valueName\":\"search_term_string\"}}],\"inLanguage\":\"lv-LV\"},{\"@type\":\"Organization\",\"@id\":\"https:\\\/\\\/www.finieris.com\\\/lv\\\/#organization\",\"name\":\"Latvijas Finieris\",\"alternateName\":\"Riga Wood\",\"url\":\"https:\\\/\\\/www.finieris.com\\\/lv\\\/\",\"logo\":{\"@type\":\"ImageObject\",\"inLanguage\":\"lv-LV\",\"@id\":\"https:\\\/\\\/www.finieris.com\\\/lv\\\/#\\\/schema\\\/logo\\\/image\\\/\",\"url\":\"https:\\\/\\\/www.finieris.com\\\/wp-content\\\/uploads\\\/2023\\\/08\\\/finieris-logo.svg\",\"contentUrl\":\"https:\\\/\\\/www.finieris.com\\\/wp-content\\\/uploads\\\/2023\\\/08\\\/finieris-logo.svg\",\"width\":1,\"height\":1,\"caption\":\"Latvijas Finieris\"},\"image\":{\"@id\":\"https:\\\/\\\/www.finieris.com\\\/lv\\\/#\\\/schema\\\/logo\\\/image\\\/\"},\"sameAs\":[\"https:\\\/\\\/www.facebook.com\\\/Finieris\\\/\",\"https:\\\/\\\/lv.linkedin.com\\\/company\\\/latvijas-finieris\",\"https:\\\/\\\/www.youtube.com\\\/c\\\/LatvijasFinierisAS\"]}]}<\/script>\n<!-- \/ Yoast SEO Premium plugin. -->","yoast_head_json":{"title":"Energoefektivit\u0101tes projekts \u201cHapak\u0101\u201d - Latvijas Finieris","description":"Atkl\u0101j 'Hapaks' r\u016bpn\u012bcas energoefektivit\u0101tes projektu un t\u0101 sniegt\u0101s priek\u0161roc\u012bbas. Pl\u0101notas moderniz\u0101cijas un jaun\u0101s ventil\u0101cijas sist\u0113mas.","robots":{"index":"index","follow":"follow","max-snippet":"max-snippet:-1","max-image-preview":"max-image-preview:large","max-video-preview":"max-video-preview:-1"},"canonical":"https:\/\/www.finieris.com\/lv\/produkti-un-pakalpojumi\/petnieciba-un-attistiba\/es-atbalsta-projekti\/energoefektivitates-projekts-hapaka-3\/","og_locale":"lv_LV","og_type":"article","og_title":"Energoefektivit\u0101tes projekts \u201cHapak\u0101\u201d","og_description":"Atkl\u0101j 'Hapaks' r\u016bpn\u012bcas energoefektivit\u0101tes projektu un t\u0101 sniegt\u0101s priek\u0161roc\u012bbas. Pl\u0101notas moderniz\u0101cijas un jaun\u0101s ventil\u0101cijas sist\u0113mas.","og_url":"https:\/\/www.finieris.com\/lv\/produkti-un-pakalpojumi\/petnieciba-un-attistiba\/es-atbalsta-projekti\/energoefektivitates-projekts-hapaka-3\/","og_site_name":"Latvijas Finieris","article_publisher":"https:\/\/www.facebook.com\/Finieris\/","article_modified_time":"2024-06-21T07:34:54+00:00","twitter_card":"summary_large_image","twitter_misc":{"Est. reading time":"1 minute"},"schema":{"@context":"https:\/\/schema.org","@graph":[{"@type":"WebPage","@id":"https:\/\/www.finieris.com\/lv\/produkti-un-pakalpojumi\/petnieciba-un-attistiba\/es-atbalsta-projekti\/energoefektivitates-projekts-hapaka-3\/","url":"https:\/\/www.finieris.com\/lv\/produkti-un-pakalpojumi\/petnieciba-un-attistiba\/es-atbalsta-projekti\/energoefektivitates-projekts-hapaka-3\/","name":"Energoefektivit\u0101tes projekts \u201cHapak\u0101\u201d - Latvijas Finieris","isPartOf":{"@id":"https:\/\/www.finieris.com\/lv\/#website"},"datePublished":"2019-03-11T11:08:00+00:00","dateModified":"2024-06-21T07:34:54+00:00","description":"Atkl\u0101j 'Hapaks' r\u016bpn\u012bcas energoefektivit\u0101tes projektu un t\u0101 sniegt\u0101s priek\u0161roc\u012bbas. Pl\u0101notas moderniz\u0101cijas un jaun\u0101s ventil\u0101cijas sist\u0113mas.","breadcrumb":{"@id":"https:\/\/www.finieris.com\/lv\/produkti-un-pakalpojumi\/petnieciba-un-attistiba\/es-atbalsta-projekti\/energoefektivitates-projekts-hapaka-3\/#breadcrumb"},"inLanguage":"lv-LV","potentialAction":[{"@type":"ReadAction","target":["https:\/\/www.finieris.com\/lv\/produkti-un-pakalpojumi\/petnieciba-un-attistiba\/es-atbalsta-projekti\/energoefektivitates-projekts-hapaka-3\/"]}]},{"@type":"BreadcrumbList","@id":"https:\/\/www.finieris.com\/lv\/produkti-un-pakalpojumi\/petnieciba-un-attistiba\/es-atbalsta-projekti\/energoefektivitates-projekts-hapaka-3\/#breadcrumb","itemListElement":[{"@type":"ListItem","position":1,"name":"Home","item":"https:\/\/www.finieris.com\/lv\/"},{"@type":"ListItem","position":2,"name":"Produkti un pakalpojumi","item":"https:\/\/www.finieris.com\/lv\/produkti-un-pakalpojumi\/"},{"@type":"ListItem","position":3,"name":"P\u0113tniec\u012bba un att\u012bst\u012bba","item":"https:\/\/www.finieris.com\/lv\/produkti-un-pakalpojumi\/petnieciba-un-attistiba\/"},{"@type":"ListItem","position":4,"name":"ES atbalsta projekti","item":"https:\/\/www.finieris.com\/lv\/produkti-un-pakalpojumi\/petnieciba-un-attistiba\/es-atbalsta-projekti\/"},{"@type":"ListItem","position":5,"name":"Energoefektivit\u0101tes projekts \u201cHapak\u0101\u201d"}]},{"@type":"WebSite","@id":"https:\/\/www.finieris.com\/lv\/#website","url":"https:\/\/www.finieris.com\/lv\/","name":"Latvijas Finieris","description":"Leading the way in sustainable forestry","publisher":{"@id":"https:\/\/www.finieris.com\/lv\/#organization"},"potentialAction":[{"@type":"SearchAction","target":{"@type":"EntryPoint","urlTemplate":"https:\/\/www.finieris.com\/lv\/?s={search_term_string}"},"query-input":{"@type":"PropertyValueSpecification","valueRequired":true,"valueName":"search_term_string"}}],"inLanguage":"lv-LV"},{"@type":"Organization","@id":"https:\/\/www.finieris.com\/lv\/#organization","name":"Latvijas Finieris","alternateName":"Riga Wood","url":"https:\/\/www.finieris.com\/lv\/","logo":{"@type":"ImageObject","inLanguage":"lv-LV","@id":"https:\/\/www.finieris.com\/lv\/#\/schema\/logo\/image\/","url":"https:\/\/www.finieris.com\/wp-content\/uploads\/2023\/08\/finieris-logo.svg","contentUrl":"https:\/\/www.finieris.com\/wp-content\/uploads\/2023\/08\/finieris-logo.svg","width":1,"height":1,"caption":"Latvijas Finieris"},"image":{"@id":"https:\/\/www.finieris.com\/lv\/#\/schema\/logo\/image\/"},"sameAs":["https:\/\/www.facebook.com\/Finieris\/","https:\/\/lv.linkedin.com\/company\/latvijas-finieris","https:\/\/www.youtube.com\/c\/LatvijasFinierisAS"]}]}},"_links":{"self":[{"href":"https:\/\/www.finieris.com\/lv\/wp-json\/wp\/v2\/pages\/8878","targetHints":{"allow":["GET"]}}],"collection":[{"href":"https:\/\/www.finieris.com\/lv\/wp-json\/wp\/v2\/pages"}],"about":[{"href":"https:\/\/www.finieris.com\/lv\/wp-json\/wp\/v2\/types\/page"}],"author":[{"embeddable":true,"href":"https:\/\/www.finieris.com\/lv\/wp-json\/wp\/v2\/users\/1"}],"replies":[{"embeddable":true,"href":"https:\/\/www.finieris.com\/lv\/wp-json\/wp\/v2\/comments?post=8878"}],"version-history":[{"count":2,"href":"https:\/\/www.finieris.com\/lv\/wp-json\/wp\/v2\/pages\/8878\/revisions"}],"predecessor-version":[{"id":10208,"href":"https:\/\/www.finieris.com\/lv\/wp-json\/wp\/v2\/pages\/8878\/revisions\/10208"}],"up":[{"embeddable":true,"href":"https:\/\/www.finieris.com\/lv\/wp-json\/wp\/v2\/pages\/8840"}],"wp:attachment":[{"href":"https:\/\/www.finieris.com\/lv\/wp-json\/wp\/v2\/media?parent=8878"}],"wp:term":[{"taxonomy":"category","embeddable":true,"href":"https:\/\/www.finieris.com\/lv\/wp-json\/wp\/v2\/categories?post=8878"}],"curies":[{"name":"wp","href":"https:\/\/api.w.org\/{rel}","templated":true}]}}