{"id":8870,"date":"2019-12-03T13:05:00","date_gmt":"2019-12-03T11:05:00","guid":{"rendered":"https:\/\/www.finieris.com\/?page_id=8870"},"modified":"2024-06-21T10:34:02","modified_gmt":"2024-06-21T07:34:02","slug":"apgaismojuma-iekartu-nomaina-rupnica-verems","status":"publish","type":"page","link":"https:\/\/www.finieris.com\/lv\/produkti-un-pakalpojumi\/petnieciba-un-attistiba\/es-atbalsta-projekti\/apgaismojuma-iekartu-nomaina-rupnica-verems\/","title":{"rendered":"Apgaismojuma iek\u0101rtu nomai\u0146a r\u016bpn\u012bc\u0101 &#8220;Verems&#8221;"},"content":{"rendered":"<section id=\"written-content-block_0b8546f3cb00c067bf48fc23c511d22d\" class=\"block written-content bg-white pt-sm\"\n    >\n        <div class=\"container\" data-aos=\"fade-up\" data-aos-once=\"true\" data-aos-duration=\"500\">\n        <div class=\"row\">\n                        <div class=\"col col-md-9\">\n                <h3>Apgaismojuma iek\u0101rtu nomai\u0146a r\u016bpn\u012bc\u0101 &#8220;Verems&#8221;<\/h3>\n<p><img decoding=\"async\" src=\"https:\/\/www.finieris.lv\/docs\/uznemums\/ES_projekti\/es_projekti.jpg\" alt=\"\" width=\"562\" height=\"185\" \/><\/p>\n<p>2019. gada vasar\u0101 r\u016bpn\u012bc\u0101 &#8220;Verems&#8221; uzs\u0101ka energoefektivit\u0101tes projektu \u201cApgaismojuma nomai\u0146a r\u016bpn\u012bc\u0101 &#8220;Verems&#8221;\u201d. T\u0101 ietvaros ar Eiropas Savien\u012bbas Koh\u0113zijas fonda atbalstu lielform\u0101ta sapl\u0101k\u0161\u0146u ceh\u0101\u00a0uzst\u0101d\u012bja\u00a0efekt\u012bvu gaismas dio\u017eu apgaismojumu.<\/p>\n<p>Projektu pabeidza\u00a02019. gada decembr\u012b.<\/p>\n<p><img decoding=\"async\" src=\"https:\/\/www.finieris.lv\/docs\/uznemums\/ES_projekti\/Verems_APGAISMOJUMA_projekts.jpg\" alt=\"\" width=\"1012\" height=\"550\" \/><\/p>\n<p><img decoding=\"async\" src=\"https:\/\/www.finieris.lv\/docs\/uznemums\/ES_projekti\/Verems_APGAISMOJUMA_projekts_KohF.jpg\" alt=\"\" width=\"312\" height=\"412\" \/><\/p>\n            <\/div>\n        <\/div>\n    <\/div>\n    <\/section>\n","protected":false},"excerpt":{"rendered":"","protected":false},"author":1,"featured_media":0,"parent":8840,"menu_order":0,"comment_status":"closed","ping_status":"closed","template":"","meta":{"_acf_changed":false,"footnotes":""},"categories":[1],"class_list":["post-8870","page","type-page","status-publish","hentry","category-visi-jaunumi"],"acf":[],"yoast_head":"<!-- This site is optimized with the Yoast SEO Premium plugin v27.2 (Yoast SEO v27.2) - https:\/\/yoast.com\/product\/yoast-seo-premium-wordpress\/ -->\n<title>Apgaismojuma iek\u0101rtu nomai\u0146a r\u016bpn\u012bc\u0101 &quot;Verems&quot; - Latvijas Finieris<\/title>\n<meta name=\"description\" content=\"Izmantojot Eiropas Savien\u012bbas atbalstu, r\u016bpn\u012bc\u0101 \u201cVerems\u201d veica apgaismojuma nomai\u0146u pret efekt\u012bv\u0101k\u0101m gaismas diod\u0113m\" \/>\n<meta name=\"robots\" content=\"index, follow, max-snippet:-1, max-image-preview:large, max-video-preview:-1\" \/>\n<link rel=\"canonical\" href=\"https:\/\/www.finieris.com\/lv\/produkti-un-pakalpojumi\/petnieciba-un-attistiba\/es-atbalsta-projekti\/apgaismojuma-iekartu-nomaina-rupnica-verems\/\" \/>\n<meta property=\"og:locale\" content=\"lv_LV\" \/>\n<meta property=\"og:type\" content=\"article\" \/>\n<meta property=\"og:title\" content=\"Apgaismojuma iek\u0101rtu nomai\u0146a r\u016bpn\u012bc\u0101 &quot;Verems&quot;\" \/>\n<meta property=\"og:description\" content=\"Izmantojot Eiropas Savien\u012bbas atbalstu, r\u016bpn\u012bc\u0101 \u201cVerems\u201d veica apgaismojuma nomai\u0146u pret efekt\u012bv\u0101k\u0101m gaismas diod\u0113m\" \/>\n<meta property=\"og:url\" content=\"https:\/\/www.finieris.com\/lv\/produkti-un-pakalpojumi\/petnieciba-un-attistiba\/es-atbalsta-projekti\/apgaismojuma-iekartu-nomaina-rupnica-verems\/\" \/>\n<meta property=\"og:site_name\" content=\"Latvijas Finieris\" \/>\n<meta property=\"article:publisher\" content=\"https:\/\/www.facebook.com\/Finieris\/\" \/>\n<meta property=\"article:modified_time\" content=\"2024-06-21T07:34:02+00:00\" \/>\n<meta name=\"twitter:card\" content=\"summary_large_image\" \/>\n<meta name=\"twitter:label1\" content=\"Est. reading time\" \/>\n\t<meta name=\"twitter:data1\" content=\"1 minute\" \/>\n<script type=\"application\/ld+json\" class=\"yoast-schema-graph\">{\"@context\":\"https:\/\/schema.org\",\"@graph\":[{\"@type\":\"WebPage\",\"@id\":\"https:\/\/www.finieris.com\/lv\/produkti-un-pakalpojumi\/petnieciba-un-attistiba\/es-atbalsta-projekti\/apgaismojuma-iekartu-nomaina-rupnica-verems\/\",\"url\":\"https:\/\/www.finieris.com\/lv\/produkti-un-pakalpojumi\/petnieciba-un-attistiba\/es-atbalsta-projekti\/apgaismojuma-iekartu-nomaina-rupnica-verems\/\",\"name\":\"Apgaismojuma iek\u0101rtu nomai\u0146a r\u016bpn\u012bc\u0101 \\\"Verems\\\" - Latvijas Finieris\",\"isPartOf\":{\"@id\":\"https:\/\/www.finieris.com\/lv\/#website\"},\"datePublished\":\"2019-12-03T11:05:00+00:00\",\"dateModified\":\"2024-06-21T07:34:02+00:00\",\"description\":\"Izmantojot Eiropas Savien\u012bbas atbalstu, r\u016bpn\u012bc\u0101 \u201cVerems\u201d veica apgaismojuma nomai\u0146u pret efekt\u012bv\u0101k\u0101m gaismas diod\u0113m\",\"breadcrumb\":{\"@id\":\"https:\/\/www.finieris.com\/lv\/produkti-un-pakalpojumi\/petnieciba-un-attistiba\/es-atbalsta-projekti\/apgaismojuma-iekartu-nomaina-rupnica-verems\/#breadcrumb\"},\"inLanguage\":\"lv-LV\",\"potentialAction\":[{\"@type\":\"ReadAction\",\"target\":[\"https:\/\/www.finieris.com\/lv\/produkti-un-pakalpojumi\/petnieciba-un-attistiba\/es-atbalsta-projekti\/apgaismojuma-iekartu-nomaina-rupnica-verems\/\"]}]},{\"@type\":\"BreadcrumbList\",\"@id\":\"https:\/\/www.finieris.com\/lv\/produkti-un-pakalpojumi\/petnieciba-un-attistiba\/es-atbalsta-projekti\/apgaismojuma-iekartu-nomaina-rupnica-verems\/#breadcrumb\",\"itemListElement\":[{\"@type\":\"ListItem\",\"position\":1,\"name\":\"Home\",\"item\":\"https:\/\/www.finieris.com\/lv\/\"},{\"@type\":\"ListItem\",\"position\":2,\"name\":\"Produkti un pakalpojumi\",\"item\":\"https:\/\/www.finieris.com\/lv\/produkti-un-pakalpojumi\/\"},{\"@type\":\"ListItem\",\"position\":3,\"name\":\"P\u0113tniec\u012bba un att\u012bst\u012bba\",\"item\":\"https:\/\/www.finieris.com\/lv\/produkti-un-pakalpojumi\/petnieciba-un-attistiba\/\"},{\"@type\":\"ListItem\",\"position\":4,\"name\":\"ES atbalsta projekti\",\"item\":\"https:\/\/www.finieris.com\/lv\/produkti-un-pakalpojumi\/petnieciba-un-attistiba\/es-atbalsta-projekti\/\"},{\"@type\":\"ListItem\",\"position\":5,\"name\":\"Apgaismojuma iek\u0101rtu nomai\u0146a r\u016bpn\u012bc\u0101 &#8220;Verems&#8221;\"}]},{\"@type\":\"WebSite\",\"@id\":\"https:\/\/www.finieris.com\/lv\/#website\",\"url\":\"https:\/\/www.finieris.com\/lv\/\",\"name\":\"Latvijas Finieris\",\"description\":\"Leading the way in sustainable forestry\",\"publisher\":{\"@id\":\"https:\/\/www.finieris.com\/lv\/#organization\"},\"potentialAction\":[{\"@type\":\"SearchAction\",\"target\":{\"@type\":\"EntryPoint\",\"urlTemplate\":\"https:\/\/www.finieris.com\/lv\/?s={search_term_string}\"},\"query-input\":{\"@type\":\"PropertyValueSpecification\",\"valueRequired\":true,\"valueName\":\"search_term_string\"}}],\"inLanguage\":\"lv-LV\"},{\"@type\":\"Organization\",\"@id\":\"https:\/\/www.finieris.com\/lv\/#organization\",\"name\":\"Latvijas Finieris\",\"alternateName\":\"Riga Wood\",\"url\":\"https:\/\/www.finieris.com\/lv\/\",\"logo\":{\"@type\":\"ImageObject\",\"inLanguage\":\"lv-LV\",\"@id\":\"https:\/\/www.finieris.com\/lv\/#\/schema\/logo\/image\/\",\"url\":\"https:\/\/www.finieris.com\/wp-content\/uploads\/2023\/08\/finieris-logo.svg\",\"contentUrl\":\"https:\/\/www.finieris.com\/wp-content\/uploads\/2023\/08\/finieris-logo.svg\",\"width\":1,\"height\":1,\"caption\":\"Latvijas Finieris\"},\"image\":{\"@id\":\"https:\/\/www.finieris.com\/lv\/#\/schema\/logo\/image\/\"},\"sameAs\":[\"https:\/\/www.facebook.com\/Finieris\/\",\"https:\/\/lv.linkedin.com\/company\/latvijas-finieris\",\"https:\/\/www.youtube.com\/c\/LatvijasFinierisAS\"]}]}<\/script>\n<!-- \/ Yoast SEO Premium plugin. -->","yoast_head_json":{"title":"Apgaismojuma iek\u0101rtu nomai\u0146a r\u016bpn\u012bc\u0101 \"Verems\" - Latvijas Finieris","description":"Izmantojot Eiropas Savien\u012bbas atbalstu, r\u016bpn\u012bc\u0101 \u201cVerems\u201d veica apgaismojuma nomai\u0146u pret efekt\u012bv\u0101k\u0101m gaismas diod\u0113m","robots":{"index":"index","follow":"follow","max-snippet":"max-snippet:-1","max-image-preview":"max-image-preview:large","max-video-preview":"max-video-preview:-1"},"canonical":"https:\/\/www.finieris.com\/lv\/produkti-un-pakalpojumi\/petnieciba-un-attistiba\/es-atbalsta-projekti\/apgaismojuma-iekartu-nomaina-rupnica-verems\/","og_locale":"lv_LV","og_type":"article","og_title":"Apgaismojuma iek\u0101rtu nomai\u0146a r\u016bpn\u012bc\u0101 \"Verems\"","og_description":"Izmantojot Eiropas Savien\u012bbas atbalstu, r\u016bpn\u012bc\u0101 \u201cVerems\u201d veica apgaismojuma nomai\u0146u pret efekt\u012bv\u0101k\u0101m gaismas diod\u0113m","og_url":"https:\/\/www.finieris.com\/lv\/produkti-un-pakalpojumi\/petnieciba-un-attistiba\/es-atbalsta-projekti\/apgaismojuma-iekartu-nomaina-rupnica-verems\/","og_site_name":"Latvijas Finieris","article_publisher":"https:\/\/www.facebook.com\/Finieris\/","article_modified_time":"2024-06-21T07:34:02+00:00","twitter_card":"summary_large_image","twitter_misc":{"Est. reading time":"1 minute"},"schema":{"@context":"https:\/\/schema.org","@graph":[{"@type":"WebPage","@id":"https:\/\/www.finieris.com\/lv\/produkti-un-pakalpojumi\/petnieciba-un-attistiba\/es-atbalsta-projekti\/apgaismojuma-iekartu-nomaina-rupnica-verems\/","url":"https:\/\/www.finieris.com\/lv\/produkti-un-pakalpojumi\/petnieciba-un-attistiba\/es-atbalsta-projekti\/apgaismojuma-iekartu-nomaina-rupnica-verems\/","name":"Apgaismojuma iek\u0101rtu nomai\u0146a r\u016bpn\u012bc\u0101 \"Verems\" - Latvijas Finieris","isPartOf":{"@id":"https:\/\/www.finieris.com\/lv\/#website"},"datePublished":"2019-12-03T11:05:00+00:00","dateModified":"2024-06-21T07:34:02+00:00","description":"Izmantojot Eiropas Savien\u012bbas atbalstu, r\u016bpn\u012bc\u0101 \u201cVerems\u201d veica apgaismojuma nomai\u0146u pret efekt\u012bv\u0101k\u0101m gaismas diod\u0113m","breadcrumb":{"@id":"https:\/\/www.finieris.com\/lv\/produkti-un-pakalpojumi\/petnieciba-un-attistiba\/es-atbalsta-projekti\/apgaismojuma-iekartu-nomaina-rupnica-verems\/#breadcrumb"},"inLanguage":"lv-LV","potentialAction":[{"@type":"ReadAction","target":["https:\/\/www.finieris.com\/lv\/produkti-un-pakalpojumi\/petnieciba-un-attistiba\/es-atbalsta-projekti\/apgaismojuma-iekartu-nomaina-rupnica-verems\/"]}]},{"@type":"BreadcrumbList","@id":"https:\/\/www.finieris.com\/lv\/produkti-un-pakalpojumi\/petnieciba-un-attistiba\/es-atbalsta-projekti\/apgaismojuma-iekartu-nomaina-rupnica-verems\/#breadcrumb","itemListElement":[{"@type":"ListItem","position":1,"name":"Home","item":"https:\/\/www.finieris.com\/lv\/"},{"@type":"ListItem","position":2,"name":"Produkti un pakalpojumi","item":"https:\/\/www.finieris.com\/lv\/produkti-un-pakalpojumi\/"},{"@type":"ListItem","position":3,"name":"P\u0113tniec\u012bba un att\u012bst\u012bba","item":"https:\/\/www.finieris.com\/lv\/produkti-un-pakalpojumi\/petnieciba-un-attistiba\/"},{"@type":"ListItem","position":4,"name":"ES atbalsta projekti","item":"https:\/\/www.finieris.com\/lv\/produkti-un-pakalpojumi\/petnieciba-un-attistiba\/es-atbalsta-projekti\/"},{"@type":"ListItem","position":5,"name":"Apgaismojuma iek\u0101rtu nomai\u0146a r\u016bpn\u012bc\u0101 &#8220;Verems&#8221;"}]},{"@type":"WebSite","@id":"https:\/\/www.finieris.com\/lv\/#website","url":"https:\/\/www.finieris.com\/lv\/","name":"Latvijas Finieris","description":"Leading the way in sustainable forestry","publisher":{"@id":"https:\/\/www.finieris.com\/lv\/#organization"},"potentialAction":[{"@type":"SearchAction","target":{"@type":"EntryPoint","urlTemplate":"https:\/\/www.finieris.com\/lv\/?s={search_term_string}"},"query-input":{"@type":"PropertyValueSpecification","valueRequired":true,"valueName":"search_term_string"}}],"inLanguage":"lv-LV"},{"@type":"Organization","@id":"https:\/\/www.finieris.com\/lv\/#organization","name":"Latvijas Finieris","alternateName":"Riga Wood","url":"https:\/\/www.finieris.com\/lv\/","logo":{"@type":"ImageObject","inLanguage":"lv-LV","@id":"https:\/\/www.finieris.com\/lv\/#\/schema\/logo\/image\/","url":"https:\/\/www.finieris.com\/wp-content\/uploads\/2023\/08\/finieris-logo.svg","contentUrl":"https:\/\/www.finieris.com\/wp-content\/uploads\/2023\/08\/finieris-logo.svg","width":1,"height":1,"caption":"Latvijas Finieris"},"image":{"@id":"https:\/\/www.finieris.com\/lv\/#\/schema\/logo\/image\/"},"sameAs":["https:\/\/www.facebook.com\/Finieris\/","https:\/\/lv.linkedin.com\/company\/latvijas-finieris","https:\/\/www.youtube.com\/c\/LatvijasFinierisAS"]}]}},"_links":{"self":[{"href":"https:\/\/www.finieris.com\/lv\/wp-json\/wp\/v2\/pages\/8870","targetHints":{"allow":["GET"]}}],"collection":[{"href":"https:\/\/www.finieris.com\/lv\/wp-json\/wp\/v2\/pages"}],"about":[{"href":"https:\/\/www.finieris.com\/lv\/wp-json\/wp\/v2\/types\/page"}],"author":[{"embeddable":true,"href":"https:\/\/www.finieris.com\/lv\/wp-json\/wp\/v2\/users\/1"}],"replies":[{"embeddable":true,"href":"https:\/\/www.finieris.com\/lv\/wp-json\/wp\/v2\/comments?post=8870"}],"version-history":[{"count":3,"href":"https:\/\/www.finieris.com\/lv\/wp-json\/wp\/v2\/pages\/8870\/revisions"}],"predecessor-version":[{"id":10207,"href":"https:\/\/www.finieris.com\/lv\/wp-json\/wp\/v2\/pages\/8870\/revisions\/10207"}],"up":[{"embeddable":true,"href":"https:\/\/www.finieris.com\/lv\/wp-json\/wp\/v2\/pages\/8840"}],"wp:attachment":[{"href":"https:\/\/www.finieris.com\/lv\/wp-json\/wp\/v2\/media?parent=8870"}],"wp:term":[{"taxonomy":"category","embeddable":true,"href":"https:\/\/www.finieris.com\/lv\/wp-json\/wp\/v2\/categories?post=8870"}],"curies":[{"name":"wp","href":"https:\/\/api.w.org\/{rel}","templated":true}]}}