{"id":8868,"date":"2019-12-18T13:04:00","date_gmt":"2019-12-18T11:04:00","guid":{"rendered":"https:\/\/www.finieris.com\/?page_id=8868"},"modified":"2024-06-21T10:38:50","modified_gmt":"2024-06-21T07:38:50","slug":"energoefektivitates-projekts-hapaka","status":"publish","type":"page","link":"https:\/\/www.finieris.com\/lv\/produkti-un-pakalpojumi\/petnieciba-un-attistiba\/es-atbalsta-projekti\/energoefektivitates-projekts-hapaka\/","title":{"rendered":"Energoefektivit\u0101tes projekts \u201cHapak\u0101\u201d"},"content":{"rendered":"<section id=\"written-content-block_6237072225fb61dc0dcbaf2b6d409554\" class=\"block written-content bg-white pt-sm\"\n    >\n        <div class=\"container\" data-aos=\"fade-up\" data-aos-once=\"true\" data-aos-duration=\"500\">\n        <div class=\"row\">\n                        <div class=\"col col-md-9\">\n                <h3>Energoefektivit\u0101tes projekts \u201cHapak\u0101\u201d<\/h3>\n<p><img decoding=\"async\" src=\"https:\/\/www.finieris.lv\/docs\/uznemums\/ES_projekti\/es_projekti.jpg\" alt=\"\" width=\"562\" height=\"185\" \/><\/p>\n<p>2019. gada decembr\u012b r\u016bpn\u012bc\u0101 \u201cHapaks\u201d ir nosl\u0113dzies energoefektivit\u0101tes projekts \u201cVentil\u0101cijas sist\u0113mas moderniz\u0101cijas II k\u0101rta r\u016bpn\u012bc\u0101 \u201cHapaks\u201d\u201d ar ES Koh\u0113zijas fonda atbalstu.<\/p>\n<p>Projekta m\u0113r\u0137is ir uzlabot r\u016bpn\u012bcas \u201cHapaks\u201d energoefektivit\u0101ti. \u0145emot v\u0113r\u0101 r\u016bpn\u012bcas ra\u017eo\u0161anas specifiku (kr\u0101so\u0161ana, lako\u0161ana, l\u012bm\u0113\u0161ana), nepiecie\u0161amais gaisa apmai\u0146as l\u012bmenis ra\u017eo\u0161anas telp\u0101s ir sal\u012bdzino\u0161i augsts, t\u0101p\u0113c pieaug ar\u012b ener\u0123ijas pat\u0113ri\u0146\u0161, \u012bpa\u0161i apkures sezon\u0101, jo piepl\u016bdes gaisu ir nepiecie\u0161ams uzsild\u012bt, lai nodro\u0161in\u0101tu darbinieku labsaj\u016btu un ra\u017eo\u0161anas parametru iev\u0113ro\u0161anu.<\/p>\n<p>L\u012bdz\u0161in\u0113j\u0101 ventil\u0101cijas sist\u0113ma paredz\u0113ja piepl\u016bdes gaisa uzsild\u012b\u0161anu, izmantojot siltumu, kas ieg\u016bts dedzinot koksnes atlikumus. Att\u012bstoties energoefekt\u012bv\u0101m tehnolo\u0123ij\u0101m, \u0161\u0101dos gad\u012bjumos piepl\u016bdes gaisa uzsild\u012b\u0161anai izmanto rekuper\u0101ciju \u2013 siltuma atg\u016b\u0161anu no izlietot\u0101 gaisa.<\/p>\n<p>\u012astenojot projektu \u201cVentil\u0101cijas sist\u0113mas moderniz\u0101cijas II k\u0101rta r\u016bpn\u012bc\u0101 \u201cHapaks\u201d\u201d, tiks samazin\u0101ts ener\u0123ijas pat\u0113ri\u0146\u0161 un veicin\u0101ta efekt\u012bva energoresursu izmanto\u0161ana apstr\u0101des r\u016bpniec\u012bb\u0101, ik gadu ieekonom\u0113jot 214 MWh ener\u0123ijas.<\/p>\n            <\/div>\n        <\/div>\n    <\/div>\n    <\/section>\n","protected":false},"excerpt":{"rendered":"","protected":false},"author":1,"featured_media":0,"parent":8840,"menu_order":0,"comment_status":"closed","ping_status":"closed","template":"","meta":{"_acf_changed":false,"footnotes":""},"categories":[1],"class_list":["post-8868","page","type-page","status-publish","hentry","category-visi-jaunumi"],"acf":[],"yoast_head":"<!-- This site is optimized with the Yoast SEO Premium plugin v27.2 (Yoast SEO v27.2) - https:\/\/yoast.com\/product\/yoast-seo-premium-wordpress\/ -->\n<title>Energoefektivit\u0101tes projekts \u201cHapak\u0101\u201d - Latvijas Finieris<\/title>\n<meta name=\"description\" content=\"Uzziniet par energoefektivit\u0101tes projektu \u201cHapak\u0101\u201d, kas samazina ener\u0123ijas pat\u0113ri\u0146u un veicina resursu efekt\u012bvu izmanto\u0161anu. Ieekonom\u0113jiet ener\u0123iju un ierosiniet pozit\u012bvas izmai\u0146as sav\u0101 biznes\u0101.\" \/>\n<meta name=\"robots\" content=\"index, follow, max-snippet:-1, max-image-preview:large, max-video-preview:-1\" \/>\n<link rel=\"canonical\" href=\"https:\/\/www.finieris.com\/lv\/produkti-un-pakalpojumi\/petnieciba-un-attistiba\/es-atbalsta-projekti\/energoefektivitates-projekts-hapaka\/\" \/>\n<meta property=\"og:locale\" content=\"lv_LV\" \/>\n<meta property=\"og:type\" content=\"article\" \/>\n<meta property=\"og:title\" content=\"Energoefektivit\u0101tes projekts \u201cHapak\u0101\u201d\" \/>\n<meta property=\"og:description\" content=\"Uzziniet par energoefektivit\u0101tes projektu \u201cHapak\u0101\u201d, kas samazina ener\u0123ijas pat\u0113ri\u0146u un veicina resursu efekt\u012bvu izmanto\u0161anu. Ieekonom\u0113jiet ener\u0123iju un ierosiniet pozit\u012bvas izmai\u0146as sav\u0101 biznes\u0101.\" \/>\n<meta property=\"og:url\" content=\"https:\/\/www.finieris.com\/lv\/produkti-un-pakalpojumi\/petnieciba-un-attistiba\/es-atbalsta-projekti\/energoefektivitates-projekts-hapaka\/\" \/>\n<meta property=\"og:site_name\" content=\"Latvijas Finieris\" \/>\n<meta property=\"article:publisher\" content=\"https:\/\/www.facebook.com\/Finieris\/\" \/>\n<meta property=\"article:modified_time\" content=\"2024-06-21T07:38:50+00:00\" \/>\n<meta name=\"twitter:card\" content=\"summary_large_image\" \/>\n<meta name=\"twitter:label1\" content=\"Est. reading time\" \/>\n\t<meta name=\"twitter:data1\" content=\"1 minute\" \/>\n<script type=\"application\/ld+json\" class=\"yoast-schema-graph\">{\"@context\":\"https:\/\/schema.org\",\"@graph\":[{\"@type\":\"WebPage\",\"@id\":\"https:\/\/www.finieris.com\/lv\/produkti-un-pakalpojumi\/petnieciba-un-attistiba\/es-atbalsta-projekti\/energoefektivitates-projekts-hapaka\/\",\"url\":\"https:\/\/www.finieris.com\/lv\/produkti-un-pakalpojumi\/petnieciba-un-attistiba\/es-atbalsta-projekti\/energoefektivitates-projekts-hapaka\/\",\"name\":\"Energoefektivit\u0101tes projekts \u201cHapak\u0101\u201d - Latvijas Finieris\",\"isPartOf\":{\"@id\":\"https:\/\/www.finieris.com\/lv\/#website\"},\"datePublished\":\"2019-12-18T11:04:00+00:00\",\"dateModified\":\"2024-06-21T07:38:50+00:00\",\"description\":\"Uzziniet par energoefektivit\u0101tes projektu \u201cHapak\u0101\u201d, kas samazina ener\u0123ijas pat\u0113ri\u0146u un veicina resursu efekt\u012bvu izmanto\u0161anu. Ieekonom\u0113jiet ener\u0123iju un ierosiniet pozit\u012bvas izmai\u0146as sav\u0101 biznes\u0101.\",\"breadcrumb\":{\"@id\":\"https:\/\/www.finieris.com\/lv\/produkti-un-pakalpojumi\/petnieciba-un-attistiba\/es-atbalsta-projekti\/energoefektivitates-projekts-hapaka\/#breadcrumb\"},\"inLanguage\":\"lv-LV\",\"potentialAction\":[{\"@type\":\"ReadAction\",\"target\":[\"https:\/\/www.finieris.com\/lv\/produkti-un-pakalpojumi\/petnieciba-un-attistiba\/es-atbalsta-projekti\/energoefektivitates-projekts-hapaka\/\"]}]},{\"@type\":\"BreadcrumbList\",\"@id\":\"https:\/\/www.finieris.com\/lv\/produkti-un-pakalpojumi\/petnieciba-un-attistiba\/es-atbalsta-projekti\/energoefektivitates-projekts-hapaka\/#breadcrumb\",\"itemListElement\":[{\"@type\":\"ListItem\",\"position\":1,\"name\":\"Home\",\"item\":\"https:\/\/www.finieris.com\/lv\/\"},{\"@type\":\"ListItem\",\"position\":2,\"name\":\"Produkti un pakalpojumi\",\"item\":\"https:\/\/www.finieris.com\/lv\/produkti-un-pakalpojumi\/\"},{\"@type\":\"ListItem\",\"position\":3,\"name\":\"P\u0113tniec\u012bba un att\u012bst\u012bba\",\"item\":\"https:\/\/www.finieris.com\/lv\/produkti-un-pakalpojumi\/petnieciba-un-attistiba\/\"},{\"@type\":\"ListItem\",\"position\":4,\"name\":\"ES atbalsta projekti\",\"item\":\"https:\/\/www.finieris.com\/lv\/produkti-un-pakalpojumi\/petnieciba-un-attistiba\/es-atbalsta-projekti\/\"},{\"@type\":\"ListItem\",\"position\":5,\"name\":\"Energoefektivit\u0101tes projekts \u201cHapak\u0101\u201d\"}]},{\"@type\":\"WebSite\",\"@id\":\"https:\/\/www.finieris.com\/lv\/#website\",\"url\":\"https:\/\/www.finieris.com\/lv\/\",\"name\":\"Latvijas Finieris\",\"description\":\"Leading the way in sustainable forestry\",\"publisher\":{\"@id\":\"https:\/\/www.finieris.com\/lv\/#organization\"},\"potentialAction\":[{\"@type\":\"SearchAction\",\"target\":{\"@type\":\"EntryPoint\",\"urlTemplate\":\"https:\/\/www.finieris.com\/lv\/?s={search_term_string}\"},\"query-input\":{\"@type\":\"PropertyValueSpecification\",\"valueRequired\":true,\"valueName\":\"search_term_string\"}}],\"inLanguage\":\"lv-LV\"},{\"@type\":\"Organization\",\"@id\":\"https:\/\/www.finieris.com\/lv\/#organization\",\"name\":\"Latvijas Finieris\",\"alternateName\":\"Riga Wood\",\"url\":\"https:\/\/www.finieris.com\/lv\/\",\"logo\":{\"@type\":\"ImageObject\",\"inLanguage\":\"lv-LV\",\"@id\":\"https:\/\/www.finieris.com\/lv\/#\/schema\/logo\/image\/\",\"url\":\"https:\/\/www.finieris.com\/wp-content\/uploads\/2023\/08\/finieris-logo.svg\",\"contentUrl\":\"https:\/\/www.finieris.com\/wp-content\/uploads\/2023\/08\/finieris-logo.svg\",\"width\":1,\"height\":1,\"caption\":\"Latvijas Finieris\"},\"image\":{\"@id\":\"https:\/\/www.finieris.com\/lv\/#\/schema\/logo\/image\/\"},\"sameAs\":[\"https:\/\/www.facebook.com\/Finieris\/\",\"https:\/\/lv.linkedin.com\/company\/latvijas-finieris\",\"https:\/\/www.youtube.com\/c\/LatvijasFinierisAS\"]}]}<\/script>\n<!-- \/ Yoast SEO Premium plugin. -->","yoast_head_json":{"title":"Energoefektivit\u0101tes projekts \u201cHapak\u0101\u201d - Latvijas Finieris","description":"Uzziniet par energoefektivit\u0101tes projektu \u201cHapak\u0101\u201d, kas samazina ener\u0123ijas pat\u0113ri\u0146u un veicina resursu efekt\u012bvu izmanto\u0161anu. Ieekonom\u0113jiet ener\u0123iju un ierosiniet pozit\u012bvas izmai\u0146as sav\u0101 biznes\u0101.","robots":{"index":"index","follow":"follow","max-snippet":"max-snippet:-1","max-image-preview":"max-image-preview:large","max-video-preview":"max-video-preview:-1"},"canonical":"https:\/\/www.finieris.com\/lv\/produkti-un-pakalpojumi\/petnieciba-un-attistiba\/es-atbalsta-projekti\/energoefektivitates-projekts-hapaka\/","og_locale":"lv_LV","og_type":"article","og_title":"Energoefektivit\u0101tes projekts \u201cHapak\u0101\u201d","og_description":"Uzziniet par energoefektivit\u0101tes projektu \u201cHapak\u0101\u201d, kas samazina ener\u0123ijas pat\u0113ri\u0146u un veicina resursu efekt\u012bvu izmanto\u0161anu. Ieekonom\u0113jiet ener\u0123iju un ierosiniet pozit\u012bvas izmai\u0146as sav\u0101 biznes\u0101.","og_url":"https:\/\/www.finieris.com\/lv\/produkti-un-pakalpojumi\/petnieciba-un-attistiba\/es-atbalsta-projekti\/energoefektivitates-projekts-hapaka\/","og_site_name":"Latvijas Finieris","article_publisher":"https:\/\/www.facebook.com\/Finieris\/","article_modified_time":"2024-06-21T07:38:50+00:00","twitter_card":"summary_large_image","twitter_misc":{"Est. reading time":"1 minute"},"schema":{"@context":"https:\/\/schema.org","@graph":[{"@type":"WebPage","@id":"https:\/\/www.finieris.com\/lv\/produkti-un-pakalpojumi\/petnieciba-un-attistiba\/es-atbalsta-projekti\/energoefektivitates-projekts-hapaka\/","url":"https:\/\/www.finieris.com\/lv\/produkti-un-pakalpojumi\/petnieciba-un-attistiba\/es-atbalsta-projekti\/energoefektivitates-projekts-hapaka\/","name":"Energoefektivit\u0101tes projekts \u201cHapak\u0101\u201d - Latvijas Finieris","isPartOf":{"@id":"https:\/\/www.finieris.com\/lv\/#website"},"datePublished":"2019-12-18T11:04:00+00:00","dateModified":"2024-06-21T07:38:50+00:00","description":"Uzziniet par energoefektivit\u0101tes projektu \u201cHapak\u0101\u201d, kas samazina ener\u0123ijas pat\u0113ri\u0146u un veicina resursu efekt\u012bvu izmanto\u0161anu. Ieekonom\u0113jiet ener\u0123iju un ierosiniet pozit\u012bvas izmai\u0146as sav\u0101 biznes\u0101.","breadcrumb":{"@id":"https:\/\/www.finieris.com\/lv\/produkti-un-pakalpojumi\/petnieciba-un-attistiba\/es-atbalsta-projekti\/energoefektivitates-projekts-hapaka\/#breadcrumb"},"inLanguage":"lv-LV","potentialAction":[{"@type":"ReadAction","target":["https:\/\/www.finieris.com\/lv\/produkti-un-pakalpojumi\/petnieciba-un-attistiba\/es-atbalsta-projekti\/energoefektivitates-projekts-hapaka\/"]}]},{"@type":"BreadcrumbList","@id":"https:\/\/www.finieris.com\/lv\/produkti-un-pakalpojumi\/petnieciba-un-attistiba\/es-atbalsta-projekti\/energoefektivitates-projekts-hapaka\/#breadcrumb","itemListElement":[{"@type":"ListItem","position":1,"name":"Home","item":"https:\/\/www.finieris.com\/lv\/"},{"@type":"ListItem","position":2,"name":"Produkti un pakalpojumi","item":"https:\/\/www.finieris.com\/lv\/produkti-un-pakalpojumi\/"},{"@type":"ListItem","position":3,"name":"P\u0113tniec\u012bba un att\u012bst\u012bba","item":"https:\/\/www.finieris.com\/lv\/produkti-un-pakalpojumi\/petnieciba-un-attistiba\/"},{"@type":"ListItem","position":4,"name":"ES atbalsta projekti","item":"https:\/\/www.finieris.com\/lv\/produkti-un-pakalpojumi\/petnieciba-un-attistiba\/es-atbalsta-projekti\/"},{"@type":"ListItem","position":5,"name":"Energoefektivit\u0101tes projekts \u201cHapak\u0101\u201d"}]},{"@type":"WebSite","@id":"https:\/\/www.finieris.com\/lv\/#website","url":"https:\/\/www.finieris.com\/lv\/","name":"Latvijas Finieris","description":"Leading the way in sustainable forestry","publisher":{"@id":"https:\/\/www.finieris.com\/lv\/#organization"},"potentialAction":[{"@type":"SearchAction","target":{"@type":"EntryPoint","urlTemplate":"https:\/\/www.finieris.com\/lv\/?s={search_term_string}"},"query-input":{"@type":"PropertyValueSpecification","valueRequired":true,"valueName":"search_term_string"}}],"inLanguage":"lv-LV"},{"@type":"Organization","@id":"https:\/\/www.finieris.com\/lv\/#organization","name":"Latvijas Finieris","alternateName":"Riga Wood","url":"https:\/\/www.finieris.com\/lv\/","logo":{"@type":"ImageObject","inLanguage":"lv-LV","@id":"https:\/\/www.finieris.com\/lv\/#\/schema\/logo\/image\/","url":"https:\/\/www.finieris.com\/wp-content\/uploads\/2023\/08\/finieris-logo.svg","contentUrl":"https:\/\/www.finieris.com\/wp-content\/uploads\/2023\/08\/finieris-logo.svg","width":1,"height":1,"caption":"Latvijas Finieris"},"image":{"@id":"https:\/\/www.finieris.com\/lv\/#\/schema\/logo\/image\/"},"sameAs":["https:\/\/www.facebook.com\/Finieris\/","https:\/\/lv.linkedin.com\/company\/latvijas-finieris","https:\/\/www.youtube.com\/c\/LatvijasFinierisAS"]}]}},"_links":{"self":[{"href":"https:\/\/www.finieris.com\/lv\/wp-json\/wp\/v2\/pages\/8868","targetHints":{"allow":["GET"]}}],"collection":[{"href":"https:\/\/www.finieris.com\/lv\/wp-json\/wp\/v2\/pages"}],"about":[{"href":"https:\/\/www.finieris.com\/lv\/wp-json\/wp\/v2\/types\/page"}],"author":[{"embeddable":true,"href":"https:\/\/www.finieris.com\/lv\/wp-json\/wp\/v2\/users\/1"}],"replies":[{"embeddable":true,"href":"https:\/\/www.finieris.com\/lv\/wp-json\/wp\/v2\/comments?post=8868"}],"version-history":[{"count":3,"href":"https:\/\/www.finieris.com\/lv\/wp-json\/wp\/v2\/pages\/8868\/revisions"}],"predecessor-version":[{"id":10215,"href":"https:\/\/www.finieris.com\/lv\/wp-json\/wp\/v2\/pages\/8868\/revisions\/10215"}],"up":[{"embeddable":true,"href":"https:\/\/www.finieris.com\/lv\/wp-json\/wp\/v2\/pages\/8840"}],"wp:attachment":[{"href":"https:\/\/www.finieris.com\/lv\/wp-json\/wp\/v2\/media?parent=8868"}],"wp:term":[{"taxonomy":"category","embeddable":true,"href":"https:\/\/www.finieris.com\/lv\/wp-json\/wp\/v2\/categories?post=8868"}],"curies":[{"name":"wp","href":"https:\/\/api.w.org\/{rel}","templated":true}]}}