{"id":8861,"date":"2021-03-24T13:00:00","date_gmt":"2021-03-24T11:00:00","guid":{"rendered":"https:\/\/www.finieris.com\/?page_id=8861"},"modified":"2024-06-21T10:39:46","modified_gmt":"2024-06-21T07:39:46","slug":"furniers-klus-energoefektivaks","status":"publish","type":"page","link":"https:\/\/www.finieris.com\/lv\/produkti-un-pakalpojumi\/petnieciba-un-attistiba\/es-atbalsta-projekti\/furniers-klus-energoefektivaks\/","title":{"rendered":"Furniers k\u013c\u016bs energoefekt\u012bv\u0101ks"},"content":{"rendered":"<section id=\"written-content-block_339751adbd08651b32249289b3e94ecc\" class=\"block written-content bg-white pt-sm\"\n    >\n        <div class=\"container\" data-aos=\"fade-up\" data-aos-once=\"true\" data-aos-duration=\"500\">\n        <div class=\"row\">\n                        <div class=\"col col-md-9\">\n                <h3>Furniers k\u013c\u016bs energoefekt\u012bv\u0101ks<\/h3>\n<p>R\u016bpn\u012bc\u0101 Furniers uzs\u0101kts energoefektivit\u0101tes projekts \u201cSaspiest\u0101 gaisa sist\u0113mas moderniz\u0101cija r\u016bpn\u012bc\u0101 Furniers\u201d, kura m\u0113r\u0137is ir uzlabot r\u016bpn\u012bcas energoefektivit\u0101ti, moderniz\u0113jot abas saspiest\u0101 gaisa sagatavo\u0161anas stacijas.<\/p>\n<p>Pl\u0101nots, ka sagaid\u0101mais rezult\u0101ts b\u016bs 260 MWh elektroener\u0123ijas ekonomija ik gadu, k\u0101 ar\u012b nep\u0101rtraukta un kvalitat\u012bva saspiesta gaisa nodro\u0161in\u0101jumus ra\u017eo\u0161anas procesam. Projekts tiks realiz\u0113ts darb\u012bbas programmas \u201cIzaugsme un nodarbin\u0101t\u012bba\u201d 4.1.1. specifisk\u0101 atbalsta m\u0113r\u0137a \u201cVeicin\u0101t efekt\u012bvu energoresursu izmanto\u0161anu, ener\u0123ijas pat\u0113ri\u0146a samazin\u0101\u0161anu un p\u0101reju uz AER apstr\u0101des r\u016bpniecibas nozar\u0113\u201d sadarb\u012bb\u0101 ar Centr\u0101lo finan\u0161u un l\u012bgumu a\u0123ent\u016bru.<\/p>\n<p>Pl\u0101not\u0101s projekta izmaksas 192 t\u016bkst. EUR.<\/p>\n            <\/div>\n        <\/div>\n    <\/div>\n    <\/section>\n","protected":false},"excerpt":{"rendered":"","protected":false},"author":1,"featured_media":0,"parent":8840,"menu_order":0,"comment_status":"closed","ping_status":"closed","template":"","meta":{"_acf_changed":false,"footnotes":""},"categories":[1],"class_list":["post-8861","page","type-page","status-publish","hentry","category-visi-jaunumi"],"acf":[],"yoast_head":"<!-- This site is optimized with the Yoast SEO Premium plugin v27.2 (Yoast SEO v27.2) - https:\/\/yoast.com\/product\/yoast-seo-premium-wordpress\/ -->\n<title>Furniers k\u013c\u016bs energoefekt\u012bv\u0101ks - Latvijas Finieris<\/title>\n<meta name=\"description\" content=\"Atkl\u0101ts projekts \u201cSaspiest\u0101 gaisa sist\u0113mas moderniz\u0101cija r\u016bpn\u012bc\u0101 Furniers\u201d. Uzzini, k\u0101 tas ietekm\u0113s ener\u0123ijas efektivit\u0101ti un nodro\u0161in\u0101jumu.\" \/>\n<meta name=\"robots\" content=\"index, follow, max-snippet:-1, max-image-preview:large, max-video-preview:-1\" \/>\n<link rel=\"canonical\" href=\"https:\/\/www.finieris.com\/lv\/produkti-un-pakalpojumi\/petnieciba-un-attistiba\/es-atbalsta-projekti\/furniers-klus-energoefektivaks\/\" \/>\n<meta property=\"og:locale\" content=\"lv_LV\" \/>\n<meta property=\"og:type\" content=\"article\" \/>\n<meta property=\"og:title\" content=\"Furniers k\u013c\u016bs energoefekt\u012bv\u0101ks\" \/>\n<meta property=\"og:description\" content=\"Atkl\u0101ts projekts \u201cSaspiest\u0101 gaisa sist\u0113mas moderniz\u0101cija r\u016bpn\u012bc\u0101 Furniers\u201d. Uzzini, k\u0101 tas ietekm\u0113s ener\u0123ijas efektivit\u0101ti un nodro\u0161in\u0101jumu.\" \/>\n<meta property=\"og:url\" content=\"https:\/\/www.finieris.com\/lv\/produkti-un-pakalpojumi\/petnieciba-un-attistiba\/es-atbalsta-projekti\/furniers-klus-energoefektivaks\/\" \/>\n<meta property=\"og:site_name\" content=\"Latvijas Finieris\" \/>\n<meta property=\"article:publisher\" content=\"https:\/\/www.facebook.com\/Finieris\/\" \/>\n<meta property=\"article:modified_time\" content=\"2024-06-21T07:39:46+00:00\" \/>\n<meta name=\"twitter:card\" content=\"summary_large_image\" \/>\n<meta name=\"twitter:label1\" content=\"Est. reading time\" \/>\n\t<meta name=\"twitter:data1\" content=\"1 minute\" \/>\n<script type=\"application\/ld+json\" class=\"yoast-schema-graph\">{\"@context\":\"https:\/\/schema.org\",\"@graph\":[{\"@type\":\"WebPage\",\"@id\":\"https:\/\/www.finieris.com\/lv\/produkti-un-pakalpojumi\/petnieciba-un-attistiba\/es-atbalsta-projekti\/furniers-klus-energoefektivaks\/\",\"url\":\"https:\/\/www.finieris.com\/lv\/produkti-un-pakalpojumi\/petnieciba-un-attistiba\/es-atbalsta-projekti\/furniers-klus-energoefektivaks\/\",\"name\":\"Furniers k\u013c\u016bs energoefekt\u012bv\u0101ks - Latvijas Finieris\",\"isPartOf\":{\"@id\":\"https:\/\/www.finieris.com\/lv\/#website\"},\"datePublished\":\"2021-03-24T11:00:00+00:00\",\"dateModified\":\"2024-06-21T07:39:46+00:00\",\"description\":\"Atkl\u0101ts projekts \u201cSaspiest\u0101 gaisa sist\u0113mas moderniz\u0101cija r\u016bpn\u012bc\u0101 Furniers\u201d. Uzzini, k\u0101 tas ietekm\u0113s ener\u0123ijas efektivit\u0101ti un nodro\u0161in\u0101jumu.\",\"breadcrumb\":{\"@id\":\"https:\/\/www.finieris.com\/lv\/produkti-un-pakalpojumi\/petnieciba-un-attistiba\/es-atbalsta-projekti\/furniers-klus-energoefektivaks\/#breadcrumb\"},\"inLanguage\":\"lv-LV\",\"potentialAction\":[{\"@type\":\"ReadAction\",\"target\":[\"https:\/\/www.finieris.com\/lv\/produkti-un-pakalpojumi\/petnieciba-un-attistiba\/es-atbalsta-projekti\/furniers-klus-energoefektivaks\/\"]}]},{\"@type\":\"BreadcrumbList\",\"@id\":\"https:\/\/www.finieris.com\/lv\/produkti-un-pakalpojumi\/petnieciba-un-attistiba\/es-atbalsta-projekti\/furniers-klus-energoefektivaks\/#breadcrumb\",\"itemListElement\":[{\"@type\":\"ListItem\",\"position\":1,\"name\":\"Home\",\"item\":\"https:\/\/www.finieris.com\/lv\/\"},{\"@type\":\"ListItem\",\"position\":2,\"name\":\"Produkti un pakalpojumi\",\"item\":\"https:\/\/www.finieris.com\/lv\/produkti-un-pakalpojumi\/\"},{\"@type\":\"ListItem\",\"position\":3,\"name\":\"P\u0113tniec\u012bba un att\u012bst\u012bba\",\"item\":\"https:\/\/www.finieris.com\/lv\/produkti-un-pakalpojumi\/petnieciba-un-attistiba\/\"},{\"@type\":\"ListItem\",\"position\":4,\"name\":\"ES atbalsta projekti\",\"item\":\"https:\/\/www.finieris.com\/lv\/produkti-un-pakalpojumi\/petnieciba-un-attistiba\/es-atbalsta-projekti\/\"},{\"@type\":\"ListItem\",\"position\":5,\"name\":\"Furniers k\u013c\u016bs energoefekt\u012bv\u0101ks\"}]},{\"@type\":\"WebSite\",\"@id\":\"https:\/\/www.finieris.com\/lv\/#website\",\"url\":\"https:\/\/www.finieris.com\/lv\/\",\"name\":\"Latvijas Finieris\",\"description\":\"Leading the way in sustainable forestry\",\"publisher\":{\"@id\":\"https:\/\/www.finieris.com\/lv\/#organization\"},\"potentialAction\":[{\"@type\":\"SearchAction\",\"target\":{\"@type\":\"EntryPoint\",\"urlTemplate\":\"https:\/\/www.finieris.com\/lv\/?s={search_term_string}\"},\"query-input\":{\"@type\":\"PropertyValueSpecification\",\"valueRequired\":true,\"valueName\":\"search_term_string\"}}],\"inLanguage\":\"lv-LV\"},{\"@type\":\"Organization\",\"@id\":\"https:\/\/www.finieris.com\/lv\/#organization\",\"name\":\"Latvijas Finieris\",\"alternateName\":\"Riga Wood\",\"url\":\"https:\/\/www.finieris.com\/lv\/\",\"logo\":{\"@type\":\"ImageObject\",\"inLanguage\":\"lv-LV\",\"@id\":\"https:\/\/www.finieris.com\/lv\/#\/schema\/logo\/image\/\",\"url\":\"https:\/\/www.finieris.com\/wp-content\/uploads\/2023\/08\/finieris-logo.svg\",\"contentUrl\":\"https:\/\/www.finieris.com\/wp-content\/uploads\/2023\/08\/finieris-logo.svg\",\"width\":1,\"height\":1,\"caption\":\"Latvijas Finieris\"},\"image\":{\"@id\":\"https:\/\/www.finieris.com\/lv\/#\/schema\/logo\/image\/\"},\"sameAs\":[\"https:\/\/www.facebook.com\/Finieris\/\",\"https:\/\/lv.linkedin.com\/company\/latvijas-finieris\",\"https:\/\/www.youtube.com\/c\/LatvijasFinierisAS\"]}]}<\/script>\n<!-- \/ Yoast SEO Premium plugin. -->","yoast_head_json":{"title":"Furniers k\u013c\u016bs energoefekt\u012bv\u0101ks - Latvijas Finieris","description":"Atkl\u0101ts projekts \u201cSaspiest\u0101 gaisa sist\u0113mas moderniz\u0101cija r\u016bpn\u012bc\u0101 Furniers\u201d. Uzzini, k\u0101 tas ietekm\u0113s ener\u0123ijas efektivit\u0101ti un nodro\u0161in\u0101jumu.","robots":{"index":"index","follow":"follow","max-snippet":"max-snippet:-1","max-image-preview":"max-image-preview:large","max-video-preview":"max-video-preview:-1"},"canonical":"https:\/\/www.finieris.com\/lv\/produkti-un-pakalpojumi\/petnieciba-un-attistiba\/es-atbalsta-projekti\/furniers-klus-energoefektivaks\/","og_locale":"lv_LV","og_type":"article","og_title":"Furniers k\u013c\u016bs energoefekt\u012bv\u0101ks","og_description":"Atkl\u0101ts projekts \u201cSaspiest\u0101 gaisa sist\u0113mas moderniz\u0101cija r\u016bpn\u012bc\u0101 Furniers\u201d. Uzzini, k\u0101 tas ietekm\u0113s ener\u0123ijas efektivit\u0101ti un nodro\u0161in\u0101jumu.","og_url":"https:\/\/www.finieris.com\/lv\/produkti-un-pakalpojumi\/petnieciba-un-attistiba\/es-atbalsta-projekti\/furniers-klus-energoefektivaks\/","og_site_name":"Latvijas Finieris","article_publisher":"https:\/\/www.facebook.com\/Finieris\/","article_modified_time":"2024-06-21T07:39:46+00:00","twitter_card":"summary_large_image","twitter_misc":{"Est. reading time":"1 minute"},"schema":{"@context":"https:\/\/schema.org","@graph":[{"@type":"WebPage","@id":"https:\/\/www.finieris.com\/lv\/produkti-un-pakalpojumi\/petnieciba-un-attistiba\/es-atbalsta-projekti\/furniers-klus-energoefektivaks\/","url":"https:\/\/www.finieris.com\/lv\/produkti-un-pakalpojumi\/petnieciba-un-attistiba\/es-atbalsta-projekti\/furniers-klus-energoefektivaks\/","name":"Furniers k\u013c\u016bs energoefekt\u012bv\u0101ks - Latvijas Finieris","isPartOf":{"@id":"https:\/\/www.finieris.com\/lv\/#website"},"datePublished":"2021-03-24T11:00:00+00:00","dateModified":"2024-06-21T07:39:46+00:00","description":"Atkl\u0101ts projekts \u201cSaspiest\u0101 gaisa sist\u0113mas moderniz\u0101cija r\u016bpn\u012bc\u0101 Furniers\u201d. Uzzini, k\u0101 tas ietekm\u0113s ener\u0123ijas efektivit\u0101ti un nodro\u0161in\u0101jumu.","breadcrumb":{"@id":"https:\/\/www.finieris.com\/lv\/produkti-un-pakalpojumi\/petnieciba-un-attistiba\/es-atbalsta-projekti\/furniers-klus-energoefektivaks\/#breadcrumb"},"inLanguage":"lv-LV","potentialAction":[{"@type":"ReadAction","target":["https:\/\/www.finieris.com\/lv\/produkti-un-pakalpojumi\/petnieciba-un-attistiba\/es-atbalsta-projekti\/furniers-klus-energoefektivaks\/"]}]},{"@type":"BreadcrumbList","@id":"https:\/\/www.finieris.com\/lv\/produkti-un-pakalpojumi\/petnieciba-un-attistiba\/es-atbalsta-projekti\/furniers-klus-energoefektivaks\/#breadcrumb","itemListElement":[{"@type":"ListItem","position":1,"name":"Home","item":"https:\/\/www.finieris.com\/lv\/"},{"@type":"ListItem","position":2,"name":"Produkti un pakalpojumi","item":"https:\/\/www.finieris.com\/lv\/produkti-un-pakalpojumi\/"},{"@type":"ListItem","position":3,"name":"P\u0113tniec\u012bba un att\u012bst\u012bba","item":"https:\/\/www.finieris.com\/lv\/produkti-un-pakalpojumi\/petnieciba-un-attistiba\/"},{"@type":"ListItem","position":4,"name":"ES atbalsta projekti","item":"https:\/\/www.finieris.com\/lv\/produkti-un-pakalpojumi\/petnieciba-un-attistiba\/es-atbalsta-projekti\/"},{"@type":"ListItem","position":5,"name":"Furniers k\u013c\u016bs energoefekt\u012bv\u0101ks"}]},{"@type":"WebSite","@id":"https:\/\/www.finieris.com\/lv\/#website","url":"https:\/\/www.finieris.com\/lv\/","name":"Latvijas Finieris","description":"Leading the way in sustainable forestry","publisher":{"@id":"https:\/\/www.finieris.com\/lv\/#organization"},"potentialAction":[{"@type":"SearchAction","target":{"@type":"EntryPoint","urlTemplate":"https:\/\/www.finieris.com\/lv\/?s={search_term_string}"},"query-input":{"@type":"PropertyValueSpecification","valueRequired":true,"valueName":"search_term_string"}}],"inLanguage":"lv-LV"},{"@type":"Organization","@id":"https:\/\/www.finieris.com\/lv\/#organization","name":"Latvijas Finieris","alternateName":"Riga Wood","url":"https:\/\/www.finieris.com\/lv\/","logo":{"@type":"ImageObject","inLanguage":"lv-LV","@id":"https:\/\/www.finieris.com\/lv\/#\/schema\/logo\/image\/","url":"https:\/\/www.finieris.com\/wp-content\/uploads\/2023\/08\/finieris-logo.svg","contentUrl":"https:\/\/www.finieris.com\/wp-content\/uploads\/2023\/08\/finieris-logo.svg","width":1,"height":1,"caption":"Latvijas Finieris"},"image":{"@id":"https:\/\/www.finieris.com\/lv\/#\/schema\/logo\/image\/"},"sameAs":["https:\/\/www.facebook.com\/Finieris\/","https:\/\/lv.linkedin.com\/company\/latvijas-finieris","https:\/\/www.youtube.com\/c\/LatvijasFinierisAS"]}]}},"_links":{"self":[{"href":"https:\/\/www.finieris.com\/lv\/wp-json\/wp\/v2\/pages\/8861","targetHints":{"allow":["GET"]}}],"collection":[{"href":"https:\/\/www.finieris.com\/lv\/wp-json\/wp\/v2\/pages"}],"about":[{"href":"https:\/\/www.finieris.com\/lv\/wp-json\/wp\/v2\/types\/page"}],"author":[{"embeddable":true,"href":"https:\/\/www.finieris.com\/lv\/wp-json\/wp\/v2\/users\/1"}],"replies":[{"embeddable":true,"href":"https:\/\/www.finieris.com\/lv\/wp-json\/wp\/v2\/comments?post=8861"}],"version-history":[{"count":2,"href":"https:\/\/www.finieris.com\/lv\/wp-json\/wp\/v2\/pages\/8861\/revisions"}],"predecessor-version":[{"id":10220,"href":"https:\/\/www.finieris.com\/lv\/wp-json\/wp\/v2\/pages\/8861\/revisions\/10220"}],"up":[{"embeddable":true,"href":"https:\/\/www.finieris.com\/lv\/wp-json\/wp\/v2\/pages\/8840"}],"wp:attachment":[{"href":"https:\/\/www.finieris.com\/lv\/wp-json\/wp\/v2\/media?parent=8861"}],"wp:term":[{"taxonomy":"category","embeddable":true,"href":"https:\/\/www.finieris.com\/lv\/wp-json\/wp\/v2\/categories?post=8861"}],"curies":[{"name":"wp","href":"https:\/\/api.w.org\/{rel}","templated":true}]}}