{"id":8855,"date":"2021-06-15T12:56:00","date_gmt":"2021-06-15T09:56:00","guid":{"rendered":"https:\/\/www.finieris.com\/?page_id=8855"},"modified":"2024-06-21T10:39:25","modified_gmt":"2024-06-21T07:39:25","slug":"erasmus-skilled-up-projekta-razosanas-vadiba-kokapstrade-mobilitates-aktivitates-konference","status":"publish","type":"page","link":"https:\/\/www.finieris.com\/lv\/produkti-un-pakalpojumi\/petnieciba-un-attistiba\/es-atbalsta-projekti\/erasmus-skilled-up-projekta-razosanas-vadiba-kokapstrade-mobilitates-aktivitates-konference\/","title":{"rendered":"ERASMUS+ \u201cSkilled Up\u201d projekta \u201cRa\u017eo\u0161anas vad\u012bba kokapstr\u0101d\u0113\u201d mobilit\u0101tes aktivit\u0101tes konference"},"content":{"rendered":"<section id=\"written-content-block_6fefe7778ccfb5605e653e317fb833e3\" class=\"block written-content bg-white pt-sm\"\n    >\n        <div class=\"container\" data-aos=\"fade-up\" data-aos-once=\"true\" data-aos-duration=\"500\">\n        <div class=\"row\">\n                        <div class=\"col col-md-9\">\n                <h3>ERASMUS+ \u201cSkilled Up\u201d projekta \u201cRa\u017eo\u0161anas vad\u012bba kokapstr\u0101d\u0113\u201d mobilit\u0101tes aktivit\u0101tes konference<\/h3>\n<p><img decoding=\"async\" src=\"https:\/\/www.finieris.lv\/docs\/Capture-1.png\" alt=\"\" width=\"943\" height=\"122\" \/><\/p>\n<p>\u0160\u012b gada 12. un 19. maij\u0101 ERASMUS+ \u201cSkilled Up\u201d projekta \u201cRa\u017eo\u0161anas vad\u012bba kokapstr\u0101d\u0113\u201d m\u0101c\u012bbu programmas ietvaros norisin\u0101j\u0101s mobilit\u0101tes aktivit\u0101tes konference tr\u012bs Baltijas valstu programmu dal\u012bbniekiem un partneriem. T\u0101s laik\u0101 bija iesp\u0113jams gan uzzin\u0101t vair\u0101k par projekta un nozares aktualit\u0101t\u0113m, programmas realiz\u0101ciju Latvij\u0101, Lietuv\u0101, Igaunij\u0101, k\u0101 ar\u012b apmain\u012bties ar m\u0101c\u012bbu programmas \u012bsteno\u0161anas norisi un rezult\u0101tiem katr\u0101 no Baltijas valst\u012bm. Atbilsto\u0161i glob\u0101lajai situ\u0101cijai, mobilit\u0101tes konference norisin\u0101j\u0101s virtu\u0101laj\u0101 vid\u0113.<\/p>\n<p>Mobilit\u0101tes konferenc\u0113 AS \u201cLatvijas Finieris\u201d p\u0101rst\u0101v\u0113ja att\u012bst\u012bbas projektu vad\u012bt\u0101js Gatis \u0136ep\u012btis ar visaptvero\u0161u st\u0101stu par uz\u0146\u0113muma darb\u012bbu, m\u0113r\u0137iem un za\u013co prasmju, digitaliz\u0101cijas ievie\u0161anu ra\u017eo\u0161an\u0101 un r\u016bpn\u012bcas \u201cLignums\u201d tehniskais direktors K\u0101rlis Veitmans ar iedvesmojo\u0161u virtu\u0101l\u0101 gida veikumu video ekskursij\u0101 r\u016bpn\u012bc\u0101 \u201cLignums\u201d. Paldies m\u016bsu lieliskajiem run\u0101t\u0101jiem!<\/p>\n<p><img decoding=\"async\" src=\"https:\/\/www.finieris.lv\/docs\/ERASMUS_Mob_GK_foto11-1.jpg\" alt=\"\" width=\"383\" height=\"261\" \/>\u00a0<img decoding=\"async\" src=\"https:\/\/www.finieris.lv\/docs\/ERASMUS_Mob_KV_foto12.jpg\" alt=\"\" width=\"383\" height=\"283\" \/><\/p>\n<p>12.maija konferences ieraksts:\u00a0<a href=\"https:\/\/www.youtube.com\/watch?v=Q2V48BTAn4Y\">https:\/\/www.youtube.com\/watch?v=Q2V48BTAn4Y<\/a><\/p>\n<p>19.maija konferences ieraksts:\u00a0<a href=\"https:\/\/www.youtube.com\/watch?v=Sc9cPD9G3vM\">https:\/\/www.youtube.com\/watch?v=Sc9cPD9G3vM<\/a><\/p>\n<p>Mobilit\u0101tes aktivit\u0101tes ietvaros pirmaj\u0101 dien\u0101, 12.maij\u0101, norisin\u0101j\u0101s nozares vado\u0161o asoci\u0101ciju p\u0101rst\u0101vju un izgl\u012bt\u012bbas iest\u0101\u017eu uzst\u0101\u0161an\u0101s par aktu\u0101lo situ\u0101ciju un m\u0101c\u012bbu programmas iesp\u0113j\u0101m katr\u0101 no dal\u012bbvalst\u012bm ar lektoriem Eugenija Novicki-Bittner (AHK) Giedrius Pilkis (Association of Wood Producers and Exporters of West Lithuania), Art\u016brs Bukonts (Latvian Association of Wood-processing Entrepreneurs and Exporters), Hille Lillem\u00e4gi (Furniture Cluster of South-East Estonia), Henrik V\u00e4lja (Estonian Forest and Wood Industries Association), Giedrius Gecevi\u010dius and Vytautas \u010capas (Kauno Kolegija), K\u0101rlis Pugovi\u010ds (Latvia University of Life Sciences and Technologies) and Astrid Org (V\u00f5rumaa Kutseharisduskeskus, Tsenter).<\/p>\n<p>Savuk\u0101rt, \u00a0konferences otraj\u0101 dien\u0101, 19. maij\u0101, bija iesp\u0113jams iepaz\u012bties ar nozares uz\u0146\u0113mumu pieredzes st\u0101stiem par ra\u017eo\u0161anas vad\u012bbas praksi un za\u013co prasmju, digitaliz\u0101cijas ievie\u0161anu ra\u017eo\u0161anas procesos ar dienas lektoriem Hille Lillem\u00e4gi (Furniture Cluster of South-East Estonia), Remo Allikas (V\u00f5ru Empak), Gatis \u0136ep\u012btis (Latvijas Finieris), Egidijus Mockus (VMG CORP), Fredi Kaasik (Thermory), Audrius \u010ci\u010dirka (Freda), Samanta Garben\u010diene (SBA Home).<\/p>\n<p>P\u0113c nozares p\u0101rst\u0101vju prezent\u0101cij\u0101m visu tr\u012bs Baltijas valstu programmu stud\u0113jo\u0161ie piedal\u012bj\u0101s online darba grup\u0101s, analiz\u0113jot un diskut\u0113jot par dzird\u0113to za\u013co prasmju, tehnolo\u0123isko inov\u0101ciju pieredzi un iesp\u0113j\u0101m ieviest praksi sav\u0101s valst\u012bs, uz\u0146\u0113mumos.<\/p>\n<p>Paldies visiem mobilit\u0101tes pas\u0101kuma dal\u012bbniekiem un virtu\u0101l\u0101s konferences moderatoram Mantas Kazlauskas par lielisko pieredzes apmai\u0146as iesp\u0113ju!<\/p>\n<p><img decoding=\"async\" src=\"https:\/\/www.finieris.lv\/docs\/ERASMUS_Mob_koncerence_foto.jpg\" alt=\"\" width=\"549\" height=\"315\" \/><\/p>\n<p>Papildu inform\u0101cija par projektu ir pieejama projekta m\u0101jaslap\u0101:\u00a0<a href=\"http:\/\/www.skilled-up.eu\/\">www.skilled-up.eu<\/a><\/p>\n<p>Eiropas Komisijas atbalsts \u0161\u012bs publik\u0101cijas sagatavo\u0161anai nav uzskat\u0101ms par satura apstiprin\u0101jumu, kas atspogu\u013co tikai autoru viedok\u013cus, un Komisija nevar b\u016bt atbild\u012bga par taj\u0101 ietvert\u0101s inform\u0101cijas jebk\u0101du izmanto\u0161anu.<\/p>\n            <\/div>\n        <\/div>\n    <\/div>\n    <\/section>\n","protected":false},"excerpt":{"rendered":"","protected":false},"author":1,"featured_media":0,"parent":8840,"menu_order":0,"comment_status":"closed","ping_status":"closed","template":"","meta":{"_acf_changed":false,"footnotes":""},"categories":[1],"class_list":["post-8855","page","type-page","status-publish","hentry","category-visi-jaunumi"],"acf":[],"yoast_head":"<!-- This site is optimized with the Yoast SEO Premium plugin v27.2 (Yoast SEO v27.2) - https:\/\/yoast.com\/product\/yoast-seo-premium-wordpress\/ -->\n<title>ERASMUS+ \u201cSkilled Up\u201d projekta \u201cRa\u017eo\u0161anas vad\u012bba kokapstr\u0101d\u0113\u201d mobilit\u0101tes aktivit\u0101tes konference - Latvijas Finieris<\/title>\n<meta name=\"description\" content=\"Atkl\u0101j ERASMUS+ \u201cSkilled Up\u201d projekta \u201cRa\u017eo\u0161anas vad\u012bba kokapstr\u0101d\u0113\u201d mobilit\u0101tes aktivit\u0101\u0161u konference un uzzini svar\u012bgo par programmas darb\u012bbu un rezult\u0101tiem Baltijas valst\u012bs.\" \/>\n<meta name=\"robots\" content=\"index, follow, max-snippet:-1, max-image-preview:large, max-video-preview:-1\" \/>\n<link rel=\"canonical\" href=\"https:\/\/www.finieris.com\/lv\/produkti-un-pakalpojumi\/petnieciba-un-attistiba\/es-atbalsta-projekti\/erasmus-skilled-up-projekta-razosanas-vadiba-kokapstrade-mobilitates-aktivitates-konference\/\" \/>\n<meta property=\"og:locale\" content=\"lv_LV\" \/>\n<meta property=\"og:type\" content=\"article\" \/>\n<meta property=\"og:title\" content=\"ERASMUS+ \u201cSkilled Up\u201d projekta \u201cRa\u017eo\u0161anas vad\u012bba kokapstr\u0101d\u0113\u201d mobilit\u0101tes aktivit\u0101tes konference\" \/>\n<meta property=\"og:description\" content=\"Atkl\u0101j ERASMUS+ \u201cSkilled Up\u201d projekta \u201cRa\u017eo\u0161anas vad\u012bba kokapstr\u0101d\u0113\u201d mobilit\u0101tes aktivit\u0101\u0161u konference un uzzini svar\u012bgo par programmas darb\u012bbu un rezult\u0101tiem Baltijas valst\u012bs.\" \/>\n<meta property=\"og:url\" content=\"https:\/\/www.finieris.com\/lv\/produkti-un-pakalpojumi\/petnieciba-un-attistiba\/es-atbalsta-projekti\/erasmus-skilled-up-projekta-razosanas-vadiba-kokapstrade-mobilitates-aktivitates-konference\/\" \/>\n<meta property=\"og:site_name\" content=\"Latvijas Finieris\" \/>\n<meta property=\"article:publisher\" content=\"https:\/\/www.facebook.com\/Finieris\/\" \/>\n<meta property=\"article:modified_time\" content=\"2024-06-21T07:39:25+00:00\" \/>\n<meta name=\"twitter:card\" content=\"summary_large_image\" \/>\n<meta name=\"twitter:label1\" content=\"Est. reading time\" \/>\n\t<meta name=\"twitter:data1\" content=\"3 minutes\" \/>\n<script type=\"application\/ld+json\" class=\"yoast-schema-graph\">{\"@context\":\"https:\/\/schema.org\",\"@graph\":[{\"@type\":\"WebPage\",\"@id\":\"https:\/\/www.finieris.com\/lv\/produkti-un-pakalpojumi\/petnieciba-un-attistiba\/es-atbalsta-projekti\/erasmus-skilled-up-projekta-razosanas-vadiba-kokapstrade-mobilitates-aktivitates-konference\/\",\"url\":\"https:\/\/www.finieris.com\/lv\/produkti-un-pakalpojumi\/petnieciba-un-attistiba\/es-atbalsta-projekti\/erasmus-skilled-up-projekta-razosanas-vadiba-kokapstrade-mobilitates-aktivitates-konference\/\",\"name\":\"ERASMUS+ \u201cSkilled Up\u201d projekta \u201cRa\u017eo\u0161anas vad\u012bba kokapstr\u0101d\u0113\u201d mobilit\u0101tes aktivit\u0101tes konference - Latvijas Finieris\",\"isPartOf\":{\"@id\":\"https:\/\/www.finieris.com\/lv\/#website\"},\"datePublished\":\"2021-06-15T09:56:00+00:00\",\"dateModified\":\"2024-06-21T07:39:25+00:00\",\"description\":\"Atkl\u0101j ERASMUS+ \u201cSkilled Up\u201d projekta \u201cRa\u017eo\u0161anas vad\u012bba kokapstr\u0101d\u0113\u201d mobilit\u0101tes aktivit\u0101\u0161u konference un uzzini svar\u012bgo par programmas darb\u012bbu un rezult\u0101tiem Baltijas valst\u012bs.\",\"breadcrumb\":{\"@id\":\"https:\/\/www.finieris.com\/lv\/produkti-un-pakalpojumi\/petnieciba-un-attistiba\/es-atbalsta-projekti\/erasmus-skilled-up-projekta-razosanas-vadiba-kokapstrade-mobilitates-aktivitates-konference\/#breadcrumb\"},\"inLanguage\":\"lv-LV\",\"potentialAction\":[{\"@type\":\"ReadAction\",\"target\":[\"https:\/\/www.finieris.com\/lv\/produkti-un-pakalpojumi\/petnieciba-un-attistiba\/es-atbalsta-projekti\/erasmus-skilled-up-projekta-razosanas-vadiba-kokapstrade-mobilitates-aktivitates-konference\/\"]}]},{\"@type\":\"BreadcrumbList\",\"@id\":\"https:\/\/www.finieris.com\/lv\/produkti-un-pakalpojumi\/petnieciba-un-attistiba\/es-atbalsta-projekti\/erasmus-skilled-up-projekta-razosanas-vadiba-kokapstrade-mobilitates-aktivitates-konference\/#breadcrumb\",\"itemListElement\":[{\"@type\":\"ListItem\",\"position\":1,\"name\":\"Home\",\"item\":\"https:\/\/www.finieris.com\/lv\/\"},{\"@type\":\"ListItem\",\"position\":2,\"name\":\"Produkti un pakalpojumi\",\"item\":\"https:\/\/www.finieris.com\/lv\/produkti-un-pakalpojumi\/\"},{\"@type\":\"ListItem\",\"position\":3,\"name\":\"P\u0113tniec\u012bba un att\u012bst\u012bba\",\"item\":\"https:\/\/www.finieris.com\/lv\/produkti-un-pakalpojumi\/petnieciba-un-attistiba\/\"},{\"@type\":\"ListItem\",\"position\":4,\"name\":\"ES atbalsta projekti\",\"item\":\"https:\/\/www.finieris.com\/lv\/produkti-un-pakalpojumi\/petnieciba-un-attistiba\/es-atbalsta-projekti\/\"},{\"@type\":\"ListItem\",\"position\":5,\"name\":\"ERASMUS+ \u201cSkilled Up\u201d projekta \u201cRa\u017eo\u0161anas vad\u012bba kokapstr\u0101d\u0113\u201d mobilit\u0101tes aktivit\u0101tes konference\"}]},{\"@type\":\"WebSite\",\"@id\":\"https:\/\/www.finieris.com\/lv\/#website\",\"url\":\"https:\/\/www.finieris.com\/lv\/\",\"name\":\"Latvijas Finieris\",\"description\":\"Leading the way in sustainable forestry\",\"publisher\":{\"@id\":\"https:\/\/www.finieris.com\/lv\/#organization\"},\"potentialAction\":[{\"@type\":\"SearchAction\",\"target\":{\"@type\":\"EntryPoint\",\"urlTemplate\":\"https:\/\/www.finieris.com\/lv\/?s={search_term_string}\"},\"query-input\":{\"@type\":\"PropertyValueSpecification\",\"valueRequired\":true,\"valueName\":\"search_term_string\"}}],\"inLanguage\":\"lv-LV\"},{\"@type\":\"Organization\",\"@id\":\"https:\/\/www.finieris.com\/lv\/#organization\",\"name\":\"Latvijas Finieris\",\"alternateName\":\"Riga Wood\",\"url\":\"https:\/\/www.finieris.com\/lv\/\",\"logo\":{\"@type\":\"ImageObject\",\"inLanguage\":\"lv-LV\",\"@id\":\"https:\/\/www.finieris.com\/lv\/#\/schema\/logo\/image\/\",\"url\":\"https:\/\/www.finieris.com\/wp-content\/uploads\/2023\/08\/finieris-logo.svg\",\"contentUrl\":\"https:\/\/www.finieris.com\/wp-content\/uploads\/2023\/08\/finieris-logo.svg\",\"width\":1,\"height\":1,\"caption\":\"Latvijas Finieris\"},\"image\":{\"@id\":\"https:\/\/www.finieris.com\/lv\/#\/schema\/logo\/image\/\"},\"sameAs\":[\"https:\/\/www.facebook.com\/Finieris\/\",\"https:\/\/lv.linkedin.com\/company\/latvijas-finieris\",\"https:\/\/www.youtube.com\/c\/LatvijasFinierisAS\"]}]}<\/script>\n<!-- \/ Yoast SEO Premium plugin. -->","yoast_head_json":{"title":"ERASMUS+ \u201cSkilled Up\u201d projekta \u201cRa\u017eo\u0161anas vad\u012bba kokapstr\u0101d\u0113\u201d mobilit\u0101tes aktivit\u0101tes konference - Latvijas Finieris","description":"Atkl\u0101j ERASMUS+ \u201cSkilled Up\u201d projekta \u201cRa\u017eo\u0161anas vad\u012bba kokapstr\u0101d\u0113\u201d mobilit\u0101tes aktivit\u0101\u0161u konference un uzzini svar\u012bgo par programmas darb\u012bbu un rezult\u0101tiem Baltijas valst\u012bs.","robots":{"index":"index","follow":"follow","max-snippet":"max-snippet:-1","max-image-preview":"max-image-preview:large","max-video-preview":"max-video-preview:-1"},"canonical":"https:\/\/www.finieris.com\/lv\/produkti-un-pakalpojumi\/petnieciba-un-attistiba\/es-atbalsta-projekti\/erasmus-skilled-up-projekta-razosanas-vadiba-kokapstrade-mobilitates-aktivitates-konference\/","og_locale":"lv_LV","og_type":"article","og_title":"ERASMUS+ \u201cSkilled Up\u201d projekta \u201cRa\u017eo\u0161anas vad\u012bba kokapstr\u0101d\u0113\u201d mobilit\u0101tes aktivit\u0101tes konference","og_description":"Atkl\u0101j ERASMUS+ \u201cSkilled Up\u201d projekta \u201cRa\u017eo\u0161anas vad\u012bba kokapstr\u0101d\u0113\u201d mobilit\u0101tes aktivit\u0101\u0161u konference un uzzini svar\u012bgo par programmas darb\u012bbu un rezult\u0101tiem Baltijas valst\u012bs.","og_url":"https:\/\/www.finieris.com\/lv\/produkti-un-pakalpojumi\/petnieciba-un-attistiba\/es-atbalsta-projekti\/erasmus-skilled-up-projekta-razosanas-vadiba-kokapstrade-mobilitates-aktivitates-konference\/","og_site_name":"Latvijas Finieris","article_publisher":"https:\/\/www.facebook.com\/Finieris\/","article_modified_time":"2024-06-21T07:39:25+00:00","twitter_card":"summary_large_image","twitter_misc":{"Est. reading time":"3 minutes"},"schema":{"@context":"https:\/\/schema.org","@graph":[{"@type":"WebPage","@id":"https:\/\/www.finieris.com\/lv\/produkti-un-pakalpojumi\/petnieciba-un-attistiba\/es-atbalsta-projekti\/erasmus-skilled-up-projekta-razosanas-vadiba-kokapstrade-mobilitates-aktivitates-konference\/","url":"https:\/\/www.finieris.com\/lv\/produkti-un-pakalpojumi\/petnieciba-un-attistiba\/es-atbalsta-projekti\/erasmus-skilled-up-projekta-razosanas-vadiba-kokapstrade-mobilitates-aktivitates-konference\/","name":"ERASMUS+ \u201cSkilled Up\u201d projekta \u201cRa\u017eo\u0161anas vad\u012bba kokapstr\u0101d\u0113\u201d mobilit\u0101tes aktivit\u0101tes konference - Latvijas Finieris","isPartOf":{"@id":"https:\/\/www.finieris.com\/lv\/#website"},"datePublished":"2021-06-15T09:56:00+00:00","dateModified":"2024-06-21T07:39:25+00:00","description":"Atkl\u0101j ERASMUS+ \u201cSkilled Up\u201d projekta \u201cRa\u017eo\u0161anas vad\u012bba kokapstr\u0101d\u0113\u201d mobilit\u0101tes aktivit\u0101\u0161u konference un uzzini svar\u012bgo par programmas darb\u012bbu un rezult\u0101tiem Baltijas valst\u012bs.","breadcrumb":{"@id":"https:\/\/www.finieris.com\/lv\/produkti-un-pakalpojumi\/petnieciba-un-attistiba\/es-atbalsta-projekti\/erasmus-skilled-up-projekta-razosanas-vadiba-kokapstrade-mobilitates-aktivitates-konference\/#breadcrumb"},"inLanguage":"lv-LV","potentialAction":[{"@type":"ReadAction","target":["https:\/\/www.finieris.com\/lv\/produkti-un-pakalpojumi\/petnieciba-un-attistiba\/es-atbalsta-projekti\/erasmus-skilled-up-projekta-razosanas-vadiba-kokapstrade-mobilitates-aktivitates-konference\/"]}]},{"@type":"BreadcrumbList","@id":"https:\/\/www.finieris.com\/lv\/produkti-un-pakalpojumi\/petnieciba-un-attistiba\/es-atbalsta-projekti\/erasmus-skilled-up-projekta-razosanas-vadiba-kokapstrade-mobilitates-aktivitates-konference\/#breadcrumb","itemListElement":[{"@type":"ListItem","position":1,"name":"Home","item":"https:\/\/www.finieris.com\/lv\/"},{"@type":"ListItem","position":2,"name":"Produkti un pakalpojumi","item":"https:\/\/www.finieris.com\/lv\/produkti-un-pakalpojumi\/"},{"@type":"ListItem","position":3,"name":"P\u0113tniec\u012bba un att\u012bst\u012bba","item":"https:\/\/www.finieris.com\/lv\/produkti-un-pakalpojumi\/petnieciba-un-attistiba\/"},{"@type":"ListItem","position":4,"name":"ES atbalsta projekti","item":"https:\/\/www.finieris.com\/lv\/produkti-un-pakalpojumi\/petnieciba-un-attistiba\/es-atbalsta-projekti\/"},{"@type":"ListItem","position":5,"name":"ERASMUS+ \u201cSkilled Up\u201d projekta \u201cRa\u017eo\u0161anas vad\u012bba kokapstr\u0101d\u0113\u201d mobilit\u0101tes aktivit\u0101tes konference"}]},{"@type":"WebSite","@id":"https:\/\/www.finieris.com\/lv\/#website","url":"https:\/\/www.finieris.com\/lv\/","name":"Latvijas Finieris","description":"Leading the way in sustainable forestry","publisher":{"@id":"https:\/\/www.finieris.com\/lv\/#organization"},"potentialAction":[{"@type":"SearchAction","target":{"@type":"EntryPoint","urlTemplate":"https:\/\/www.finieris.com\/lv\/?s={search_term_string}"},"query-input":{"@type":"PropertyValueSpecification","valueRequired":true,"valueName":"search_term_string"}}],"inLanguage":"lv-LV"},{"@type":"Organization","@id":"https:\/\/www.finieris.com\/lv\/#organization","name":"Latvijas Finieris","alternateName":"Riga Wood","url":"https:\/\/www.finieris.com\/lv\/","logo":{"@type":"ImageObject","inLanguage":"lv-LV","@id":"https:\/\/www.finieris.com\/lv\/#\/schema\/logo\/image\/","url":"https:\/\/www.finieris.com\/wp-content\/uploads\/2023\/08\/finieris-logo.svg","contentUrl":"https:\/\/www.finieris.com\/wp-content\/uploads\/2023\/08\/finieris-logo.svg","width":1,"height":1,"caption":"Latvijas Finieris"},"image":{"@id":"https:\/\/www.finieris.com\/lv\/#\/schema\/logo\/image\/"},"sameAs":["https:\/\/www.facebook.com\/Finieris\/","https:\/\/lv.linkedin.com\/company\/latvijas-finieris","https:\/\/www.youtube.com\/c\/LatvijasFinierisAS"]}]}},"_links":{"self":[{"href":"https:\/\/www.finieris.com\/lv\/wp-json\/wp\/v2\/pages\/8855","targetHints":{"allow":["GET"]}}],"collection":[{"href":"https:\/\/www.finieris.com\/lv\/wp-json\/wp\/v2\/pages"}],"about":[{"href":"https:\/\/www.finieris.com\/lv\/wp-json\/wp\/v2\/types\/page"}],"author":[{"embeddable":true,"href":"https:\/\/www.finieris.com\/lv\/wp-json\/wp\/v2\/users\/1"}],"replies":[{"embeddable":true,"href":"https:\/\/www.finieris.com\/lv\/wp-json\/wp\/v2\/comments?post=8855"}],"version-history":[{"count":2,"href":"https:\/\/www.finieris.com\/lv\/wp-json\/wp\/v2\/pages\/8855\/revisions"}],"predecessor-version":[{"id":10218,"href":"https:\/\/www.finieris.com\/lv\/wp-json\/wp\/v2\/pages\/8855\/revisions\/10218"}],"up":[{"embeddable":true,"href":"https:\/\/www.finieris.com\/lv\/wp-json\/wp\/v2\/pages\/8840"}],"wp:attachment":[{"href":"https:\/\/www.finieris.com\/lv\/wp-json\/wp\/v2\/media?parent=8855"}],"wp:term":[{"taxonomy":"category","embeddable":true,"href":"https:\/\/www.finieris.com\/lv\/wp-json\/wp\/v2\/categories?post=8855"}],"curies":[{"name":"wp","href":"https:\/\/api.w.org\/{rel}","templated":true}]}}