{"id":8853,"date":"2021-10-22T12:55:00","date_gmt":"2021-10-22T09:55:00","guid":{"rendered":"https:\/\/www.finieris.com\/?page_id=8853"},"modified":"2024-06-21T10:42:21","modified_gmt":"2024-06-21T07:42:21","slug":"rupnica-furniers-istenots-energoefektivitates-projekts","status":"publish","type":"page","link":"https:\/\/www.finieris.com\/lv\/produkti-un-pakalpojumi\/petnieciba-un-attistiba\/es-atbalsta-projekti\/rupnica-furniers-istenots-energoefektivitates-projekts\/","title":{"rendered":"R\u016bpn\u012bc\u0101 Furniers \u012bstenots energoefektivit\u0101tes projekts"},"content":{"rendered":"<section id=\"written-content-block_e8e2817ea1059211fd1c12383d5a828c\" class=\"block written-content bg-white pt-sm\"\n    >\n        <div class=\"container\" data-aos=\"fade-up\" data-aos-once=\"true\" data-aos-duration=\"500\">\n        <div class=\"row\">\n                        <div class=\"col col-md-9\">\n                <h3>R\u016bpn\u012bc\u0101 Furniers \u012bstenots energoefektivit\u0101tes projekts<\/h3>\n<p>Energoefektivit\u0101tes projekts \u201cSaspiest\u0101 gaisa sist\u0113mas moderniz\u0101cija r\u016bpn\u012bc\u0101 Furniers\u201d, kas \u012bstenots darb\u012bbas programmas \u201cIzaugsme un nodarbin\u0101t\u012bba\u201d 4.1.1. specifisk\u0101 atbalsta m\u0113r\u0137a \u201cVeicin\u0101t efekt\u012bvu energoresursu izmanto\u0161anu, ener\u0123ijas pat\u0113ri\u0146a samazin\u0101\u0161anu un p\u0101reju uz AER apstr\u0101des r\u016bpniecibas nozar\u0113\u201d sadarb\u012bb\u0101 ar Centr\u0101lo finan\u0161u un l\u012bgumu a\u0123ent\u016bru, tika uzs\u0101kts \u0161. g. mart\u0101.<\/p>\n<p>Jaun\u0101k\u0101s paaudzes energoefekt\u012bvu saspiest\u0101 gaisa kompresoru nomai\u0146a tika veikta r\u016bpn\u012bcas vasaras remonta darbu laik\u0101. Saspiest\u0101 gaisa ra\u017eo\u0161anas iek\u0101rtu testa darb\u012bbas rezult\u0101ti liecina, ka pl\u0101notais rezult\u0101ts \u2013 260 MWh elektroener\u0123ijas ekonomija ik gadu, tiks veiksm\u012bgi sasniegts.<\/p>\n            <\/div>\n        <\/div>\n    <\/div>\n    <\/section>\n","protected":false},"excerpt":{"rendered":"","protected":false},"author":1,"featured_media":0,"parent":8840,"menu_order":0,"comment_status":"closed","ping_status":"closed","template":"","meta":{"_acf_changed":false,"footnotes":""},"categories":[1],"class_list":["post-8853","page","type-page","status-publish","hentry","category-visi-jaunumi"],"acf":[],"yoast_head":"<!-- This site is optimized with the Yoast SEO Premium plugin v27.2 (Yoast SEO v27.2) - https:\/\/yoast.com\/product\/yoast-seo-premium-wordpress\/ -->\n<title>R\u016bpn\u012bc\u0101 Furniers \u012bstenots energoefektivit\u0101tes projekts - Latvijas Finieris<\/title>\n<meta name=\"description\" content=\"Saspiest\u0101 gaisa moderniz\u0101cija r\u016bpn\u012bc\u0101 Furniers. Pateicoties projektam, ik gadu tiek ietaup\u012btas 260 MWh elektroener\u0123ijas un samazin\u0101ts ener\u0123ijas pat\u0113ri\u0146\u0161.\" \/>\n<meta name=\"robots\" content=\"index, follow, max-snippet:-1, max-image-preview:large, max-video-preview:-1\" \/>\n<link rel=\"canonical\" href=\"https:\/\/www.finieris.com\/lv\/produkti-un-pakalpojumi\/petnieciba-un-attistiba\/es-atbalsta-projekti\/rupnica-furniers-istenots-energoefektivitates-projekts\/\" \/>\n<meta property=\"og:locale\" content=\"lv_LV\" \/>\n<meta property=\"og:type\" content=\"article\" \/>\n<meta property=\"og:title\" content=\"R\u016bpn\u012bc\u0101 Furniers \u012bstenots energoefektivit\u0101tes projekts\" \/>\n<meta property=\"og:description\" content=\"Saspiest\u0101 gaisa moderniz\u0101cija r\u016bpn\u012bc\u0101 Furniers. Pateicoties projektam, ik gadu tiek ietaup\u012btas 260 MWh elektroener\u0123ijas un samazin\u0101ts ener\u0123ijas pat\u0113ri\u0146\u0161.\" \/>\n<meta property=\"og:url\" content=\"https:\/\/www.finieris.com\/lv\/produkti-un-pakalpojumi\/petnieciba-un-attistiba\/es-atbalsta-projekti\/rupnica-furniers-istenots-energoefektivitates-projekts\/\" \/>\n<meta property=\"og:site_name\" content=\"Latvijas Finieris\" \/>\n<meta property=\"article:publisher\" content=\"https:\/\/www.facebook.com\/Finieris\/\" \/>\n<meta property=\"article:modified_time\" content=\"2024-06-21T07:42:21+00:00\" \/>\n<meta name=\"twitter:card\" content=\"summary_large_image\" \/>\n<meta name=\"twitter:label1\" content=\"Est. reading time\" \/>\n\t<meta name=\"twitter:data1\" content=\"1 minute\" \/>\n<script type=\"application\/ld+json\" class=\"yoast-schema-graph\">{\"@context\":\"https:\/\/schema.org\",\"@graph\":[{\"@type\":\"WebPage\",\"@id\":\"https:\/\/www.finieris.com\/lv\/produkti-un-pakalpojumi\/petnieciba-un-attistiba\/es-atbalsta-projekti\/rupnica-furniers-istenots-energoefektivitates-projekts\/\",\"url\":\"https:\/\/www.finieris.com\/lv\/produkti-un-pakalpojumi\/petnieciba-un-attistiba\/es-atbalsta-projekti\/rupnica-furniers-istenots-energoefektivitates-projekts\/\",\"name\":\"R\u016bpn\u012bc\u0101 Furniers \u012bstenots energoefektivit\u0101tes projekts - Latvijas Finieris\",\"isPartOf\":{\"@id\":\"https:\/\/www.finieris.com\/lv\/#website\"},\"datePublished\":\"2021-10-22T09:55:00+00:00\",\"dateModified\":\"2024-06-21T07:42:21+00:00\",\"description\":\"Saspiest\u0101 gaisa moderniz\u0101cija r\u016bpn\u012bc\u0101 Furniers. Pateicoties projektam, ik gadu tiek ietaup\u012btas 260 MWh elektroener\u0123ijas un samazin\u0101ts ener\u0123ijas pat\u0113ri\u0146\u0161.\",\"breadcrumb\":{\"@id\":\"https:\/\/www.finieris.com\/lv\/produkti-un-pakalpojumi\/petnieciba-un-attistiba\/es-atbalsta-projekti\/rupnica-furniers-istenots-energoefektivitates-projekts\/#breadcrumb\"},\"inLanguage\":\"lv-LV\",\"potentialAction\":[{\"@type\":\"ReadAction\",\"target\":[\"https:\/\/www.finieris.com\/lv\/produkti-un-pakalpojumi\/petnieciba-un-attistiba\/es-atbalsta-projekti\/rupnica-furniers-istenots-energoefektivitates-projekts\/\"]}]},{\"@type\":\"BreadcrumbList\",\"@id\":\"https:\/\/www.finieris.com\/lv\/produkti-un-pakalpojumi\/petnieciba-un-attistiba\/es-atbalsta-projekti\/rupnica-furniers-istenots-energoefektivitates-projekts\/#breadcrumb\",\"itemListElement\":[{\"@type\":\"ListItem\",\"position\":1,\"name\":\"Home\",\"item\":\"https:\/\/www.finieris.com\/lv\/\"},{\"@type\":\"ListItem\",\"position\":2,\"name\":\"Produkti un pakalpojumi\",\"item\":\"https:\/\/www.finieris.com\/lv\/produkti-un-pakalpojumi\/\"},{\"@type\":\"ListItem\",\"position\":3,\"name\":\"P\u0113tniec\u012bba un att\u012bst\u012bba\",\"item\":\"https:\/\/www.finieris.com\/lv\/produkti-un-pakalpojumi\/petnieciba-un-attistiba\/\"},{\"@type\":\"ListItem\",\"position\":4,\"name\":\"ES atbalsta projekti\",\"item\":\"https:\/\/www.finieris.com\/lv\/produkti-un-pakalpojumi\/petnieciba-un-attistiba\/es-atbalsta-projekti\/\"},{\"@type\":\"ListItem\",\"position\":5,\"name\":\"R\u016bpn\u012bc\u0101 Furniers \u012bstenots energoefektivit\u0101tes projekts\"}]},{\"@type\":\"WebSite\",\"@id\":\"https:\/\/www.finieris.com\/lv\/#website\",\"url\":\"https:\/\/www.finieris.com\/lv\/\",\"name\":\"Latvijas Finieris\",\"description\":\"Leading the way in sustainable forestry\",\"publisher\":{\"@id\":\"https:\/\/www.finieris.com\/lv\/#organization\"},\"potentialAction\":[{\"@type\":\"SearchAction\",\"target\":{\"@type\":\"EntryPoint\",\"urlTemplate\":\"https:\/\/www.finieris.com\/lv\/?s={search_term_string}\"},\"query-input\":{\"@type\":\"PropertyValueSpecification\",\"valueRequired\":true,\"valueName\":\"search_term_string\"}}],\"inLanguage\":\"lv-LV\"},{\"@type\":\"Organization\",\"@id\":\"https:\/\/www.finieris.com\/lv\/#organization\",\"name\":\"Latvijas Finieris\",\"alternateName\":\"Riga Wood\",\"url\":\"https:\/\/www.finieris.com\/lv\/\",\"logo\":{\"@type\":\"ImageObject\",\"inLanguage\":\"lv-LV\",\"@id\":\"https:\/\/www.finieris.com\/lv\/#\/schema\/logo\/image\/\",\"url\":\"https:\/\/www.finieris.com\/wp-content\/uploads\/2023\/08\/finieris-logo.svg\",\"contentUrl\":\"https:\/\/www.finieris.com\/wp-content\/uploads\/2023\/08\/finieris-logo.svg\",\"width\":1,\"height\":1,\"caption\":\"Latvijas Finieris\"},\"image\":{\"@id\":\"https:\/\/www.finieris.com\/lv\/#\/schema\/logo\/image\/\"},\"sameAs\":[\"https:\/\/www.facebook.com\/Finieris\/\",\"https:\/\/lv.linkedin.com\/company\/latvijas-finieris\",\"https:\/\/www.youtube.com\/c\/LatvijasFinierisAS\"]}]}<\/script>\n<!-- \/ Yoast SEO Premium plugin. -->","yoast_head_json":{"title":"R\u016bpn\u012bc\u0101 Furniers \u012bstenots energoefektivit\u0101tes projekts - Latvijas Finieris","description":"Saspiest\u0101 gaisa moderniz\u0101cija r\u016bpn\u012bc\u0101 Furniers. Pateicoties projektam, ik gadu tiek ietaup\u012btas 260 MWh elektroener\u0123ijas un samazin\u0101ts ener\u0123ijas pat\u0113ri\u0146\u0161.","robots":{"index":"index","follow":"follow","max-snippet":"max-snippet:-1","max-image-preview":"max-image-preview:large","max-video-preview":"max-video-preview:-1"},"canonical":"https:\/\/www.finieris.com\/lv\/produkti-un-pakalpojumi\/petnieciba-un-attistiba\/es-atbalsta-projekti\/rupnica-furniers-istenots-energoefektivitates-projekts\/","og_locale":"lv_LV","og_type":"article","og_title":"R\u016bpn\u012bc\u0101 Furniers \u012bstenots energoefektivit\u0101tes projekts","og_description":"Saspiest\u0101 gaisa moderniz\u0101cija r\u016bpn\u012bc\u0101 Furniers. Pateicoties projektam, ik gadu tiek ietaup\u012btas 260 MWh elektroener\u0123ijas un samazin\u0101ts ener\u0123ijas pat\u0113ri\u0146\u0161.","og_url":"https:\/\/www.finieris.com\/lv\/produkti-un-pakalpojumi\/petnieciba-un-attistiba\/es-atbalsta-projekti\/rupnica-furniers-istenots-energoefektivitates-projekts\/","og_site_name":"Latvijas Finieris","article_publisher":"https:\/\/www.facebook.com\/Finieris\/","article_modified_time":"2024-06-21T07:42:21+00:00","twitter_card":"summary_large_image","twitter_misc":{"Est. reading time":"1 minute"},"schema":{"@context":"https:\/\/schema.org","@graph":[{"@type":"WebPage","@id":"https:\/\/www.finieris.com\/lv\/produkti-un-pakalpojumi\/petnieciba-un-attistiba\/es-atbalsta-projekti\/rupnica-furniers-istenots-energoefektivitates-projekts\/","url":"https:\/\/www.finieris.com\/lv\/produkti-un-pakalpojumi\/petnieciba-un-attistiba\/es-atbalsta-projekti\/rupnica-furniers-istenots-energoefektivitates-projekts\/","name":"R\u016bpn\u012bc\u0101 Furniers \u012bstenots energoefektivit\u0101tes projekts - Latvijas Finieris","isPartOf":{"@id":"https:\/\/www.finieris.com\/lv\/#website"},"datePublished":"2021-10-22T09:55:00+00:00","dateModified":"2024-06-21T07:42:21+00:00","description":"Saspiest\u0101 gaisa moderniz\u0101cija r\u016bpn\u012bc\u0101 Furniers. Pateicoties projektam, ik gadu tiek ietaup\u012btas 260 MWh elektroener\u0123ijas un samazin\u0101ts ener\u0123ijas pat\u0113ri\u0146\u0161.","breadcrumb":{"@id":"https:\/\/www.finieris.com\/lv\/produkti-un-pakalpojumi\/petnieciba-un-attistiba\/es-atbalsta-projekti\/rupnica-furniers-istenots-energoefektivitates-projekts\/#breadcrumb"},"inLanguage":"lv-LV","potentialAction":[{"@type":"ReadAction","target":["https:\/\/www.finieris.com\/lv\/produkti-un-pakalpojumi\/petnieciba-un-attistiba\/es-atbalsta-projekti\/rupnica-furniers-istenots-energoefektivitates-projekts\/"]}]},{"@type":"BreadcrumbList","@id":"https:\/\/www.finieris.com\/lv\/produkti-un-pakalpojumi\/petnieciba-un-attistiba\/es-atbalsta-projekti\/rupnica-furniers-istenots-energoefektivitates-projekts\/#breadcrumb","itemListElement":[{"@type":"ListItem","position":1,"name":"Home","item":"https:\/\/www.finieris.com\/lv\/"},{"@type":"ListItem","position":2,"name":"Produkti un pakalpojumi","item":"https:\/\/www.finieris.com\/lv\/produkti-un-pakalpojumi\/"},{"@type":"ListItem","position":3,"name":"P\u0113tniec\u012bba un att\u012bst\u012bba","item":"https:\/\/www.finieris.com\/lv\/produkti-un-pakalpojumi\/petnieciba-un-attistiba\/"},{"@type":"ListItem","position":4,"name":"ES atbalsta projekti","item":"https:\/\/www.finieris.com\/lv\/produkti-un-pakalpojumi\/petnieciba-un-attistiba\/es-atbalsta-projekti\/"},{"@type":"ListItem","position":5,"name":"R\u016bpn\u012bc\u0101 Furniers \u012bstenots energoefektivit\u0101tes projekts"}]},{"@type":"WebSite","@id":"https:\/\/www.finieris.com\/lv\/#website","url":"https:\/\/www.finieris.com\/lv\/","name":"Latvijas Finieris","description":"Leading the way in sustainable forestry","publisher":{"@id":"https:\/\/www.finieris.com\/lv\/#organization"},"potentialAction":[{"@type":"SearchAction","target":{"@type":"EntryPoint","urlTemplate":"https:\/\/www.finieris.com\/lv\/?s={search_term_string}"},"query-input":{"@type":"PropertyValueSpecification","valueRequired":true,"valueName":"search_term_string"}}],"inLanguage":"lv-LV"},{"@type":"Organization","@id":"https:\/\/www.finieris.com\/lv\/#organization","name":"Latvijas Finieris","alternateName":"Riga Wood","url":"https:\/\/www.finieris.com\/lv\/","logo":{"@type":"ImageObject","inLanguage":"lv-LV","@id":"https:\/\/www.finieris.com\/lv\/#\/schema\/logo\/image\/","url":"https:\/\/www.finieris.com\/wp-content\/uploads\/2023\/08\/finieris-logo.svg","contentUrl":"https:\/\/www.finieris.com\/wp-content\/uploads\/2023\/08\/finieris-logo.svg","width":1,"height":1,"caption":"Latvijas Finieris"},"image":{"@id":"https:\/\/www.finieris.com\/lv\/#\/schema\/logo\/image\/"},"sameAs":["https:\/\/www.facebook.com\/Finieris\/","https:\/\/lv.linkedin.com\/company\/latvijas-finieris","https:\/\/www.youtube.com\/c\/LatvijasFinierisAS"]}]}},"_links":{"self":[{"href":"https:\/\/www.finieris.com\/lv\/wp-json\/wp\/v2\/pages\/8853","targetHints":{"allow":["GET"]}}],"collection":[{"href":"https:\/\/www.finieris.com\/lv\/wp-json\/wp\/v2\/pages"}],"about":[{"href":"https:\/\/www.finieris.com\/lv\/wp-json\/wp\/v2\/types\/page"}],"author":[{"embeddable":true,"href":"https:\/\/www.finieris.com\/lv\/wp-json\/wp\/v2\/users\/1"}],"replies":[{"embeddable":true,"href":"https:\/\/www.finieris.com\/lv\/wp-json\/wp\/v2\/comments?post=8853"}],"version-history":[{"count":2,"href":"https:\/\/www.finieris.com\/lv\/wp-json\/wp\/v2\/pages\/8853\/revisions"}],"predecessor-version":[{"id":10228,"href":"https:\/\/www.finieris.com\/lv\/wp-json\/wp\/v2\/pages\/8853\/revisions\/10228"}],"up":[{"embeddable":true,"href":"https:\/\/www.finieris.com\/lv\/wp-json\/wp\/v2\/pages\/8840"}],"wp:attachment":[{"href":"https:\/\/www.finieris.com\/lv\/wp-json\/wp\/v2\/media?parent=8853"}],"wp:term":[{"taxonomy":"category","embeddable":true,"href":"https:\/\/www.finieris.com\/lv\/wp-json\/wp\/v2\/categories?post=8853"}],"curies":[{"name":"wp","href":"https:\/\/api.w.org\/{rel}","templated":true}]}}