{"id":8850,"date":"2021-11-10T12:52:00","date_gmt":"2021-11-10T10:52:00","guid":{"rendered":"https:\/\/www.finieris.com\/?page_id=8850"},"modified":"2024-06-21T10:41:00","modified_gmt":"2024-06-21T07:41:00","slug":"nosledzies-erasmus-sector-skills-alliances-projekts-skills-for-baltic-wood-industry-european-quality-in-vocational-education-and-training-skilled-up","status":"publish","type":"page","link":"https:\/\/www.finieris.com\/lv\/produkti-un-pakalpojumi\/petnieciba-un-attistiba\/es-atbalsta-projekti\/nosledzies-erasmus-sector-skills-alliances-projekts-skills-for-baltic-wood-industry-european-quality-in-vocational-education-and-training-skilled-up\/","title":{"rendered":"Nosl\u0113dzies Erasmus+ Sector Skills Alliances projekts \u201cSkills for Baltic Wood industry \u2013 European Quality in Vocational Education and Training\u201d\/Skilled-Up \u201c"},"content":{"rendered":"<section id=\"written-content-block_d349368062116e952a99c6febc5963e2\" class=\"block written-content bg-white pt-sm\"\n    >\n        <div class=\"container\" data-aos=\"fade-up\" data-aos-once=\"true\" data-aos-duration=\"500\">\n        <div class=\"row\">\n                        <div class=\"col col-md-9\">\n                <h3>Nosl\u0113dzies Erasmus+ Sector Skills Alliances projekts \u201cSkills for Baltic Wood industry \u2013 European Quality in Vocational Education and Training\u201d\/Skilled-Up \u201c<\/h3>\n<p><img decoding=\"async\" src=\"https:\/\/www.finieris.lv\/docs\/Untitled-design-20.png\" alt=\"\" width=\"826\" \/><\/p>\n<p>\u0160.g. 31.oktobr\u012b nosl\u0113dzies Erasmus+ Sector Skills Alliances projekts \u201cSkills for Baltic Wood industry \u2013 European Quality in Vocational Education and Training\u201d\/ Skilled-Up \u201c, kura ietvaros izstr\u0101d\u0101ta darba vid\u0113 balst\u012btu (DVB) 1. l\u012bme\u0146a augst\u0101k\u0101s izgl\u012bt\u012bbas programma, pielietojot ES kvalit\u0101tes nodro\u0161in\u0101\u0161anas instrumentus (EQF, ECVET, EQAVET) \u201cRa\u017eo\u0161anas vad\u012bba kokapstr\u0101d\u0113\u201d un t\u0101s apguve pilotprojekta ietvaros \u012bstenota vis\u0101s 3 Baltijas valst\u012bs, katr\u0101 no valst\u012bm apm\u0101cot un studiju programmu piln\u012bb\u0101 apg\u016bstot pa vienai studentu grupai.<\/p>\n<p>Lai apkopotu projekta ietvaros paveikto, dal\u012btos projekta un studiju programmas \u012bsteno\u0161anas pieredz\u0113 projekta partneru un partnervalstu iesaist\u012bto instit\u016bciju starp\u0101, 16.09.2021. norisin\u0101j\u0101s \u201cSkilled \u2013 Up\u201d projekta \u201cNosl\u0113guma konference\u201d R\u012bg\u0101, \u201cPullman Hotel R\u012bga\u201d un online V\u0101cijas AHK (Baltic Chamber of Commerce) Youtube kan\u0101l\u0101.<\/p>\n<p>Konferences ietvaros dal\u012bbnieki var\u0113ja sekot l\u012bdzi prezent\u0101cij\u0101m par profesion\u0101l\u0101s izgl\u012bt\u012bbas internacionaliz\u0101ciju, 5 EQF l\u012bme\u0146a programmas izstr\u0101di Eirop\u0101 un Baltijas valst\u012bs, un \u201cSkilled \u2013 Up\u201d projekta rezult\u0101tiem. V\u0113l\u0101k iesaist\u012bt\u0101s puses diskut\u0113ja par l\u012bdz\u012bgu projektu izstr\u0101des iesp\u0113j\u0101m cit\u0101s industrij\u0101s un parakst\u012bja \u201cap\u0146em\u0161anos\u201d par sadarb\u012bbu n\u0101kotn\u0113.<\/p>\n<p><img decoding=\"async\" class=\"aligncenter\" src=\"https:\/\/www.finieris.lv\/docs\/skilledup.JPG\" alt=\"\" width=\"800\" \/><\/p>\n<p>Paldies run\u0101t\u0101jiem &#8211; Florian Schr\u00f6der (AHK), David Johnsson (European Confederation of Woodworking Industries\/ CEI-Bois), Alexander Hochradel (German Federal Ministry of Educationa dn Research), Rita Kask (Ministry of Education and Research of the Republic of Estonia), Dr. Agne Kudarauskiene (Ministry of Education, Science, and Sport of the Republic of Lithuania), R\u016bta Gintaute Marihina (Ministry of Education and Science of the Republic of Latvia), Eugenija Novicki-Bittner (AHK), Art\u016brs Bukonts (Latvian Association of Wood processing Entrepreneurs and Export (LKUEA)), Dr. Giedrius Gecevi\u010dius and Viktorija Gudauskaite (Kaunas University of Applied Sciences), Tomas Interesovas (\u201cTheca Furniture\u201d UAB), Giedrius Pilkis (Association of Wood Producers and Exporters of West Lithuania) and Peter H\u00f6rr (Lehrinstitut Rosenheim e.V.) !<\/p>\n<p>Prezent\u0101cijas ir pieejamas sekojo\u0161\u0101s vietn\u0113s:<\/p>\n<p>1.\u00a0 David Johnsson:\u00a0<a href=\"https:\/\/1f54d014-a221-4a12-95c8-6088e5431596.filesusr.com\/ugd\/b8d6b9_5ae77d7ea7dc4a908d90e4032dea75e5.pdf\">Overview of the European Woodworking Industry:employment, challenges and opportunities<\/a><br \/>\n2.\u00a0 Rita Kask:\u00a0<a href=\"https:\/\/1f54d014-a221-4a12-95c8-6088e5431596.filesusr.com\/ugd\/b8d6b9_452add5ebb5d4ccabd226a81c38cb024.pdf\">5th level VET in Estonia<\/a><br \/>\n3.\u00a0 R\u016bta Gintaute Marihina:\u00a0<a href=\"https:\/\/1f54d014-a221-4a12-95c8-6088e5431596.filesusr.com\/ugd\/b8d6b9_54cf81d09faa419e8ad4a90e09201cb7.pdf\">Current situation in VET, level EQF 5 in Latvia<\/a><br \/>\n4.\u00a0 Dr. Agne Kudrauskiene:\u00a0<a href=\"https:\/\/1f54d014-a221-4a12-95c8-6088e5431596.filesusr.com\/ugd\/b8d6b9_fb5ead9849d041de92631af46329045e.pdf\">EQF\/LTQF Qualifications in Lithuania<\/a><br \/>\n5.\u00a0 Eugenija Novicki-Bittner:\u00a0<a href=\"https:\/\/1f54d014-a221-4a12-95c8-6088e5431596.filesusr.com\/ugd\/b8d6b9_bf419091152546a4b89687b8a1f32cc6.pdf\">Erasmus+ Project \u201cSkilled-Up\u201d<\/a><br \/>\n6.\u00a0 Astrid Org:\u00a0<a href=\"https:\/\/1f54d014-a221-4a12-95c8-6088e5431596.filesusr.com\/ugd\/b8d6b9_447f76e6e6b84ea28d38be65020801f8.pdf\">\u201cSkilled-Up\u201d\u00a0project in Estonia\u00a0<\/a>(+\u00a0Video)<br \/>\n7.\u00a0 Art\u016brs Bukots:<a href=\"https:\/\/1f54d014-a221-4a12-95c8-6088e5431596.filesusr.com\/ugd\/b8d6b9_23518274d30446fabe528cc62a63009a.docx?dn=16_9_2021_Arturs%20Bukonts.docx\">\u00a0\u201cSkilled-Up\u201d project experience in Latvia<\/a><br \/>\n8.\u00a0 Dr. Giedrius Gecevi\u010dius, Viktorija Gudauskaite, Tomas Interesovas:\u00a0<a href=\"https:\/\/1f54d014-a221-4a12-95c8-6088e5431596.filesusr.com\/ugd\/b8d6b9_cf47891072a1427a9814944d37c7b5f2.pdf\">Short-cycle higher education as a part of industry development<\/a><br \/>\n9.\u00a0 Peter H\u00f6rr:\u00a0<a href=\"https:\/\/1f54d014-a221-4a12-95c8-6088e5431596.filesusr.com\/ugd\/b8d6b9_94d5a5ea8e0a40b0a5b496d964a3255a.pdf\">Further education for technical jobs in Germany<\/a><\/p>\n<p>Konferences video ieraksts pieejams sekojo\u0161\u0101 vietn\u0113:\u00a0<a href=\"https:\/\/www.youtube.com\/watch?v=0WtbTkNz5_Q\">https:\/\/www.youtube.com\/watch?v=0WtbTkNz5_Q<\/a><\/p>\n<p>Projekta ietvaros 17.09.2021 nosl\u0113gu\u0161\u0101s programmas \u201cRa\u017eo\u0161anas vad\u012bba kokapstr\u0101d\u0113\u201d studijas ar\u012b \u201cLatvijas\u201d programmas studentiem ar veiksm\u012bgu studiju darbu prezent\u0113\u0161anu un aizst\u0101v\u0113\u0161anu par da\u017e\u0101d\u0101m kokapstr\u0101des nozares t\u0113m\u0101m:<\/p>\n<p>&#8211; \u201cApa\u013ckoksnes pieg\u0101des automatiz\u0101cija z\u0101\u0123im un fas\u0113\u0161anas serviss aiz t\u0101\u201d<br \/>\n&#8211; \u201cStandarta m\u0113be\u013cu kataloga palai\u0161ana\u201d<br \/>\n&#8211; \u201cPal\u012bgstr\u0101dnieku apm\u0101c\u012bbas pamati un video materi\u0101lu ievie\u0161ana apm\u0101c\u012bbu proces\u0101 uz\u0146\u0113mum\u0101 &#8220;Troja&#8221;\u201d<br \/>\n&#8211; \u201cIek\u0161\u0113j\u0101s sist\u0113mas izstr\u0101de SIA &#8220;Marko KEA&#8221;, lai apvienotu un optimiz\u0113tu ra\u017eo\u0161anas, p\u0101rdo\u0161anas, lo\u0123istikas un iepirkumu darbus\u201d<br \/>\n&#8211; \u201cIepako\u0161anas darba vietas izp\u0113te un optimiz\u0101cija\u201d<br \/>\n&#8211; \u201cAtjaunin\u0101t un p\u0101rskat\u012bt vadl\u012bnijas publisk\u0101 iepirkuma pakalpojumu sniedz\u0113jiem (m\u0113be\u013cu iepirkums)\u201d<br \/>\n&#8211; \u201cPerson\u0101la vad\u012bba SIA &#8220;ZAZA Timber&#8221;<br \/>\n&#8211; \u201cBasecamp\u201d mode\u013ca ra\u017eo\u0161anas apjoma un efektivit\u0101tes uzlabo\u0161ana\u201d<br \/>\n&#8211; \u201cRa\u017eo\u0161anas iek\u0101rtu apkopes sist\u0113mas izstr\u0101de SIA &#8220;ZAZA Timber&#8221;\u201d<\/p>\n<p>Apsveicam visus programmas dal\u012bbniekus (starp tiem: Ingus Freibergs no \u201cFurniers\u201d un Mihails Bociks no \u201cHapaks\u201d, k\u0101 ar\u012b Kristaps Liepi\u0146\u0161 un Vadims Birskis no SIA \u201cTroja\u201d). V\u0113lam visu to lab\u0101ko, pielietojot ieg\u016bt\u0101s profesion\u0101l\u0101s zin\u0101\u0161anas turpm\u0101kaj\u0101 profesion\u0101laj\u0101 darb\u012bb\u0101!<\/p>\n<p>Vair\u0101k par projektu:\u00a0<a href=\"https:\/\/www.skilled-up.eu\/\">https:\/\/www.skilled-up.eu\/<\/a><\/p>\n<p><img decoding=\"async\" class=\"alignleft\" src=\"https:\/\/www.finieris.lv\/docs\/Disclaimer.JPG\" width=\"632\" height=\"61\" \/><\/p>\n            <\/div>\n        <\/div>\n    <\/div>\n    <\/section>\n","protected":false},"excerpt":{"rendered":"","protected":false},"author":1,"featured_media":0,"parent":8840,"menu_order":0,"comment_status":"closed","ping_status":"closed","template":"","meta":{"_acf_changed":false,"footnotes":""},"categories":[1],"class_list":["post-8850","page","type-page","status-publish","hentry","category-visi-jaunumi"],"acf":[],"yoast_head":"<!-- This site is optimized with the Yoast SEO Premium plugin v27.2 (Yoast SEO v27.2) - https:\/\/yoast.com\/product\/yoast-seo-premium-wordpress\/ -->\n<title>Nosl\u0113dzies Erasmus+ Sector Skills Alliances projekts \u201cSkills for Baltic Wood industry \u2013 European Quality in Vocational Education and Training\u201d\/Skilled-Up \u201c - Latvijas Finieris<\/title>\n<meta name=\"description\" content=\"Iepaz\u012bstieties ar Erasmus+ Sector Skills Alliances projekta \u201cSkills for Baltic Wood industry \u2013 European Quality in Vocational Education and Training\u201d rezult\u0101tiem un studiju programmas pielieto\u0161anu Baltijas valst\u012bs.\" \/>\n<meta name=\"robots\" content=\"index, follow, max-snippet:-1, max-image-preview:large, max-video-preview:-1\" \/>\n<link rel=\"canonical\" href=\"https:\/\/www.finieris.com\/lv\/produkti-un-pakalpojumi\/petnieciba-un-attistiba\/es-atbalsta-projekti\/nosledzies-erasmus-sector-skills-alliances-projekts-skills-for-baltic-wood-industry-european-quality-in-vocational-education-and-training-skilled-up\/\" \/>\n<meta property=\"og:locale\" content=\"lv_LV\" \/>\n<meta property=\"og:type\" content=\"article\" \/>\n<meta property=\"og:title\" content=\"Nosl\u0113dzies Erasmus+ Sector Skills Alliances projekts \u201cSkills for Baltic Wood industry \u2013 European Quality in Vocational Education and Training\u201d\/Skilled-Up \u201c\" \/>\n<meta property=\"og:description\" content=\"Iepaz\u012bstieties ar Erasmus+ Sector Skills Alliances projekta \u201cSkills for Baltic Wood industry \u2013 European Quality in Vocational Education and Training\u201d rezult\u0101tiem un studiju programmas pielieto\u0161anu Baltijas valst\u012bs.\" \/>\n<meta property=\"og:url\" content=\"https:\/\/www.finieris.com\/lv\/produkti-un-pakalpojumi\/petnieciba-un-attistiba\/es-atbalsta-projekti\/nosledzies-erasmus-sector-skills-alliances-projekts-skills-for-baltic-wood-industry-european-quality-in-vocational-education-and-training-skilled-up\/\" \/>\n<meta property=\"og:site_name\" content=\"Latvijas Finieris\" \/>\n<meta property=\"article:publisher\" content=\"https:\/\/www.facebook.com\/Finieris\/\" \/>\n<meta property=\"article:modified_time\" content=\"2024-06-21T07:41:00+00:00\" \/>\n<meta name=\"twitter:card\" content=\"summary_large_image\" \/>\n<meta name=\"twitter:label1\" content=\"Est. reading time\" \/>\n\t<meta name=\"twitter:data1\" content=\"3 minutes\" \/>\n<script type=\"application\/ld+json\" class=\"yoast-schema-graph\">{\"@context\":\"https:\/\/schema.org\",\"@graph\":[{\"@type\":\"WebPage\",\"@id\":\"https:\/\/www.finieris.com\/lv\/produkti-un-pakalpojumi\/petnieciba-un-attistiba\/es-atbalsta-projekti\/nosledzies-erasmus-sector-skills-alliances-projekts-skills-for-baltic-wood-industry-european-quality-in-vocational-education-and-training-skilled-up\/\",\"url\":\"https:\/\/www.finieris.com\/lv\/produkti-un-pakalpojumi\/petnieciba-un-attistiba\/es-atbalsta-projekti\/nosledzies-erasmus-sector-skills-alliances-projekts-skills-for-baltic-wood-industry-european-quality-in-vocational-education-and-training-skilled-up\/\",\"name\":\"Nosl\u0113dzies Erasmus+ Sector Skills Alliances projekts \u201cSkills for Baltic Wood industry \u2013 European Quality in Vocational Education and Training\u201d\/Skilled-Up \u201c - Latvijas Finieris\",\"isPartOf\":{\"@id\":\"https:\/\/www.finieris.com\/lv\/#website\"},\"datePublished\":\"2021-11-10T10:52:00+00:00\",\"dateModified\":\"2024-06-21T07:41:00+00:00\",\"description\":\"Iepaz\u012bstieties ar Erasmus+ Sector Skills Alliances projekta \u201cSkills for Baltic Wood industry \u2013 European Quality in Vocational Education and Training\u201d rezult\u0101tiem un studiju programmas pielieto\u0161anu Baltijas valst\u012bs.\",\"breadcrumb\":{\"@id\":\"https:\/\/www.finieris.com\/lv\/produkti-un-pakalpojumi\/petnieciba-un-attistiba\/es-atbalsta-projekti\/nosledzies-erasmus-sector-skills-alliances-projekts-skills-for-baltic-wood-industry-european-quality-in-vocational-education-and-training-skilled-up\/#breadcrumb\"},\"inLanguage\":\"lv-LV\",\"potentialAction\":[{\"@type\":\"ReadAction\",\"target\":[\"https:\/\/www.finieris.com\/lv\/produkti-un-pakalpojumi\/petnieciba-un-attistiba\/es-atbalsta-projekti\/nosledzies-erasmus-sector-skills-alliances-projekts-skills-for-baltic-wood-industry-european-quality-in-vocational-education-and-training-skilled-up\/\"]}]},{\"@type\":\"BreadcrumbList\",\"@id\":\"https:\/\/www.finieris.com\/lv\/produkti-un-pakalpojumi\/petnieciba-un-attistiba\/es-atbalsta-projekti\/nosledzies-erasmus-sector-skills-alliances-projekts-skills-for-baltic-wood-industry-european-quality-in-vocational-education-and-training-skilled-up\/#breadcrumb\",\"itemListElement\":[{\"@type\":\"ListItem\",\"position\":1,\"name\":\"Home\",\"item\":\"https:\/\/www.finieris.com\/lv\/\"},{\"@type\":\"ListItem\",\"position\":2,\"name\":\"Produkti un pakalpojumi\",\"item\":\"https:\/\/www.finieris.com\/lv\/produkti-un-pakalpojumi\/\"},{\"@type\":\"ListItem\",\"position\":3,\"name\":\"P\u0113tniec\u012bba un att\u012bst\u012bba\",\"item\":\"https:\/\/www.finieris.com\/lv\/produkti-un-pakalpojumi\/petnieciba-un-attistiba\/\"},{\"@type\":\"ListItem\",\"position\":4,\"name\":\"ES atbalsta projekti\",\"item\":\"https:\/\/www.finieris.com\/lv\/produkti-un-pakalpojumi\/petnieciba-un-attistiba\/es-atbalsta-projekti\/\"},{\"@type\":\"ListItem\",\"position\":5,\"name\":\"Nosl\u0113dzies Erasmus+ Sector Skills Alliances projekts \u201cSkills for Baltic Wood industry \u2013 European Quality in Vocational Education and Training\u201d\/Skilled-Up \u201c\"}]},{\"@type\":\"WebSite\",\"@id\":\"https:\/\/www.finieris.com\/lv\/#website\",\"url\":\"https:\/\/www.finieris.com\/lv\/\",\"name\":\"Latvijas Finieris\",\"description\":\"Leading the way in sustainable forestry\",\"publisher\":{\"@id\":\"https:\/\/www.finieris.com\/lv\/#organization\"},\"potentialAction\":[{\"@type\":\"SearchAction\",\"target\":{\"@type\":\"EntryPoint\",\"urlTemplate\":\"https:\/\/www.finieris.com\/lv\/?s={search_term_string}\"},\"query-input\":{\"@type\":\"PropertyValueSpecification\",\"valueRequired\":true,\"valueName\":\"search_term_string\"}}],\"inLanguage\":\"lv-LV\"},{\"@type\":\"Organization\",\"@id\":\"https:\/\/www.finieris.com\/lv\/#organization\",\"name\":\"Latvijas Finieris\",\"alternateName\":\"Riga Wood\",\"url\":\"https:\/\/www.finieris.com\/lv\/\",\"logo\":{\"@type\":\"ImageObject\",\"inLanguage\":\"lv-LV\",\"@id\":\"https:\/\/www.finieris.com\/lv\/#\/schema\/logo\/image\/\",\"url\":\"https:\/\/www.finieris.com\/wp-content\/uploads\/2023\/08\/finieris-logo.svg\",\"contentUrl\":\"https:\/\/www.finieris.com\/wp-content\/uploads\/2023\/08\/finieris-logo.svg\",\"width\":1,\"height\":1,\"caption\":\"Latvijas Finieris\"},\"image\":{\"@id\":\"https:\/\/www.finieris.com\/lv\/#\/schema\/logo\/image\/\"},\"sameAs\":[\"https:\/\/www.facebook.com\/Finieris\/\",\"https:\/\/lv.linkedin.com\/company\/latvijas-finieris\",\"https:\/\/www.youtube.com\/c\/LatvijasFinierisAS\"]}]}<\/script>\n<!-- \/ Yoast SEO Premium plugin. -->","yoast_head_json":{"title":"Nosl\u0113dzies Erasmus+ Sector Skills Alliances projekts \u201cSkills for Baltic Wood industry \u2013 European Quality in Vocational Education and Training\u201d\/Skilled-Up \u201c - Latvijas Finieris","description":"Iepaz\u012bstieties ar Erasmus+ Sector Skills Alliances projekta \u201cSkills for Baltic Wood industry \u2013 European Quality in Vocational Education and Training\u201d rezult\u0101tiem un studiju programmas pielieto\u0161anu Baltijas valst\u012bs.","robots":{"index":"index","follow":"follow","max-snippet":"max-snippet:-1","max-image-preview":"max-image-preview:large","max-video-preview":"max-video-preview:-1"},"canonical":"https:\/\/www.finieris.com\/lv\/produkti-un-pakalpojumi\/petnieciba-un-attistiba\/es-atbalsta-projekti\/nosledzies-erasmus-sector-skills-alliances-projekts-skills-for-baltic-wood-industry-european-quality-in-vocational-education-and-training-skilled-up\/","og_locale":"lv_LV","og_type":"article","og_title":"Nosl\u0113dzies Erasmus+ Sector Skills Alliances projekts \u201cSkills for Baltic Wood industry \u2013 European Quality in Vocational Education and Training\u201d\/Skilled-Up \u201c","og_description":"Iepaz\u012bstieties ar Erasmus+ Sector Skills Alliances projekta \u201cSkills for Baltic Wood industry \u2013 European Quality in Vocational Education and Training\u201d rezult\u0101tiem un studiju programmas pielieto\u0161anu Baltijas valst\u012bs.","og_url":"https:\/\/www.finieris.com\/lv\/produkti-un-pakalpojumi\/petnieciba-un-attistiba\/es-atbalsta-projekti\/nosledzies-erasmus-sector-skills-alliances-projekts-skills-for-baltic-wood-industry-european-quality-in-vocational-education-and-training-skilled-up\/","og_site_name":"Latvijas Finieris","article_publisher":"https:\/\/www.facebook.com\/Finieris\/","article_modified_time":"2024-06-21T07:41:00+00:00","twitter_card":"summary_large_image","twitter_misc":{"Est. reading time":"3 minutes"},"schema":{"@context":"https:\/\/schema.org","@graph":[{"@type":"WebPage","@id":"https:\/\/www.finieris.com\/lv\/produkti-un-pakalpojumi\/petnieciba-un-attistiba\/es-atbalsta-projekti\/nosledzies-erasmus-sector-skills-alliances-projekts-skills-for-baltic-wood-industry-european-quality-in-vocational-education-and-training-skilled-up\/","url":"https:\/\/www.finieris.com\/lv\/produkti-un-pakalpojumi\/petnieciba-un-attistiba\/es-atbalsta-projekti\/nosledzies-erasmus-sector-skills-alliances-projekts-skills-for-baltic-wood-industry-european-quality-in-vocational-education-and-training-skilled-up\/","name":"Nosl\u0113dzies Erasmus+ Sector Skills Alliances projekts \u201cSkills for Baltic Wood industry \u2013 European Quality in Vocational Education and Training\u201d\/Skilled-Up \u201c - Latvijas Finieris","isPartOf":{"@id":"https:\/\/www.finieris.com\/lv\/#website"},"datePublished":"2021-11-10T10:52:00+00:00","dateModified":"2024-06-21T07:41:00+00:00","description":"Iepaz\u012bstieties ar Erasmus+ Sector Skills Alliances projekta \u201cSkills for Baltic Wood industry \u2013 European Quality in Vocational Education and Training\u201d rezult\u0101tiem un studiju programmas pielieto\u0161anu Baltijas valst\u012bs.","breadcrumb":{"@id":"https:\/\/www.finieris.com\/lv\/produkti-un-pakalpojumi\/petnieciba-un-attistiba\/es-atbalsta-projekti\/nosledzies-erasmus-sector-skills-alliances-projekts-skills-for-baltic-wood-industry-european-quality-in-vocational-education-and-training-skilled-up\/#breadcrumb"},"inLanguage":"lv-LV","potentialAction":[{"@type":"ReadAction","target":["https:\/\/www.finieris.com\/lv\/produkti-un-pakalpojumi\/petnieciba-un-attistiba\/es-atbalsta-projekti\/nosledzies-erasmus-sector-skills-alliances-projekts-skills-for-baltic-wood-industry-european-quality-in-vocational-education-and-training-skilled-up\/"]}]},{"@type":"BreadcrumbList","@id":"https:\/\/www.finieris.com\/lv\/produkti-un-pakalpojumi\/petnieciba-un-attistiba\/es-atbalsta-projekti\/nosledzies-erasmus-sector-skills-alliances-projekts-skills-for-baltic-wood-industry-european-quality-in-vocational-education-and-training-skilled-up\/#breadcrumb","itemListElement":[{"@type":"ListItem","position":1,"name":"Home","item":"https:\/\/www.finieris.com\/lv\/"},{"@type":"ListItem","position":2,"name":"Produkti un pakalpojumi","item":"https:\/\/www.finieris.com\/lv\/produkti-un-pakalpojumi\/"},{"@type":"ListItem","position":3,"name":"P\u0113tniec\u012bba un att\u012bst\u012bba","item":"https:\/\/www.finieris.com\/lv\/produkti-un-pakalpojumi\/petnieciba-un-attistiba\/"},{"@type":"ListItem","position":4,"name":"ES atbalsta projekti","item":"https:\/\/www.finieris.com\/lv\/produkti-un-pakalpojumi\/petnieciba-un-attistiba\/es-atbalsta-projekti\/"},{"@type":"ListItem","position":5,"name":"Nosl\u0113dzies Erasmus+ Sector Skills Alliances projekts \u201cSkills for Baltic Wood industry \u2013 European Quality in Vocational Education and Training\u201d\/Skilled-Up \u201c"}]},{"@type":"WebSite","@id":"https:\/\/www.finieris.com\/lv\/#website","url":"https:\/\/www.finieris.com\/lv\/","name":"Latvijas Finieris","description":"Leading the way in sustainable forestry","publisher":{"@id":"https:\/\/www.finieris.com\/lv\/#organization"},"potentialAction":[{"@type":"SearchAction","target":{"@type":"EntryPoint","urlTemplate":"https:\/\/www.finieris.com\/lv\/?s={search_term_string}"},"query-input":{"@type":"PropertyValueSpecification","valueRequired":true,"valueName":"search_term_string"}}],"inLanguage":"lv-LV"},{"@type":"Organization","@id":"https:\/\/www.finieris.com\/lv\/#organization","name":"Latvijas Finieris","alternateName":"Riga Wood","url":"https:\/\/www.finieris.com\/lv\/","logo":{"@type":"ImageObject","inLanguage":"lv-LV","@id":"https:\/\/www.finieris.com\/lv\/#\/schema\/logo\/image\/","url":"https:\/\/www.finieris.com\/wp-content\/uploads\/2023\/08\/finieris-logo.svg","contentUrl":"https:\/\/www.finieris.com\/wp-content\/uploads\/2023\/08\/finieris-logo.svg","width":1,"height":1,"caption":"Latvijas Finieris"},"image":{"@id":"https:\/\/www.finieris.com\/lv\/#\/schema\/logo\/image\/"},"sameAs":["https:\/\/www.facebook.com\/Finieris\/","https:\/\/lv.linkedin.com\/company\/latvijas-finieris","https:\/\/www.youtube.com\/c\/LatvijasFinierisAS"]}]}},"_links":{"self":[{"href":"https:\/\/www.finieris.com\/lv\/wp-json\/wp\/v2\/pages\/8850","targetHints":{"allow":["GET"]}}],"collection":[{"href":"https:\/\/www.finieris.com\/lv\/wp-json\/wp\/v2\/pages"}],"about":[{"href":"https:\/\/www.finieris.com\/lv\/wp-json\/wp\/v2\/types\/page"}],"author":[{"embeddable":true,"href":"https:\/\/www.finieris.com\/lv\/wp-json\/wp\/v2\/users\/1"}],"replies":[{"embeddable":true,"href":"https:\/\/www.finieris.com\/lv\/wp-json\/wp\/v2\/comments?post=8850"}],"version-history":[{"count":3,"href":"https:\/\/www.finieris.com\/lv\/wp-json\/wp\/v2\/pages\/8850\/revisions"}],"predecessor-version":[{"id":10225,"href":"https:\/\/www.finieris.com\/lv\/wp-json\/wp\/v2\/pages\/8850\/revisions\/10225"}],"up":[{"embeddable":true,"href":"https:\/\/www.finieris.com\/lv\/wp-json\/wp\/v2\/pages\/8840"}],"wp:attachment":[{"href":"https:\/\/www.finieris.com\/lv\/wp-json\/wp\/v2\/media?parent=8850"}],"wp:term":[{"taxonomy":"category","embeddable":true,"href":"https:\/\/www.finieris.com\/lv\/wp-json\/wp\/v2\/categories?post=8850"}],"curies":[{"name":"wp","href":"https:\/\/api.w.org\/{rel}","templated":true}]}}