{"id":8465,"date":"2024-05-29T16:03:37","date_gmt":"2024-05-29T13:03:37","guid":{"rendered":"https:\/\/www.finieris.com\/?page_id=8465"},"modified":"2024-07-02T12:36:39","modified_gmt":"2024-07-02T09:36:39","slug":"riga-ply-akzonobel-pinotex-wood-paint-extreme","status":"publish","type":"page","link":"https:\/\/www.finieris.com\/lv\/produkti-un-pakalpojumi\/petnieciba-un-attistiba\/bolderajas-projekts\/riga-ply\/riga-ply-akzonobel-pinotex-wood-paint-extreme\/","title":{"rendered":"Riga Ply AkzoNobel Pinotex Wood Paint Extreme"},"content":{"rendered":"<section id=\"written-content-block_a9b2bdcfd27e9a98cd1efe85b6552d46\" class=\"block written-content bg-white pt-sm\"\n    >\n        <div class=\"container\" data-aos=\"fade-up\" data-aos-once=\"true\" data-aos-duration=\"500\">\n        <div class=\"row\">\n                        <div class=\"col col-md-9\">\n                <h1 class=\"small\">Riga Ply AkzoNobel Pinotex Wood Paint Extreme<\/h1>\n<p>Parauga izgatavo\u0161an\u0101 izmantots sapl\u0101ksnis:\u00a0<strong><a href=\"https:\/\/www.finieris.com\/lv\/produkti\/riga-ply\/\">Riga Ply<\/a><\/strong><\/p>\n<div>B\u0113rza sapl\u0101ksnis bez apdares<\/div>\n<div><\/div>\n<hr class=\"small\" \/>\n<p><strong>AkzoNbel Pinotex Wood Paint Extreme<\/strong><\/p>\n<p>3 produkta sist\u0113ma\/ 4 kl\u0101jumi\/ uzkl\u0101ts ar otu<\/p>\n<table class=\"table-alt\">\n<tbody>\n<tr>\n<td>\n<div><strong>Izmantotie produkti<\/strong><\/div>\n<\/td>\n<td>\n<div><strong>Ra\u017eot\u0101ja inform\u0101cija<\/strong><\/div>\n<\/td>\n<td>\n<div><strong>\u017d\u016b\u0161anas laiks<\/strong><\/div>\n<\/td>\n<td>\n<div><strong>Uzkl\u0101\u0161anas tehnolo\u0123ijas<\/strong><\/div>\n<\/td>\n<\/tr>\n<tr>\n<td>\n<div>Pinotex Wood Primer &#8211; 1 k\u0101rta<\/div>\n<\/td>\n<td>\n<div>Uz \u016bdens b\u0101zes veidots bezkr\u0101sains produkts, kas dzi\u013ci ies\u016bcas koksn\u0113, satur akt\u012bv\u0101s vielas koksnes aizsarg\u0101\u0161anai pret zil\u0113jumu un trupi.<\/div>\n<\/td>\n<td>\n<div>Koksnes aizsargl\u012bdzek\u013ca uzkl\u0101\u0161anas un \u017e\u016b\u0161anas laik\u0101 gaisa un virsmas temperat\u016brai j\u0101b\u016bt + 8\u202630\u00b0C (ieteicams + 18 \u00b1 2 \u00b0C), relat\u012bvajam gaisa mitrumam &lt; 80 %. Virsmas kr\u0101so\u0161ana veicama ne \u0101tr\u0101k k\u0101 24 stundas p\u0113c virsmas grunt\u0113\u0161anas.<\/div>\n<\/td>\n<td>\n<div>Lai nodro\u0161in\u0101tu lab\u0101ku koka virsmas aizsardz\u012bbu, ieteicams lietot otu<\/div>\n<\/td>\n<\/tr>\n<tr>\n<td>\n<div>Pinotex Wood Paint Primer &#8211; 1 k\u0101rta<\/div>\n<\/td>\n<td>\n<div>\u016adens b\u0101zes alk\u012bda gruntskr\u0101sa koka virsm\u0101m, satur koksni aizsarg\u0101jo\u0161as akt\u012bv\u0101s vielas. Produkts labi piesaist\u0101s t\u012brai koksnei, t\u0101d\u0113j\u0101di palielinot \u016bden\u012b \u0161\u0137\u012bsto\u0161as segkr\u0101sas iztur\u012bbu uz koka virsmas. Gruntskr\u0101su raksturo laba segtsp\u0113ja, un t\u0101 nodro\u0161ina virsmai efekt\u012bvu aizsardz\u012bbu pret mitrumu. Satur koksni aizsarg\u0101jo\u0161as akt\u012bv\u0101s vielas.<\/div>\n<\/td>\n<td>\n<div>\u017d\u016b\u0161anas laiks + 23\u00b0C un 50 % relat\u012bv\u0101 gaisa mitrum\u0101*: putek\u013cneuz\u0146\u0113m\u012bga p\u0113c 6 h. Var kr\u0101sot p\u0113c 16 stund\u0101m.<\/div>\n<\/td>\n<td>\n<div>Gruntskr\u0101su ieteicams kl\u0101t uz virsmas ar otu vai rull\u012bti koksnes \u0161\u0137iedru virzien\u0101, \u012bpa\u0161i r\u016bp\u012bgi apstr\u0101d\u0101jot ap\u0161uvuma galus<\/div>\n<\/td>\n<\/tr>\n<tr>\n<td>\n<div>Pinotex Wood Paint Extreme &#8211; 2 k\u0101rtas<\/div>\n<\/td>\n<td>\n<div>\u016adens b\u0101zes kr\u0101sa koka fas\u0101d\u0113m uz unik\u0101las pa\u0161att\u012br\u012b\u0161an\u0101s \u201cStay Clean\u201d tehnolo\u0123ijas pamata, elast\u012bga, pret laikapst\u0101k\u013cu iedarb\u012bbu iztur\u012bga kr\u0101sa, akt\u012bv\u0101s vielas kav\u0113 pel\u0113juma izplat\u012b\u0161anos uz virsmas, notur\u012bba l\u012bdz 16 gadiem. Ton\u0113jama pla\u0161\u0101 to\u0146u gamm\u0101.<\/div>\n<\/td>\n<td>\n<div>\u017d\u016b\u0161anas laiks + 23\u00b0C un 50 % relat\u012bv\u0101 gaisa mitrum\u0101*: putek\u013cu sauss p\u0113c 1 h, atk\u0101rtoti kr\u0101sojams p\u0113c 2 h. *Ja temperat\u016bra ir zem\u0101ka un gaisa mitrums liel\u0101ks, \u017e\u016b\u0161anas laiks ir ilg\u0101ks.<\/div>\n<\/td>\n<td>\n<div>Lai nodro\u0161in\u0101tu lab\u0101ku koka virsmas aizsardz\u012bbu, ieteicams lietot otu<\/div>\n<\/td>\n<\/tr>\n<\/tbody>\n<\/table>\n<p>&nbsp;<\/p>\n<p><img decoding=\"async\" src=\"https:\/\/www.finieris.lv\/docs\/Produkti\/aaa\/H2O.png\" alt=\"\" width=\"50\" height=\"50\" \/>\u00a0\u00a0 \u00a0\u00a0<img decoding=\"async\" src=\"https:\/\/www.finieris.lv\/docs\/Produkti\/aaa\/ota.png\" alt=\"\" width=\"50\" height=\"50\" \/>\u00a0 \u00a0 \u00a0<img decoding=\"async\" src=\"https:\/\/www.finieris.lv\/docs\/Produkti\/aaa\/termo.png\" alt=\"\" width=\"50\" height=\"50\" \/><\/p>\n<p>Pla\u0161\u0101ka inform\u0101cija:\u00a0<a href=\"https:\/\/www.pinotex.lv\/\" target=\"_blank\" rel=\"noopener\">www.pinotex.lv<\/a><\/p>\n<hr class=\"small\" \/>\n<p class=\"small\">Pl\u0101t\u0146u nama Gaigalava eksperiment\u0101l\u0101s sienas m\u0113r\u0137is ir veikt ilgtermi\u0146a p\u0113t\u012bjumus.<br \/>\nLatvijas Finieris nedod garantijas min\u0113to materi\u0101lu virsmas notur\u012bbai \u0101ra apst\u0101k\u013cos. Produkcijas gala lietot\u0101js uz\u0146emas atbild\u012bbu par produktu izmanto\u0161anu un ar to saist\u012btiem defektiem, kas var rasties neiev\u0113rojot produkta aprakst\u0101 min\u0113t\u0101s specifik\u0101cijas, sagatavojot un apstr\u0101d\u0101jot virsmu ar min\u0113to produktu, k\u0101 ar\u012b apk\u0101rt\u0113j\u0101s vides ietekm\u0113.<\/p>\n<p class=\"small\">Produkts uzst\u0101d\u012bts 2021.gada\u00a0j\u016bnij\u0101 projekta \u00abSpecifisku un individualiz\u0113tu p\u0101rkl\u0101jumu izstr\u0101de koksnes pl\u0101tn\u0113m\u00bb, kas tiek \u012bstenots SIA \u201cMe\u017ea Nozares Kompetences Centrs\u201d un Centr\u0101l\u0101s finan\u0161u un l\u012bgumu a\u0123ent\u016bras 2019. gada 17. apr\u012bl\u012b nosl\u0113gt\u0101 l\u012bguma Nr. 1.2.1.1\/18\/A\/004 ietvaros.<\/p>\n            <\/div>\n        <\/div>\n    <\/div>\n    <\/section>\n","protected":false},"excerpt":{"rendered":"","protected":false},"author":1,"featured_media":0,"parent":8440,"menu_order":0,"comment_status":"closed","ping_status":"closed","template":"","meta":{"_acf_changed":false,"footnotes":""},"categories":[1],"class_list":["post-8465","page","type-page","status-publish","hentry","category-visi-jaunumi"],"acf":[],"yoast_head":"<!-- This site is optimized with the Yoast SEO Premium plugin v27.2 (Yoast SEO v27.2) - https:\/\/yoast.com\/product\/yoast-seo-premium-wordpress\/ -->\n<title>Riga Ply AkzoNobel Pinotex Wood Paint Extreme - Latvijas Finieris<\/title>\n<meta name=\"description\" content=\"Uzzini vair\u0101k par Riga Ply B\u0113rza sapl\u0101ksni ar AkzoNbel Pinotex Wood Paint Extreme. Atkl\u0101j iesp\u0113jas un priek\u0161roc\u012bbas, ko pied\u0101v\u0101 \u0161\u012b produkta sist\u0113ma.\" \/>\n<meta name=\"robots\" content=\"index, follow, max-snippet:-1, max-image-preview:large, max-video-preview:-1\" \/>\n<link rel=\"canonical\" href=\"https:\/\/www.finieris.com\/lv\/produkti-un-pakalpojumi\/petnieciba-un-attistiba\/bolderajas-projekts\/riga-ply\/riga-ply-akzonobel-pinotex-wood-paint-extreme\/\" \/>\n<meta property=\"og:locale\" content=\"lv_LV\" \/>\n<meta property=\"og:type\" content=\"article\" \/>\n<meta property=\"og:title\" content=\"Riga Ply AkzoNobel Pinotex Wood Paint Extreme\" \/>\n<meta property=\"og:description\" content=\"Uzzini vair\u0101k par Riga Ply B\u0113rza sapl\u0101ksni ar AkzoNbel Pinotex Wood Paint Extreme. Atkl\u0101j iesp\u0113jas un priek\u0161roc\u012bbas, ko pied\u0101v\u0101 \u0161\u012b produkta sist\u0113ma.\" \/>\n<meta property=\"og:url\" content=\"https:\/\/www.finieris.com\/lv\/produkti-un-pakalpojumi\/petnieciba-un-attistiba\/bolderajas-projekts\/riga-ply\/riga-ply-akzonobel-pinotex-wood-paint-extreme\/\" \/>\n<meta property=\"og:site_name\" content=\"Latvijas Finieris\" \/>\n<meta property=\"article:publisher\" content=\"https:\/\/www.facebook.com\/Finieris\/\" \/>\n<meta property=\"article:modified_time\" content=\"2024-07-02T09:36:39+00:00\" \/>\n<meta name=\"twitter:card\" content=\"summary_large_image\" \/>\n<meta name=\"twitter:label1\" content=\"Est. reading time\" \/>\n\t<meta name=\"twitter:data1\" content=\"3 minutes\" \/>\n<script type=\"application\/ld+json\" class=\"yoast-schema-graph\">{\"@context\":\"https:\/\/schema.org\",\"@graph\":[{\"@type\":\"WebPage\",\"@id\":\"https:\/\/www.finieris.com\/lv\/produkti-un-pakalpojumi\/petnieciba-un-attistiba\/bolderajas-projekts\/riga-ply\/riga-ply-akzonobel-pinotex-wood-paint-extreme\/\",\"url\":\"https:\/\/www.finieris.com\/lv\/produkti-un-pakalpojumi\/petnieciba-un-attistiba\/bolderajas-projekts\/riga-ply\/riga-ply-akzonobel-pinotex-wood-paint-extreme\/\",\"name\":\"Riga Ply AkzoNobel Pinotex Wood Paint Extreme - Latvijas Finieris\",\"isPartOf\":{\"@id\":\"https:\/\/www.finieris.com\/lv\/#website\"},\"datePublished\":\"2024-05-29T13:03:37+00:00\",\"dateModified\":\"2024-07-02T09:36:39+00:00\",\"description\":\"Uzzini vair\u0101k par Riga Ply B\u0113rza sapl\u0101ksni ar AkzoNbel Pinotex Wood Paint Extreme. Atkl\u0101j iesp\u0113jas un priek\u0161roc\u012bbas, ko pied\u0101v\u0101 \u0161\u012b produkta sist\u0113ma.\",\"breadcrumb\":{\"@id\":\"https:\/\/www.finieris.com\/lv\/produkti-un-pakalpojumi\/petnieciba-un-attistiba\/bolderajas-projekts\/riga-ply\/riga-ply-akzonobel-pinotex-wood-paint-extreme\/#breadcrumb\"},\"inLanguage\":\"lv-LV\",\"potentialAction\":[{\"@type\":\"ReadAction\",\"target\":[\"https:\/\/www.finieris.com\/lv\/produkti-un-pakalpojumi\/petnieciba-un-attistiba\/bolderajas-projekts\/riga-ply\/riga-ply-akzonobel-pinotex-wood-paint-extreme\/\"]}]},{\"@type\":\"BreadcrumbList\",\"@id\":\"https:\/\/www.finieris.com\/lv\/produkti-un-pakalpojumi\/petnieciba-un-attistiba\/bolderajas-projekts\/riga-ply\/riga-ply-akzonobel-pinotex-wood-paint-extreme\/#breadcrumb\",\"itemListElement\":[{\"@type\":\"ListItem\",\"position\":1,\"name\":\"Home\",\"item\":\"https:\/\/www.finieris.com\/lv\/\"},{\"@type\":\"ListItem\",\"position\":2,\"name\":\"Produkti un pakalpojumi\",\"item\":\"https:\/\/www.finieris.com\/lv\/produkti-un-pakalpojumi\/\"},{\"@type\":\"ListItem\",\"position\":3,\"name\":\"P\u0113tniec\u012bba un att\u012bst\u012bba\",\"item\":\"https:\/\/www.finieris.com\/lv\/produkti-un-pakalpojumi\/petnieciba-un-attistiba\/\"},{\"@type\":\"ListItem\",\"position\":4,\"name\":\"Bolder\u0101jas Projekts\",\"item\":\"https:\/\/www.finieris.com\/lv\/produkti-un-pakalpojumi\/petnieciba-un-attistiba\/bolderajas-projekts\/\"},{\"@type\":\"ListItem\",\"position\":5,\"name\":\"Riga Ply\",\"item\":\"https:\/\/www.finieris.com\/lv\/produkti-un-pakalpojumi\/petnieciba-un-attistiba\/bolderajas-projekts\/riga-ply\/\"},{\"@type\":\"ListItem\",\"position\":6,\"name\":\"Riga Ply AkzoNobel Pinotex Wood Paint Extreme\"}]},{\"@type\":\"WebSite\",\"@id\":\"https:\/\/www.finieris.com\/lv\/#website\",\"url\":\"https:\/\/www.finieris.com\/lv\/\",\"name\":\"Latvijas Finieris\",\"description\":\"Leading the way in sustainable forestry\",\"publisher\":{\"@id\":\"https:\/\/www.finieris.com\/lv\/#organization\"},\"potentialAction\":[{\"@type\":\"SearchAction\",\"target\":{\"@type\":\"EntryPoint\",\"urlTemplate\":\"https:\/\/www.finieris.com\/lv\/?s={search_term_string}\"},\"query-input\":{\"@type\":\"PropertyValueSpecification\",\"valueRequired\":true,\"valueName\":\"search_term_string\"}}],\"inLanguage\":\"lv-LV\"},{\"@type\":\"Organization\",\"@id\":\"https:\/\/www.finieris.com\/lv\/#organization\",\"name\":\"Latvijas Finieris\",\"alternateName\":\"Riga Wood\",\"url\":\"https:\/\/www.finieris.com\/lv\/\",\"logo\":{\"@type\":\"ImageObject\",\"inLanguage\":\"lv-LV\",\"@id\":\"https:\/\/www.finieris.com\/lv\/#\/schema\/logo\/image\/\",\"url\":\"https:\/\/www.finieris.com\/wp-content\/uploads\/2023\/08\/finieris-logo.svg\",\"contentUrl\":\"https:\/\/www.finieris.com\/wp-content\/uploads\/2023\/08\/finieris-logo.svg\",\"width\":1,\"height\":1,\"caption\":\"Latvijas Finieris\"},\"image\":{\"@id\":\"https:\/\/www.finieris.com\/lv\/#\/schema\/logo\/image\/\"},\"sameAs\":[\"https:\/\/www.facebook.com\/Finieris\/\",\"https:\/\/lv.linkedin.com\/company\/latvijas-finieris\",\"https:\/\/www.youtube.com\/c\/LatvijasFinierisAS\"]}]}<\/script>\n<!-- \/ Yoast SEO Premium plugin. -->","yoast_head_json":{"title":"Riga Ply AkzoNobel Pinotex Wood Paint Extreme - Latvijas Finieris","description":"Uzzini vair\u0101k par Riga Ply B\u0113rza sapl\u0101ksni ar AkzoNbel Pinotex Wood Paint Extreme. Atkl\u0101j iesp\u0113jas un priek\u0161roc\u012bbas, ko pied\u0101v\u0101 \u0161\u012b produkta sist\u0113ma.","robots":{"index":"index","follow":"follow","max-snippet":"max-snippet:-1","max-image-preview":"max-image-preview:large","max-video-preview":"max-video-preview:-1"},"canonical":"https:\/\/www.finieris.com\/lv\/produkti-un-pakalpojumi\/petnieciba-un-attistiba\/bolderajas-projekts\/riga-ply\/riga-ply-akzonobel-pinotex-wood-paint-extreme\/","og_locale":"lv_LV","og_type":"article","og_title":"Riga Ply AkzoNobel Pinotex Wood Paint Extreme","og_description":"Uzzini vair\u0101k par Riga Ply B\u0113rza sapl\u0101ksni ar AkzoNbel Pinotex Wood Paint Extreme. Atkl\u0101j iesp\u0113jas un priek\u0161roc\u012bbas, ko pied\u0101v\u0101 \u0161\u012b produkta sist\u0113ma.","og_url":"https:\/\/www.finieris.com\/lv\/produkti-un-pakalpojumi\/petnieciba-un-attistiba\/bolderajas-projekts\/riga-ply\/riga-ply-akzonobel-pinotex-wood-paint-extreme\/","og_site_name":"Latvijas Finieris","article_publisher":"https:\/\/www.facebook.com\/Finieris\/","article_modified_time":"2024-07-02T09:36:39+00:00","twitter_card":"summary_large_image","twitter_misc":{"Est. reading time":"3 minutes"},"schema":{"@context":"https:\/\/schema.org","@graph":[{"@type":"WebPage","@id":"https:\/\/www.finieris.com\/lv\/produkti-un-pakalpojumi\/petnieciba-un-attistiba\/bolderajas-projekts\/riga-ply\/riga-ply-akzonobel-pinotex-wood-paint-extreme\/","url":"https:\/\/www.finieris.com\/lv\/produkti-un-pakalpojumi\/petnieciba-un-attistiba\/bolderajas-projekts\/riga-ply\/riga-ply-akzonobel-pinotex-wood-paint-extreme\/","name":"Riga Ply AkzoNobel Pinotex Wood Paint Extreme - Latvijas Finieris","isPartOf":{"@id":"https:\/\/www.finieris.com\/lv\/#website"},"datePublished":"2024-05-29T13:03:37+00:00","dateModified":"2024-07-02T09:36:39+00:00","description":"Uzzini vair\u0101k par Riga Ply B\u0113rza sapl\u0101ksni ar AkzoNbel Pinotex Wood Paint Extreme. Atkl\u0101j iesp\u0113jas un priek\u0161roc\u012bbas, ko pied\u0101v\u0101 \u0161\u012b produkta sist\u0113ma.","breadcrumb":{"@id":"https:\/\/www.finieris.com\/lv\/produkti-un-pakalpojumi\/petnieciba-un-attistiba\/bolderajas-projekts\/riga-ply\/riga-ply-akzonobel-pinotex-wood-paint-extreme\/#breadcrumb"},"inLanguage":"lv-LV","potentialAction":[{"@type":"ReadAction","target":["https:\/\/www.finieris.com\/lv\/produkti-un-pakalpojumi\/petnieciba-un-attistiba\/bolderajas-projekts\/riga-ply\/riga-ply-akzonobel-pinotex-wood-paint-extreme\/"]}]},{"@type":"BreadcrumbList","@id":"https:\/\/www.finieris.com\/lv\/produkti-un-pakalpojumi\/petnieciba-un-attistiba\/bolderajas-projekts\/riga-ply\/riga-ply-akzonobel-pinotex-wood-paint-extreme\/#breadcrumb","itemListElement":[{"@type":"ListItem","position":1,"name":"Home","item":"https:\/\/www.finieris.com\/lv\/"},{"@type":"ListItem","position":2,"name":"Produkti un pakalpojumi","item":"https:\/\/www.finieris.com\/lv\/produkti-un-pakalpojumi\/"},{"@type":"ListItem","position":3,"name":"P\u0113tniec\u012bba un att\u012bst\u012bba","item":"https:\/\/www.finieris.com\/lv\/produkti-un-pakalpojumi\/petnieciba-un-attistiba\/"},{"@type":"ListItem","position":4,"name":"Bolder\u0101jas Projekts","item":"https:\/\/www.finieris.com\/lv\/produkti-un-pakalpojumi\/petnieciba-un-attistiba\/bolderajas-projekts\/"},{"@type":"ListItem","position":5,"name":"Riga Ply","item":"https:\/\/www.finieris.com\/lv\/produkti-un-pakalpojumi\/petnieciba-un-attistiba\/bolderajas-projekts\/riga-ply\/"},{"@type":"ListItem","position":6,"name":"Riga Ply AkzoNobel Pinotex Wood Paint Extreme"}]},{"@type":"WebSite","@id":"https:\/\/www.finieris.com\/lv\/#website","url":"https:\/\/www.finieris.com\/lv\/","name":"Latvijas Finieris","description":"Leading the way in sustainable forestry","publisher":{"@id":"https:\/\/www.finieris.com\/lv\/#organization"},"potentialAction":[{"@type":"SearchAction","target":{"@type":"EntryPoint","urlTemplate":"https:\/\/www.finieris.com\/lv\/?s={search_term_string}"},"query-input":{"@type":"PropertyValueSpecification","valueRequired":true,"valueName":"search_term_string"}}],"inLanguage":"lv-LV"},{"@type":"Organization","@id":"https:\/\/www.finieris.com\/lv\/#organization","name":"Latvijas Finieris","alternateName":"Riga Wood","url":"https:\/\/www.finieris.com\/lv\/","logo":{"@type":"ImageObject","inLanguage":"lv-LV","@id":"https:\/\/www.finieris.com\/lv\/#\/schema\/logo\/image\/","url":"https:\/\/www.finieris.com\/wp-content\/uploads\/2023\/08\/finieris-logo.svg","contentUrl":"https:\/\/www.finieris.com\/wp-content\/uploads\/2023\/08\/finieris-logo.svg","width":1,"height":1,"caption":"Latvijas Finieris"},"image":{"@id":"https:\/\/www.finieris.com\/lv\/#\/schema\/logo\/image\/"},"sameAs":["https:\/\/www.facebook.com\/Finieris\/","https:\/\/lv.linkedin.com\/company\/latvijas-finieris","https:\/\/www.youtube.com\/c\/LatvijasFinierisAS"]}]}},"_links":{"self":[{"href":"https:\/\/www.finieris.com\/lv\/wp-json\/wp\/v2\/pages\/8465","targetHints":{"allow":["GET"]}}],"collection":[{"href":"https:\/\/www.finieris.com\/lv\/wp-json\/wp\/v2\/pages"}],"about":[{"href":"https:\/\/www.finieris.com\/lv\/wp-json\/wp\/v2\/types\/page"}],"author":[{"embeddable":true,"href":"https:\/\/www.finieris.com\/lv\/wp-json\/wp\/v2\/users\/1"}],"replies":[{"embeddable":true,"href":"https:\/\/www.finieris.com\/lv\/wp-json\/wp\/v2\/comments?post=8465"}],"version-history":[{"count":4,"href":"https:\/\/www.finieris.com\/lv\/wp-json\/wp\/v2\/pages\/8465\/revisions"}],"predecessor-version":[{"id":11357,"href":"https:\/\/www.finieris.com\/lv\/wp-json\/wp\/v2\/pages\/8465\/revisions\/11357"}],"up":[{"embeddable":true,"href":"https:\/\/www.finieris.com\/lv\/wp-json\/wp\/v2\/pages\/8440"}],"wp:attachment":[{"href":"https:\/\/www.finieris.com\/lv\/wp-json\/wp\/v2\/media?parent=8465"}],"wp:term":[{"taxonomy":"category","embeddable":true,"href":"https:\/\/www.finieris.com\/lv\/wp-json\/wp\/v2\/categories?post=8465"}],"curies":[{"name":"wp","href":"https:\/\/api.w.org\/{rel}","templated":true}]}}