{"id":8440,"date":"2024-05-29T13:25:16","date_gmt":"2024-05-29T10:25:16","guid":{"rendered":"https:\/\/www.finieris.com\/?page_id=8440"},"modified":"2025-08-25T09:33:09","modified_gmt":"2025-08-25T06:33:09","slug":"riga-ply","status":"publish","type":"page","link":"https:\/\/www.finieris.com\/lv\/produkti-un-pakalpojumi\/petnieciba-un-attistiba\/bolderajas-projekts\/riga-ply\/","title":{"rendered":"Riga Ply"},"content":{"rendered":"<section id=\"written-content-block_39e0ce2a19e10f90a6440d00678fdcf3\" class=\"block written-content bg-white pt-sm pb-zero\"\n    >\n        <div class=\"container\" data-aos=\"fade-up\" data-aos-once=\"true\" data-aos-duration=\"500\">\n        <div class=\"row\">\n                        <div class=\"col col-md-9\">\n                <h1 class=\"small\">Riga Ply<\/h1>\n<div>Abpus\u0113ji sl\u012bp\u0113ts standarta b\u0113rza sapl\u0101ksnis ar vispla\u0161\u0101kaj\u0101m pielietojuma iesp\u0113j\u0101m. Riga Ply tiek l\u012bm\u0113ts no 1,45 mm bieziem b\u0113rza finieriem, \u0161\u0137iedru virziens blakus eso\u0161aj\u0101m k\u0101rt\u0101m perpendikul\u0101rs.<\/div>\n<p><a class=\"button button-primary\" href=\"https:\/\/www.finieris.com\/lv\/produkti\/riga-ply\/\">Riga Ply produkta lapa<\/a><\/p>\n<hr class=\"small\" \/>\n<div>Gaigalavas projekta ietvaros tiek test\u0113ts Riga Ply\u00a0ar \u0161\u0101da veida p\u0101rkl\u0101jumiem:<\/div>\n            <\/div>\n        <\/div>\n    <\/div>\n    <\/section>\n\n\n<section id=\"post-list-by-category-block_20923c724a1576ed799cd68762be4970\" class=\"block post-list-by-category bg-white pt-zero\"\n    >\n    <div class=\"container\">\n        <div class=\"row\">\n                        <div class=\"col col-md-9\">\n                <ul><li><a href=\"https:\/\/www.finieris.com\/lv\/produkti-un-pakalpojumi\/petnieciba-un-attistiba\/bolderajas-projekts\/riga-ply\/riga-ply-caparol-carat\/\">Riga Ply Caparol Carat<\/a><\/li><li><a href=\"https:\/\/www.finieris.com\/lv\/produkti-un-pakalpojumi\/petnieciba-un-attistiba\/bolderajas-projekts\/riga-ply\/riga-ply-caparol-capadur-greywood\/\">Riga Ply Caparol Capadur GreyWood<\/a><\/li><li><a href=\"https:\/\/www.finieris.com\/lv\/produkti-un-pakalpojumi\/petnieciba-un-attistiba\/bolderajas-projekts\/riga-ply\/riga-ply-capadur-silverstyle\/\">Riga Ply Capadur Silverstyle<\/a><\/li><li><a href=\"https:\/\/www.finieris.com\/lv\/produkti-un-pakalpojumi\/petnieciba-un-attistiba\/bolderajas-projekts\/riga-ply\/riga-ply-caparol-capadur-f7-langzeitlasur\/\">Riga Ply Caparol Capadur F7 Langzeitlasur<\/a><\/li><li><a href=\"https:\/\/www.finieris.com\/lv\/produkti-un-pakalpojumi\/petnieciba-un-attistiba\/bolderajas-projekts\/riga-ply\/riga-ply-caparol-twinproof\/\">Riga Ply Caparol TwinProof<\/a><\/li><li><a href=\"https:\/\/www.finieris.com\/lv\/produkti-un-pakalpojumi\/petnieciba-un-attistiba\/bolderajas-projekts\/riga-ply\/riga-ply-caparol-grey-express-twinproof\/\">Riga Ply Caparol Grey Express + TwinProof<\/a><\/li><li><a href=\"https:\/\/www.finieris.com\/lv\/produkti-un-pakalpojumi\/petnieciba-un-attistiba\/bolderajas-projekts\/riga-ply\/riga-ply-akzonobel-pinotex-classic-lasur\/\">Riga Ply AkzoNobel Pinotex Classic Lasur<\/a><\/li><li><a href=\"https:\/\/www.finieris.com\/lv\/produkti-un-pakalpojumi\/petnieciba-un-attistiba\/bolderajas-projekts\/riga-ply\/riga-ply-akzonobel-pinotex-extreme-lasur\/\">Riga Ply AkzoNobel Pinotex Extreme Lasur<\/a><\/li><li><a href=\"https:\/\/www.finieris.com\/lv\/produkti-un-pakalpojumi\/petnieciba-un-attistiba\/bolderajas-projekts\/riga-ply\/riga-ply-akzonobel-pinotex-solar-terrace-wood-oil\/\">Riga Ply AkzoNobel Pinotex Solar Terrace &amp; Wood Oil<\/a><\/li><li><a href=\"https:\/\/www.finieris.com\/lv\/produkti-un-pakalpojumi\/petnieciba-un-attistiba\/bolderajas-projekts\/riga-ply\/riga-ply-akzonobel-pinotex-wood-paint-extreme\/\">Riga Ply AkzoNobel Pinotex Wood Paint Extreme<\/a><\/li><li><a href=\"https:\/\/www.finieris.com\/lv\/produkti-un-pakalpojumi\/petnieciba-un-attistiba\/bolderajas-projekts\/riga-ply\/riga-ply-rilak-terrace-oil\/\">Riga Ply Rilak Terrace Oil<\/a><\/li><li><a href=\"https:\/\/www.finieris.com\/lv\/produkti-un-pakalpojumi\/petnieciba-un-attistiba\/bolderajas-projekts\/riga-ply\/riga-ply-rilak-uretop\/\">Riga Ply Rilak Uretop<\/a><\/li><li><a href=\"https:\/\/www.finieris.com\/lv\/produkti-un-pakalpojumi\/petnieciba-un-attistiba\/bolderajas-projekts\/riga-ply\/riga-ply-rilak-teksturdecor\/\">Riga Ply Rilak TeksturDecor<\/a><\/li><li><a href=\"https:\/\/www.finieris.com\/lv\/produkti-un-pakalpojumi\/petnieciba-un-attistiba\/bolderajas-projekts\/riga-ply\/riga-ply-tikkurila-vatti-arctic\/\">Riga Ply Tikkurila Vatti Arctic<\/a><\/li><li><a href=\"https:\/\/www.finieris.com\/lv\/produkti-un-pakalpojumi\/petnieciba-un-attistiba\/bolderajas-projekts\/riga-ply\/riga-ply-tikkurila-valtti-plus-kesto\/\">Riga Ply Tikkurila Valtti Plus Kesto<\/a><\/li><li><a href=\"https:\/\/www.finieris.com\/lv\/produkti-un-pakalpojumi\/petnieciba-un-attistiba\/bolderajas-projekts\/riga-ply\/riga-ply-linella\/\">Riga Ply Line\u013c\u013ca<\/a><\/li><li><a href=\"https:\/\/www.finieris.com\/lv\/produkti-un-pakalpojumi\/petnieciba-un-attistiba\/bolderajas-projekts\/riga-ply\/riga-ply-remmers-induline-lw-4-layer-system\/\">Riga Ply Remmers Induline LW \/ 4-layer system<\/a><\/li><li><a href=\"https:\/\/www.finieris.com\/lv\/produkti-un-pakalpojumi\/petnieciba-un-attistiba\/bolderajas-projekts\/riga-ply\/riga-ply-remmers-induline-lw-2-layer-system\/\">Riga Ply Remmers Induline LW \/ 2-layer system<\/a><\/li><li><a href=\"https:\/\/www.finieris.com\/lv\/produkti-un-pakalpojumi\/petnieciba-un-attistiba\/bolderajas-projekts\/riga-ply\/riga-ply-koch-schulte-%e2%80%92-h320-hydrostop-h-2-o\/\">R\u012bga Ply KOCH &amp; SCHULTE \u2012 H320 Hydrostop H 2 O<\/a><\/li><li><a href=\"https:\/\/www.finieris.com\/lv\/produkti-un-pakalpojumi\/petnieciba-un-attistiba\/bolderajas-projekts\/riga-ply\/riga-ply-koch-schulte-%e2%80%92-lignopro-244\/\">Riga Ply KOCH &amp; SCHULTE \u2012 LIGNOPRO\u00ae 244<\/a><\/li><li><a href=\"https:\/\/www.finieris.com\/lv\/produkti-un-pakalpojumi\/petnieciba-un-attistiba\/bolderajas-projekts\/riga-ply\/riga-ply-koch-schulte-%e2%80%92-lignopro-881\/\">Riga Ply KOCH &amp; SCHULTE \u2012 LIGNOPRO\u00ae 881<\/a><\/li><\/ul>            <\/div>\n        <\/div>\n    <\/div>\n<\/section>","protected":false},"excerpt":{"rendered":"","protected":false},"author":1,"featured_media":2286,"parent":8374,"menu_order":0,"comment_status":"closed","ping_status":"closed","template":"","meta":{"_acf_changed":false,"footnotes":""},"categories":[1],"class_list":["post-8440","page","type-page","status-publish","has-post-thumbnail","hentry","category-visi-jaunumi"],"acf":[],"yoast_head":"<!-- This site is optimized with the Yoast SEO Premium plugin v27.2 (Yoast SEO v27.2) - https:\/\/yoast.com\/product\/yoast-seo-premium-wordpress\/ -->\n<title>Riga Ply - Latvijas Finieris<\/title>\n<meta name=\"description\" content=\"Atkl\u0101jiet Riga Ply sapl\u0101k\u0161\u0146u priek\u0161roc\u012bbas: ide\u0101ls materi\u0101ls visda\u017e\u0101d\u0101kajiem pielietojumiem ar vienlaic\u012bgu augstu kvalit\u0101ti un iztur\u012bbu.\" \/>\n<meta name=\"robots\" content=\"index, follow, max-snippet:-1, max-image-preview:large, max-video-preview:-1\" \/>\n<link rel=\"canonical\" href=\"https:\/\/www.finieris.com\/lv\/produkti-un-pakalpojumi\/petnieciba-un-attistiba\/bolderajas-projekts\/riga-ply\/\" \/>\n<meta property=\"og:locale\" content=\"lv_LV\" \/>\n<meta property=\"og:type\" content=\"article\" \/>\n<meta property=\"og:title\" content=\"Riga Ply\" \/>\n<meta property=\"og:description\" content=\"Atkl\u0101jiet Riga Ply sapl\u0101k\u0161\u0146u priek\u0161roc\u012bbas: ide\u0101ls materi\u0101ls visda\u017e\u0101d\u0101kajiem pielietojumiem ar vienlaic\u012bgu augstu kvalit\u0101ti un iztur\u012bbu.\" \/>\n<meta property=\"og:url\" content=\"https:\/\/www.finieris.com\/lv\/produkti-un-pakalpojumi\/petnieciba-un-attistiba\/bolderajas-projekts\/riga-ply\/\" \/>\n<meta property=\"og:site_name\" content=\"Latvijas Finieris\" \/>\n<meta property=\"article:publisher\" content=\"https:\/\/www.facebook.com\/Finieris\/\" \/>\n<meta property=\"article:modified_time\" content=\"2025-08-25T06:33:09+00:00\" \/>\n<meta property=\"og:image\" content=\"https:\/\/www.finieris.com\/wp-content\/uploads\/2023\/11\/Riga-Ply-scaled.jpg\" \/>\n\t<meta property=\"og:image:width\" content=\"2560\" \/>\n\t<meta property=\"og:image:height\" content=\"1703\" \/>\n\t<meta property=\"og:image:type\" content=\"image\/jpeg\" \/>\n<meta name=\"twitter:card\" content=\"summary_large_image\" \/>\n<meta name=\"twitter:label1\" content=\"Est. reading time\" \/>\n\t<meta name=\"twitter:data1\" content=\"1 minute\" \/>\n<script type=\"application\/ld+json\" class=\"yoast-schema-graph\">{\"@context\":\"https:\/\/schema.org\",\"@graph\":[{\"@type\":\"WebPage\",\"@id\":\"https:\/\/www.finieris.com\/lv\/produkti-un-pakalpojumi\/petnieciba-un-attistiba\/bolderajas-projekts\/riga-ply\/\",\"url\":\"https:\/\/www.finieris.com\/lv\/produkti-un-pakalpojumi\/petnieciba-un-attistiba\/bolderajas-projekts\/riga-ply\/\",\"name\":\"Riga Ply - Latvijas Finieris\",\"isPartOf\":{\"@id\":\"https:\/\/www.finieris.com\/lv\/#website\"},\"primaryImageOfPage\":{\"@id\":\"https:\/\/www.finieris.com\/lv\/produkti-un-pakalpojumi\/petnieciba-un-attistiba\/bolderajas-projekts\/riga-ply\/#primaryimage\"},\"image\":{\"@id\":\"https:\/\/www.finieris.com\/lv\/produkti-un-pakalpojumi\/petnieciba-un-attistiba\/bolderajas-projekts\/riga-ply\/#primaryimage\"},\"thumbnailUrl\":\"https:\/\/www.finieris.com\/wp-content\/uploads\/2023\/11\/Riga-Ply-scaled.jpg\",\"datePublished\":\"2024-05-29T10:25:16+00:00\",\"dateModified\":\"2025-08-25T06:33:09+00:00\",\"description\":\"Atkl\u0101jiet Riga Ply sapl\u0101k\u0161\u0146u priek\u0161roc\u012bbas: ide\u0101ls materi\u0101ls visda\u017e\u0101d\u0101kajiem pielietojumiem ar vienlaic\u012bgu augstu kvalit\u0101ti un iztur\u012bbu.\",\"breadcrumb\":{\"@id\":\"https:\/\/www.finieris.com\/lv\/produkti-un-pakalpojumi\/petnieciba-un-attistiba\/bolderajas-projekts\/riga-ply\/#breadcrumb\"},\"inLanguage\":\"lv-LV\",\"potentialAction\":[{\"@type\":\"ReadAction\",\"target\":[\"https:\/\/www.finieris.com\/lv\/produkti-un-pakalpojumi\/petnieciba-un-attistiba\/bolderajas-projekts\/riga-ply\/\"]}]},{\"@type\":\"ImageObject\",\"inLanguage\":\"lv-LV\",\"@id\":\"https:\/\/www.finieris.com\/lv\/produkti-un-pakalpojumi\/petnieciba-un-attistiba\/bolderajas-projekts\/riga-ply\/#primaryimage\",\"url\":\"https:\/\/www.finieris.com\/wp-content\/uploads\/2023\/11\/Riga-Ply-scaled.jpg\",\"contentUrl\":\"https:\/\/www.finieris.com\/wp-content\/uploads\/2023\/11\/Riga-Ply-scaled.jpg\",\"width\":2560,\"height\":1703,\"caption\":\"Riga Ply\"},{\"@type\":\"BreadcrumbList\",\"@id\":\"https:\/\/www.finieris.com\/lv\/produkti-un-pakalpojumi\/petnieciba-un-attistiba\/bolderajas-projekts\/riga-ply\/#breadcrumb\",\"itemListElement\":[{\"@type\":\"ListItem\",\"position\":1,\"name\":\"Home\",\"item\":\"https:\/\/www.finieris.com\/lv\/\"},{\"@type\":\"ListItem\",\"position\":2,\"name\":\"Produkti un pakalpojumi\",\"item\":\"https:\/\/www.finieris.com\/lv\/produkti-un-pakalpojumi\/\"},{\"@type\":\"ListItem\",\"position\":3,\"name\":\"P\u0113tniec\u012bba un att\u012bst\u012bba\",\"item\":\"https:\/\/www.finieris.com\/lv\/produkti-un-pakalpojumi\/petnieciba-un-attistiba\/\"},{\"@type\":\"ListItem\",\"position\":4,\"name\":\"Bolder\u0101jas Projekts\",\"item\":\"https:\/\/www.finieris.com\/lv\/produkti-un-pakalpojumi\/petnieciba-un-attistiba\/bolderajas-projekts\/\"},{\"@type\":\"ListItem\",\"position\":5,\"name\":\"Riga Ply\"}]},{\"@type\":\"WebSite\",\"@id\":\"https:\/\/www.finieris.com\/lv\/#website\",\"url\":\"https:\/\/www.finieris.com\/lv\/\",\"name\":\"Latvijas Finieris\",\"description\":\"Leading the way in sustainable forestry\",\"publisher\":{\"@id\":\"https:\/\/www.finieris.com\/lv\/#organization\"},\"potentialAction\":[{\"@type\":\"SearchAction\",\"target\":{\"@type\":\"EntryPoint\",\"urlTemplate\":\"https:\/\/www.finieris.com\/lv\/?s={search_term_string}\"},\"query-input\":{\"@type\":\"PropertyValueSpecification\",\"valueRequired\":true,\"valueName\":\"search_term_string\"}}],\"inLanguage\":\"lv-LV\"},{\"@type\":\"Organization\",\"@id\":\"https:\/\/www.finieris.com\/lv\/#organization\",\"name\":\"Latvijas Finieris\",\"alternateName\":\"Riga Wood\",\"url\":\"https:\/\/www.finieris.com\/lv\/\",\"logo\":{\"@type\":\"ImageObject\",\"inLanguage\":\"lv-LV\",\"@id\":\"https:\/\/www.finieris.com\/lv\/#\/schema\/logo\/image\/\",\"url\":\"https:\/\/www.finieris.com\/wp-content\/uploads\/2023\/08\/finieris-logo.svg\",\"contentUrl\":\"https:\/\/www.finieris.com\/wp-content\/uploads\/2023\/08\/finieris-logo.svg\",\"width\":1,\"height\":1,\"caption\":\"Latvijas Finieris\"},\"image\":{\"@id\":\"https:\/\/www.finieris.com\/lv\/#\/schema\/logo\/image\/\"},\"sameAs\":[\"https:\/\/www.facebook.com\/Finieris\/\",\"https:\/\/lv.linkedin.com\/company\/latvijas-finieris\",\"https:\/\/www.youtube.com\/c\/LatvijasFinierisAS\"]}]}<\/script>\n<!-- \/ Yoast SEO Premium plugin. -->","yoast_head_json":{"title":"Riga Ply - Latvijas Finieris","description":"Atkl\u0101jiet Riga Ply sapl\u0101k\u0161\u0146u priek\u0161roc\u012bbas: ide\u0101ls materi\u0101ls visda\u017e\u0101d\u0101kajiem pielietojumiem ar vienlaic\u012bgu augstu kvalit\u0101ti un iztur\u012bbu.","robots":{"index":"index","follow":"follow","max-snippet":"max-snippet:-1","max-image-preview":"max-image-preview:large","max-video-preview":"max-video-preview:-1"},"canonical":"https:\/\/www.finieris.com\/lv\/produkti-un-pakalpojumi\/petnieciba-un-attistiba\/bolderajas-projekts\/riga-ply\/","og_locale":"lv_LV","og_type":"article","og_title":"Riga Ply","og_description":"Atkl\u0101jiet Riga Ply sapl\u0101k\u0161\u0146u priek\u0161roc\u012bbas: ide\u0101ls materi\u0101ls visda\u017e\u0101d\u0101kajiem pielietojumiem ar vienlaic\u012bgu augstu kvalit\u0101ti un iztur\u012bbu.","og_url":"https:\/\/www.finieris.com\/lv\/produkti-un-pakalpojumi\/petnieciba-un-attistiba\/bolderajas-projekts\/riga-ply\/","og_site_name":"Latvijas Finieris","article_publisher":"https:\/\/www.facebook.com\/Finieris\/","article_modified_time":"2025-08-25T06:33:09+00:00","og_image":[{"width":2560,"height":1703,"url":"https:\/\/www.finieris.com\/wp-content\/uploads\/2023\/11\/Riga-Ply-scaled.jpg","type":"image\/jpeg"}],"twitter_card":"summary_large_image","twitter_misc":{"Est. reading time":"1 minute"},"schema":{"@context":"https:\/\/schema.org","@graph":[{"@type":"WebPage","@id":"https:\/\/www.finieris.com\/lv\/produkti-un-pakalpojumi\/petnieciba-un-attistiba\/bolderajas-projekts\/riga-ply\/","url":"https:\/\/www.finieris.com\/lv\/produkti-un-pakalpojumi\/petnieciba-un-attistiba\/bolderajas-projekts\/riga-ply\/","name":"Riga Ply - Latvijas Finieris","isPartOf":{"@id":"https:\/\/www.finieris.com\/lv\/#website"},"primaryImageOfPage":{"@id":"https:\/\/www.finieris.com\/lv\/produkti-un-pakalpojumi\/petnieciba-un-attistiba\/bolderajas-projekts\/riga-ply\/#primaryimage"},"image":{"@id":"https:\/\/www.finieris.com\/lv\/produkti-un-pakalpojumi\/petnieciba-un-attistiba\/bolderajas-projekts\/riga-ply\/#primaryimage"},"thumbnailUrl":"https:\/\/www.finieris.com\/wp-content\/uploads\/2023\/11\/Riga-Ply-scaled.jpg","datePublished":"2024-05-29T10:25:16+00:00","dateModified":"2025-08-25T06:33:09+00:00","description":"Atkl\u0101jiet Riga Ply sapl\u0101k\u0161\u0146u priek\u0161roc\u012bbas: ide\u0101ls materi\u0101ls visda\u017e\u0101d\u0101kajiem pielietojumiem ar vienlaic\u012bgu augstu kvalit\u0101ti un iztur\u012bbu.","breadcrumb":{"@id":"https:\/\/www.finieris.com\/lv\/produkti-un-pakalpojumi\/petnieciba-un-attistiba\/bolderajas-projekts\/riga-ply\/#breadcrumb"},"inLanguage":"lv-LV","potentialAction":[{"@type":"ReadAction","target":["https:\/\/www.finieris.com\/lv\/produkti-un-pakalpojumi\/petnieciba-un-attistiba\/bolderajas-projekts\/riga-ply\/"]}]},{"@type":"ImageObject","inLanguage":"lv-LV","@id":"https:\/\/www.finieris.com\/lv\/produkti-un-pakalpojumi\/petnieciba-un-attistiba\/bolderajas-projekts\/riga-ply\/#primaryimage","url":"https:\/\/www.finieris.com\/wp-content\/uploads\/2023\/11\/Riga-Ply-scaled.jpg","contentUrl":"https:\/\/www.finieris.com\/wp-content\/uploads\/2023\/11\/Riga-Ply-scaled.jpg","width":2560,"height":1703,"caption":"Riga Ply"},{"@type":"BreadcrumbList","@id":"https:\/\/www.finieris.com\/lv\/produkti-un-pakalpojumi\/petnieciba-un-attistiba\/bolderajas-projekts\/riga-ply\/#breadcrumb","itemListElement":[{"@type":"ListItem","position":1,"name":"Home","item":"https:\/\/www.finieris.com\/lv\/"},{"@type":"ListItem","position":2,"name":"Produkti un pakalpojumi","item":"https:\/\/www.finieris.com\/lv\/produkti-un-pakalpojumi\/"},{"@type":"ListItem","position":3,"name":"P\u0113tniec\u012bba un att\u012bst\u012bba","item":"https:\/\/www.finieris.com\/lv\/produkti-un-pakalpojumi\/petnieciba-un-attistiba\/"},{"@type":"ListItem","position":4,"name":"Bolder\u0101jas Projekts","item":"https:\/\/www.finieris.com\/lv\/produkti-un-pakalpojumi\/petnieciba-un-attistiba\/bolderajas-projekts\/"},{"@type":"ListItem","position":5,"name":"Riga Ply"}]},{"@type":"WebSite","@id":"https:\/\/www.finieris.com\/lv\/#website","url":"https:\/\/www.finieris.com\/lv\/","name":"Latvijas Finieris","description":"Leading the way in sustainable forestry","publisher":{"@id":"https:\/\/www.finieris.com\/lv\/#organization"},"potentialAction":[{"@type":"SearchAction","target":{"@type":"EntryPoint","urlTemplate":"https:\/\/www.finieris.com\/lv\/?s={search_term_string}"},"query-input":{"@type":"PropertyValueSpecification","valueRequired":true,"valueName":"search_term_string"}}],"inLanguage":"lv-LV"},{"@type":"Organization","@id":"https:\/\/www.finieris.com\/lv\/#organization","name":"Latvijas Finieris","alternateName":"Riga Wood","url":"https:\/\/www.finieris.com\/lv\/","logo":{"@type":"ImageObject","inLanguage":"lv-LV","@id":"https:\/\/www.finieris.com\/lv\/#\/schema\/logo\/image\/","url":"https:\/\/www.finieris.com\/wp-content\/uploads\/2023\/08\/finieris-logo.svg","contentUrl":"https:\/\/www.finieris.com\/wp-content\/uploads\/2023\/08\/finieris-logo.svg","width":1,"height":1,"caption":"Latvijas Finieris"},"image":{"@id":"https:\/\/www.finieris.com\/lv\/#\/schema\/logo\/image\/"},"sameAs":["https:\/\/www.facebook.com\/Finieris\/","https:\/\/lv.linkedin.com\/company\/latvijas-finieris","https:\/\/www.youtube.com\/c\/LatvijasFinierisAS"]}]}},"_links":{"self":[{"href":"https:\/\/www.finieris.com\/lv\/wp-json\/wp\/v2\/pages\/8440","targetHints":{"allow":["GET"]}}],"collection":[{"href":"https:\/\/www.finieris.com\/lv\/wp-json\/wp\/v2\/pages"}],"about":[{"href":"https:\/\/www.finieris.com\/lv\/wp-json\/wp\/v2\/types\/page"}],"author":[{"embeddable":true,"href":"https:\/\/www.finieris.com\/lv\/wp-json\/wp\/v2\/users\/1"}],"replies":[{"embeddable":true,"href":"https:\/\/www.finieris.com\/lv\/wp-json\/wp\/v2\/comments?post=8440"}],"version-history":[{"count":7,"href":"https:\/\/www.finieris.com\/lv\/wp-json\/wp\/v2\/pages\/8440\/revisions"}],"predecessor-version":[{"id":16404,"href":"https:\/\/www.finieris.com\/lv\/wp-json\/wp\/v2\/pages\/8440\/revisions\/16404"}],"up":[{"embeddable":true,"href":"https:\/\/www.finieris.com\/lv\/wp-json\/wp\/v2\/pages\/8374"}],"wp:featuredmedia":[{"embeddable":true,"href":"https:\/\/www.finieris.com\/lv\/wp-json\/wp\/v2\/media\/2286"}],"wp:attachment":[{"href":"https:\/\/www.finieris.com\/lv\/wp-json\/wp\/v2\/media?parent=8440"}],"wp:term":[{"taxonomy":"category","embeddable":true,"href":"https:\/\/www.finieris.com\/lv\/wp-json\/wp\/v2\/categories?post=8440"}],"curies":[{"name":"wp","href":"https:\/\/api.w.org\/{rel}","templated":true}]}}