{"id":8432,"date":"2024-05-29T12:54:30","date_gmt":"2024-05-29T09:54:30","guid":{"rendered":"https:\/\/www.finieris.com\/?page_id=8432"},"modified":"2024-07-02T12:47:43","modified_gmt":"2024-07-02T09:47:43","slug":"riga-preprime-tikkurila-temadur","status":"publish","type":"page","link":"https:\/\/www.finieris.com\/lv\/produkti-un-pakalpojumi\/petnieciba-un-attistiba\/bolderajas-projekts\/riga-preprime\/riga-preprime-tikkurila-temadur\/","title":{"rendered":"Riga Preprime Tikkurila Temadur"},"content":{"rendered":"<section id=\"written-content-block_771014478bd8e90672f5f669da3ea45b\" class=\"block written-content bg-white pt-sm\"\n    >\n        <div class=\"container\" data-aos=\"fade-up\" data-aos-once=\"true\" data-aos-duration=\"500\">\n        <div class=\"row\">\n                        <div class=\"col col-md-9\">\n                <h1 class=\"small\">Riga Preprime Tikkurila Temadur<\/h1>\n<p>Parauga izgatavo\u0161an\u0101 izmantots sapl\u0101ksnis:\u00a0<strong><a href=\"https:\/\/www.finieris.com\/lv\/produkti\/riga-preprime\/\">Riga Preprime<\/a><\/strong><\/p>\n<div>B\u0113rza sapl\u0101ksnis, p\u0101rkl\u0101ts ar speci\u0101lu gruntsfilmu. Priek\u0161roc\u012bbas: virsma ir sagatavota kr\u0101so\u0161anai, nav nepiecie\u0161ama grunt\u0113\u0161ana, samazin\u0101s apdares materi\u0101lu pat\u0113ri\u0146\u0161.<\/div>\n<div><\/div>\n<hr class=\"small\" \/>\n<p><strong>Tikkurila Temadur<\/strong><\/p>\n<p>2 produktu sist\u0113ma \/ 2 kl\u0101jumi \/ uzkl\u0101ts apdares l\u012bnij\u0101 \/ starpsl\u012bp\u0113\u0161ana<\/p>\n<table class=\"table-alt\">\n<tbody>\n<tr>\n<td>\n<div><strong>Izmantotie produkti<\/strong><\/div>\n<\/td>\n<td>\n<div><strong>Ra\u017eot\u0101ja inform\u0101cija<\/strong><\/div>\n<\/td>\n<td>\n<div><strong>\u017d\u016b\u0161anas laiks<\/strong><\/div>\n<\/td>\n<td>\n<div><strong>Uzkl\u0101\u0161anas tehnolo\u0123ijas<\/strong><\/div>\n<\/td>\n<\/tr>\n<tr>\n<td>\n<div>Temadur 20<\/div>\n<\/td>\n<td>\n<div>Divkomponentu pusmat\u0113ta poliuret\u0101na kr\u0101sa, kas satur pretkorozijas pigmentus un kuras cietin\u0101t\u0101js ir alif\u0101tisks izocian\u0101ts. Kr\u0101sa ir ieteicama ar\u012b k\u0101 gruntskr\u0101sa vai pusmat\u0113ta segkr\u0101sa epoks\u012bda poliuret\u0101na sist\u0113m\u0101s. Teicama iztur\u012bba pret atmosf\u0113ras iedarb\u012bbu un meh\u0101nisko nodilumu.<\/div>\n<\/td>\n<td>\n<div>Kr\u0101sot\u0101m virsm\u0101m var pieskarties p\u0113c 4 h.<\/div>\n<\/td>\n<td><\/td>\n<\/tr>\n<\/tbody>\n<\/table>\n<p>&nbsp;<\/p>\n<p><img decoding=\"async\" src=\"https:\/\/www.finieris.lv\/docs\/Produkti\/aaa\/ota.png\" alt=\"\" width=\"50\" height=\"50\" \/><\/p>\n<p>Pla\u0161\u0101ka inform\u0101cija:\u00a0<a href=\"https:\/\/tikkurila.lv\/\" target=\"_blank\" rel=\"noopener\">www.tikkurila.lv\/<\/a><\/p>\n<hr class=\"small\" \/>\n<p class=\"small\">Pl\u0101t\u0146u nama Gaigalava eksperiment\u0101l\u0101s sienas m\u0113r\u0137is ir veikt ilgtermi\u0146a p\u0113t\u012bjumus.<br \/>\nLatvijas Finieris nedod garantijas min\u0113to materi\u0101lu virsmas notur\u012bbai \u0101ra apst\u0101k\u013cos. Produkcijas gala lietot\u0101js uz\u0146emas atbild\u012bbu par produktu izmanto\u0161anu un ar to saist\u012btiem defektiem, kas var rasties neiev\u0113rojot produkta aprakst\u0101 min\u0113t\u0101s specifik\u0101cijas, sagatavojot un apstr\u0101d\u0101jot virsmu ar min\u0113to produktu, k\u0101 ar\u012b apk\u0101rt\u0113j\u0101s vides ietekm\u0113.<\/p>\n<p class=\"small\">Produkts uzst\u0101d\u012bts 2021.gada j\u016bnij\u0101 projekta \u00abSpecifisku un individualiz\u0113tu p\u0101rkl\u0101jumu izstr\u0101de koksnes pl\u0101tn\u0113m\u00bb, kas tiek \u012bstenots SIA \u201cMe\u017ea Nozares Kompetences Centrs\u201d un Centr\u0101l\u0101s finan\u0161u un l\u012bgumu a\u0123ent\u016bras 2019. gada 17. apr\u012bl\u012b nosl\u0113gt\u0101 l\u012bguma Nr. 1.2.1.1\/18\/A\/004 ietvaros.<\/p>\n            <\/div>\n        <\/div>\n    <\/div>\n    <\/section>\n","protected":false},"excerpt":{"rendered":"","protected":false},"author":1,"featured_media":0,"parent":8367,"menu_order":0,"comment_status":"closed","ping_status":"closed","template":"","meta":{"_acf_changed":false,"footnotes":""},"categories":[1],"class_list":["post-8432","page","type-page","status-publish","hentry","category-visi-jaunumi"],"acf":[],"yoast_head":"<!-- This site is optimized with the Yoast SEO Premium plugin v27.2 (Yoast SEO v27.2) - https:\/\/yoast.com\/product\/yoast-seo-premium-wordpress\/ -->\n<title>Riga Preprime Tikkurila Temadur - Latvijas Finieris<\/title>\n<meta name=\"description\" content=\"Izmanto Riga Preprime B\u0113rza sapl\u0101ksni un Tikkurila Temadur kr\u0101su sist\u0113mu. Uzzini, k\u0101 \u0161ie produkti nodro\u0161ina ilgsto\u0161u un notur\u012bgu virsmu.\" \/>\n<meta name=\"robots\" content=\"index, follow, max-snippet:-1, max-image-preview:large, max-video-preview:-1\" \/>\n<link rel=\"canonical\" href=\"https:\/\/www.finieris.com\/lv\/produkti-un-pakalpojumi\/petnieciba-un-attistiba\/bolderajas-projekts\/riga-preprime\/riga-preprime-tikkurila-temadur\/\" \/>\n<meta property=\"og:locale\" content=\"lv_LV\" \/>\n<meta property=\"og:type\" content=\"article\" \/>\n<meta property=\"og:title\" content=\"Riga Preprime Tikkurila Temadur\" \/>\n<meta property=\"og:description\" content=\"Izmanto Riga Preprime B\u0113rza sapl\u0101ksni un Tikkurila Temadur kr\u0101su sist\u0113mu. Uzzini, k\u0101 \u0161ie produkti nodro\u0161ina ilgsto\u0161u un notur\u012bgu virsmu.\" \/>\n<meta property=\"og:url\" content=\"https:\/\/www.finieris.com\/lv\/produkti-un-pakalpojumi\/petnieciba-un-attistiba\/bolderajas-projekts\/riga-preprime\/riga-preprime-tikkurila-temadur\/\" \/>\n<meta property=\"og:site_name\" content=\"Latvijas Finieris\" \/>\n<meta property=\"article:publisher\" content=\"https:\/\/www.facebook.com\/Finieris\/\" \/>\n<meta property=\"article:modified_time\" content=\"2024-07-02T09:47:43+00:00\" \/>\n<meta name=\"twitter:card\" content=\"summary_large_image\" \/>\n<meta name=\"twitter:label1\" content=\"Est. reading time\" \/>\n\t<meta name=\"twitter:data1\" content=\"2 minutes\" \/>\n<script type=\"application\/ld+json\" class=\"yoast-schema-graph\">{\"@context\":\"https:\/\/schema.org\",\"@graph\":[{\"@type\":\"WebPage\",\"@id\":\"https:\/\/www.finieris.com\/lv\/produkti-un-pakalpojumi\/petnieciba-un-attistiba\/bolderajas-projekts\/riga-preprime\/riga-preprime-tikkurila-temadur\/\",\"url\":\"https:\/\/www.finieris.com\/lv\/produkti-un-pakalpojumi\/petnieciba-un-attistiba\/bolderajas-projekts\/riga-preprime\/riga-preprime-tikkurila-temadur\/\",\"name\":\"Riga Preprime Tikkurila Temadur - Latvijas Finieris\",\"isPartOf\":{\"@id\":\"https:\/\/www.finieris.com\/lv\/#website\"},\"datePublished\":\"2024-05-29T09:54:30+00:00\",\"dateModified\":\"2024-07-02T09:47:43+00:00\",\"description\":\"Izmanto Riga Preprime B\u0113rza sapl\u0101ksni un Tikkurila Temadur kr\u0101su sist\u0113mu. Uzzini, k\u0101 \u0161ie produkti nodro\u0161ina ilgsto\u0161u un notur\u012bgu virsmu.\",\"breadcrumb\":{\"@id\":\"https:\/\/www.finieris.com\/lv\/produkti-un-pakalpojumi\/petnieciba-un-attistiba\/bolderajas-projekts\/riga-preprime\/riga-preprime-tikkurila-temadur\/#breadcrumb\"},\"inLanguage\":\"lv-LV\",\"potentialAction\":[{\"@type\":\"ReadAction\",\"target\":[\"https:\/\/www.finieris.com\/lv\/produkti-un-pakalpojumi\/petnieciba-un-attistiba\/bolderajas-projekts\/riga-preprime\/riga-preprime-tikkurila-temadur\/\"]}]},{\"@type\":\"BreadcrumbList\",\"@id\":\"https:\/\/www.finieris.com\/lv\/produkti-un-pakalpojumi\/petnieciba-un-attistiba\/bolderajas-projekts\/riga-preprime\/riga-preprime-tikkurila-temadur\/#breadcrumb\",\"itemListElement\":[{\"@type\":\"ListItem\",\"position\":1,\"name\":\"Home\",\"item\":\"https:\/\/www.finieris.com\/lv\/\"},{\"@type\":\"ListItem\",\"position\":2,\"name\":\"Produkti un pakalpojumi\",\"item\":\"https:\/\/www.finieris.com\/lv\/produkti-un-pakalpojumi\/\"},{\"@type\":\"ListItem\",\"position\":3,\"name\":\"P\u0113tniec\u012bba un att\u012bst\u012bba\",\"item\":\"https:\/\/www.finieris.com\/lv\/produkti-un-pakalpojumi\/petnieciba-un-attistiba\/\"},{\"@type\":\"ListItem\",\"position\":4,\"name\":\"Bolder\u0101jas Projekts\",\"item\":\"https:\/\/www.finieris.com\/lv\/produkti-un-pakalpojumi\/petnieciba-un-attistiba\/bolderajas-projekts\/\"},{\"@type\":\"ListItem\",\"position\":5,\"name\":\"Riga Preprime\",\"item\":\"https:\/\/www.finieris.com\/lv\/produkti-un-pakalpojumi\/petnieciba-un-attistiba\/bolderajas-projekts\/riga-preprime\/\"},{\"@type\":\"ListItem\",\"position\":6,\"name\":\"Riga Preprime Tikkurila Temadur\"}]},{\"@type\":\"WebSite\",\"@id\":\"https:\/\/www.finieris.com\/lv\/#website\",\"url\":\"https:\/\/www.finieris.com\/lv\/\",\"name\":\"Latvijas Finieris\",\"description\":\"Leading the way in sustainable forestry\",\"publisher\":{\"@id\":\"https:\/\/www.finieris.com\/lv\/#organization\"},\"potentialAction\":[{\"@type\":\"SearchAction\",\"target\":{\"@type\":\"EntryPoint\",\"urlTemplate\":\"https:\/\/www.finieris.com\/lv\/?s={search_term_string}\"},\"query-input\":{\"@type\":\"PropertyValueSpecification\",\"valueRequired\":true,\"valueName\":\"search_term_string\"}}],\"inLanguage\":\"lv-LV\"},{\"@type\":\"Organization\",\"@id\":\"https:\/\/www.finieris.com\/lv\/#organization\",\"name\":\"Latvijas Finieris\",\"alternateName\":\"Riga Wood\",\"url\":\"https:\/\/www.finieris.com\/lv\/\",\"logo\":{\"@type\":\"ImageObject\",\"inLanguage\":\"lv-LV\",\"@id\":\"https:\/\/www.finieris.com\/lv\/#\/schema\/logo\/image\/\",\"url\":\"https:\/\/www.finieris.com\/wp-content\/uploads\/2023\/08\/finieris-logo.svg\",\"contentUrl\":\"https:\/\/www.finieris.com\/wp-content\/uploads\/2023\/08\/finieris-logo.svg\",\"width\":1,\"height\":1,\"caption\":\"Latvijas Finieris\"},\"image\":{\"@id\":\"https:\/\/www.finieris.com\/lv\/#\/schema\/logo\/image\/\"},\"sameAs\":[\"https:\/\/www.facebook.com\/Finieris\/\",\"https:\/\/lv.linkedin.com\/company\/latvijas-finieris\",\"https:\/\/www.youtube.com\/c\/LatvijasFinierisAS\"]}]}<\/script>\n<!-- \/ Yoast SEO Premium plugin. -->","yoast_head_json":{"title":"Riga Preprime Tikkurila Temadur - Latvijas Finieris","description":"Izmanto Riga Preprime B\u0113rza sapl\u0101ksni un Tikkurila Temadur kr\u0101su sist\u0113mu. Uzzini, k\u0101 \u0161ie produkti nodro\u0161ina ilgsto\u0161u un notur\u012bgu virsmu.","robots":{"index":"index","follow":"follow","max-snippet":"max-snippet:-1","max-image-preview":"max-image-preview:large","max-video-preview":"max-video-preview:-1"},"canonical":"https:\/\/www.finieris.com\/lv\/produkti-un-pakalpojumi\/petnieciba-un-attistiba\/bolderajas-projekts\/riga-preprime\/riga-preprime-tikkurila-temadur\/","og_locale":"lv_LV","og_type":"article","og_title":"Riga Preprime Tikkurila Temadur","og_description":"Izmanto Riga Preprime B\u0113rza sapl\u0101ksni un Tikkurila Temadur kr\u0101su sist\u0113mu. Uzzini, k\u0101 \u0161ie produkti nodro\u0161ina ilgsto\u0161u un notur\u012bgu virsmu.","og_url":"https:\/\/www.finieris.com\/lv\/produkti-un-pakalpojumi\/petnieciba-un-attistiba\/bolderajas-projekts\/riga-preprime\/riga-preprime-tikkurila-temadur\/","og_site_name":"Latvijas Finieris","article_publisher":"https:\/\/www.facebook.com\/Finieris\/","article_modified_time":"2024-07-02T09:47:43+00:00","twitter_card":"summary_large_image","twitter_misc":{"Est. reading time":"2 minutes"},"schema":{"@context":"https:\/\/schema.org","@graph":[{"@type":"WebPage","@id":"https:\/\/www.finieris.com\/lv\/produkti-un-pakalpojumi\/petnieciba-un-attistiba\/bolderajas-projekts\/riga-preprime\/riga-preprime-tikkurila-temadur\/","url":"https:\/\/www.finieris.com\/lv\/produkti-un-pakalpojumi\/petnieciba-un-attistiba\/bolderajas-projekts\/riga-preprime\/riga-preprime-tikkurila-temadur\/","name":"Riga Preprime Tikkurila Temadur - Latvijas Finieris","isPartOf":{"@id":"https:\/\/www.finieris.com\/lv\/#website"},"datePublished":"2024-05-29T09:54:30+00:00","dateModified":"2024-07-02T09:47:43+00:00","description":"Izmanto Riga Preprime B\u0113rza sapl\u0101ksni un Tikkurila Temadur kr\u0101su sist\u0113mu. Uzzini, k\u0101 \u0161ie produkti nodro\u0161ina ilgsto\u0161u un notur\u012bgu virsmu.","breadcrumb":{"@id":"https:\/\/www.finieris.com\/lv\/produkti-un-pakalpojumi\/petnieciba-un-attistiba\/bolderajas-projekts\/riga-preprime\/riga-preprime-tikkurila-temadur\/#breadcrumb"},"inLanguage":"lv-LV","potentialAction":[{"@type":"ReadAction","target":["https:\/\/www.finieris.com\/lv\/produkti-un-pakalpojumi\/petnieciba-un-attistiba\/bolderajas-projekts\/riga-preprime\/riga-preprime-tikkurila-temadur\/"]}]},{"@type":"BreadcrumbList","@id":"https:\/\/www.finieris.com\/lv\/produkti-un-pakalpojumi\/petnieciba-un-attistiba\/bolderajas-projekts\/riga-preprime\/riga-preprime-tikkurila-temadur\/#breadcrumb","itemListElement":[{"@type":"ListItem","position":1,"name":"Home","item":"https:\/\/www.finieris.com\/lv\/"},{"@type":"ListItem","position":2,"name":"Produkti un pakalpojumi","item":"https:\/\/www.finieris.com\/lv\/produkti-un-pakalpojumi\/"},{"@type":"ListItem","position":3,"name":"P\u0113tniec\u012bba un att\u012bst\u012bba","item":"https:\/\/www.finieris.com\/lv\/produkti-un-pakalpojumi\/petnieciba-un-attistiba\/"},{"@type":"ListItem","position":4,"name":"Bolder\u0101jas Projekts","item":"https:\/\/www.finieris.com\/lv\/produkti-un-pakalpojumi\/petnieciba-un-attistiba\/bolderajas-projekts\/"},{"@type":"ListItem","position":5,"name":"Riga Preprime","item":"https:\/\/www.finieris.com\/lv\/produkti-un-pakalpojumi\/petnieciba-un-attistiba\/bolderajas-projekts\/riga-preprime\/"},{"@type":"ListItem","position":6,"name":"Riga Preprime Tikkurila Temadur"}]},{"@type":"WebSite","@id":"https:\/\/www.finieris.com\/lv\/#website","url":"https:\/\/www.finieris.com\/lv\/","name":"Latvijas Finieris","description":"Leading the way in sustainable forestry","publisher":{"@id":"https:\/\/www.finieris.com\/lv\/#organization"},"potentialAction":[{"@type":"SearchAction","target":{"@type":"EntryPoint","urlTemplate":"https:\/\/www.finieris.com\/lv\/?s={search_term_string}"},"query-input":{"@type":"PropertyValueSpecification","valueRequired":true,"valueName":"search_term_string"}}],"inLanguage":"lv-LV"},{"@type":"Organization","@id":"https:\/\/www.finieris.com\/lv\/#organization","name":"Latvijas Finieris","alternateName":"Riga Wood","url":"https:\/\/www.finieris.com\/lv\/","logo":{"@type":"ImageObject","inLanguage":"lv-LV","@id":"https:\/\/www.finieris.com\/lv\/#\/schema\/logo\/image\/","url":"https:\/\/www.finieris.com\/wp-content\/uploads\/2023\/08\/finieris-logo.svg","contentUrl":"https:\/\/www.finieris.com\/wp-content\/uploads\/2023\/08\/finieris-logo.svg","width":1,"height":1,"caption":"Latvijas Finieris"},"image":{"@id":"https:\/\/www.finieris.com\/lv\/#\/schema\/logo\/image\/"},"sameAs":["https:\/\/www.facebook.com\/Finieris\/","https:\/\/lv.linkedin.com\/company\/latvijas-finieris","https:\/\/www.youtube.com\/c\/LatvijasFinierisAS"]}]}},"_links":{"self":[{"href":"https:\/\/www.finieris.com\/lv\/wp-json\/wp\/v2\/pages\/8432","targetHints":{"allow":["GET"]}}],"collection":[{"href":"https:\/\/www.finieris.com\/lv\/wp-json\/wp\/v2\/pages"}],"about":[{"href":"https:\/\/www.finieris.com\/lv\/wp-json\/wp\/v2\/types\/page"}],"author":[{"embeddable":true,"href":"https:\/\/www.finieris.com\/lv\/wp-json\/wp\/v2\/users\/1"}],"replies":[{"embeddable":true,"href":"https:\/\/www.finieris.com\/lv\/wp-json\/wp\/v2\/comments?post=8432"}],"version-history":[{"count":3,"href":"https:\/\/www.finieris.com\/lv\/wp-json\/wp\/v2\/pages\/8432\/revisions"}],"predecessor-version":[{"id":11387,"href":"https:\/\/www.finieris.com\/lv\/wp-json\/wp\/v2\/pages\/8432\/revisions\/11387"}],"up":[{"embeddable":true,"href":"https:\/\/www.finieris.com\/lv\/wp-json\/wp\/v2\/pages\/8367"}],"wp:attachment":[{"href":"https:\/\/www.finieris.com\/lv\/wp-json\/wp\/v2\/media?parent=8432"}],"wp:term":[{"taxonomy":"category","embeddable":true,"href":"https:\/\/www.finieris.com\/lv\/wp-json\/wp\/v2\/categories?post=8432"}],"curies":[{"name":"wp","href":"https:\/\/api.w.org\/{rel}","templated":true}]}}