{"id":8386,"date":"2024-05-29T10:19:41","date_gmt":"2024-05-29T07:19:41","guid":{"rendered":"https:\/\/www.finieris.com\/?page_id=8386"},"modified":"2024-07-02T12:44:38","modified_gmt":"2024-07-02T09:44:38","slug":"riga-preprime-caparol-capadur-wetterschutzfarbe-nqg","status":"publish","type":"page","link":"https:\/\/www.finieris.com\/lv\/produkti-un-pakalpojumi\/petnieciba-un-attistiba\/bolderajas-projekts\/riga-preprime\/riga-preprime-caparol-capadur-wetterschutzfarbe-nqg\/","title":{"rendered":"Riga Preprime Caparol Capadur Wetterschutzfarbe NQG"},"content":{"rendered":"<section id=\"written-content-block_1c16e322f03ed84200c113ce47e57f7d\" class=\"block written-content bg-white pt-sm\"\n    >\n        <div class=\"container\" data-aos=\"fade-up\" data-aos-once=\"true\" data-aos-duration=\"500\">\n        <div class=\"row\">\n                        <div class=\"col col-md-9\">\n                <h1 class=\"small\">Riga Preprime Caparol Capadur Wetterschutzfarbe NQG<\/h1>\n<p>Parauga izgatavo\u0161an\u0101 izmantots sapl\u0101ksnis:\u00a0<strong><a href=\"https:\/\/www.finieris.com\/lv\/produkti\/riga-preprime\/\">Riga Preprime<\/a><\/strong><\/p>\n<div>B\u0113rza sapl\u0101ksnis, p\u0101rkl\u0101ts ar speci\u0101lu gruntsfilmu. Priek\u0161roc\u012bbas: virsma ir sagatavota kr\u0101so\u0161anai, nav nepiecie\u0161ama grunt\u0113\u0161ana, samazin\u0101s apdares materi\u0101lu pat\u0113ri\u0146\u0161.<\/div>\n<hr class=\"small\" \/>\n<p><strong>Caparol Capadur Wetterschutzfarbe NQG<\/strong><\/p>\n<p>1 produkta sist\u0113ma \/ 2 kl\u0101jumi \/ uzkl\u0101ts ar otu \/ pirms kr\u0101so\u0161anas viegli uzsl\u012bp\u0113ta sapl\u0101k\u0161\u0146a<\/p>\n<table class=\"table-alt\">\n<tbody>\n<tr>\n<td>\n<div><strong>Izmantotie produkti<\/strong><\/div>\n<\/td>\n<td>\n<div><strong>Ra\u017eot\u0101ja inform\u0101cija<\/strong><\/div>\n<\/td>\n<td>\n<div><strong>\u017d\u016b\u0161anas laiks<\/strong><\/div>\n<\/td>\n<td>\n<div><strong>Uzkl\u0101\u0161anas tehnolo\u0123ijas<\/strong><\/div>\n<\/td>\n<\/tr>\n<tr>\n<td>\n<div>Capadur Wetterschutzfarbe NQG &#8211; 2 kl\u0101jumi<\/div>\n<\/td>\n<td>\n<div>Ar \u016bdeni at\u0161\u0137aid\u0101ma speci\u0101l\u0101 kr\u0101sa sedzo\u0161iem, ilgsto\u0161i t\u012briem un aizsarg\u0101jo\u0161iem kl\u0101jumiem koka virsm\u0101m \u0101rdarbos. Pateicoties nano-kvarca re\u017e\u0123a tehnolo\u0123ijai, kr\u0101sa veido mineraliz\u0113tas polim\u0113ru virsmas, kas saglab\u0101jas ilgsto\u0161i t\u012bras un nezaud\u0113 aizsargpl\u0113v\u012btes elast\u012bbu. Satur bioc\u012bd\u0101s piedevas kl\u0101juma virsmas aizsardz\u012bbai pret s\u0113n\u012bti un a\u013c\u0123\u0113m. Ton\u0113jama Caparol Color Express sist\u0113m\u0101. Pieejami ar\u012b gatavie to\u0146i.<\/div>\n<\/td>\n<td>\n<div>\u017d\u016b\u0161anas laiks + 20\u00b0C un 65 % relat\u012bv\u0101 gaisa mitrum\u0101*: putek\u013cu sauss &#8211; 1 h, atk\u0101rtoti kr\u0101sojams &#8211; 12 h, lietusdro\u0161s &#8211; 24 h. *Ja temperat\u016bra ir zem\u0101ka un gaisa mitrums liel\u0101ks, \u017e\u016b\u0161anas laiks ir ilg\u0101ks.<\/div>\n<\/td>\n<td>\n<div>Ar otu, rull\u012bti vai izsmidzin\u0101ma sl\u0113gt\u0101s telp\u0101s<\/div>\n<\/td>\n<\/tr>\n<\/tbody>\n<\/table>\n<p>&nbsp;<\/p>\n<p><img decoding=\"async\" src=\"https:\/\/www.finieris.lv\/docs\/Produkti\/aaa\/H2O.png\" alt=\"\" width=\"50\" height=\"50\" \/>\u00a0 \u00a0 \u00a0<img decoding=\"async\" src=\"https:\/\/www.finieris.lv\/docs\/Produkti\/aaa\/ota.png\" alt=\"\" width=\"50\" height=\"50\" \/>\u00a0 \u00a0 \u00a0<img decoding=\"async\" src=\"https:\/\/www.finieris.lv\/docs\/Produkti\/aaa\/rullis.png\" alt=\"\" width=\"50\" height=\"50\" \/>\u00a0 \u00a0 \u00a0<img decoding=\"async\" src=\"https:\/\/www.finieris.lv\/docs\/Produkti\/aaa\/spray.png\" alt=\"\" width=\"50\" height=\"50\" \/>\u00a0\u00a0\u00a0 \u00a0<img decoding=\"async\" src=\"https:\/\/www.finieris.lv\/docs\/Produkti\/aaa\/termo.png\" alt=\"\" width=\"50\" height=\"50\" \/><\/p>\n<p>Pla\u0161\u0101ka inform\u0101cija:\u00a0<a href=\"https:\/\/www.caparol.lv\/\" target=\"_blank\" rel=\"noopener\">www.caparol.lv<\/a><\/p>\n<hr class=\"small\" \/>\n<p class=\"small\">Pl\u0101t\u0146u nama Gaigalava eksperiment\u0101l\u0101s sienas m\u0113r\u0137is ir veikt ilgtermi\u0146a p\u0113t\u012bjumus.<br \/>\nLatvijas Finieris nedod garantijas min\u0113to materi\u0101lu virsmas notur\u012bbai \u0101ra apst\u0101k\u013cos. Produkcijas gala lietot\u0101js uz\u0146emas atbild\u012bbu par produktu izmanto\u0161anu un ar to saist\u012btiem defektiem, kas var rasties neiev\u0113rojot produkta aprakst\u0101 min\u0113t\u0101s specifik\u0101cijas, sagatavojot un apstr\u0101d\u0101jot virsmu ar min\u0113to produktu, k\u0101 ar\u012b apk\u0101rt\u0113j\u0101s vides ietekm\u0113.<\/p>\n<p class=\"small\">Produkts uzst\u0101d\u012bts 2021.gada j\u016bnij\u0101 projekta \u00abSpecifisku un individualiz\u0113tu p\u0101rkl\u0101jumu izstr\u0101de koksnes pl\u0101tn\u0113m\u00bb, kas tiek \u012bstenots SIA \u201cMe\u017ea Nozares Kompetences Centrs\u201d un Centr\u0101l\u0101s finan\u0161u un l\u012bgumu a\u0123ent\u016bras 2019. gada 17. apr\u012bl\u012b nosl\u0113gt\u0101 l\u012bguma Nr. 1.2.1.1\/18\/A\/004 ietvaros.<\/p>\n            <\/div>\n        <\/div>\n    <\/div>\n    <\/section>\n","protected":false},"excerpt":{"rendered":"","protected":false},"author":1,"featured_media":0,"parent":8367,"menu_order":0,"comment_status":"closed","ping_status":"closed","template":"","meta":{"_acf_changed":false,"footnotes":""},"categories":[1],"class_list":["post-8386","page","type-page","status-publish","hentry","category-visi-jaunumi"],"acf":[],"yoast_head":"<!-- This site is optimized with the Yoast SEO Premium plugin v27.2 (Yoast SEO v27.2) - https:\/\/yoast.com\/product\/yoast-seo-premium-wordpress\/ -->\n<title>Riga Preprime Caparol Capadur Wetterschutzfarbe NQG - Latvijas Finieris<\/title>\n<meta name=\"description\" content=\"Gatavojies rudenim ar Caparol Capadur Wetterschutzfarbe NQG - kr\u0101su, kas pasarg\u0101s koka virsmas. Ton\u0113jama ar Caparol Color Express sist\u0113mu.\" \/>\n<meta name=\"robots\" content=\"index, follow, max-snippet:-1, max-image-preview:large, max-video-preview:-1\" \/>\n<link rel=\"canonical\" href=\"https:\/\/www.finieris.com\/lv\/produkti-un-pakalpojumi\/petnieciba-un-attistiba\/bolderajas-projekts\/riga-preprime\/riga-preprime-caparol-capadur-wetterschutzfarbe-nqg\/\" \/>\n<meta property=\"og:locale\" content=\"lv_LV\" \/>\n<meta property=\"og:type\" content=\"article\" \/>\n<meta property=\"og:title\" content=\"Riga Preprime Caparol Capadur Wetterschutzfarbe NQG\" \/>\n<meta property=\"og:description\" content=\"Gatavojies rudenim ar Caparol Capadur Wetterschutzfarbe NQG - kr\u0101su, kas pasarg\u0101s koka virsmas. Ton\u0113jama ar Caparol Color Express sist\u0113mu.\" \/>\n<meta property=\"og:url\" content=\"https:\/\/www.finieris.com\/lv\/produkti-un-pakalpojumi\/petnieciba-un-attistiba\/bolderajas-projekts\/riga-preprime\/riga-preprime-caparol-capadur-wetterschutzfarbe-nqg\/\" \/>\n<meta property=\"og:site_name\" content=\"Latvijas Finieris\" \/>\n<meta property=\"article:publisher\" content=\"https:\/\/www.facebook.com\/Finieris\/\" \/>\n<meta property=\"article:modified_time\" content=\"2024-07-02T09:44:38+00:00\" \/>\n<meta name=\"twitter:card\" content=\"summary_large_image\" \/>\n<meta name=\"twitter:label1\" content=\"Est. reading time\" \/>\n\t<meta name=\"twitter:data1\" content=\"3 minutes\" \/>\n<script type=\"application\/ld+json\" class=\"yoast-schema-graph\">{\"@context\":\"https:\/\/schema.org\",\"@graph\":[{\"@type\":\"WebPage\",\"@id\":\"https:\/\/www.finieris.com\/lv\/produkti-un-pakalpojumi\/petnieciba-un-attistiba\/bolderajas-projekts\/riga-preprime\/riga-preprime-caparol-capadur-wetterschutzfarbe-nqg\/\",\"url\":\"https:\/\/www.finieris.com\/lv\/produkti-un-pakalpojumi\/petnieciba-un-attistiba\/bolderajas-projekts\/riga-preprime\/riga-preprime-caparol-capadur-wetterschutzfarbe-nqg\/\",\"name\":\"Riga Preprime Caparol Capadur Wetterschutzfarbe NQG - Latvijas Finieris\",\"isPartOf\":{\"@id\":\"https:\/\/www.finieris.com\/lv\/#website\"},\"datePublished\":\"2024-05-29T07:19:41+00:00\",\"dateModified\":\"2024-07-02T09:44:38+00:00\",\"description\":\"Gatavojies rudenim ar Caparol Capadur Wetterschutzfarbe NQG - kr\u0101su, kas pasarg\u0101s koka virsmas. Ton\u0113jama ar Caparol Color Express sist\u0113mu.\",\"breadcrumb\":{\"@id\":\"https:\/\/www.finieris.com\/lv\/produkti-un-pakalpojumi\/petnieciba-un-attistiba\/bolderajas-projekts\/riga-preprime\/riga-preprime-caparol-capadur-wetterschutzfarbe-nqg\/#breadcrumb\"},\"inLanguage\":\"lv-LV\",\"potentialAction\":[{\"@type\":\"ReadAction\",\"target\":[\"https:\/\/www.finieris.com\/lv\/produkti-un-pakalpojumi\/petnieciba-un-attistiba\/bolderajas-projekts\/riga-preprime\/riga-preprime-caparol-capadur-wetterschutzfarbe-nqg\/\"]}]},{\"@type\":\"BreadcrumbList\",\"@id\":\"https:\/\/www.finieris.com\/lv\/produkti-un-pakalpojumi\/petnieciba-un-attistiba\/bolderajas-projekts\/riga-preprime\/riga-preprime-caparol-capadur-wetterschutzfarbe-nqg\/#breadcrumb\",\"itemListElement\":[{\"@type\":\"ListItem\",\"position\":1,\"name\":\"Home\",\"item\":\"https:\/\/www.finieris.com\/lv\/\"},{\"@type\":\"ListItem\",\"position\":2,\"name\":\"Produkti un pakalpojumi\",\"item\":\"https:\/\/www.finieris.com\/lv\/produkti-un-pakalpojumi\/\"},{\"@type\":\"ListItem\",\"position\":3,\"name\":\"P\u0113tniec\u012bba un att\u012bst\u012bba\",\"item\":\"https:\/\/www.finieris.com\/lv\/produkti-un-pakalpojumi\/petnieciba-un-attistiba\/\"},{\"@type\":\"ListItem\",\"position\":4,\"name\":\"Bolder\u0101jas Projekts\",\"item\":\"https:\/\/www.finieris.com\/lv\/produkti-un-pakalpojumi\/petnieciba-un-attistiba\/bolderajas-projekts\/\"},{\"@type\":\"ListItem\",\"position\":5,\"name\":\"Riga Preprime\",\"item\":\"https:\/\/www.finieris.com\/lv\/produkti-un-pakalpojumi\/petnieciba-un-attistiba\/bolderajas-projekts\/riga-preprime\/\"},{\"@type\":\"ListItem\",\"position\":6,\"name\":\"Riga Preprime Caparol Capadur Wetterschutzfarbe NQG\"}]},{\"@type\":\"WebSite\",\"@id\":\"https:\/\/www.finieris.com\/lv\/#website\",\"url\":\"https:\/\/www.finieris.com\/lv\/\",\"name\":\"Latvijas Finieris\",\"description\":\"Leading the way in sustainable forestry\",\"publisher\":{\"@id\":\"https:\/\/www.finieris.com\/lv\/#organization\"},\"potentialAction\":[{\"@type\":\"SearchAction\",\"target\":{\"@type\":\"EntryPoint\",\"urlTemplate\":\"https:\/\/www.finieris.com\/lv\/?s={search_term_string}\"},\"query-input\":{\"@type\":\"PropertyValueSpecification\",\"valueRequired\":true,\"valueName\":\"search_term_string\"}}],\"inLanguage\":\"lv-LV\"},{\"@type\":\"Organization\",\"@id\":\"https:\/\/www.finieris.com\/lv\/#organization\",\"name\":\"Latvijas Finieris\",\"alternateName\":\"Riga Wood\",\"url\":\"https:\/\/www.finieris.com\/lv\/\",\"logo\":{\"@type\":\"ImageObject\",\"inLanguage\":\"lv-LV\",\"@id\":\"https:\/\/www.finieris.com\/lv\/#\/schema\/logo\/image\/\",\"url\":\"https:\/\/www.finieris.com\/wp-content\/uploads\/2023\/08\/finieris-logo.svg\",\"contentUrl\":\"https:\/\/www.finieris.com\/wp-content\/uploads\/2023\/08\/finieris-logo.svg\",\"width\":1,\"height\":1,\"caption\":\"Latvijas Finieris\"},\"image\":{\"@id\":\"https:\/\/www.finieris.com\/lv\/#\/schema\/logo\/image\/\"},\"sameAs\":[\"https:\/\/www.facebook.com\/Finieris\/\",\"https:\/\/lv.linkedin.com\/company\/latvijas-finieris\",\"https:\/\/www.youtube.com\/c\/LatvijasFinierisAS\"]}]}<\/script>\n<!-- \/ Yoast SEO Premium plugin. -->","yoast_head_json":{"title":"Riga Preprime Caparol Capadur Wetterschutzfarbe NQG - Latvijas Finieris","description":"Gatavojies rudenim ar Caparol Capadur Wetterschutzfarbe NQG - kr\u0101su, kas pasarg\u0101s koka virsmas. Ton\u0113jama ar Caparol Color Express sist\u0113mu.","robots":{"index":"index","follow":"follow","max-snippet":"max-snippet:-1","max-image-preview":"max-image-preview:large","max-video-preview":"max-video-preview:-1"},"canonical":"https:\/\/www.finieris.com\/lv\/produkti-un-pakalpojumi\/petnieciba-un-attistiba\/bolderajas-projekts\/riga-preprime\/riga-preprime-caparol-capadur-wetterschutzfarbe-nqg\/","og_locale":"lv_LV","og_type":"article","og_title":"Riga Preprime Caparol Capadur Wetterschutzfarbe NQG","og_description":"Gatavojies rudenim ar Caparol Capadur Wetterschutzfarbe NQG - kr\u0101su, kas pasarg\u0101s koka virsmas. Ton\u0113jama ar Caparol Color Express sist\u0113mu.","og_url":"https:\/\/www.finieris.com\/lv\/produkti-un-pakalpojumi\/petnieciba-un-attistiba\/bolderajas-projekts\/riga-preprime\/riga-preprime-caparol-capadur-wetterschutzfarbe-nqg\/","og_site_name":"Latvijas Finieris","article_publisher":"https:\/\/www.facebook.com\/Finieris\/","article_modified_time":"2024-07-02T09:44:38+00:00","twitter_card":"summary_large_image","twitter_misc":{"Est. reading time":"3 minutes"},"schema":{"@context":"https:\/\/schema.org","@graph":[{"@type":"WebPage","@id":"https:\/\/www.finieris.com\/lv\/produkti-un-pakalpojumi\/petnieciba-un-attistiba\/bolderajas-projekts\/riga-preprime\/riga-preprime-caparol-capadur-wetterschutzfarbe-nqg\/","url":"https:\/\/www.finieris.com\/lv\/produkti-un-pakalpojumi\/petnieciba-un-attistiba\/bolderajas-projekts\/riga-preprime\/riga-preprime-caparol-capadur-wetterschutzfarbe-nqg\/","name":"Riga Preprime Caparol Capadur Wetterschutzfarbe NQG - Latvijas Finieris","isPartOf":{"@id":"https:\/\/www.finieris.com\/lv\/#website"},"datePublished":"2024-05-29T07:19:41+00:00","dateModified":"2024-07-02T09:44:38+00:00","description":"Gatavojies rudenim ar Caparol Capadur Wetterschutzfarbe NQG - kr\u0101su, kas pasarg\u0101s koka virsmas. Ton\u0113jama ar Caparol Color Express sist\u0113mu.","breadcrumb":{"@id":"https:\/\/www.finieris.com\/lv\/produkti-un-pakalpojumi\/petnieciba-un-attistiba\/bolderajas-projekts\/riga-preprime\/riga-preprime-caparol-capadur-wetterschutzfarbe-nqg\/#breadcrumb"},"inLanguage":"lv-LV","potentialAction":[{"@type":"ReadAction","target":["https:\/\/www.finieris.com\/lv\/produkti-un-pakalpojumi\/petnieciba-un-attistiba\/bolderajas-projekts\/riga-preprime\/riga-preprime-caparol-capadur-wetterschutzfarbe-nqg\/"]}]},{"@type":"BreadcrumbList","@id":"https:\/\/www.finieris.com\/lv\/produkti-un-pakalpojumi\/petnieciba-un-attistiba\/bolderajas-projekts\/riga-preprime\/riga-preprime-caparol-capadur-wetterschutzfarbe-nqg\/#breadcrumb","itemListElement":[{"@type":"ListItem","position":1,"name":"Home","item":"https:\/\/www.finieris.com\/lv\/"},{"@type":"ListItem","position":2,"name":"Produkti un pakalpojumi","item":"https:\/\/www.finieris.com\/lv\/produkti-un-pakalpojumi\/"},{"@type":"ListItem","position":3,"name":"P\u0113tniec\u012bba un att\u012bst\u012bba","item":"https:\/\/www.finieris.com\/lv\/produkti-un-pakalpojumi\/petnieciba-un-attistiba\/"},{"@type":"ListItem","position":4,"name":"Bolder\u0101jas Projekts","item":"https:\/\/www.finieris.com\/lv\/produkti-un-pakalpojumi\/petnieciba-un-attistiba\/bolderajas-projekts\/"},{"@type":"ListItem","position":5,"name":"Riga Preprime","item":"https:\/\/www.finieris.com\/lv\/produkti-un-pakalpojumi\/petnieciba-un-attistiba\/bolderajas-projekts\/riga-preprime\/"},{"@type":"ListItem","position":6,"name":"Riga Preprime Caparol Capadur Wetterschutzfarbe NQG"}]},{"@type":"WebSite","@id":"https:\/\/www.finieris.com\/lv\/#website","url":"https:\/\/www.finieris.com\/lv\/","name":"Latvijas Finieris","description":"Leading the way in sustainable forestry","publisher":{"@id":"https:\/\/www.finieris.com\/lv\/#organization"},"potentialAction":[{"@type":"SearchAction","target":{"@type":"EntryPoint","urlTemplate":"https:\/\/www.finieris.com\/lv\/?s={search_term_string}"},"query-input":{"@type":"PropertyValueSpecification","valueRequired":true,"valueName":"search_term_string"}}],"inLanguage":"lv-LV"},{"@type":"Organization","@id":"https:\/\/www.finieris.com\/lv\/#organization","name":"Latvijas Finieris","alternateName":"Riga Wood","url":"https:\/\/www.finieris.com\/lv\/","logo":{"@type":"ImageObject","inLanguage":"lv-LV","@id":"https:\/\/www.finieris.com\/lv\/#\/schema\/logo\/image\/","url":"https:\/\/www.finieris.com\/wp-content\/uploads\/2023\/08\/finieris-logo.svg","contentUrl":"https:\/\/www.finieris.com\/wp-content\/uploads\/2023\/08\/finieris-logo.svg","width":1,"height":1,"caption":"Latvijas Finieris"},"image":{"@id":"https:\/\/www.finieris.com\/lv\/#\/schema\/logo\/image\/"},"sameAs":["https:\/\/www.facebook.com\/Finieris\/","https:\/\/lv.linkedin.com\/company\/latvijas-finieris","https:\/\/www.youtube.com\/c\/LatvijasFinierisAS"]}]}},"_links":{"self":[{"href":"https:\/\/www.finieris.com\/lv\/wp-json\/wp\/v2\/pages\/8386","targetHints":{"allow":["GET"]}}],"collection":[{"href":"https:\/\/www.finieris.com\/lv\/wp-json\/wp\/v2\/pages"}],"about":[{"href":"https:\/\/www.finieris.com\/lv\/wp-json\/wp\/v2\/types\/page"}],"author":[{"embeddable":true,"href":"https:\/\/www.finieris.com\/lv\/wp-json\/wp\/v2\/users\/1"}],"replies":[{"embeddable":true,"href":"https:\/\/www.finieris.com\/lv\/wp-json\/wp\/v2\/comments?post=8386"}],"version-history":[{"count":7,"href":"https:\/\/www.finieris.com\/lv\/wp-json\/wp\/v2\/pages\/8386\/revisions"}],"predecessor-version":[{"id":11379,"href":"https:\/\/www.finieris.com\/lv\/wp-json\/wp\/v2\/pages\/8386\/revisions\/11379"}],"up":[{"embeddable":true,"href":"https:\/\/www.finieris.com\/lv\/wp-json\/wp\/v2\/pages\/8367"}],"wp:attachment":[{"href":"https:\/\/www.finieris.com\/lv\/wp-json\/wp\/v2\/media?parent=8386"}],"wp:term":[{"taxonomy":"category","embeddable":true,"href":"https:\/\/www.finieris.com\/lv\/wp-json\/wp\/v2\/categories?post=8386"}],"curies":[{"name":"wp","href":"https:\/\/api.w.org\/{rel}","templated":true}]}}