{"id":8374,"date":"2024-05-29T09:15:18","date_gmt":"2024-05-29T06:15:18","guid":{"rendered":"https:\/\/www.finieris.com\/?page_id=8374"},"modified":"2024-10-08T08:21:44","modified_gmt":"2024-10-08T05:21:44","slug":"bolderajas-projekts","status":"publish","type":"page","link":"https:\/\/www.finieris.com\/lv\/produkti-un-pakalpojumi\/petnieciba-un-attistiba\/bolderajas-projekts\/","title":{"rendered":"Bolder\u0101jas Projekts"},"content":{"rendered":"<section id=\"written-content-block_e43049f3eb7ed113e4dff820ee85ff40\" class=\"block written-content bg-white pt-zero pb-zero\"\n    >\n        <div class=\"container\" data-aos=\"fade-up\" data-aos-once=\"true\" data-aos-duration=\"500\">\n        <div class=\"row\">\n                        <div class=\"col col-md-9\">\n                <div><img decoding=\"async\" class=\"aligncenter\" src=\"https:\/\/www.finieris.com\/wp-content\/uploads\/2024\/10\/ieguldijums_tava_nakotne.jpg\" \/><\/div>\n<div>M\u016bsu pl\u0101t\u0146u nam\u0101 \u201cBolder\u0101ja\u201d (iepriek\u0161 \u201cGaigalava\u201d) esam uzs\u0101ku\u0161i da\u017e\u0101da veida p\u0101rkl\u0101jumu un apdares sist\u0113mu ilgiztur\u012bbas p\u0113t\u012bjumu \u0101r\u0101 apst\u0101k\u013cos.<\/div>\n<div><\/div>\n<div>B\u0113rza sapl\u0101k\u0161\u0146a pl\u0101tnes ar vair\u0101k k\u0101 70 at\u0161\u0137ir\u012bgiem apdares un parkl\u0101jumu veidiem ir izvietotas uz 3 \u0113kas sien\u0101m \u2013 dienvidu, zieme\u013cu un austrumu pus\u0113s. \u0160\u0101d\u0101 veid\u0101 m\u0113s var\u0113sim nov\u0113rt\u0113t un sekot l\u012bdzi, k\u0101 b\u0113rza sapl\u0101ksni ietekm\u0113 UV starojums un siltums dienvidu pus\u0113, liel\u0101ks mitruma l\u012bmenis un maz\u0101k saules zieme\u013cu pus\u0113, kas palielina s\u0113\u0146u inv\u0101zijas risku, savuk\u0101rt austrumu puses siena b\u016bs neitr\u0101la poz\u012bcija.<\/div>\n<div>\n<hr class=\"small\" \/>\n<\/div>\n<h6>Esam dro\u0161i, ka p\u0113t\u012bjuma gait\u0101 ieg\u016btie rezult\u0101ti dos noz\u012bm\u012bgu pienesumu t\u0101l\u0101kai produktu att\u012bst\u012bbai.<\/h6>\n<div>\n<hr class=\"small\" \/>\n<div>Pl\u0101t\u0146u nama \u201cBolder\u0101ja\u201d eksperiment\u0101l\u0101s sienas m\u0113r\u0137is ir veikt ilgtermi\u0146a p\u0113t\u012bjumus.<\/div>\n<div>Latvijas Finieris nedod garantijas min\u0113to materi\u0101lu virsmas notur\u012bbai \u0101ra apst\u0101k\u013cos. Produkcijas gala lietot\u0101js uz\u0146emas atbild\u012bbu par produktu izmanto\u0161anu un ar to saist\u012btiem defektiem, kas var rasties neiev\u0113rojot produkta aprakst\u0101 min\u0113t\u0101s specifik\u0101cijas, sagatavojot un apstr\u0101d\u0101jot virsmu ar min\u0113to produktu, k\u0101 ar\u012b apk\u0101rt\u0113j\u0101s vides ietekm\u0113.Projekts tiek \u012bstenots Latvijas vied\u0101s specializ\u0101cijas strat\u0113\u0123ijas jom\u0101 \u2013 \u201cZin\u0101\u0161anu ietilp\u012bga bioekonomika\u201d, apak\u0161jom\u0101 \u2013 \u201cInovat\u012bvi risin\u0101jumi me\u017esaimniec\u012bbai un kokapstr\u0101d\u0113\u201d.<\/div>\n<div>P\u0113tniec\u012bbas projekta nosaukums: Me\u017ea nozares kompetences centrs.<\/div>\n<div>Projekts Nr. 1.2.1.1\/18\/A\/004<\/div>\n<\/div>\n            <\/div>\n        <\/div>\n    <\/div>\n    <\/section>\n\n\n<section id=\"post-list-by-category-block_74ef7673704d53abe247557900b82a41\" class=\"block post-list-by-category bg-white pt-zero\"\n    >\n    <div class=\"container\">\n        <div class=\"row\">\n                        <div class=\"col\">\n                <div class=\"post-list-by-category-items\">                        <div class=\"post-list-by-category-item\">\n                            <a href=\"https:\/\/www.finieris.com\/lv\/produkti-un-pakalpojumi\/petnieciba-un-attistiba\/bolderajas-projekts\/riga-preprime\/\">\n                                                                    <div class=\"post-list-by-category-item-image\">\n                                        <img decoding=\"async\" width=\"300\" height=\"200\" src=\"https:\/\/www.finieris.com\/wp-content\/uploads\/2023\/11\/Riga-Preprime-300x200.jpg\" class=\"attachment-medium size-medium wp-post-image\" alt=\"Riga Preprime\" srcset=\"https:\/\/www.finieris.com\/wp-content\/uploads\/2023\/11\/Riga-Preprime-300x200.jpg 300w, https:\/\/www.finieris.com\/wp-content\/uploads\/2023\/11\/Riga-Preprime-1024x681.jpg 1024w, https:\/\/www.finieris.com\/wp-content\/uploads\/2023\/11\/Riga-Preprime-768x511.jpg 768w, https:\/\/www.finieris.com\/wp-content\/uploads\/2023\/11\/Riga-Preprime-1536x1022.jpg 1536w, https:\/\/www.finieris.com\/wp-content\/uploads\/2023\/11\/Riga-Preprime-2048x1363.jpg 2048w, https:\/\/www.finieris.com\/wp-content\/uploads\/2023\/11\/Riga-Preprime-600x399.jpg 600w\" sizes=\"(max-width: 300px) 100vw, 300px\" \/>                                    <\/div>\n                                                                <h4>Riga Preprime<\/h4>\n                                                                                            <\/a>\n                        <\/div>\n                                            <div class=\"post-list-by-category-item\">\n                            <a href=\"https:\/\/www.finieris.com\/lv\/produkti-un-pakalpojumi\/petnieciba-un-attistiba\/bolderajas-projekts\/riga-ply\/\">\n                                                                    <div class=\"post-list-by-category-item-image\">\n                                        <img decoding=\"async\" width=\"300\" height=\"200\" src=\"https:\/\/www.finieris.com\/wp-content\/uploads\/2023\/11\/Riga-Ply-300x200.jpg\" class=\"attachment-medium size-medium wp-post-image\" alt=\"Riga Ply\" srcset=\"https:\/\/www.finieris.com\/wp-content\/uploads\/2023\/11\/Riga-Ply-300x200.jpg 300w, https:\/\/www.finieris.com\/wp-content\/uploads\/2023\/11\/Riga-Ply-1024x681.jpg 1024w, https:\/\/www.finieris.com\/wp-content\/uploads\/2023\/11\/Riga-Ply-768x511.jpg 768w, https:\/\/www.finieris.com\/wp-content\/uploads\/2023\/11\/Riga-Ply-1536x1022.jpg 1536w, https:\/\/www.finieris.com\/wp-content\/uploads\/2023\/11\/Riga-Ply-2048x1363.jpg 2048w, https:\/\/www.finieris.com\/wp-content\/uploads\/2023\/11\/Riga-Ply-600x399.jpg 600w\" sizes=\"(max-width: 300px) 100vw, 300px\" \/>                                    <\/div>\n                                                                <h4>Riga Ply<\/h4>\n                                                                                            <\/a>\n                        <\/div>\n                                            <div class=\"post-list-by-category-item\">\n                            <a href=\"https:\/\/www.finieris.com\/lv\/produkti-un-pakalpojumi\/petnieciba-un-attistiba\/bolderajas-projekts\/riga-form\/\">\n                                                                    <div class=\"post-list-by-category-item-image\">\n                                        <img decoding=\"async\" width=\"300\" height=\"200\" src=\"https:\/\/www.finieris.com\/wp-content\/uploads\/2023\/11\/Riga-Form_Black-300x200.jpg\" class=\"attachment-medium size-medium wp-post-image\" alt=\"Riga Form melns\" srcset=\"https:\/\/www.finieris.com\/wp-content\/uploads\/2023\/11\/Riga-Form_Black-300x200.jpg 300w, https:\/\/www.finieris.com\/wp-content\/uploads\/2023\/11\/Riga-Form_Black-1024x681.jpg 1024w, https:\/\/www.finieris.com\/wp-content\/uploads\/2023\/11\/Riga-Form_Black-768x511.jpg 768w, https:\/\/www.finieris.com\/wp-content\/uploads\/2023\/11\/Riga-Form_Black-1536x1022.jpg 1536w, https:\/\/www.finieris.com\/wp-content\/uploads\/2023\/11\/Riga-Form_Black-2048x1363.jpg 2048w, https:\/\/www.finieris.com\/wp-content\/uploads\/2023\/11\/Riga-Form_Black-600x399.jpg 600w\" sizes=\"(max-width: 300px) 100vw, 300px\" \/>                                    <\/div>\n                                                                <h4>Riga Form<\/h4>\n                                                                                            <\/a>\n                        <\/div>\n                                            <div class=\"post-list-by-category-item\">\n                            <a href=\"https:\/\/www.finieris.com\/lv\/produkti-un-pakalpojumi\/petnieciba-un-attistiba\/bolderajas-projekts\/riga-mel\/\">\n                                                                    <div class=\"post-list-by-category-item-image\">\n                                        <img decoding=\"async\" width=\"300\" height=\"200\" src=\"https:\/\/www.finieris.com\/wp-content\/uploads\/2023\/11\/Riga-Mel_White-300x200.jpg\" class=\"attachment-medium size-medium wp-post-image\" alt=\"Riga Mel balts\" srcset=\"https:\/\/www.finieris.com\/wp-content\/uploads\/2023\/11\/Riga-Mel_White-300x200.jpg 300w, https:\/\/www.finieris.com\/wp-content\/uploads\/2023\/11\/Riga-Mel_White-1024x681.jpg 1024w, https:\/\/www.finieris.com\/wp-content\/uploads\/2023\/11\/Riga-Mel_White-768x511.jpg 768w, https:\/\/www.finieris.com\/wp-content\/uploads\/2023\/11\/Riga-Mel_White-1536x1022.jpg 1536w, https:\/\/www.finieris.com\/wp-content\/uploads\/2023\/11\/Riga-Mel_White-2048x1362.jpg 2048w, https:\/\/www.finieris.com\/wp-content\/uploads\/2023\/11\/Riga-Mel_White-600x399.jpg 600w\" sizes=\"(max-width: 300px) 100vw, 300px\" \/>                                    <\/div>\n                                                                <h4>Riga Mel<\/h4>\n                                                                                            <\/a>\n                        <\/div>\n                                            <div class=\"post-list-by-category-item\">\n                            <a href=\"https:\/\/www.finieris.com\/lv\/produkti-un-pakalpojumi\/petnieciba-un-attistiba\/bolderajas-projekts\/riga-timber\/\">\n                                                                    <div class=\"post-list-by-category-item-image\">\n                                        <img decoding=\"async\" width=\"300\" height=\"200\" src=\"https:\/\/www.finieris.com\/wp-content\/uploads\/2023\/11\/Riga-Timber_Yellow-300x200.jpg\" class=\"attachment-medium size-medium wp-post-image\" alt=\"Riga Timber dzeltens\" srcset=\"https:\/\/www.finieris.com\/wp-content\/uploads\/2023\/11\/Riga-Timber_Yellow-300x200.jpg 300w, https:\/\/www.finieris.com\/wp-content\/uploads\/2023\/11\/Riga-Timber_Yellow-1024x681.jpg 1024w, https:\/\/www.finieris.com\/wp-content\/uploads\/2023\/11\/Riga-Timber_Yellow-768x511.jpg 768w, https:\/\/www.finieris.com\/wp-content\/uploads\/2023\/11\/Riga-Timber_Yellow-1536x1022.jpg 1536w, https:\/\/www.finieris.com\/wp-content\/uploads\/2023\/11\/Riga-Timber_Yellow-2048x1362.jpg 2048w, https:\/\/www.finieris.com\/wp-content\/uploads\/2023\/11\/Riga-Timber_Yellow-600x399.jpg 600w\" sizes=\"(max-width: 300px) 100vw, 300px\" \/>                                    <\/div>\n                                                                <h4>Riga Timber<\/h4>\n                                                                                            <\/a>\n                        <\/div>\n                                            <div class=\"post-list-by-category-item\">\n                            <a href=\"https:\/\/www.finieris.com\/lv\/produkti-un-pakalpojumi\/petnieciba-un-attistiba\/bolderajas-projekts\/riga-composite\/\">\n                                                                    <div class=\"post-list-by-category-item-image\">\n                                        <img decoding=\"async\" width=\"300\" height=\"200\" src=\"https:\/\/www.finieris.com\/wp-content\/uploads\/2023\/11\/Riga-Composite-PPL_Black-300x200.jpg\" class=\"attachment-medium size-medium wp-post-image\" alt=\"Riga Composite PPL melns\" srcset=\"https:\/\/www.finieris.com\/wp-content\/uploads\/2023\/11\/Riga-Composite-PPL_Black-300x200.jpg 300w, https:\/\/www.finieris.com\/wp-content\/uploads\/2023\/11\/Riga-Composite-PPL_Black-1024x681.jpg 1024w, https:\/\/www.finieris.com\/wp-content\/uploads\/2023\/11\/Riga-Composite-PPL_Black-768x511.jpg 768w, https:\/\/www.finieris.com\/wp-content\/uploads\/2023\/11\/Riga-Composite-PPL_Black-1536x1022.jpg 1536w, https:\/\/www.finieris.com\/wp-content\/uploads\/2023\/11\/Riga-Composite-PPL_Black-2048x1363.jpg 2048w, https:\/\/www.finieris.com\/wp-content\/uploads\/2023\/11\/Riga-Composite-PPL_Black-600x399.jpg 600w\" sizes=\"(max-width: 300px) 100vw, 300px\" \/>                                    <\/div>\n                                                                <h4>Riga Composite<\/h4>\n                                                                                            <\/a>\n                        <\/div>\n                                            <div class=\"post-list-by-category-item\">\n                            <a href=\"https:\/\/www.finieris.com\/lv\/produkti-un-pakalpojumi\/petnieciba-un-attistiba\/bolderajas-projekts\/eksperimentalais-paraugs\/\">\n                                                                    <div class=\"post-list-by-category-item-image\">\n                                        <img decoding=\"async\" width=\"300\" height=\"200\" src=\"https:\/\/www.finieris.com\/wp-content\/uploads\/2023\/11\/Riga-Mel_Transparent-300x200.jpg\" class=\"attachment-medium size-medium wp-post-image\" alt=\"Riga Mel bezkr\u0101sains\" srcset=\"https:\/\/www.finieris.com\/wp-content\/uploads\/2023\/11\/Riga-Mel_Transparent-300x200.jpg 300w, https:\/\/www.finieris.com\/wp-content\/uploads\/2023\/11\/Riga-Mel_Transparent-1024x681.jpg 1024w, https:\/\/www.finieris.com\/wp-content\/uploads\/2023\/11\/Riga-Mel_Transparent-768x511.jpg 768w, https:\/\/www.finieris.com\/wp-content\/uploads\/2023\/11\/Riga-Mel_Transparent-1536x1022.jpg 1536w, https:\/\/www.finieris.com\/wp-content\/uploads\/2023\/11\/Riga-Mel_Transparent-2048x1363.jpg 2048w, https:\/\/www.finieris.com\/wp-content\/uploads\/2023\/11\/Riga-Mel_Transparent-600x399.jpg 600w\" sizes=\"(max-width: 300px) 100vw, 300px\" \/>                                    <\/div>\n                                                                <h4>Eksperiment\u0101lais paraugs<\/h4>\n                                                                                            <\/a>\n                        <\/div>\n                                            <div class=\"post-list-by-category-item\">\n                            <a href=\"https:\/\/www.finieris.com\/lv\/produkti-un-pakalpojumi\/petnieciba-un-attistiba\/bolderajas-projekts\/riga-decor\/\">\n                                                                    <div class=\"post-list-by-category-item-image\">\n                                        <img decoding=\"async\" width=\"300\" height=\"200\" src=\"https:\/\/www.finieris.com\/wp-content\/uploads\/2023\/11\/Riga-Decor_Oak-300x200.jpg\" class=\"attachment-medium size-medium wp-post-image\" alt=\"Riga Decor ozols\" srcset=\"https:\/\/www.finieris.com\/wp-content\/uploads\/2023\/11\/Riga-Decor_Oak-300x200.jpg 300w, https:\/\/www.finieris.com\/wp-content\/uploads\/2023\/11\/Riga-Decor_Oak-1024x681.jpg 1024w, https:\/\/www.finieris.com\/wp-content\/uploads\/2023\/11\/Riga-Decor_Oak-768x511.jpg 768w, https:\/\/www.finieris.com\/wp-content\/uploads\/2023\/11\/Riga-Decor_Oak-1536x1022.jpg 1536w, https:\/\/www.finieris.com\/wp-content\/uploads\/2023\/11\/Riga-Decor_Oak-2048x1363.jpg 2048w, https:\/\/www.finieris.com\/wp-content\/uploads\/2023\/11\/Riga-Decor_Oak-600x399.jpg 600w\" sizes=\"(max-width: 300px) 100vw, 300px\" \/>                                    <\/div>\n                                                                <h4>Riga Decor<\/h4>\n                                                                                            <\/a>\n                        <\/div>\n                    <\/div>            <\/div>\n        <\/div>\n    <\/div>\n<\/section>","protected":false},"excerpt":{"rendered":"","protected":false},"author":1,"featured_media":0,"parent":5469,"menu_order":0,"comment_status":"closed","ping_status":"closed","template":"","meta":{"_acf_changed":false,"footnotes":""},"categories":[1],"class_list":["post-8374","page","type-page","status-publish","hentry","category-visi-jaunumi"],"acf":[],"yoast_head":"<!-- This site is optimized with the Yoast SEO Premium plugin v27.2 (Yoast SEO v27.2) - https:\/\/yoast.com\/product\/yoast-seo-premium-wordpress\/ -->\n<title>Bolder\u0101jas Projekts - Latvijas Finieris<\/title>\n<meta name=\"description\" content=\"Ilgtermi\u0146a p\u0113t\u012bjumi par apdares sist\u0113mu notur\u012bbu \u0101r\u0101 apst\u0101k\u013cos. Latvijas Finiera Bolder\u0101jas Projekts un nov\u0113rt\u0113jumi par sapl\u0101k\u0161\u0146u virsmas iztur\u012bbu.\" \/>\n<meta name=\"robots\" content=\"index, follow, max-snippet:-1, max-image-preview:large, max-video-preview:-1\" \/>\n<link rel=\"canonical\" href=\"https:\/\/www.finieris.com\/lv\/produkti-un-pakalpojumi\/petnieciba-un-attistiba\/bolderajas-projekts\/\" \/>\n<meta property=\"og:locale\" content=\"lv_LV\" \/>\n<meta property=\"og:type\" content=\"article\" \/>\n<meta property=\"og:title\" content=\"Bolder\u0101jas Projekts\" \/>\n<meta property=\"og:description\" content=\"Ilgtermi\u0146a p\u0113t\u012bjumi par apdares sist\u0113mu notur\u012bbu \u0101r\u0101 apst\u0101k\u013cos. Latvijas Finiera Bolder\u0101jas Projekts un nov\u0113rt\u0113jumi par sapl\u0101k\u0161\u0146u virsmas iztur\u012bbu.\" \/>\n<meta property=\"og:url\" content=\"https:\/\/www.finieris.com\/lv\/produkti-un-pakalpojumi\/petnieciba-un-attistiba\/bolderajas-projekts\/\" \/>\n<meta property=\"og:site_name\" content=\"Latvijas Finieris\" \/>\n<meta property=\"article:publisher\" content=\"https:\/\/www.facebook.com\/Finieris\/\" \/>\n<meta property=\"article:modified_time\" content=\"2024-10-08T05:21:44+00:00\" \/>\n<meta name=\"twitter:card\" content=\"summary_large_image\" \/>\n<meta name=\"twitter:label1\" content=\"Est. reading time\" \/>\n\t<meta name=\"twitter:data1\" content=\"3 minutes\" \/>\n<script type=\"application\/ld+json\" class=\"yoast-schema-graph\">{\"@context\":\"https:\/\/schema.org\",\"@graph\":[{\"@type\":\"WebPage\",\"@id\":\"https:\/\/www.finieris.com\/lv\/produkti-un-pakalpojumi\/petnieciba-un-attistiba\/bolderajas-projekts\/\",\"url\":\"https:\/\/www.finieris.com\/lv\/produkti-un-pakalpojumi\/petnieciba-un-attistiba\/bolderajas-projekts\/\",\"name\":\"Bolder\u0101jas Projekts - Latvijas Finieris\",\"isPartOf\":{\"@id\":\"https:\/\/www.finieris.com\/lv\/#website\"},\"datePublished\":\"2024-05-29T06:15:18+00:00\",\"dateModified\":\"2024-10-08T05:21:44+00:00\",\"description\":\"Ilgtermi\u0146a p\u0113t\u012bjumi par apdares sist\u0113mu notur\u012bbu \u0101r\u0101 apst\u0101k\u013cos. Latvijas Finiera Bolder\u0101jas Projekts un nov\u0113rt\u0113jumi par sapl\u0101k\u0161\u0146u virsmas iztur\u012bbu.\",\"breadcrumb\":{\"@id\":\"https:\/\/www.finieris.com\/lv\/produkti-un-pakalpojumi\/petnieciba-un-attistiba\/bolderajas-projekts\/#breadcrumb\"},\"inLanguage\":\"lv-LV\",\"potentialAction\":[{\"@type\":\"ReadAction\",\"target\":[\"https:\/\/www.finieris.com\/lv\/produkti-un-pakalpojumi\/petnieciba-un-attistiba\/bolderajas-projekts\/\"]}]},{\"@type\":\"BreadcrumbList\",\"@id\":\"https:\/\/www.finieris.com\/lv\/produkti-un-pakalpojumi\/petnieciba-un-attistiba\/bolderajas-projekts\/#breadcrumb\",\"itemListElement\":[{\"@type\":\"ListItem\",\"position\":1,\"name\":\"Home\",\"item\":\"https:\/\/www.finieris.com\/lv\/\"},{\"@type\":\"ListItem\",\"position\":2,\"name\":\"Produkti un pakalpojumi\",\"item\":\"https:\/\/www.finieris.com\/lv\/produkti-un-pakalpojumi\/\"},{\"@type\":\"ListItem\",\"position\":3,\"name\":\"P\u0113tniec\u012bba un att\u012bst\u012bba\",\"item\":\"https:\/\/www.finieris.com\/lv\/produkti-un-pakalpojumi\/petnieciba-un-attistiba\/\"},{\"@type\":\"ListItem\",\"position\":4,\"name\":\"Bolder\u0101jas Projekts\"}]},{\"@type\":\"WebSite\",\"@id\":\"https:\/\/www.finieris.com\/lv\/#website\",\"url\":\"https:\/\/www.finieris.com\/lv\/\",\"name\":\"Latvijas Finieris\",\"description\":\"Leading the way in sustainable forestry\",\"publisher\":{\"@id\":\"https:\/\/www.finieris.com\/lv\/#organization\"},\"potentialAction\":[{\"@type\":\"SearchAction\",\"target\":{\"@type\":\"EntryPoint\",\"urlTemplate\":\"https:\/\/www.finieris.com\/lv\/?s={search_term_string}\"},\"query-input\":{\"@type\":\"PropertyValueSpecification\",\"valueRequired\":true,\"valueName\":\"search_term_string\"}}],\"inLanguage\":\"lv-LV\"},{\"@type\":\"Organization\",\"@id\":\"https:\/\/www.finieris.com\/lv\/#organization\",\"name\":\"Latvijas Finieris\",\"alternateName\":\"Riga Wood\",\"url\":\"https:\/\/www.finieris.com\/lv\/\",\"logo\":{\"@type\":\"ImageObject\",\"inLanguage\":\"lv-LV\",\"@id\":\"https:\/\/www.finieris.com\/lv\/#\/schema\/logo\/image\/\",\"url\":\"https:\/\/www.finieris.com\/wp-content\/uploads\/2023\/08\/finieris-logo.svg\",\"contentUrl\":\"https:\/\/www.finieris.com\/wp-content\/uploads\/2023\/08\/finieris-logo.svg\",\"width\":1,\"height\":1,\"caption\":\"Latvijas Finieris\"},\"image\":{\"@id\":\"https:\/\/www.finieris.com\/lv\/#\/schema\/logo\/image\/\"},\"sameAs\":[\"https:\/\/www.facebook.com\/Finieris\/\",\"https:\/\/lv.linkedin.com\/company\/latvijas-finieris\",\"https:\/\/www.youtube.com\/c\/LatvijasFinierisAS\"]}]}<\/script>\n<!-- \/ Yoast SEO Premium plugin. -->","yoast_head_json":{"title":"Bolder\u0101jas Projekts - Latvijas Finieris","description":"Ilgtermi\u0146a p\u0113t\u012bjumi par apdares sist\u0113mu notur\u012bbu \u0101r\u0101 apst\u0101k\u013cos. Latvijas Finiera Bolder\u0101jas Projekts un nov\u0113rt\u0113jumi par sapl\u0101k\u0161\u0146u virsmas iztur\u012bbu.","robots":{"index":"index","follow":"follow","max-snippet":"max-snippet:-1","max-image-preview":"max-image-preview:large","max-video-preview":"max-video-preview:-1"},"canonical":"https:\/\/www.finieris.com\/lv\/produkti-un-pakalpojumi\/petnieciba-un-attistiba\/bolderajas-projekts\/","og_locale":"lv_LV","og_type":"article","og_title":"Bolder\u0101jas Projekts","og_description":"Ilgtermi\u0146a p\u0113t\u012bjumi par apdares sist\u0113mu notur\u012bbu \u0101r\u0101 apst\u0101k\u013cos. Latvijas Finiera Bolder\u0101jas Projekts un nov\u0113rt\u0113jumi par sapl\u0101k\u0161\u0146u virsmas iztur\u012bbu.","og_url":"https:\/\/www.finieris.com\/lv\/produkti-un-pakalpojumi\/petnieciba-un-attistiba\/bolderajas-projekts\/","og_site_name":"Latvijas Finieris","article_publisher":"https:\/\/www.facebook.com\/Finieris\/","article_modified_time":"2024-10-08T05:21:44+00:00","twitter_card":"summary_large_image","twitter_misc":{"Est. reading time":"3 minutes"},"schema":{"@context":"https:\/\/schema.org","@graph":[{"@type":"WebPage","@id":"https:\/\/www.finieris.com\/lv\/produkti-un-pakalpojumi\/petnieciba-un-attistiba\/bolderajas-projekts\/","url":"https:\/\/www.finieris.com\/lv\/produkti-un-pakalpojumi\/petnieciba-un-attistiba\/bolderajas-projekts\/","name":"Bolder\u0101jas Projekts - Latvijas Finieris","isPartOf":{"@id":"https:\/\/www.finieris.com\/lv\/#website"},"datePublished":"2024-05-29T06:15:18+00:00","dateModified":"2024-10-08T05:21:44+00:00","description":"Ilgtermi\u0146a p\u0113t\u012bjumi par apdares sist\u0113mu notur\u012bbu \u0101r\u0101 apst\u0101k\u013cos. Latvijas Finiera Bolder\u0101jas Projekts un nov\u0113rt\u0113jumi par sapl\u0101k\u0161\u0146u virsmas iztur\u012bbu.","breadcrumb":{"@id":"https:\/\/www.finieris.com\/lv\/produkti-un-pakalpojumi\/petnieciba-un-attistiba\/bolderajas-projekts\/#breadcrumb"},"inLanguage":"lv-LV","potentialAction":[{"@type":"ReadAction","target":["https:\/\/www.finieris.com\/lv\/produkti-un-pakalpojumi\/petnieciba-un-attistiba\/bolderajas-projekts\/"]}]},{"@type":"BreadcrumbList","@id":"https:\/\/www.finieris.com\/lv\/produkti-un-pakalpojumi\/petnieciba-un-attistiba\/bolderajas-projekts\/#breadcrumb","itemListElement":[{"@type":"ListItem","position":1,"name":"Home","item":"https:\/\/www.finieris.com\/lv\/"},{"@type":"ListItem","position":2,"name":"Produkti un pakalpojumi","item":"https:\/\/www.finieris.com\/lv\/produkti-un-pakalpojumi\/"},{"@type":"ListItem","position":3,"name":"P\u0113tniec\u012bba un att\u012bst\u012bba","item":"https:\/\/www.finieris.com\/lv\/produkti-un-pakalpojumi\/petnieciba-un-attistiba\/"},{"@type":"ListItem","position":4,"name":"Bolder\u0101jas Projekts"}]},{"@type":"WebSite","@id":"https:\/\/www.finieris.com\/lv\/#website","url":"https:\/\/www.finieris.com\/lv\/","name":"Latvijas Finieris","description":"Leading the way in sustainable forestry","publisher":{"@id":"https:\/\/www.finieris.com\/lv\/#organization"},"potentialAction":[{"@type":"SearchAction","target":{"@type":"EntryPoint","urlTemplate":"https:\/\/www.finieris.com\/lv\/?s={search_term_string}"},"query-input":{"@type":"PropertyValueSpecification","valueRequired":true,"valueName":"search_term_string"}}],"inLanguage":"lv-LV"},{"@type":"Organization","@id":"https:\/\/www.finieris.com\/lv\/#organization","name":"Latvijas Finieris","alternateName":"Riga Wood","url":"https:\/\/www.finieris.com\/lv\/","logo":{"@type":"ImageObject","inLanguage":"lv-LV","@id":"https:\/\/www.finieris.com\/lv\/#\/schema\/logo\/image\/","url":"https:\/\/www.finieris.com\/wp-content\/uploads\/2023\/08\/finieris-logo.svg","contentUrl":"https:\/\/www.finieris.com\/wp-content\/uploads\/2023\/08\/finieris-logo.svg","width":1,"height":1,"caption":"Latvijas Finieris"},"image":{"@id":"https:\/\/www.finieris.com\/lv\/#\/schema\/logo\/image\/"},"sameAs":["https:\/\/www.facebook.com\/Finieris\/","https:\/\/lv.linkedin.com\/company\/latvijas-finieris","https:\/\/www.youtube.com\/c\/LatvijasFinierisAS"]}]}},"_links":{"self":[{"href":"https:\/\/www.finieris.com\/lv\/wp-json\/wp\/v2\/pages\/8374","targetHints":{"allow":["GET"]}}],"collection":[{"href":"https:\/\/www.finieris.com\/lv\/wp-json\/wp\/v2\/pages"}],"about":[{"href":"https:\/\/www.finieris.com\/lv\/wp-json\/wp\/v2\/types\/page"}],"author":[{"embeddable":true,"href":"https:\/\/www.finieris.com\/lv\/wp-json\/wp\/v2\/users\/1"}],"replies":[{"embeddable":true,"href":"https:\/\/www.finieris.com\/lv\/wp-json\/wp\/v2\/comments?post=8374"}],"version-history":[{"count":8,"href":"https:\/\/www.finieris.com\/lv\/wp-json\/wp\/v2\/pages\/8374\/revisions"}],"predecessor-version":[{"id":13477,"href":"https:\/\/www.finieris.com\/lv\/wp-json\/wp\/v2\/pages\/8374\/revisions\/13477"}],"up":[{"embeddable":true,"href":"https:\/\/www.finieris.com\/lv\/wp-json\/wp\/v2\/pages\/5469"}],"wp:attachment":[{"href":"https:\/\/www.finieris.com\/lv\/wp-json\/wp\/v2\/media?parent=8374"}],"wp:term":[{"taxonomy":"category","embeddable":true,"href":"https:\/\/www.finieris.com\/lv\/wp-json\/wp\/v2\/categories?post=8374"}],"curies":[{"name":"wp","href":"https:\/\/api.w.org\/{rel}","templated":true}]}}