{"id":5,"date":"2023-08-02T11:09:19","date_gmt":"2023-08-02T08:09:19","guid":{"rendered":"https:\/\/www.finieris.com\/?page_id=5"},"modified":"2025-05-09T14:03:32","modified_gmt":"2025-05-09T11:03:32","slug":"privatuma-politika","status":"publish","type":"page","link":"https:\/\/www.finieris.com\/lv\/privatuma-politika\/","title":{"rendered":"Priv\u0101tuma politika"},"content":{"rendered":"<section id=\"written-content-block_9bf42b593e84cadebaf499ed919346bd\" class=\"block written-content bg-white\"\n    >\n        <div class=\"container\" data-aos=\"fade-up\" data-aos-once=\"true\" data-aos-duration=\"500\">\n        <div class=\"row\">\n                        <div class=\"col col-md-9\">\n                <p><!-- wp:heading --><\/p>\n<h1>Priv\u0101tuma politika<\/h1>\n<h4>Priv\u0101tuma politikas m\u0113r\u0137is<\/h4>\n<p>Priv\u0101tuma politikas m\u0113r\u0137is ir sniegt datu subjektam &#8211; fiziskajai personai &#8211; inform\u0101ciju par personas datu apstr\u0101des nol\u016bkiem, tiesisko pamatu, personas datu sa\u0146\u0113m\u0113ju kategorij\u0101m, datu glab\u0101\u0161anas ilgumu un dro\u0161\u012bbu, k\u0101 ar\u012b datu subjekta ties\u012bb\u0101m.<\/p>\n<h4>Datu p\u0101rzinis<\/h4>\n<p>AS \u201cLatvijas Finieris\u201d, re\u0123istr\u0101cijas numurs 40003094173, juridisk\u0101 adrese Bauskas iel\u0101 59, R\u012bga, LV-1004, turpm\u0101k Lavijas Finieris.<\/p>\n<h4>Priv\u0101tuma politikas darb\u012bbas sf\u0113ra<\/h4>\n<p>\u0160o Priv\u0101tuma politiku Latvijas Finieris piem\u0113ro, veicot personas datu apstr\u0101di, t.sk. p\u0101rzi\u0146\u0101 eso\u0161aj\u0101s interneta vietn\u0113s <a href=\"http:\/\/www.finieris.lv\" target=\"_blank\" rel=\"noopener\">www.finieris.lv<\/a>, <a href=\"http:\/\/www.finieris.com\" target=\"_blank\" rel=\"noopener\">www.finieris.com<\/a>, <a href=\"http:\/\/www.izgatavopats.lv\" target=\"_blank\" rel=\"noopener\">www.izgatavopats.lv<\/a>, <a href=\"http:\/\/www.abragciems.lv\" target=\"_blank\" rel=\"noopener\">www.abragciems.lv<\/a>, <a href=\"http:\/\/www.iekarturupnica.lv\" target=\"_blank\" rel=\"noopener\">www.iekarturupnica.lv<\/a>, <a href=\"http:\/\/www.viobond.eu\" target=\"_blank\" rel=\"noopener\">www.viobond.eu<\/a>, <a href=\"http:\/\/www.betulin-lab.com\" target=\"_blank\" rel=\"noopener\">www.betulin-lab.com<\/a>, <a href=\"http:\/\/www.rigawood.com\" target=\"_blank\" rel=\"noopener\">www.rigawood.com<\/a>, <a href=\"http:\/\/www.rigawood.fi\" target=\"_blank\" rel=\"noopener\">www.rigawood.fi<\/a>, <a href=\"http:\/\/www.finierklucis.lv\" target=\"_blank\" rel=\"noopener\">www.finierklucis.lv<\/a> un soci\u0101lo mediju viet\u0146u Facebook (LF, RW, RWB, Dz\u012bv\u012bba bez koksnes), Youtube (LF), Instagram (LF, RW), Tik-Tok (LF), X (VIOBOND), LinkedIn (LF, RW, VIOBOND, Dz\u012bv\u012bba bez koksnes) kontos nodoto personas datu apstr\u0101di. Latvijas Finieris nodro\u0161ina, ka J\u016bsu personas dati tiek aizsarg\u0101ti, \u0146emot v\u0113r\u0101 \u0161aj\u0101 politik\u0101 aprakst\u012btos noteikumus un iev\u0113rojot 2016. gada 27. apr\u012b\u013ca ES Visp\u0101r\u0113j\u0101s personas datu aizsardz\u012bbas regulas nr. 2016\/679 pras\u012bbas. Latvijas Finieris ap\u0146emas veikt visus nepiecie\u0161amos pas\u0101kumus, lai J\u016bsu dati b\u016btu konfidenci\u0101li un dro\u0161i uzglab\u0101ti.<\/p>\n<h4>Apstr\u0101des nol\u016bki un tiesiskais pamats<\/h4>\n<p>Latvijas Finieris var izmantot J\u016bsu sniegtos personas datus \u0161\u0101diem nol\u016bkiem:<\/p>\n<ul>\n<li>Potenci\u0101lo darbinieku atlasei, sa\u0146emot J\u016bsu CV un pieteikumu (le\u0123it\u012bma biznesa interese, uz datu subjekta piekri\u0161anas pamata);<\/li>\n<li>Lai nodro\u0161in\u0101tu \u0113rtu pre\u010du un pakalpojumu rezerv\u0101ciju, organiz\u0113tu sadarb\u012bbu, pilnveidotu apkalpo\u0161anas servisu (le\u0123it\u012bma biznesa interese, uz datu subjekta piekri\u0161anas pamata);<\/li>\n<li>Pre\u010du p\u0101rdo\u0161anas un pieg\u0101des dar\u012bjuma noform\u0113\u0161anai, un pakalpojumu snieg\u0161anai (l\u012bgumattiec\u012bbu nodibin\u0101\u0161anai un l\u012bgumsaist\u012bbu izpildei);<\/li>\n<li>Pre\u010du un pakalpojumu ieg\u0101des dar\u012bjumu noform\u0113\u0161anai, k\u0101 ar\u012b cita veida sadarb\u012bbas organiz\u0113\u0161anai (l\u012bgumattiec\u012bbu nodibin\u0101\u0161anai un l\u012bgumsaist\u012bbu izpildei);<\/li>\n<li>Lai nodro\u0161in\u0101tu \u0101tru un kvalitat\u012bvu komunik\u0101ciju, atbildot uz personu ies\u016bt\u012btiem jaut\u0101jumiem vai koment\u0101riem (le\u0123it\u012bma biznesa interese, uz datu subjekta piekri\u0161anas pamata);<\/li>\n<li>Lai veiktu anal\u012btiskus un tirgus p\u0113t\u012bjumus par m\u016bsu Interneta vietnes, produktu un pakalpojumu izmanto\u0161anu (le\u0123it\u012bma biznesa interese, uz datu subjekta piekri\u0161anas pamata);<\/li>\n<li>Dro\u0161\u012bbas un dro\u0161uma nodro\u0161in\u0101\u0161anai uz\u0146\u0113muma telp\u0101s un teritorij\u0101, veicot videonov\u0113ro\u0161anu un piek\u013cuves kontroli (le\u0123it\u012bma biznesa interese).<\/li>\n<\/ul>\n<h4>Personas datu sa\u0146\u0113m\u0113ju kategorijas<\/h4>\n<p>Personas dati var tikt nodoti tre\u0161aj\u0101m person\u0101m tikai t\u0101d\u0101 apm\u0113r\u0101 un veid\u0101, k\u0101 tas ir noteikts \u0161aj\u0101 politik\u0101 noteikto m\u0113r\u0137u sasnieg\u0161anai, un cikt\u0101l Latvijas Finieris ir ties\u012bbas vai pien\u0101kums to dar\u012bt saska\u0146\u0101 ar likumu vai ar Jums nosl\u0113gto l\u012bgumu:<\/p>\n<ul>\n<li>J\u016bsu personas dati var tikt nodoti apstr\u0101dei citam uz\u0146\u0113mumam koncerna Latvijas Finieris ietvaros;<\/li>\n<li>Valsts instit\u016bcij\u0101m tikai likumu un valsts normat\u012bvo aktu pras\u012bbu izpildei;<\/li>\n<li>Organiz\u0101cij\u0101m un instit\u016bcij\u0101m l\u012bguma izpildes ietvaros;<\/li>\n<li>Par personas datu apstr\u0101d\u0101t\u0101jiem var tikt piesaist\u012bti tikai t\u0101di pakalpojumu sniedz\u0113ji, kuri garant\u0113 \u012bstenot atbilsto\u0161us tehniskos un organizatoriskos pas\u0101kumus t\u0101d\u0101 veid\u0101, lai apstr\u0101d\u0113 nodro\u0161in\u0101tu datu subjektu ties\u012bbu aizsardz\u012bbu atbilsto\u0161i normat\u012bvo aktu pras\u012bb\u0101m;<\/li>\n<li>Gad\u012bjum\u0101, ja J\u016bsu datu apstr\u0101dei tiek piesaist\u012bti komersanti, kas darbojas tre\u0161aj\u0101s valst\u012bs, tad s\u0101kotn\u0113ji tiek noskaidrots, vai tre\u0161\u0101 valsts vai teritorija ir ieguvusi Eiropas Komisijas atzinumu par atbilsto\u0161u aizsardz\u012bbu, vai ar\u012b Latvijas Finieris var piem\u0113rot l\u012bguma standartklauzulas personas datu p\u0101rs\u016bt\u012b\u0161anai tre\u0161aj\u0101m valst\u012bm.<\/li>\n<\/ul>\n<p>J\u016bsu personas dati netiks nos\u016bt\u012bti starptautisk\u0101m organiz\u0101cij\u0101m.<\/p>\n<h4>Personas datu glab\u0101\u0161anas ilgums<\/h4>\n<p>Personas dati tiek v\u0101kti un apstr\u0101d\u0101ti tikai iepriek\u0161 defin\u0113tiem nol\u016bkiem un tikai tik ilgi, cik tas ir nepiecie\u0161ams iepriek\u0161 nor\u0101d\u012bto nol\u016bku sasnieg\u0161anai, Latvijas Finieris intere\u0161u aizsardz\u012bbai, vai atbilsto\u0161i piem\u0113rojamos likumos noteiktajam termi\u0146a ierobe\u017eojumam. P\u0113c datu izmanto\u0161anas termi\u0146a beig\u0101m tie tiek dz\u0113sti vai arhiv\u0113ti. Piem\u0113ram, videonov\u0113ro\u0161anas ierakstu glab\u0101\u0161anas termi\u0146\u0161 ir noteikts 3 m\u0113ne\u0161i, bet person\u0101la atlases proces\u0101 ieg\u016btie personas dati tiek glab\u0101ti 6 m\u0113ne\u0161us.<\/p>\n<p>Personu dati ir ierobe\u017eotas piek\u013cuves inform\u0101cija, kurai piek\u013c\u016bt var tikai tie darbinieki, kuriem ir pilnvarojums, vai piek\u013cuve \u0161iem datiem ir nepiecie\u0161ama, lai veiktu darba uzdevumu izpildi. Visi darbinieki, kas sa\u0146\u0113mu\u0161i dele\u0123\u0113jumu\/pilnvarojumu str\u0101d\u0101t ar fizisko personu datiem tiek atbilsto\u0161i apm\u0101c\u012bti, lai sp\u0113tu aizsarg\u0101t datu subjekta ties\u012bbas.<\/p>\n<h4>Datu subjekta ties\u012bbas<\/h4>\n<p>Jums ir ties\u012bbas sa\u0146emt no Latvijas Finieris apstiprin\u0101jumu par to, vai tiek vai netiek apstr\u0101d\u0101ti J\u016bsu personas dati, ja vien J\u016bsu r\u012bc\u012bb\u0101 jau nav attiec\u012bg\u0101 inform\u0101cija. Jums ir ties\u012bbas piepras\u012bt savu datu labo\u0161anu, dz\u0113\u0161anu un apstr\u0101des ierobe\u017eo\u0161anu, iebilst pret apstr\u0101di, k\u0101 ar\u012b jebkur\u0101 br\u012bd\u012b atsaukt piekri\u0161anu, neietekm\u0113jot t\u0101das apstr\u0101des likum\u012bbu, kuras pamat\u0101 ir pirms atsaukuma sniegta piekri\u0161ana. Jums ir ties\u012bbas iesniegt s\u016bdz\u012bbu uzraudz\u012bbas iest\u0101dei- Datu valsts inspekcijai.<\/p>\n<h4>Inform\u0101cijas dro\u0161\u012bba<\/h4>\n<p>Latvijas Finieris \u012bsteno un uztur atbilsto\u0161us administrat\u012bvus, fiziskus, tehniskus un organizatoriskus pas\u0101kumus, lai aizsarg\u0101tu J\u016bsu sniegtos personas datus pret nejau\u0161u vai nelikum\u012bgu nos\u016bt\u012bto, uzglab\u0101to vai cit\u0101di apstr\u0101d\u0101to personas datu izn\u012bcin\u0101\u0161anu, nozaud\u0113\u0161anu, p\u0101rveido\u0161anu, neat\u013cautu izpau\u0161anu vai piek\u013cuvi tiem.<\/p>\n<h4>Sp\u0113k\u0101 st\u0101\u0161an\u0101s datums<\/h4>\n<p>Latvijas Finieris patur ties\u012bbas jebkur\u0101 laik\u0101 \u0161o Priv\u0101tuma politiku main\u012bt bez iepriek\u0161\u0113ja br\u012bdin\u0101juma. Jaun\u0101k\u0101 Priv\u0101tuma politikas versija, kas ir public\u0113ta m\u0101jas lap\u0101 www.finieris.lv un www.finieris.com, aizst\u0101j iepriek\u0161\u0113jo Priv\u0101tuma politikas versiju.<\/p>\n<h4>Inform\u0113\u0161ana<\/h4>\n<p>Nododot Latvijas Finieris savus personas datus, J\u016bs apliecin\u0101t, ka esat iepazinies ar \u0161\u012bs Priv\u0101tuma politikas noteikumiem.<\/p>\n<h4>Kontaktinform\u0101cija<\/h4>\n<p>Ja Jums ir k\u0101di jaut\u0101jumi, koment\u0101ri vai ba\u017eas par \u0161o Priv\u0101tuma politiku, vai v\u0113laties zi\u0146ot par jebk\u0101diem Priv\u0101tuma politikas p\u0101rk\u0101pumiem, J\u016bs varat s\u016bt\u012bt e-pasta v\u0113stuli uz info@finieris.lv vai zvan\u012bt uz t\u0101lru\u0146a nr. +371 67065846, vai rakst\u012bt uz AS \u201cLatvijas Finieris\u201d, Bauskas iel\u0101 59, R\u012bga, LV-1004.<\/p>\n<p><!-- \/wp:paragraph --><\/p>\n            <\/div>\n        <\/div>\n    <\/div>\n    <\/section>\n","protected":false},"excerpt":{"rendered":"","protected":false},"author":1,"featured_media":0,"parent":0,"menu_order":0,"comment_status":"closed","ping_status":"closed","template":"","meta":{"_acf_changed":false,"footnotes":""},"categories":[],"class_list":["post-5","page","type-page","status-publish","hentry"],"acf":[],"yoast_head":"<!-- This site is optimized with the Yoast SEO Premium plugin v27.2 (Yoast SEO v27.2) - https:\/\/yoast.com\/product\/yoast-seo-premium-wordpress\/ -->\n<title>Priv\u0101tuma politika - Latvijas Finieris<\/title>\n<meta name=\"description\" content=\"Priv\u0101tuma politikas m\u0113r\u0137is ir inform\u0113t par datu apstr\u0101des nol\u016bkiem, tiesisko pamatu, sa\u0146\u0113m\u0113ju kategorij\u0101m, glab\u0101\u0161anas ilgumu un dro\u0161\u012bbu.\" \/>\n<meta name=\"robots\" content=\"index, follow, max-snippet:-1, max-image-preview:large, max-video-preview:-1\" \/>\n<link rel=\"canonical\" href=\"https:\/\/www.finieris.com\/lv\/privatuma-politika\/\" \/>\n<meta property=\"og:locale\" content=\"lv_LV\" \/>\n<meta property=\"og:type\" content=\"article\" \/>\n<meta property=\"og:title\" content=\"Priv\u0101tuma politika\" \/>\n<meta property=\"og:description\" content=\"Priv\u0101tuma politikas m\u0113r\u0137is ir inform\u0113t par datu apstr\u0101des nol\u016bkiem, tiesisko pamatu, sa\u0146\u0113m\u0113ju kategorij\u0101m, glab\u0101\u0161anas ilgumu un dro\u0161\u012bbu.\" \/>\n<meta property=\"og:url\" content=\"https:\/\/www.finieris.com\/lv\/privatuma-politika\/\" \/>\n<meta property=\"og:site_name\" content=\"Latvijas Finieris\" \/>\n<meta property=\"article:publisher\" content=\"https:\/\/www.facebook.com\/Finieris\/\" \/>\n<meta property=\"article:modified_time\" content=\"2025-05-09T11:03:32+00:00\" \/>\n<meta name=\"twitter:card\" content=\"summary_large_image\" \/>\n<meta name=\"twitter:label1\" content=\"Est. reading time\" \/>\n\t<meta name=\"twitter:data1\" content=\"4 minutes\" \/>\n<script type=\"application\/ld+json\" class=\"yoast-schema-graph\">{\"@context\":\"https:\/\/schema.org\",\"@graph\":[{\"@type\":\"WebPage\",\"@id\":\"https:\/\/www.finieris.com\/lv\/privatuma-politika\/\",\"url\":\"https:\/\/www.finieris.com\/lv\/privatuma-politika\/\",\"name\":\"Priv\u0101tuma politika - Latvijas Finieris\",\"isPartOf\":{\"@id\":\"https:\/\/www.finieris.com\/lv\/#website\"},\"datePublished\":\"2023-08-02T08:09:19+00:00\",\"dateModified\":\"2025-05-09T11:03:32+00:00\",\"description\":\"Priv\u0101tuma politikas m\u0113r\u0137is ir inform\u0113t par datu apstr\u0101des nol\u016bkiem, tiesisko pamatu, sa\u0146\u0113m\u0113ju kategorij\u0101m, glab\u0101\u0161anas ilgumu un dro\u0161\u012bbu.\",\"breadcrumb\":{\"@id\":\"https:\/\/www.finieris.com\/lv\/privatuma-politika\/#breadcrumb\"},\"inLanguage\":\"lv-LV\",\"potentialAction\":[{\"@type\":\"ReadAction\",\"target\":[\"https:\/\/www.finieris.com\/lv\/privatuma-politika\/\"]}]},{\"@type\":\"BreadcrumbList\",\"@id\":\"https:\/\/www.finieris.com\/lv\/privatuma-politika\/#breadcrumb\",\"itemListElement\":[{\"@type\":\"ListItem\",\"position\":1,\"name\":\"Home\",\"item\":\"https:\/\/www.finieris.com\/lv\/\"},{\"@type\":\"ListItem\",\"position\":2,\"name\":\"Priv\u0101tuma politika\"}]},{\"@type\":\"WebSite\",\"@id\":\"https:\/\/www.finieris.com\/lv\/#website\",\"url\":\"https:\/\/www.finieris.com\/lv\/\",\"name\":\"Latvijas Finieris\",\"description\":\"Leading the way in sustainable forestry\",\"publisher\":{\"@id\":\"https:\/\/www.finieris.com\/lv\/#organization\"},\"potentialAction\":[{\"@type\":\"SearchAction\",\"target\":{\"@type\":\"EntryPoint\",\"urlTemplate\":\"https:\/\/www.finieris.com\/lv\/?s={search_term_string}\"},\"query-input\":{\"@type\":\"PropertyValueSpecification\",\"valueRequired\":true,\"valueName\":\"search_term_string\"}}],\"inLanguage\":\"lv-LV\"},{\"@type\":\"Organization\",\"@id\":\"https:\/\/www.finieris.com\/lv\/#organization\",\"name\":\"Latvijas Finieris\",\"alternateName\":\"Riga Wood\",\"url\":\"https:\/\/www.finieris.com\/lv\/\",\"logo\":{\"@type\":\"ImageObject\",\"inLanguage\":\"lv-LV\",\"@id\":\"https:\/\/www.finieris.com\/lv\/#\/schema\/logo\/image\/\",\"url\":\"https:\/\/www.finieris.com\/wp-content\/uploads\/2023\/08\/finieris-logo.svg\",\"contentUrl\":\"https:\/\/www.finieris.com\/wp-content\/uploads\/2023\/08\/finieris-logo.svg\",\"width\":1,\"height\":1,\"caption\":\"Latvijas Finieris\"},\"image\":{\"@id\":\"https:\/\/www.finieris.com\/lv\/#\/schema\/logo\/image\/\"},\"sameAs\":[\"https:\/\/www.facebook.com\/Finieris\/\",\"https:\/\/lv.linkedin.com\/company\/latvijas-finieris\",\"https:\/\/www.youtube.com\/c\/LatvijasFinierisAS\"]}]}<\/script>\n<!-- \/ Yoast SEO Premium plugin. -->","yoast_head_json":{"title":"Priv\u0101tuma politika - Latvijas Finieris","description":"Priv\u0101tuma politikas m\u0113r\u0137is ir inform\u0113t par datu apstr\u0101des nol\u016bkiem, tiesisko pamatu, sa\u0146\u0113m\u0113ju kategorij\u0101m, glab\u0101\u0161anas ilgumu un dro\u0161\u012bbu.","robots":{"index":"index","follow":"follow","max-snippet":"max-snippet:-1","max-image-preview":"max-image-preview:large","max-video-preview":"max-video-preview:-1"},"canonical":"https:\/\/www.finieris.com\/lv\/privatuma-politika\/","og_locale":"lv_LV","og_type":"article","og_title":"Priv\u0101tuma politika","og_description":"Priv\u0101tuma politikas m\u0113r\u0137is ir inform\u0113t par datu apstr\u0101des nol\u016bkiem, tiesisko pamatu, sa\u0146\u0113m\u0113ju kategorij\u0101m, glab\u0101\u0161anas ilgumu un dro\u0161\u012bbu.","og_url":"https:\/\/www.finieris.com\/lv\/privatuma-politika\/","og_site_name":"Latvijas Finieris","article_publisher":"https:\/\/www.facebook.com\/Finieris\/","article_modified_time":"2025-05-09T11:03:32+00:00","twitter_card":"summary_large_image","twitter_misc":{"Est. reading time":"4 minutes"},"schema":{"@context":"https:\/\/schema.org","@graph":[{"@type":"WebPage","@id":"https:\/\/www.finieris.com\/lv\/privatuma-politika\/","url":"https:\/\/www.finieris.com\/lv\/privatuma-politika\/","name":"Priv\u0101tuma politika - Latvijas Finieris","isPartOf":{"@id":"https:\/\/www.finieris.com\/lv\/#website"},"datePublished":"2023-08-02T08:09:19+00:00","dateModified":"2025-05-09T11:03:32+00:00","description":"Priv\u0101tuma politikas m\u0113r\u0137is ir inform\u0113t par datu apstr\u0101des nol\u016bkiem, tiesisko pamatu, sa\u0146\u0113m\u0113ju kategorij\u0101m, glab\u0101\u0161anas ilgumu un dro\u0161\u012bbu.","breadcrumb":{"@id":"https:\/\/www.finieris.com\/lv\/privatuma-politika\/#breadcrumb"},"inLanguage":"lv-LV","potentialAction":[{"@type":"ReadAction","target":["https:\/\/www.finieris.com\/lv\/privatuma-politika\/"]}]},{"@type":"BreadcrumbList","@id":"https:\/\/www.finieris.com\/lv\/privatuma-politika\/#breadcrumb","itemListElement":[{"@type":"ListItem","position":1,"name":"Home","item":"https:\/\/www.finieris.com\/lv\/"},{"@type":"ListItem","position":2,"name":"Priv\u0101tuma politika"}]},{"@type":"WebSite","@id":"https:\/\/www.finieris.com\/lv\/#website","url":"https:\/\/www.finieris.com\/lv\/","name":"Latvijas Finieris","description":"Leading the way in sustainable forestry","publisher":{"@id":"https:\/\/www.finieris.com\/lv\/#organization"},"potentialAction":[{"@type":"SearchAction","target":{"@type":"EntryPoint","urlTemplate":"https:\/\/www.finieris.com\/lv\/?s={search_term_string}"},"query-input":{"@type":"PropertyValueSpecification","valueRequired":true,"valueName":"search_term_string"}}],"inLanguage":"lv-LV"},{"@type":"Organization","@id":"https:\/\/www.finieris.com\/lv\/#organization","name":"Latvijas Finieris","alternateName":"Riga Wood","url":"https:\/\/www.finieris.com\/lv\/","logo":{"@type":"ImageObject","inLanguage":"lv-LV","@id":"https:\/\/www.finieris.com\/lv\/#\/schema\/logo\/image\/","url":"https:\/\/www.finieris.com\/wp-content\/uploads\/2023\/08\/finieris-logo.svg","contentUrl":"https:\/\/www.finieris.com\/wp-content\/uploads\/2023\/08\/finieris-logo.svg","width":1,"height":1,"caption":"Latvijas Finieris"},"image":{"@id":"https:\/\/www.finieris.com\/lv\/#\/schema\/logo\/image\/"},"sameAs":["https:\/\/www.facebook.com\/Finieris\/","https:\/\/lv.linkedin.com\/company\/latvijas-finieris","https:\/\/www.youtube.com\/c\/LatvijasFinierisAS"]}]}},"_links":{"self":[{"href":"https:\/\/www.finieris.com\/lv\/wp-json\/wp\/v2\/pages\/5","targetHints":{"allow":["GET"]}}],"collection":[{"href":"https:\/\/www.finieris.com\/lv\/wp-json\/wp\/v2\/pages"}],"about":[{"href":"https:\/\/www.finieris.com\/lv\/wp-json\/wp\/v2\/types\/page"}],"author":[{"embeddable":true,"href":"https:\/\/www.finieris.com\/lv\/wp-json\/wp\/v2\/users\/1"}],"replies":[{"embeddable":true,"href":"https:\/\/www.finieris.com\/lv\/wp-json\/wp\/v2\/comments?post=5"}],"version-history":[{"count":19,"href":"https:\/\/www.finieris.com\/lv\/wp-json\/wp\/v2\/pages\/5\/revisions"}],"predecessor-version":[{"id":15355,"href":"https:\/\/www.finieris.com\/lv\/wp-json\/wp\/v2\/pages\/5\/revisions\/15355"}],"wp:attachment":[{"href":"https:\/\/www.finieris.com\/lv\/wp-json\/wp\/v2\/media?parent=5"}],"wp:term":[{"taxonomy":"category","embeddable":true,"href":"https:\/\/www.finieris.com\/lv\/wp-json\/wp\/v2\/categories?post=5"}],"curies":[{"name":"wp","href":"https:\/\/api.w.org\/{rel}","templated":true}]}}