{"id":2036,"date":"2023-11-28T14:49:07","date_gmt":"2023-11-28T12:49:07","guid":{"rendered":"https:\/\/www.finieris.com\/?page_id=2036"},"modified":"2024-06-04T14:41:59","modified_gmt":"2024-06-04T11:41:59","slug":"darba-drosiba","status":"publish","type":"page","link":"https:\/\/www.finieris.com\/lv\/karjera\/darba-drosiba\/","title":{"rendered":"Dro\u0161\u012bbas kult\u016bra"},"content":{"rendered":"<section id=\"two-column-with-image-block_5273b12c01339c1a9b93f454772cf774\" class=\"block two-column-with-image bg-dark-green has-image has-breadcrumbs bg-dark-green\"\n    >\n    <div class=\"container\" data-aos=\"fade-up\" data-aos-once=\"true\" data-aos-duration=\"500\">\n        <div class=\"row g-0\">\n            <div class=\"col-12 col-lg-6\">\n                <div class=\"block-content\" data-aos=\"fade-in\" data-aos-duration=\"400\" data-aos-easing=\"ease-in-out\">\n                                            <div class=\"breadcrumbs\"><a href=\"https:\/\/www.finieris.com\/lv\/\">S\u0101kums<\/a> <span class=\"delimiter\">\/<\/span> <\/div>                                        <div class=\"block-title\">\n                        <h2>Dro\u0161\u012bbas kult\u016bra, m\u016bsu kop\u0113j\u0101 atbild\u012bba<\/h2>\n                    <\/div>\n                    <div class=\"block-description\"><p>Dro\u0161\u012bba ir viena no \u201cLatvijas Finiera\u201d v\u0113rt\u012bb\u0101m, kas caurvij visus uz\u0146\u0113muma procesus, taj\u0101 iesaist\u012bti visi koncerna darbinieki, \u0101r\u0113jo pakalpojumu sniedz\u0113ji un sadarb\u012bbas partneri.<\/p>\n<\/div>                <\/div>\n            <\/div>\n            <div class=\"col-12 col-lg-6 image-column\">\n                                <div class=\"image-overflow\">\n                    <img decoding=\"async\" width=\"2560\" height=\"1703\" src=\"https:\/\/www.finieris.com\/wp-content\/uploads\/2024\/01\/Lignums_Logs_Koklaukums-7-scaled.jpg\" class=\"attachment-full size-full\" alt=\"V\u012brietis aizsargvest\u0113 un \u0137iver\u0113 staig\u0101 pa koklaukumu\" srcset=\"https:\/\/www.finieris.com\/wp-content\/uploads\/2024\/01\/Lignums_Logs_Koklaukums-7-scaled.jpg 2560w, https:\/\/www.finieris.com\/wp-content\/uploads\/2024\/01\/Lignums_Logs_Koklaukums-7-300x200.jpg 300w, https:\/\/www.finieris.com\/wp-content\/uploads\/2024\/01\/Lignums_Logs_Koklaukums-7-1024x681.jpg 1024w, https:\/\/www.finieris.com\/wp-content\/uploads\/2024\/01\/Lignums_Logs_Koklaukums-7-768x511.jpg 768w, https:\/\/www.finieris.com\/wp-content\/uploads\/2024\/01\/Lignums_Logs_Koklaukums-7-1536x1022.jpg 1536w, https:\/\/www.finieris.com\/wp-content\/uploads\/2024\/01\/Lignums_Logs_Koklaukums-7-2048x1363.jpg 2048w, https:\/\/www.finieris.com\/wp-content\/uploads\/2024\/01\/Lignums_Logs_Koklaukums-7-600x399.jpg 600w\" sizes=\"(max-width: 2560px) 100vw, 2560px\" \/>                <\/div>\n                                <div class=\"block-description\"><p>Dro\u0161\u012bba ir viena no \u201cLatvijas Finiera\u201d v\u0113rt\u012bb\u0101m, kas caurvij visus uz\u0146\u0113muma procesus, taj\u0101 iesaist\u012bti visi koncerna darbinieki, \u0101r\u0113jo pakalpojumu sniedz\u0113ji un sadarb\u012bbas partneri.<\/p>\n<\/div>            <\/div>\n        <\/div>\n    <\/div>\n        <div class=\"image-wrapper\">\n        <div class=\"image-overflow\">\n            <img decoding=\"async\" width=\"2560\" height=\"1703\" src=\"https:\/\/www.finieris.com\/wp-content\/uploads\/2024\/01\/Lignums_Logs_Koklaukums-7-scaled.jpg\" class=\"attachment-full size-full\" alt=\"V\u012brietis aizsargvest\u0113 un \u0137iver\u0113 staig\u0101 pa koklaukumu\" srcset=\"https:\/\/www.finieris.com\/wp-content\/uploads\/2024\/01\/Lignums_Logs_Koklaukums-7-scaled.jpg 2560w, https:\/\/www.finieris.com\/wp-content\/uploads\/2024\/01\/Lignums_Logs_Koklaukums-7-300x200.jpg 300w, https:\/\/www.finieris.com\/wp-content\/uploads\/2024\/01\/Lignums_Logs_Koklaukums-7-1024x681.jpg 1024w, https:\/\/www.finieris.com\/wp-content\/uploads\/2024\/01\/Lignums_Logs_Koklaukums-7-768x511.jpg 768w, https:\/\/www.finieris.com\/wp-content\/uploads\/2024\/01\/Lignums_Logs_Koklaukums-7-1536x1022.jpg 1536w, https:\/\/www.finieris.com\/wp-content\/uploads\/2024\/01\/Lignums_Logs_Koklaukums-7-2048x1363.jpg 2048w, https:\/\/www.finieris.com\/wp-content\/uploads\/2024\/01\/Lignums_Logs_Koklaukums-7-600x399.jpg 600w\" sizes=\"(max-width: 2560px) 100vw, 2560px\" \/>        <\/div>\n    <\/div>\n    <\/section>\n\n\n<section id=\"accordion-block_dd81c5fdce63bfa7502c8c3fd9f8e744\"\n         class=\"block accordion bg-white rounded-top-part pt-sm\"\n        data-aos=\"fade-up\" data-aos-once=\"true\" data-aos-offset=\"100\" data-aos-duration=\"500\"         data-accordion-block>\n    <div class=\"container\" >\n        <div class=\"row\">\n            <div class=\"col-12 col-lg-6\">\n                <div class=\"accordion-information\" data-aos=\"fade-in\" data-aos-once data-aos-offset=\"100\" data-aos-duration=\"400\" data-aos-easing=\"ease-in-out\">\n                    <h2>M\u016bsu dro\u0161\u012bbas r\u012bki<\/h2>\n<p>Darba dro\u0161\u012bba \u2013 ne tikai noteikums, bet ar\u012b m\u016bsu v\u0113rt\u012bba!<\/p>\n                <\/div>\n            <\/div>\n            <div class=\"col-12 col-lg-6 \">\n                <div class=\"accordion-list\">\n                                                            <div class=\"accordion-list-item\" data-aos=\"fade-up\" data-aos-once data-aos-offset=\"100\" data-aos-duration=\"400\" data-aos-easing=\"ease-in-out\">\n                            <div class=\"accordion-list-item-header\">\n                                <h4 class=\"color-reset\">Individu\u0101lie darba aizsardz\u012bbas l\u012bdzek\u013ci <\/h4>\n                                <button class=\"accordion-list-item-toggle\">\n                                    <svg xmlns=\"http:\/\/www.w3.org\/2000\/svg\" viewBox=\"0 0 20 20\" width=\"20\" height=\"20\" fill=\"none\"><path stroke=\"currentColor\" stroke-miterlimit=\"10\" stroke-width=\"1.2\" d=\"m2 7.475 6.178 6.287a2.558 2.558 0 0 0 3.644 0L18 7.475\"\/><\/svg>\n                                <\/button>\n                            <\/div>\n                            <div class=\"accordion-list-item-content\">\n                                Katram ra\u017eo\u0161anas darbiniekam nodro\u0161in\u0101m individu\u0101los aizsardz\u012bbas l\u012bdzek\u013cus (IAL) \u2013 cimdus, dzirdes aizsardz\u012bbas l\u012bdzek\u013cus, respiratorus, u.c. Apmekl\u0113jot ra\u017eo\u0161anas teritoriju,  IAL ir oblig\u0101ti ar\u012b administr\u0101cijas darbiniekiem, viesiem un pakalpojumu sniedz\u0113jiem.                             <\/div>\n                        <\/div>\n                                            <div class=\"accordion-list-item\" data-aos=\"fade-up\" data-aos-once data-aos-offset=\"100\" data-aos-duration=\"400\" data-aos-easing=\"ease-in-out\">\n                            <div class=\"accordion-list-item-header\">\n                                <h4 class=\"color-reset\">Regul\u0101ras dro\u0161\u012bbas uzraudz\u012bbas apgaitas<\/h4>\n                                <button class=\"accordion-list-item-toggle\">\n                                    <svg xmlns=\"http:\/\/www.w3.org\/2000\/svg\" viewBox=\"0 0 20 20\" width=\"20\" height=\"20\" fill=\"none\"><path stroke=\"currentColor\" stroke-miterlimit=\"10\" stroke-width=\"1.2\" d=\"m2 7.475 6.178 6.287a2.558 2.558 0 0 0 3.644 0L18 7.475\"\/><\/svg>\n                                <\/button>\n                            <\/div>\n                            <div class=\"accordion-list-item-content\">\n                                Vis\u0101s \u201eLatvijas Finiera\u201d strukt\u016brvien\u012bb\u0101s veicam regul\u0101ras dro\u0161\u012bbas dienas. T\u0101s veicina darbinieku izpratni par dro\u0161\u012bbas jaut\u0101jumu noz\u012bm\u012bgumu, savlaic\u012bgi identific\u0113 nedro\u0161as situ\u0101cijas, nedro\u0161u uzved\u012bbu un pal\u012bdz mekl\u0113t konstat\u0113to probl\u0113mu risin\u0101jumus.                             <\/div>\n                        <\/div>\n                                            <div class=\"accordion-list-item\" data-aos=\"fade-up\" data-aos-once data-aos-offset=\"100\" data-aos-duration=\"400\" data-aos-easing=\"ease-in-out\">\n                            <div class=\"accordion-list-item-header\">\n                                <h4 class=\"color-reset\">Dro\u0161\u012bbas apm\u0101c\u012bbas <\/h4>\n                                <button class=\"accordion-list-item-toggle\">\n                                    <svg xmlns=\"http:\/\/www.w3.org\/2000\/svg\" viewBox=\"0 0 20 20\" width=\"20\" height=\"20\" fill=\"none\"><path stroke=\"currentColor\" stroke-miterlimit=\"10\" stroke-width=\"1.2\" d=\"m2 7.475 6.178 6.287a2.558 2.558 0 0 0 3.644 0L18 7.475\"\/><\/svg>\n                                <\/button>\n                            <\/div>\n                            <div class=\"accordion-list-item-content\">\n                                Darbiniekus regul\u0101ri apm\u0101c\u0101m darba aizsardz\u012bbas un ugunsdro\u0161\u012bbas jaut\u0101jumos. Papildu apm\u0101c\u012bbas nodro\u0161in\u0101m b\u012bstamo iek\u0101rtu apkalpojo\u0161am person\u0101lam un autoiekr\u0101v\u0113ju vad\u012bt\u0101jiem. Regul\u0101ras apm\u0101c\u012bbas ir ar\u012b elektrodro\u0161\u012bb\u0101 un pirm\u0101s pal\u012bdz\u012bbas snieg\u0161an\u0101.                            <\/div>\n                        <\/div>\n                                            <div class=\"accordion-list-item\" data-aos=\"fade-up\" data-aos-once data-aos-offset=\"100\" data-aos-duration=\"400\" data-aos-easing=\"ease-in-out\">\n                            <div class=\"accordion-list-item-header\">\n                                <h4 class=\"color-reset\">GNNG fiks\u0113\u0161ana un izmekl\u0113\u0161ana<\/h4>\n                                <button class=\"accordion-list-item-toggle\">\n                                    <svg xmlns=\"http:\/\/www.w3.org\/2000\/svg\" viewBox=\"0 0 20 20\" width=\"20\" height=\"20\" fill=\"none\"><path stroke=\"currentColor\" stroke-miterlimit=\"10\" stroke-width=\"1.2\" d=\"m2 7.475 6.178 6.287a2.558 2.558 0 0 0 3.644 0L18 7.475\"\/><\/svg>\n                                <\/button>\n                            <\/div>\n                            <div class=\"accordion-list-item-content\">\n                                Lai laic\u012bgi atkl\u0101tu nedro\u0161us darba apst\u0101k\u013cus un b\u012bstamas r\u012bc\u012bbas, k\u0101 ar\u012b izvair\u012btos no gandr\u012bz notiku\u0161iem nelaimes gad\u012bjumiem (GNNG) un nelaimes gad\u012bjumiem, darbiniekus aicin\u0101m zi\u0146ot par b\u012bstam\u012bb\u0101m, tie\u0161saist\u0113 iesniedzot individu\u0101lus dro\u0161\u012bbas zi\u0146ojumus.                            <\/div>\n                        <\/div>\n                                                    <\/div>\n            <\/div>\n        <\/div>\n    <\/div>\n<\/section>\n\n\n<section id=\"two-column-with-image-block_5f2aae773c172c53779e2678cbff3cd8\" class=\"block two-column-with-image bg-beige rounded-top-part has-image bg-beige\"\n    data-aos=\"fade-up\" data-aos-once=\"true\" data-aos-duration=\"500\">\n    <div class=\"container\" >\n        <div class=\"row g-0\">\n            <div class=\"col-12 col-lg-6\">\n                <div class=\"block-content\" data-aos=\"fade-in\" data-aos-duration=\"400\" data-aos-easing=\"ease-in-out\">\n                                        <div class=\"block-title\">\n                        <h2>Dro\u0161\u012bba viesiem un pakalpojumu sniedz\u0113jiem<\/h2>\n                    <\/div>\n                    <div class=\"block-description\"><hr \/>\n<p>Viesi un pakalpojumu sniedz\u0113ji \u00a0\u201cLatvijas Finiera\u201d ra\u017eo\u0161anas teritoriju un telpas var apmekl\u0113t tikai p\u0113c iepaz\u012b\u0161an\u0101s ar tie\u0161saistes instrukt\u0101\u017eu\u00a0un sa\u0146emot sertifik\u0101tu par nok\u0101rtotu zin\u0101\u0161anu p\u0101rbaudes testu.<\/p>\n<\/div>                <\/div>\n            <\/div>\n            <div class=\"col-12 col-lg-6 image-column\">\n                                <div class=\"image-overflow\">\n                    <img decoding=\"async\" width=\"2560\" height=\"1707\" src=\"https:\/\/www.finieris.com\/wp-content\/uploads\/2024\/01\/LFinierisJK2-scaled.jpg\" class=\"attachment-full size-full\" alt=\"Cilv\u0113ki atstarojo\u0161\u0101s vest\u0113s klaus\u0101s dro\u0161\u012bbas instrukcijas\" srcset=\"https:\/\/www.finieris.com\/wp-content\/uploads\/2024\/01\/LFinierisJK2-scaled.jpg 2560w, https:\/\/www.finieris.com\/wp-content\/uploads\/2024\/01\/LFinierisJK2-300x200.jpg 300w, https:\/\/www.finieris.com\/wp-content\/uploads\/2024\/01\/LFinierisJK2-1024x683.jpg 1024w, https:\/\/www.finieris.com\/wp-content\/uploads\/2024\/01\/LFinierisJK2-768x512.jpg 768w, https:\/\/www.finieris.com\/wp-content\/uploads\/2024\/01\/LFinierisJK2-1536x1024.jpg 1536w, https:\/\/www.finieris.com\/wp-content\/uploads\/2024\/01\/LFinierisJK2-2048x1365.jpg 2048w, https:\/\/www.finieris.com\/wp-content\/uploads\/2024\/01\/LFinierisJK2-600x400.jpg 600w\" sizes=\"(max-width: 2560px) 100vw, 2560px\" \/>                <\/div>\n                                            <\/div>\n        <\/div>\n    <\/div>\n        <div class=\"image-wrapper\">\n        <div class=\"image-overflow\">\n            <img decoding=\"async\" width=\"2560\" height=\"1707\" src=\"https:\/\/www.finieris.com\/wp-content\/uploads\/2024\/01\/LFinierisJK2-scaled.jpg\" class=\"attachment-full size-full\" alt=\"Cilv\u0113ki atstarojo\u0161\u0101s vest\u0113s klaus\u0101s dro\u0161\u012bbas instrukcijas\" srcset=\"https:\/\/www.finieris.com\/wp-content\/uploads\/2024\/01\/LFinierisJK2-scaled.jpg 2560w, https:\/\/www.finieris.com\/wp-content\/uploads\/2024\/01\/LFinierisJK2-300x200.jpg 300w, https:\/\/www.finieris.com\/wp-content\/uploads\/2024\/01\/LFinierisJK2-1024x683.jpg 1024w, https:\/\/www.finieris.com\/wp-content\/uploads\/2024\/01\/LFinierisJK2-768x512.jpg 768w, https:\/\/www.finieris.com\/wp-content\/uploads\/2024\/01\/LFinierisJK2-1536x1024.jpg 1536w, https:\/\/www.finieris.com\/wp-content\/uploads\/2024\/01\/LFinierisJK2-2048x1365.jpg 2048w, https:\/\/www.finieris.com\/wp-content\/uploads\/2024\/01\/LFinierisJK2-600x400.jpg 600w\" sizes=\"(max-width: 2560px) 100vw, 2560px\" \/>        <\/div>\n    <\/div>\n    <\/section>\n","protected":false},"excerpt":{"rendered":"","protected":false},"author":3,"featured_media":0,"parent":239,"menu_order":3,"comment_status":"closed","ping_status":"closed","template":"","meta":{"_acf_changed":false,"footnotes":""},"categories":[],"class_list":["post-2036","page","type-page","status-publish","hentry"],"acf":[],"yoast_head":"<!-- This site is optimized with the Yoast SEO Premium plugin v27.2 (Yoast SEO v27.2) - https:\/\/yoast.com\/product\/yoast-seo-premium-wordpress\/ -->\n<title>Dro\u0161\u012bbas kult\u016bra - Latvijas Finieris<\/title>\n<meta name=\"description\" content=\"Iepaz\u012bsties ar dro\u0161\u012bbas kult\u016bru Latvijas Finier\u012b. Uzzini, k\u0101 uz\u0146\u0113mums nodro\u0161ina darbiniekus ar aizsardz\u012bbas l\u012bdzek\u013ciem un veicina dro\u0161\u012bbu darba vid\u0113.\" \/>\n<meta name=\"robots\" content=\"index, follow, max-snippet:-1, max-image-preview:large, max-video-preview:-1\" \/>\n<link rel=\"canonical\" href=\"https:\/\/www.finieris.com\/lv\/karjera\/darba-drosiba\/\" \/>\n<meta property=\"og:locale\" content=\"lv_LV\" \/>\n<meta property=\"og:type\" content=\"article\" \/>\n<meta property=\"og:title\" content=\"Dro\u0161\u012bbas kult\u016bra\" \/>\n<meta property=\"og:description\" content=\"Iepaz\u012bsties ar dro\u0161\u012bbas kult\u016bru Latvijas Finier\u012b. Uzzini, k\u0101 uz\u0146\u0113mums nodro\u0161ina darbiniekus ar aizsardz\u012bbas l\u012bdzek\u013ciem un veicina dro\u0161\u012bbu darba vid\u0113.\" \/>\n<meta property=\"og:url\" content=\"https:\/\/www.finieris.com\/lv\/karjera\/darba-drosiba\/\" \/>\n<meta property=\"og:site_name\" content=\"Latvijas Finieris\" \/>\n<meta property=\"article:publisher\" content=\"https:\/\/www.facebook.com\/Finieris\/\" \/>\n<meta property=\"article:modified_time\" content=\"2024-06-04T11:41:59+00:00\" \/>\n<meta name=\"twitter:card\" content=\"summary_large_image\" \/>\n<meta name=\"twitter:label1\" content=\"Est. reading time\" \/>\n\t<meta name=\"twitter:data1\" content=\"3 minutes\" \/>\n<script type=\"application\/ld+json\" class=\"yoast-schema-graph\">{\"@context\":\"https:\/\/schema.org\",\"@graph\":[{\"@type\":\"WebPage\",\"@id\":\"https:\/\/www.finieris.com\/lv\/karjera\/darba-drosiba\/\",\"url\":\"https:\/\/www.finieris.com\/lv\/karjera\/darba-drosiba\/\",\"name\":\"Dro\u0161\u012bbas kult\u016bra - Latvijas Finieris\",\"isPartOf\":{\"@id\":\"https:\/\/www.finieris.com\/lv\/#website\"},\"datePublished\":\"2023-11-28T12:49:07+00:00\",\"dateModified\":\"2024-06-04T11:41:59+00:00\",\"description\":\"Iepaz\u012bsties ar dro\u0161\u012bbas kult\u016bru Latvijas Finier\u012b. Uzzini, k\u0101 uz\u0146\u0113mums nodro\u0161ina darbiniekus ar aizsardz\u012bbas l\u012bdzek\u013ciem un veicina dro\u0161\u012bbu darba vid\u0113.\",\"breadcrumb\":{\"@id\":\"https:\/\/www.finieris.com\/lv\/karjera\/darba-drosiba\/#breadcrumb\"},\"inLanguage\":\"lv-LV\",\"potentialAction\":[{\"@type\":\"ReadAction\",\"target\":[\"https:\/\/www.finieris.com\/lv\/karjera\/darba-drosiba\/\"]}]},{\"@type\":\"BreadcrumbList\",\"@id\":\"https:\/\/www.finieris.com\/lv\/karjera\/darba-drosiba\/#breadcrumb\",\"itemListElement\":[{\"@type\":\"ListItem\",\"position\":1,\"name\":\"Home\",\"item\":\"https:\/\/www.finieris.com\/lv\/\"},{\"@type\":\"ListItem\",\"position\":2,\"name\":\"Karjera\",\"item\":\"https:\/\/www.finieris.com\/lv\/karjera\/\"},{\"@type\":\"ListItem\",\"position\":3,\"name\":\"Dro\u0161\u012bbas kult\u016bra\"}]},{\"@type\":\"WebSite\",\"@id\":\"https:\/\/www.finieris.com\/lv\/#website\",\"url\":\"https:\/\/www.finieris.com\/lv\/\",\"name\":\"Latvijas Finieris\",\"description\":\"Leading the way in sustainable forestry\",\"publisher\":{\"@id\":\"https:\/\/www.finieris.com\/lv\/#organization\"},\"potentialAction\":[{\"@type\":\"SearchAction\",\"target\":{\"@type\":\"EntryPoint\",\"urlTemplate\":\"https:\/\/www.finieris.com\/lv\/?s={search_term_string}\"},\"query-input\":{\"@type\":\"PropertyValueSpecification\",\"valueRequired\":true,\"valueName\":\"search_term_string\"}}],\"inLanguage\":\"lv-LV\"},{\"@type\":\"Organization\",\"@id\":\"https:\/\/www.finieris.com\/lv\/#organization\",\"name\":\"Latvijas Finieris\",\"alternateName\":\"Riga Wood\",\"url\":\"https:\/\/www.finieris.com\/lv\/\",\"logo\":{\"@type\":\"ImageObject\",\"inLanguage\":\"lv-LV\",\"@id\":\"https:\/\/www.finieris.com\/lv\/#\/schema\/logo\/image\/\",\"url\":\"https:\/\/www.finieris.com\/wp-content\/uploads\/2023\/08\/finieris-logo.svg\",\"contentUrl\":\"https:\/\/www.finieris.com\/wp-content\/uploads\/2023\/08\/finieris-logo.svg\",\"width\":1,\"height\":1,\"caption\":\"Latvijas Finieris\"},\"image\":{\"@id\":\"https:\/\/www.finieris.com\/lv\/#\/schema\/logo\/image\/\"},\"sameAs\":[\"https:\/\/www.facebook.com\/Finieris\/\",\"https:\/\/lv.linkedin.com\/company\/latvijas-finieris\",\"https:\/\/www.youtube.com\/c\/LatvijasFinierisAS\"]}]}<\/script>\n<!-- \/ Yoast SEO Premium plugin. -->","yoast_head_json":{"title":"Dro\u0161\u012bbas kult\u016bra - Latvijas Finieris","description":"Iepaz\u012bsties ar dro\u0161\u012bbas kult\u016bru Latvijas Finier\u012b. Uzzini, k\u0101 uz\u0146\u0113mums nodro\u0161ina darbiniekus ar aizsardz\u012bbas l\u012bdzek\u013ciem un veicina dro\u0161\u012bbu darba vid\u0113.","robots":{"index":"index","follow":"follow","max-snippet":"max-snippet:-1","max-image-preview":"max-image-preview:large","max-video-preview":"max-video-preview:-1"},"canonical":"https:\/\/www.finieris.com\/lv\/karjera\/darba-drosiba\/","og_locale":"lv_LV","og_type":"article","og_title":"Dro\u0161\u012bbas kult\u016bra","og_description":"Iepaz\u012bsties ar dro\u0161\u012bbas kult\u016bru Latvijas Finier\u012b. Uzzini, k\u0101 uz\u0146\u0113mums nodro\u0161ina darbiniekus ar aizsardz\u012bbas l\u012bdzek\u013ciem un veicina dro\u0161\u012bbu darba vid\u0113.","og_url":"https:\/\/www.finieris.com\/lv\/karjera\/darba-drosiba\/","og_site_name":"Latvijas Finieris","article_publisher":"https:\/\/www.facebook.com\/Finieris\/","article_modified_time":"2024-06-04T11:41:59+00:00","twitter_card":"summary_large_image","twitter_misc":{"Est. reading time":"3 minutes"},"schema":{"@context":"https:\/\/schema.org","@graph":[{"@type":"WebPage","@id":"https:\/\/www.finieris.com\/lv\/karjera\/darba-drosiba\/","url":"https:\/\/www.finieris.com\/lv\/karjera\/darba-drosiba\/","name":"Dro\u0161\u012bbas kult\u016bra - Latvijas Finieris","isPartOf":{"@id":"https:\/\/www.finieris.com\/lv\/#website"},"datePublished":"2023-11-28T12:49:07+00:00","dateModified":"2024-06-04T11:41:59+00:00","description":"Iepaz\u012bsties ar dro\u0161\u012bbas kult\u016bru Latvijas Finier\u012b. Uzzini, k\u0101 uz\u0146\u0113mums nodro\u0161ina darbiniekus ar aizsardz\u012bbas l\u012bdzek\u013ciem un veicina dro\u0161\u012bbu darba vid\u0113.","breadcrumb":{"@id":"https:\/\/www.finieris.com\/lv\/karjera\/darba-drosiba\/#breadcrumb"},"inLanguage":"lv-LV","potentialAction":[{"@type":"ReadAction","target":["https:\/\/www.finieris.com\/lv\/karjera\/darba-drosiba\/"]}]},{"@type":"BreadcrumbList","@id":"https:\/\/www.finieris.com\/lv\/karjera\/darba-drosiba\/#breadcrumb","itemListElement":[{"@type":"ListItem","position":1,"name":"Home","item":"https:\/\/www.finieris.com\/lv\/"},{"@type":"ListItem","position":2,"name":"Karjera","item":"https:\/\/www.finieris.com\/lv\/karjera\/"},{"@type":"ListItem","position":3,"name":"Dro\u0161\u012bbas kult\u016bra"}]},{"@type":"WebSite","@id":"https:\/\/www.finieris.com\/lv\/#website","url":"https:\/\/www.finieris.com\/lv\/","name":"Latvijas Finieris","description":"Leading the way in sustainable forestry","publisher":{"@id":"https:\/\/www.finieris.com\/lv\/#organization"},"potentialAction":[{"@type":"SearchAction","target":{"@type":"EntryPoint","urlTemplate":"https:\/\/www.finieris.com\/lv\/?s={search_term_string}"},"query-input":{"@type":"PropertyValueSpecification","valueRequired":true,"valueName":"search_term_string"}}],"inLanguage":"lv-LV"},{"@type":"Organization","@id":"https:\/\/www.finieris.com\/lv\/#organization","name":"Latvijas Finieris","alternateName":"Riga Wood","url":"https:\/\/www.finieris.com\/lv\/","logo":{"@type":"ImageObject","inLanguage":"lv-LV","@id":"https:\/\/www.finieris.com\/lv\/#\/schema\/logo\/image\/","url":"https:\/\/www.finieris.com\/wp-content\/uploads\/2023\/08\/finieris-logo.svg","contentUrl":"https:\/\/www.finieris.com\/wp-content\/uploads\/2023\/08\/finieris-logo.svg","width":1,"height":1,"caption":"Latvijas Finieris"},"image":{"@id":"https:\/\/www.finieris.com\/lv\/#\/schema\/logo\/image\/"},"sameAs":["https:\/\/www.facebook.com\/Finieris\/","https:\/\/lv.linkedin.com\/company\/latvijas-finieris","https:\/\/www.youtube.com\/c\/LatvijasFinierisAS"]}]}},"_links":{"self":[{"href":"https:\/\/www.finieris.com\/lv\/wp-json\/wp\/v2\/pages\/2036","targetHints":{"allow":["GET"]}}],"collection":[{"href":"https:\/\/www.finieris.com\/lv\/wp-json\/wp\/v2\/pages"}],"about":[{"href":"https:\/\/www.finieris.com\/lv\/wp-json\/wp\/v2\/types\/page"}],"author":[{"embeddable":true,"href":"https:\/\/www.finieris.com\/lv\/wp-json\/wp\/v2\/users\/3"}],"replies":[{"embeddable":true,"href":"https:\/\/www.finieris.com\/lv\/wp-json\/wp\/v2\/comments?post=2036"}],"version-history":[{"count":47,"href":"https:\/\/www.finieris.com\/lv\/wp-json\/wp\/v2\/pages\/2036\/revisions"}],"predecessor-version":[{"id":4805,"href":"https:\/\/www.finieris.com\/lv\/wp-json\/wp\/v2\/pages\/2036\/revisions\/4805"}],"up":[{"embeddable":true,"href":"https:\/\/www.finieris.com\/lv\/wp-json\/wp\/v2\/pages\/239"}],"wp:attachment":[{"href":"https:\/\/www.finieris.com\/lv\/wp-json\/wp\/v2\/media?parent=2036"}],"wp:term":[{"taxonomy":"category","embeddable":true,"href":"https:\/\/www.finieris.com\/lv\/wp-json\/wp\/v2\/categories?post=2036"}],"curies":[{"name":"wp","href":"https:\/\/api.w.org\/{rel}","templated":true}]}}