{"id":2034,"date":"2023-11-28T14:47:04","date_gmt":"2023-11-28T12:47:04","guid":{"rendered":"https:\/\/www.finieris.com\/?page_id=2034"},"modified":"2025-01-28T16:24:31","modified_gmt":"2025-01-28T14:24:31","slug":"arodbiedriba","status":"publish","type":"page","link":"https:\/\/www.finieris.com\/lv\/karjera\/arodbiedriba\/","title":{"rendered":"Arodbiedr\u012bba"},"content":{"rendered":"<section id=\"two-column-with-image-block_dca77278c38fdc4bb5144ce5aa1adbbb\" class=\"block two-column-with-image bg-white has-image bg-white\"\n    >\n    <div class=\"container\" data-aos=\"fade-up\" data-aos-once=\"true\" data-aos-duration=\"500\">\n        <div class=\"row g-0\">\n            <div class=\"col-12 col-lg-6\">\n                <div class=\"block-content\" data-aos=\"fade-in\" data-aos-duration=\"400\" data-aos-easing=\"ease-in-out\">\n                                        <div class=\"block-title\">\n                        <h2>Arodbiedr\u012bba darbinieku intere\u0161u aizst\u0101v\u012bbai<\/h2>\n                    <\/div>\n                    <div class=\"block-description\"><p>&#8220;Latvijas Finiera&#8221; arodbiedr\u012bba jau vair\u0101k nek\u0101 30 gadus p\u0101rst\u0101v darbinieku intereses komunik\u0101cij\u0101 ar uz\u0146\u0113mumu.<\/p>\n<\/div>                <\/div>\n            <\/div>\n            <div class=\"col-12 col-lg-6 image-column\">\n                                <div class=\"image-overflow\">\n                    <img decoding=\"async\" width=\"2560\" height=\"1707\" src=\"https:\/\/www.finieris.com\/wp-content\/uploads\/2023\/11\/LFinierisJK39-scaled.jpg\" class=\"attachment-full size-full\" alt=\"Cilv\u0113ki st\u0101v pie kokiem un m\u0101j\" srcset=\"https:\/\/www.finieris.com\/wp-content\/uploads\/2023\/11\/LFinierisJK39-scaled.jpg 2560w, https:\/\/www.finieris.com\/wp-content\/uploads\/2023\/11\/LFinierisJK39-300x200.jpg 300w, https:\/\/www.finieris.com\/wp-content\/uploads\/2023\/11\/LFinierisJK39-1024x683.jpg 1024w, https:\/\/www.finieris.com\/wp-content\/uploads\/2023\/11\/LFinierisJK39-768x512.jpg 768w, https:\/\/www.finieris.com\/wp-content\/uploads\/2023\/11\/LFinierisJK39-1536x1024.jpg 1536w, https:\/\/www.finieris.com\/wp-content\/uploads\/2023\/11\/LFinierisJK39-2048x1365.jpg 2048w, https:\/\/www.finieris.com\/wp-content\/uploads\/2023\/11\/LFinierisJK39-600x400.jpg 600w\" sizes=\"(max-width: 2560px) 100vw, 2560px\" \/>                <\/div>\n                                            <\/div>\n        <\/div>\n    <\/div>\n        <div class=\"image-wrapper\">\n        <div class=\"image-overflow\">\n            <img decoding=\"async\" width=\"2560\" height=\"1707\" src=\"https:\/\/www.finieris.com\/wp-content\/uploads\/2023\/11\/LFinierisJK39-scaled.jpg\" class=\"attachment-full size-full\" alt=\"Cilv\u0113ki st\u0101v pie kokiem un m\u0101j\" srcset=\"https:\/\/www.finieris.com\/wp-content\/uploads\/2023\/11\/LFinierisJK39-scaled.jpg 2560w, https:\/\/www.finieris.com\/wp-content\/uploads\/2023\/11\/LFinierisJK39-300x200.jpg 300w, https:\/\/www.finieris.com\/wp-content\/uploads\/2023\/11\/LFinierisJK39-1024x683.jpg 1024w, https:\/\/www.finieris.com\/wp-content\/uploads\/2023\/11\/LFinierisJK39-768x512.jpg 768w, https:\/\/www.finieris.com\/wp-content\/uploads\/2023\/11\/LFinierisJK39-1536x1024.jpg 1536w, https:\/\/www.finieris.com\/wp-content\/uploads\/2023\/11\/LFinierisJK39-2048x1365.jpg 2048w, https:\/\/www.finieris.com\/wp-content\/uploads\/2023\/11\/LFinierisJK39-600x400.jpg 600w\" sizes=\"(max-width: 2560px) 100vw, 2560px\" \/>        <\/div>\n    <\/div>\n    <\/section>\n\n\n<section id=\"accordion-block_4cc97f135b04d0261d614766ede5eb48\"\n         class=\"block accordion bg-beige\"\n                 data-accordion-block>\n    <div class=\"container\" data-aos=\"fade-up\" data-aos-once=\"true\" data-aos-offset=\"100\" data-aos-duration=\"500\">\n        <div class=\"row\">\n            <div class=\"col-12 col-lg-6\">\n                <div class=\"accordion-information\" data-aos=\"fade-in\" data-aos-once data-aos-offset=\"100\" data-aos-duration=\"400\" data-aos-easing=\"ease-in-out\">\n                    <h2>Kopl\u012bgums \u2013 iesp\u0113jas darbiniekiem<\/h2>\n<p>Darbinieka intereses aizst\u0101v kopl\u012bgums, kas nodro\u0161ina darbiniekiem atvieglojumus un labumus papildus valsts noteiktaj\u0101m darba tiesiskaj\u0101m un soci\u0101laj\u0101m garantij\u0101m, veicina darbinieku ieinteres\u0113t\u012bbu kvalitat\u012bv\u0101 darb\u0101 un uz\u0146\u0113muma turpm\u0101k\u0101 att\u012bst\u012bb\u0101, k\u0101 ar\u012b preciz\u0113 darbinieku atbild\u012bbu.<\/p>\n                <\/div>\n            <\/div>\n            <div class=\"col-12 col-lg-6 \">\n                <div class=\"accordion-list\">\n                                                            <div class=\"accordion-list-item\" data-aos=\"fade-up\" data-aos-once data-aos-offset=\"100\" data-aos-duration=\"400\" data-aos-easing=\"ease-in-out\">\n                            <div class=\"accordion-list-item-header\">\n                                <h4 class=\"color-reset\">Papildu br\u012bvdienas <\/h4>\n                                <button class=\"accordion-list-item-toggle\">\n                                    <svg xmlns=\"http:\/\/www.w3.org\/2000\/svg\" viewBox=\"0 0 20 20\" width=\"20\" height=\"20\" fill=\"none\"><path stroke=\"currentColor\" stroke-miterlimit=\"10\" stroke-width=\"1.2\" d=\"m2 7.475 6.178 6.287a2.558 2.558 0 0 0 3.644 0L18 7.475\"\/><\/svg>\n                                <\/button>\n                            <\/div>\n                            <div class=\"accordion-list-item-content\">\n                                Visiem darbiniekiem, neatkar\u012bgi no t\u0101 vai vi\u0146i ir vai nav &quot;Latvijas Finiera&quot; arodbiedr\u012bbas biedri, pien\u0101kas kopl\u012bgum\u0101 noteikt\u0101s papildu br\u012bvdienas, piem\u0113ram, k\u0101zu gad\u012bjum\u0101 vai, ja b\u0113rni uzs\u0101k skolas gaitas, tiek ieg\u016bts augst\u0101k\u0101s izgl\u012bt\u012bbas gr\u0101ds u.c. gad\u012bjumos. Br\u012bvdienas pien\u0101kas ar\u012b dienesta pien\u0101kumu pild\u012b\u0161anai LR Zemessardz\u0113.                             <\/div>\n                        <\/div>\n                                            <div class=\"accordion-list-item\" data-aos=\"fade-up\" data-aos-once data-aos-offset=\"100\" data-aos-duration=\"400\" data-aos-easing=\"ease-in-out\">\n                            <div class=\"accordion-list-item-header\">\n                                <h4 class=\"color-reset\">Iemaksas 3. pensiju l\u012bmen\u012b<\/h4>\n                                <button class=\"accordion-list-item-toggle\">\n                                    <svg xmlns=\"http:\/\/www.w3.org\/2000\/svg\" viewBox=\"0 0 20 20\" width=\"20\" height=\"20\" fill=\"none\"><path stroke=\"currentColor\" stroke-miterlimit=\"10\" stroke-width=\"1.2\" d=\"m2 7.475 6.178 6.287a2.558 2.558 0 0 0 3.644 0L18 7.475\"\/><\/svg>\n                                <\/button>\n                            <\/div>\n                            <div class=\"accordion-list-item-content\">\n                                P\u0113c nep\u0101rtraukti nostr\u0101d\u0101ta gada k\u0101d\u0101 no koncerna uz\u0146\u0113mumiem darba dev\u0113js s\u0101k ikm\u0113ne\u0161a iemaksas pensiju fond\u0101 &#8211; papildu soci\u0101l\u0101s garantijas stabil\u0101k\u0101m vecumdien\u0101m.                            <\/div>\n                        <\/div>\n                                            <div class=\"accordion-list-item\" data-aos=\"fade-up\" data-aos-once data-aos-offset=\"100\" data-aos-duration=\"400\" data-aos-easing=\"ease-in-out\">\n                            <div class=\"accordion-list-item-header\">\n                                <h4 class=\"color-reset\">Vesel\u012bbas un nelaimes gad\u012bjumu apdro\u0161in\u0101\u0161ana <\/h4>\n                                <button class=\"accordion-list-item-toggle\">\n                                    <svg xmlns=\"http:\/\/www.w3.org\/2000\/svg\" viewBox=\"0 0 20 20\" width=\"20\" height=\"20\" fill=\"none\"><path stroke=\"currentColor\" stroke-miterlimit=\"10\" stroke-width=\"1.2\" d=\"m2 7.475 6.178 6.287a2.558 2.558 0 0 0 3.644 0L18 7.475\"\/><\/svg>\n                                <\/button>\n                            <\/div>\n                            <div class=\"accordion-list-item-content\">\n                                Visiem darbiniekiem no br\u012b\u017ea, kad uzs\u0101ktas darba attiec\u012bbas, uz\u0146\u0113mums nodro\u0161ina nelaimes gad\u012bjumu apdro\u0161in\u0101\u0161anu, kas darbojas 24 stundas diennakt\u012b vis\u0101 pasaul\u0113, bet p\u0113c p\u0101rbaudes laika beig\u0101m darbinieks sa\u0146em ar\u012b vesel\u012bbas apdro\u0161in\u0101\u0161anas polisi.                            <\/div>\n                        <\/div>\n                                            <div class=\"accordion-list-item\" data-aos=\"fade-up\" data-aos-once data-aos-offset=\"100\" data-aos-duration=\"400\" data-aos-easing=\"ease-in-out\">\n                            <div class=\"accordion-list-item-header\">\n                                <h4 class=\"color-reset\">Soci\u0101l\u0101s pal\u012bdz\u012bbas fonds<\/h4>\n                                <button class=\"accordion-list-item-toggle\">\n                                    <svg xmlns=\"http:\/\/www.w3.org\/2000\/svg\" viewBox=\"0 0 20 20\" width=\"20\" height=\"20\" fill=\"none\"><path stroke=\"currentColor\" stroke-miterlimit=\"10\" stroke-width=\"1.2\" d=\"m2 7.475 6.178 6.287a2.558 2.558 0 0 0 3.644 0L18 7.475\"\/><\/svg>\n                                <\/button>\n                            <\/div>\n                            <div class=\"accordion-list-item-content\">\n                                Viens no \u201cLatvijas Finiera\u201d arodbiedr\u012bbas biedru ieguvumiem ir Soci\u0101l\u0101s pal\u012bdz\u012bbas fonds. Darbinieka individu\u0101laj\u0101 soci\u0101laj\u0101 fond\u0101 uzkr\u0101jas 50% no iemaks\u0101t\u0101s arodbiedr\u012bbas biedru naudas, k\u0101 ar\u012b br\u012bvpr\u0101t\u012bg\u0101s iemaksas no algas un dividend\u0113m. Tas dod iesp\u0113ju uzkr\u0101t naudu un, uzkr\u0101jumam sasniedzot noteiktu summu, sa\u0146emt izdev\u012bgu procentu pieaugumu.                            <\/div>\n                        <\/div>\n                                            <div class=\"accordion-list-item\" data-aos=\"fade-up\" data-aos-once data-aos-offset=\"100\" data-aos-duration=\"400\" data-aos-easing=\"ease-in-out\">\n                            <div class=\"accordion-list-item-header\">\n                                <h4 class=\"color-reset\">Pal\u012bdz\u012bba da\u017e\u0101d\u0101s dz\u012bves situ\u0101cij\u0101s <\/h4>\n                                <button class=\"accordion-list-item-toggle\">\n                                    <svg xmlns=\"http:\/\/www.w3.org\/2000\/svg\" viewBox=\"0 0 20 20\" width=\"20\" height=\"20\" fill=\"none\"><path stroke=\"currentColor\" stroke-miterlimit=\"10\" stroke-width=\"1.2\" d=\"m2 7.475 6.178 6.287a2.558 2.558 0 0 0 3.644 0L18 7.475\"\/><\/svg>\n                                <\/button>\n                            <\/div>\n                            <div class=\"accordion-list-item-content\">\n                                Arodbiedr\u012bbas biedriem pieejams atbalsts bri\u013c\u013cu un kontaktl\u0113cu ieg\u0101dei. T\u0101pat tiek nodro\u0161in\u0101ts pabalsts b\u0113rna piedzim\u0161anas vai b\u0113ru gad\u012bjum\u0101, ilgsto\u0161i slimojot vai d\u0101rgai oper\u0101cijai. Atbalstu sa\u0146em ar\u012b darbinieki, kuriem ir b\u0113rns inval\u012bds l\u012bdz 18 gadu vecumam, u.c. \r\n                            <\/div>\n                        <\/div>\n                                                    <\/div>\n            <\/div>\n        <\/div>\n    <\/div>\n<\/section>\n\n\n<section id=\"written-content-block_d5eb8b4ac23aa633d1361bb598812745\" class=\"block written-content bg-white rounded-top-part pt-md pb-md\"\n    data-aos=\"fade-up\" data-aos-once=\"true\" data-aos-duration=\"500\">\n        <div class=\"container\" >\n        <div class=\"row\">\n                        <div class=\"col col-md-9\">\n                <blockquote>\n<h6>Tas, ka uz\u0146\u0113mum\u0101 ir kopl\u012bgums, liecina, ka darba dev\u0113js ir atbild\u012bgs, uzticams un ilgtermi\u0146\u0101 dom\u0101jo\u0161s.<\/h6>\n<p class=\"small\">Krist\u012bne Rapa, \u201cLatvijas Finiera\u201d arodbiedr\u012bbas priek\u0161s\u0113d\u0113t\u0101ja<\/p>\n<\/blockquote>\n            <\/div>\n        <\/div>\n    <\/div>\n    <\/section>\n\n\n<section id=\"two-column-text-block_58101ef5d9c50cb4389e29bb4018de60\" class=\"block two-column-text bg-beige rounded-top-part\"\n    data-aos=\"fade-up\" data-aos-once=\"true\" data-aos-duration=\"500\">\n    <div class=\"container\" >\n        <div class=\"row\">\n            <div class=\"col-12 col-lg-6\" data-aos=\"fade-in\" data-aos-duration=\"400\" data-aos-easing=\"ease-in-out\">\n                <h2>Arodbiedr\u012bbas inform\u0101cija<\/h2>\n            <\/div>\n            <div class=\"col-12 col-lg-6\" data-aos=\"fade-in\" data-aos-duration=\"400\" data-aos-easing=\"ease-in-out\">\n                                                <div class=\"two-column-text-item-wrapper multiple\">\n                                                            <div class=\"two-column-text-item\">\n                        <h4>Krist\u012bne Rapa<\/h4>\n                        <div class=\"item-content\">\n                            <p>Arodbiedr\u012bbas priek\u0161s\u0113d\u0113t\u0101ja<br \/>\nTel. 29 190 366<br \/>\n<a href=\"mailto:kristine.rapa@finieris.lv\">kristine.rapa@finieris.lv<\/a><\/p>\n                        <\/div>\n                    <\/div>\n                                        <div class=\"two-column-text-item\">\n                        <h4>Ga\u013cina Zi\u0146ina<\/h4>\n                        <div class=\"item-content\">\n                            <p>P\u0101rvalde<br \/>\nTel. 29 174 621<br \/>\n<a href=\"mailto:galina.zinina@finieris.lv\">galina.zinina@finieris.lv<\/a><\/p>\n                        <\/div>\n                    <\/div>\n                                        <div class=\"two-column-text-item\">\n                        <h4>L\u012bga Jermac\u0101ne<\/h4>\n                        <div class=\"item-content\">\n                            <p>&#8220;Lignums&#8221;, arodbiedr\u012bbas priek\u0161s\u0113d\u0113t\u0101jas vietniece<br \/>\nTel. 67 067 133<br \/>\n<a href=\"mailto:liga.jermacane@finieris.lv\">liga.jermacane@finieris.lv<\/a><\/p>\n                        <\/div>\n                    <\/div>\n                                                        <\/div>\n                                            <\/div>\n        <\/div>\n    <\/div>\n<\/section>\n","protected":false},"excerpt":{"rendered":"","protected":false},"author":3,"featured_media":1676,"parent":239,"menu_order":3,"comment_status":"closed","ping_status":"closed","template":"","meta":{"_acf_changed":false,"footnotes":""},"categories":[],"class_list":["post-2034","page","type-page","status-publish","has-post-thumbnail","hentry"],"acf":[],"yoast_head":"<!-- This site is optimized with the Yoast SEO Premium plugin v27.2 (Yoast SEO v27.2) - https:\/\/yoast.com\/product\/yoast-seo-premium-wordpress\/ -->\n<title>Arodbiedr\u012bba - Latvijas Finieris<\/title>\n<meta name=\"description\" content=\"Iepaz\u012bstieties ar \u201cLatvijas Finiera\u201d arodbiedr\u012bbas priek\u0161roc\u012bb\u0101m. Kopl\u012bgums nodro\u0161ina darbiniekiem atvieglojumus un labumus papildus valsts garantij\u0101m.\" \/>\n<meta name=\"robots\" content=\"index, follow, max-snippet:-1, max-image-preview:large, max-video-preview:-1\" \/>\n<link rel=\"canonical\" href=\"https:\/\/www.finieris.com\/lv\/karjera\/arodbiedriba\/\" \/>\n<meta property=\"og:locale\" content=\"lv_LV\" \/>\n<meta property=\"og:type\" content=\"article\" \/>\n<meta property=\"og:title\" content=\"Arodbiedr\u012bba\" \/>\n<meta property=\"og:description\" content=\"Iepaz\u012bstieties ar \u201cLatvijas Finiera\u201d arodbiedr\u012bbas priek\u0161roc\u012bb\u0101m. Kopl\u012bgums nodro\u0161ina darbiniekiem atvieglojumus un labumus papildus valsts garantij\u0101m.\" \/>\n<meta property=\"og:url\" content=\"https:\/\/www.finieris.com\/lv\/karjera\/arodbiedriba\/\" \/>\n<meta property=\"og:site_name\" content=\"Latvijas Finieris\" \/>\n<meta property=\"article:publisher\" content=\"https:\/\/www.facebook.com\/Finieris\/\" \/>\n<meta property=\"article:modified_time\" content=\"2025-01-28T14:24:31+00:00\" \/>\n<meta property=\"og:image\" content=\"https:\/\/www.finieris.com\/wp-content\/uploads\/2023\/11\/nursery-scaled.jpeg\" \/>\n\t<meta property=\"og:image:width\" content=\"2560\" \/>\n\t<meta property=\"og:image:height\" content=\"1704\" \/>\n\t<meta property=\"og:image:type\" content=\"image\/jpeg\" \/>\n<meta name=\"twitter:card\" content=\"summary_large_image\" \/>\n<meta name=\"twitter:label1\" content=\"Est. reading time\" \/>\n\t<meta name=\"twitter:data1\" content=\"2 minutes\" \/>\n<script type=\"application\/ld+json\" class=\"yoast-schema-graph\">{\"@context\":\"https:\/\/schema.org\",\"@graph\":[{\"@type\":\"WebPage\",\"@id\":\"https:\/\/www.finieris.com\/lv\/karjera\/arodbiedriba\/\",\"url\":\"https:\/\/www.finieris.com\/lv\/karjera\/arodbiedriba\/\",\"name\":\"Arodbiedr\u012bba - Latvijas Finieris\",\"isPartOf\":{\"@id\":\"https:\/\/www.finieris.com\/lv\/#website\"},\"primaryImageOfPage\":{\"@id\":\"https:\/\/www.finieris.com\/lv\/karjera\/arodbiedriba\/#primaryimage\"},\"image\":{\"@id\":\"https:\/\/www.finieris.com\/lv\/karjera\/arodbiedriba\/#primaryimage\"},\"thumbnailUrl\":\"https:\/\/www.finieris.com\/wp-content\/uploads\/2023\/11\/nursery-scaled.jpeg\",\"datePublished\":\"2023-11-28T12:47:04+00:00\",\"dateModified\":\"2025-01-28T14:24:31+00:00\",\"description\":\"Iepaz\u012bstieties ar \u201cLatvijas Finiera\u201d arodbiedr\u012bbas priek\u0161roc\u012bb\u0101m. Kopl\u012bgums nodro\u0161ina darbiniekiem atvieglojumus un labumus papildus valsts garantij\u0101m.\",\"breadcrumb\":{\"@id\":\"https:\/\/www.finieris.com\/lv\/karjera\/arodbiedriba\/#breadcrumb\"},\"inLanguage\":\"lv-LV\",\"potentialAction\":[{\"@type\":\"ReadAction\",\"target\":[\"https:\/\/www.finieris.com\/lv\/karjera\/arodbiedriba\/\"]}]},{\"@type\":\"ImageObject\",\"inLanguage\":\"lv-LV\",\"@id\":\"https:\/\/www.finieris.com\/lv\/karjera\/arodbiedriba\/#primaryimage\",\"url\":\"https:\/\/www.finieris.com\/wp-content\/uploads\/2023\/11\/nursery-scaled.jpeg\",\"contentUrl\":\"https:\/\/www.finieris.com\/wp-content\/uploads\/2023\/11\/nursery-scaled.jpeg\",\"width\":2560,\"height\":1704,\"caption\":\"Kokaudz\u0113tava \\\"Z\u0101baki\\\"\"},{\"@type\":\"BreadcrumbList\",\"@id\":\"https:\/\/www.finieris.com\/lv\/karjera\/arodbiedriba\/#breadcrumb\",\"itemListElement\":[{\"@type\":\"ListItem\",\"position\":1,\"name\":\"Home\",\"item\":\"https:\/\/www.finieris.com\/lv\/\"},{\"@type\":\"ListItem\",\"position\":2,\"name\":\"Karjera\",\"item\":\"https:\/\/www.finieris.com\/lv\/karjera\/\"},{\"@type\":\"ListItem\",\"position\":3,\"name\":\"Arodbiedr\u012bba\"}]},{\"@type\":\"WebSite\",\"@id\":\"https:\/\/www.finieris.com\/lv\/#website\",\"url\":\"https:\/\/www.finieris.com\/lv\/\",\"name\":\"Latvijas Finieris\",\"description\":\"Leading the way in sustainable forestry\",\"publisher\":{\"@id\":\"https:\/\/www.finieris.com\/lv\/#organization\"},\"potentialAction\":[{\"@type\":\"SearchAction\",\"target\":{\"@type\":\"EntryPoint\",\"urlTemplate\":\"https:\/\/www.finieris.com\/lv\/?s={search_term_string}\"},\"query-input\":{\"@type\":\"PropertyValueSpecification\",\"valueRequired\":true,\"valueName\":\"search_term_string\"}}],\"inLanguage\":\"lv-LV\"},{\"@type\":\"Organization\",\"@id\":\"https:\/\/www.finieris.com\/lv\/#organization\",\"name\":\"Latvijas Finieris\",\"alternateName\":\"Riga Wood\",\"url\":\"https:\/\/www.finieris.com\/lv\/\",\"logo\":{\"@type\":\"ImageObject\",\"inLanguage\":\"lv-LV\",\"@id\":\"https:\/\/www.finieris.com\/lv\/#\/schema\/logo\/image\/\",\"url\":\"https:\/\/www.finieris.com\/wp-content\/uploads\/2023\/08\/finieris-logo.svg\",\"contentUrl\":\"https:\/\/www.finieris.com\/wp-content\/uploads\/2023\/08\/finieris-logo.svg\",\"width\":1,\"height\":1,\"caption\":\"Latvijas Finieris\"},\"image\":{\"@id\":\"https:\/\/www.finieris.com\/lv\/#\/schema\/logo\/image\/\"},\"sameAs\":[\"https:\/\/www.facebook.com\/Finieris\/\",\"https:\/\/lv.linkedin.com\/company\/latvijas-finieris\",\"https:\/\/www.youtube.com\/c\/LatvijasFinierisAS\"]}]}<\/script>\n<!-- \/ Yoast SEO Premium plugin. -->","yoast_head_json":{"title":"Arodbiedr\u012bba - Latvijas Finieris","description":"Iepaz\u012bstieties ar \u201cLatvijas Finiera\u201d arodbiedr\u012bbas priek\u0161roc\u012bb\u0101m. Kopl\u012bgums nodro\u0161ina darbiniekiem atvieglojumus un labumus papildus valsts garantij\u0101m.","robots":{"index":"index","follow":"follow","max-snippet":"max-snippet:-1","max-image-preview":"max-image-preview:large","max-video-preview":"max-video-preview:-1"},"canonical":"https:\/\/www.finieris.com\/lv\/karjera\/arodbiedriba\/","og_locale":"lv_LV","og_type":"article","og_title":"Arodbiedr\u012bba","og_description":"Iepaz\u012bstieties ar \u201cLatvijas Finiera\u201d arodbiedr\u012bbas priek\u0161roc\u012bb\u0101m. Kopl\u012bgums nodro\u0161ina darbiniekiem atvieglojumus un labumus papildus valsts garantij\u0101m.","og_url":"https:\/\/www.finieris.com\/lv\/karjera\/arodbiedriba\/","og_site_name":"Latvijas Finieris","article_publisher":"https:\/\/www.facebook.com\/Finieris\/","article_modified_time":"2025-01-28T14:24:31+00:00","og_image":[{"width":2560,"height":1704,"url":"https:\/\/www.finieris.com\/wp-content\/uploads\/2023\/11\/nursery-scaled.jpeg","type":"image\/jpeg"}],"twitter_card":"summary_large_image","twitter_misc":{"Est. reading time":"2 minutes"},"schema":{"@context":"https:\/\/schema.org","@graph":[{"@type":"WebPage","@id":"https:\/\/www.finieris.com\/lv\/karjera\/arodbiedriba\/","url":"https:\/\/www.finieris.com\/lv\/karjera\/arodbiedriba\/","name":"Arodbiedr\u012bba - Latvijas Finieris","isPartOf":{"@id":"https:\/\/www.finieris.com\/lv\/#website"},"primaryImageOfPage":{"@id":"https:\/\/www.finieris.com\/lv\/karjera\/arodbiedriba\/#primaryimage"},"image":{"@id":"https:\/\/www.finieris.com\/lv\/karjera\/arodbiedriba\/#primaryimage"},"thumbnailUrl":"https:\/\/www.finieris.com\/wp-content\/uploads\/2023\/11\/nursery-scaled.jpeg","datePublished":"2023-11-28T12:47:04+00:00","dateModified":"2025-01-28T14:24:31+00:00","description":"Iepaz\u012bstieties ar \u201cLatvijas Finiera\u201d arodbiedr\u012bbas priek\u0161roc\u012bb\u0101m. Kopl\u012bgums nodro\u0161ina darbiniekiem atvieglojumus un labumus papildus valsts garantij\u0101m.","breadcrumb":{"@id":"https:\/\/www.finieris.com\/lv\/karjera\/arodbiedriba\/#breadcrumb"},"inLanguage":"lv-LV","potentialAction":[{"@type":"ReadAction","target":["https:\/\/www.finieris.com\/lv\/karjera\/arodbiedriba\/"]}]},{"@type":"ImageObject","inLanguage":"lv-LV","@id":"https:\/\/www.finieris.com\/lv\/karjera\/arodbiedriba\/#primaryimage","url":"https:\/\/www.finieris.com\/wp-content\/uploads\/2023\/11\/nursery-scaled.jpeg","contentUrl":"https:\/\/www.finieris.com\/wp-content\/uploads\/2023\/11\/nursery-scaled.jpeg","width":2560,"height":1704,"caption":"Kokaudz\u0113tava \"Z\u0101baki\""},{"@type":"BreadcrumbList","@id":"https:\/\/www.finieris.com\/lv\/karjera\/arodbiedriba\/#breadcrumb","itemListElement":[{"@type":"ListItem","position":1,"name":"Home","item":"https:\/\/www.finieris.com\/lv\/"},{"@type":"ListItem","position":2,"name":"Karjera","item":"https:\/\/www.finieris.com\/lv\/karjera\/"},{"@type":"ListItem","position":3,"name":"Arodbiedr\u012bba"}]},{"@type":"WebSite","@id":"https:\/\/www.finieris.com\/lv\/#website","url":"https:\/\/www.finieris.com\/lv\/","name":"Latvijas Finieris","description":"Leading the way in sustainable forestry","publisher":{"@id":"https:\/\/www.finieris.com\/lv\/#organization"},"potentialAction":[{"@type":"SearchAction","target":{"@type":"EntryPoint","urlTemplate":"https:\/\/www.finieris.com\/lv\/?s={search_term_string}"},"query-input":{"@type":"PropertyValueSpecification","valueRequired":true,"valueName":"search_term_string"}}],"inLanguage":"lv-LV"},{"@type":"Organization","@id":"https:\/\/www.finieris.com\/lv\/#organization","name":"Latvijas Finieris","alternateName":"Riga Wood","url":"https:\/\/www.finieris.com\/lv\/","logo":{"@type":"ImageObject","inLanguage":"lv-LV","@id":"https:\/\/www.finieris.com\/lv\/#\/schema\/logo\/image\/","url":"https:\/\/www.finieris.com\/wp-content\/uploads\/2023\/08\/finieris-logo.svg","contentUrl":"https:\/\/www.finieris.com\/wp-content\/uploads\/2023\/08\/finieris-logo.svg","width":1,"height":1,"caption":"Latvijas Finieris"},"image":{"@id":"https:\/\/www.finieris.com\/lv\/#\/schema\/logo\/image\/"},"sameAs":["https:\/\/www.facebook.com\/Finieris\/","https:\/\/lv.linkedin.com\/company\/latvijas-finieris","https:\/\/www.youtube.com\/c\/LatvijasFinierisAS"]}]}},"_links":{"self":[{"href":"https:\/\/www.finieris.com\/lv\/wp-json\/wp\/v2\/pages\/2034","targetHints":{"allow":["GET"]}}],"collection":[{"href":"https:\/\/www.finieris.com\/lv\/wp-json\/wp\/v2\/pages"}],"about":[{"href":"https:\/\/www.finieris.com\/lv\/wp-json\/wp\/v2\/types\/page"}],"author":[{"embeddable":true,"href":"https:\/\/www.finieris.com\/lv\/wp-json\/wp\/v2\/users\/3"}],"replies":[{"embeddable":true,"href":"https:\/\/www.finieris.com\/lv\/wp-json\/wp\/v2\/comments?post=2034"}],"version-history":[{"count":43,"href":"https:\/\/www.finieris.com\/lv\/wp-json\/wp\/v2\/pages\/2034\/revisions"}],"predecessor-version":[{"id":14241,"href":"https:\/\/www.finieris.com\/lv\/wp-json\/wp\/v2\/pages\/2034\/revisions\/14241"}],"up":[{"embeddable":true,"href":"https:\/\/www.finieris.com\/lv\/wp-json\/wp\/v2\/pages\/239"}],"wp:featuredmedia":[{"embeddable":true,"href":"https:\/\/www.finieris.com\/lv\/wp-json\/wp\/v2\/media\/1676"}],"wp:attachment":[{"href":"https:\/\/www.finieris.com\/lv\/wp-json\/wp\/v2\/media?parent=2034"}],"wp:term":[{"taxonomy":"category","embeddable":true,"href":"https:\/\/www.finieris.com\/lv\/wp-json\/wp\/v2\/categories?post=2034"}],"curies":[{"name":"wp","href":"https:\/\/api.w.org\/{rel}","templated":true}]}}