{"id":17455,"date":"2026-02-02T10:42:53","date_gmt":"2026-02-02T08:42:53","guid":{"rendered":"https:\/\/www.finieris.com\/?page_id=17455"},"modified":"2026-02-02T10:56:23","modified_gmt":"2026-02-02T08:56:23","slug":"jauns-lielformata-cnc-iekartu-rupnica","status":"publish","type":"page","link":"https:\/\/www.finieris.com\/lv\/produkti-un-pakalpojumi\/petnieciba-un-attistiba\/es-atbalsta-projekti\/jauns-lielformata-cnc-iekartu-rupnica\/","title":{"rendered":"Jauns lielform\u0101ta CNC Iek\u0101rtu r\u016bpn\u012bc\u0101"},"content":{"rendered":"<section id=\"written-content-block_7917af5e2980608faa4a44813ad08f17\" class=\"block written-content bg-white pt-sm pb-sm\"\n    >\n        <div class=\"container\" data-aos=\"fade-up\" data-aos-once=\"true\" data-aos-duration=\"500\">\n        <div class=\"row\">\n                        <div class=\"col\">\n                <h1>Jauns lielform\u0101ta CNC Iek\u0101rtu r\u016bpn\u012bc\u0101<\/h1>\n            <\/div>\n        <\/div>\n    <\/div>\n    <\/section>\n\n\n<section id=\"written-content-block_df65a484d184e14be6ef7f3d84b4796c\" class=\"block written-content bg-white pt-zero pb-zero\"\n    >\n        <div class=\"container\" data-aos=\"fade-up\" data-aos-once=\"true\" data-aos-duration=\"500\">\n        <div class=\"row\">\n                        <div class=\"col col-md-9\">\n                <p><img decoding=\"async\" src=\"https:\/\/www.finieris.com\/wp-content\/uploads\/2026\/02\/Iekartu-rupnica-CNC.png\" alt=\"Jauns lielform\u0101ta CNC Iek\u0101rtu r\u016bpn\u012bc\u0101\" width=\"100%\" \/><\/p>\n            <\/div>\n        <\/div>\n    <\/div>\n    <\/section>\n\n\n<section id=\"written-content-block_b253312b596d559796dfe3a890430664\" class=\"block written-content bg-white pt-sm pb-sm\"\n    >\n        <div class=\"container\" data-aos=\"fade-up\" data-aos-once=\"true\" data-aos-duration=\"500\">\n        <div class=\"row\">\n                        <div class=\"col col-md-9\">\n                <p>Viena no AS \u201cLatvijas Finieris\u201d strukt\u016brvien\u012bb\u0101m Iek\u0101rtu R\u016bpn\u012bca (IR) nodarboj\u0101s ne tikai ar uz\u0146\u0113muma r\u016bpn\u012bcu tehnisko apkopi, bet ar\u012b ar ma\u0161\u012bnb\u016bvi, ra\u017eojot lielgabar\u012bta iek\u0101rtas, k\u0101 transportierus, l\u012bmes mikserus, nokrau\u0161anas stacijas un putek\u013cu \u0161\u0137iro\u0161anas sietus. Lai nodro\u0161in\u0101tu iek\u0101rtu prec\u012bzo salik\u0161anu, deta\u013cas ir nepiecie\u0161ams meh\u0101niski apstr\u0101d\u0101t, t.i. j\u0101apstr\u0101d\u0101 kop\u0101 skr\u016bv\u0113jam\u0101s virsmas. Nereti konstruktori \u0161\u0101du virsmu apstr\u0101dei nor\u0101da \u013coti augstas pielaides, jo ir b\u016btiski, ka saliekot mezglus, tie sp\u0113tu atbilsto\u0161i kust\u0113ties, neradot deta\u013cu iesp\u012bl\u0113jumu vai str\u012b\u0137\u0113\u0161anos. IR \u0161is process tiek veikts ar lielform\u0101ta NC (Numerical Control) fr\u0113zi. \u0160\u012bs iek\u0101rtas galvenais tr\u016bkums ir iek\u0101rtas nesavietojam\u012bba ar m\u016bsdienu ras\u0113\u0161anas programm\u0101m. Tas noz\u012bm\u0113, ka iek\u0101rtas operatoram ir manu\u0101li j\u0101veido deta\u013cas apstr\u0101des programma, atbilsto\u0161i konstruktora sagatavotajam deta\u013cas ras\u0113jumam. \u0145emot v\u0113r\u0101 pas\u016bt\u012bjumu skaitu pieaugumu un nepiecie\u0161am\u012bbu past\u0101v\u012bgi paaugstin\u0101t apstr\u0101des kvalit\u0101ti, vienlaic\u012bgi samazinot to pa\u0161izmaksu, tiek pl\u0101nots p\u0101riet uz piln\u012bb\u0101 autom\u0101tisku CNC (Computer Numerical Control) fr\u0113zi. P\u0101reja no NC uz CNC b\u016btiski samazin\u0101s darbietilp\u012bbu, precizit\u0101ti, apstr\u0101des kvalit\u0101ti un praktiski izsl\u0113gs operatora k\u013c\u016bdu iesp\u0113jas.<\/p>\n            <\/div>\n        <\/div>\n    <\/div>\n    <\/section>\n\n\n<section id=\"written-content-block_fb84a340eaede45a1d2de667827b5c4e\" class=\"block written-content bg-white pt-zero pb-zero\"\n    >\n        <div class=\"container\" data-aos=\"fade-up\" data-aos-once=\"true\" data-aos-duration=\"500\">\n        <div class=\"row\">\n                        <div class=\"col\">\n                <p style=\"text-align: center;\"><img decoding=\"async\" src=\"https:\/\/www.finieris.com\/wp-content\/uploads\/2024\/10\/LV_Finanse_Eiropas_Savieniba_RGB_POS.png\" alt=\"Finans\u0113 Eirpoas Savien\u012bba - Next Generation EU\" width=\"500\" \/> <img decoding=\"async\" src=\"https:\/\/www.finieris.com\/wp-content\/uploads\/2024\/10\/NAP_logo_ar_nosaukumu_PNG_H400px_lv.png\" alt=\"Nacion\u0101lais att\u012bst\u012bbas pl\u0101ns 2027\" width=\"100\" \/><\/p>\n            <\/div>\n        <\/div>\n    <\/div>\n    <\/section>\n\n\n<section id=\"written-content-block_607fb6e738f78e721c74f25459d22d32\" class=\"block written-content bg-white\"\n    >\n    <\/section>\n","protected":false},"excerpt":{"rendered":"","protected":false},"author":2,"featured_media":17456,"parent":8840,"menu_order":0,"comment_status":"closed","ping_status":"closed","template":"","meta":{"_acf_changed":false,"footnotes":""},"categories":[777,796,711,713,719,757],"class_list":["post-17455","page","type-page","status-publish","has-post-thumbnail","hentry","category-efektivitate","category-iekartu-rupnica","category-investicijas","category-projekti","category-rd-lv","category-razosanas-iekartas"],"acf":[],"yoast_head":"<!-- This site is optimized with the Yoast SEO Premium plugin v27.2 (Yoast SEO v27.2) - https:\/\/yoast.com\/product\/yoast-seo-premium-wordpress\/ -->\n<title>Jauns lielform\u0101ta CNC Iek\u0101rtu r\u016bpn\u012bc\u0101 - Latvijas Finieris<\/title>\n<meta name=\"description\" content=\"\u0145emot v\u0113r\u0101 pas\u016bt\u012bjumu skaitu pieaugumu un nepiecie\u0161am\u012bbu past\u0101v\u012bgi paaugstin\u0101t apstr\u0101des kvalit\u0101ti, vienlaic\u012bgi samazinot to pa\u0161izmaksu, tiek pl\u0101nots p\u0101riet uz piln\u012bb\u0101 autom\u0101tisku CNC (Computer Numerical Control) fr\u0113zi.\" \/>\n<meta name=\"robots\" content=\"index, follow, max-snippet:-1, max-image-preview:large, max-video-preview:-1\" \/>\n<link rel=\"canonical\" href=\"https:\/\/www.finieris.com\/lv\/produkti-un-pakalpojumi\/petnieciba-un-attistiba\/es-atbalsta-projekti\/jauns-lielformata-cnc-iekartu-rupnica\/\" \/>\n<meta property=\"og:locale\" content=\"lv_LV\" \/>\n<meta property=\"og:type\" content=\"article\" \/>\n<meta property=\"og:title\" content=\"Jauns lielform\u0101ta CNC Iek\u0101rtu r\u016bpn\u012bc\u0101\" \/>\n<meta property=\"og:description\" content=\"\u0145emot v\u0113r\u0101 pas\u016bt\u012bjumu skaitu pieaugumu un nepiecie\u0161am\u012bbu past\u0101v\u012bgi paaugstin\u0101t apstr\u0101des kvalit\u0101ti, vienlaic\u012bgi samazinot to pa\u0161izmaksu, tiek pl\u0101nots p\u0101riet uz piln\u012bb\u0101 autom\u0101tisku CNC (Computer Numerical Control) fr\u0113zi.\" \/>\n<meta property=\"og:url\" content=\"https:\/\/www.finieris.com\/lv\/produkti-un-pakalpojumi\/petnieciba-un-attistiba\/es-atbalsta-projekti\/jauns-lielformata-cnc-iekartu-rupnica\/\" \/>\n<meta property=\"og:site_name\" content=\"Latvijas Finieris\" \/>\n<meta property=\"article:publisher\" content=\"https:\/\/www.facebook.com\/Finieris\/\" \/>\n<meta property=\"article:modified_time\" content=\"2026-02-02T08:56:23+00:00\" \/>\n<meta property=\"og:image\" content=\"https:\/\/www.finieris.com\/wp-content\/uploads\/2026\/02\/Iekartu-rupnica-CNC.png\" \/>\n\t<meta property=\"og:image:width\" content=\"1011\" \/>\n\t<meta property=\"og:image:height\" content=\"677\" \/>\n\t<meta property=\"og:image:type\" content=\"image\/png\" \/>\n<meta name=\"twitter:card\" content=\"summary_large_image\" \/>\n<meta name=\"twitter:label1\" content=\"Est. reading time\" \/>\n\t<meta name=\"twitter:data1\" content=\"2 minutes\" \/>\n<script type=\"application\/ld+json\" class=\"yoast-schema-graph\">{\"@context\":\"https:\/\/schema.org\",\"@graph\":[{\"@type\":\"WebPage\",\"@id\":\"https:\/\/www.finieris.com\/lv\/produkti-un-pakalpojumi\/petnieciba-un-attistiba\/es-atbalsta-projekti\/jauns-lielformata-cnc-iekartu-rupnica\/\",\"url\":\"https:\/\/www.finieris.com\/lv\/produkti-un-pakalpojumi\/petnieciba-un-attistiba\/es-atbalsta-projekti\/jauns-lielformata-cnc-iekartu-rupnica\/\",\"name\":\"Jauns lielform\u0101ta CNC Iek\u0101rtu r\u016bpn\u012bc\u0101 - Latvijas Finieris\",\"isPartOf\":{\"@id\":\"https:\/\/www.finieris.com\/lv\/#website\"},\"primaryImageOfPage\":{\"@id\":\"https:\/\/www.finieris.com\/lv\/produkti-un-pakalpojumi\/petnieciba-un-attistiba\/es-atbalsta-projekti\/jauns-lielformata-cnc-iekartu-rupnica\/#primaryimage\"},\"image\":{\"@id\":\"https:\/\/www.finieris.com\/lv\/produkti-un-pakalpojumi\/petnieciba-un-attistiba\/es-atbalsta-projekti\/jauns-lielformata-cnc-iekartu-rupnica\/#primaryimage\"},\"thumbnailUrl\":\"https:\/\/www.finieris.com\/wp-content\/uploads\/2026\/02\/Iekartu-rupnica-CNC.png\",\"datePublished\":\"2026-02-02T08:42:53+00:00\",\"dateModified\":\"2026-02-02T08:56:23+00:00\",\"description\":\"\u0145emot v\u0113r\u0101 pas\u016bt\u012bjumu skaitu pieaugumu un nepiecie\u0161am\u012bbu past\u0101v\u012bgi paaugstin\u0101t apstr\u0101des kvalit\u0101ti, vienlaic\u012bgi samazinot to pa\u0161izmaksu, tiek pl\u0101nots p\u0101riet uz piln\u012bb\u0101 autom\u0101tisku CNC (Computer Numerical Control) fr\u0113zi.\",\"breadcrumb\":{\"@id\":\"https:\/\/www.finieris.com\/lv\/produkti-un-pakalpojumi\/petnieciba-un-attistiba\/es-atbalsta-projekti\/jauns-lielformata-cnc-iekartu-rupnica\/#breadcrumb\"},\"inLanguage\":\"lv-LV\",\"potentialAction\":[{\"@type\":\"ReadAction\",\"target\":[\"https:\/\/www.finieris.com\/lv\/produkti-un-pakalpojumi\/petnieciba-un-attistiba\/es-atbalsta-projekti\/jauns-lielformata-cnc-iekartu-rupnica\/\"]}]},{\"@type\":\"ImageObject\",\"inLanguage\":\"lv-LV\",\"@id\":\"https:\/\/www.finieris.com\/lv\/produkti-un-pakalpojumi\/petnieciba-un-attistiba\/es-atbalsta-projekti\/jauns-lielformata-cnc-iekartu-rupnica\/#primaryimage\",\"url\":\"https:\/\/www.finieris.com\/wp-content\/uploads\/2026\/02\/Iekartu-rupnica-CNC.png\",\"contentUrl\":\"https:\/\/www.finieris.com\/wp-content\/uploads\/2026\/02\/Iekartu-rupnica-CNC.png\",\"width\":1011,\"height\":677,\"caption\":\"Iekartu r\u012bpnica CNC iek\u0101rta\"},{\"@type\":\"BreadcrumbList\",\"@id\":\"https:\/\/www.finieris.com\/lv\/produkti-un-pakalpojumi\/petnieciba-un-attistiba\/es-atbalsta-projekti\/jauns-lielformata-cnc-iekartu-rupnica\/#breadcrumb\",\"itemListElement\":[{\"@type\":\"ListItem\",\"position\":1,\"name\":\"Home\",\"item\":\"https:\/\/www.finieris.com\/lv\/\"},{\"@type\":\"ListItem\",\"position\":2,\"name\":\"Jauns lielform\u0101ta CNC Iek\u0101rtu r\u016bpn\u012bc\u0101\"}]},{\"@type\":\"WebSite\",\"@id\":\"https:\/\/www.finieris.com\/lv\/#website\",\"url\":\"https:\/\/www.finieris.com\/lv\/\",\"name\":\"Latvijas Finieris\",\"description\":\"Leading the way in sustainable forestry\",\"publisher\":{\"@id\":\"https:\/\/www.finieris.com\/lv\/#organization\"},\"potentialAction\":[{\"@type\":\"SearchAction\",\"target\":{\"@type\":\"EntryPoint\",\"urlTemplate\":\"https:\/\/www.finieris.com\/lv\/?s={search_term_string}\"},\"query-input\":{\"@type\":\"PropertyValueSpecification\",\"valueRequired\":true,\"valueName\":\"search_term_string\"}}],\"inLanguage\":\"lv-LV\"},{\"@type\":\"Organization\",\"@id\":\"https:\/\/www.finieris.com\/lv\/#organization\",\"name\":\"Latvijas Finieris\",\"alternateName\":\"Riga Wood\",\"url\":\"https:\/\/www.finieris.com\/lv\/\",\"logo\":{\"@type\":\"ImageObject\",\"inLanguage\":\"lv-LV\",\"@id\":\"https:\/\/www.finieris.com\/lv\/#\/schema\/logo\/image\/\",\"url\":\"https:\/\/www.finieris.com\/wp-content\/uploads\/2023\/08\/finieris-logo.svg\",\"contentUrl\":\"https:\/\/www.finieris.com\/wp-content\/uploads\/2023\/08\/finieris-logo.svg\",\"width\":1,\"height\":1,\"caption\":\"Latvijas Finieris\"},\"image\":{\"@id\":\"https:\/\/www.finieris.com\/lv\/#\/schema\/logo\/image\/\"},\"sameAs\":[\"https:\/\/www.facebook.com\/Finieris\/\",\"https:\/\/lv.linkedin.com\/company\/latvijas-finieris\",\"https:\/\/www.youtube.com\/c\/LatvijasFinierisAS\"]}]}<\/script>\n<!-- \/ Yoast SEO Premium plugin. -->","yoast_head_json":{"title":"Jauns lielform\u0101ta CNC Iek\u0101rtu r\u016bpn\u012bc\u0101 - Latvijas Finieris","description":"\u0145emot v\u0113r\u0101 pas\u016bt\u012bjumu skaitu pieaugumu un nepiecie\u0161am\u012bbu past\u0101v\u012bgi paaugstin\u0101t apstr\u0101des kvalit\u0101ti, vienlaic\u012bgi samazinot to pa\u0161izmaksu, tiek pl\u0101nots p\u0101riet uz piln\u012bb\u0101 autom\u0101tisku CNC (Computer Numerical Control) fr\u0113zi.","robots":{"index":"index","follow":"follow","max-snippet":"max-snippet:-1","max-image-preview":"max-image-preview:large","max-video-preview":"max-video-preview:-1"},"canonical":"https:\/\/www.finieris.com\/lv\/produkti-un-pakalpojumi\/petnieciba-un-attistiba\/es-atbalsta-projekti\/jauns-lielformata-cnc-iekartu-rupnica\/","og_locale":"lv_LV","og_type":"article","og_title":"Jauns lielform\u0101ta CNC Iek\u0101rtu r\u016bpn\u012bc\u0101","og_description":"\u0145emot v\u0113r\u0101 pas\u016bt\u012bjumu skaitu pieaugumu un nepiecie\u0161am\u012bbu past\u0101v\u012bgi paaugstin\u0101t apstr\u0101des kvalit\u0101ti, vienlaic\u012bgi samazinot to pa\u0161izmaksu, tiek pl\u0101nots p\u0101riet uz piln\u012bb\u0101 autom\u0101tisku CNC (Computer Numerical Control) fr\u0113zi.","og_url":"https:\/\/www.finieris.com\/lv\/produkti-un-pakalpojumi\/petnieciba-un-attistiba\/es-atbalsta-projekti\/jauns-lielformata-cnc-iekartu-rupnica\/","og_site_name":"Latvijas Finieris","article_publisher":"https:\/\/www.facebook.com\/Finieris\/","article_modified_time":"2026-02-02T08:56:23+00:00","og_image":[{"width":1011,"height":677,"url":"https:\/\/www.finieris.com\/wp-content\/uploads\/2026\/02\/Iekartu-rupnica-CNC.png","type":"image\/png"}],"twitter_card":"summary_large_image","twitter_misc":{"Est. reading time":"2 minutes"},"schema":{"@context":"https:\/\/schema.org","@graph":[{"@type":"WebPage","@id":"https:\/\/www.finieris.com\/lv\/produkti-un-pakalpojumi\/petnieciba-un-attistiba\/es-atbalsta-projekti\/jauns-lielformata-cnc-iekartu-rupnica\/","url":"https:\/\/www.finieris.com\/lv\/produkti-un-pakalpojumi\/petnieciba-un-attistiba\/es-atbalsta-projekti\/jauns-lielformata-cnc-iekartu-rupnica\/","name":"Jauns lielform\u0101ta CNC Iek\u0101rtu r\u016bpn\u012bc\u0101 - Latvijas Finieris","isPartOf":{"@id":"https:\/\/www.finieris.com\/lv\/#website"},"primaryImageOfPage":{"@id":"https:\/\/www.finieris.com\/lv\/produkti-un-pakalpojumi\/petnieciba-un-attistiba\/es-atbalsta-projekti\/jauns-lielformata-cnc-iekartu-rupnica\/#primaryimage"},"image":{"@id":"https:\/\/www.finieris.com\/lv\/produkti-un-pakalpojumi\/petnieciba-un-attistiba\/es-atbalsta-projekti\/jauns-lielformata-cnc-iekartu-rupnica\/#primaryimage"},"thumbnailUrl":"https:\/\/www.finieris.com\/wp-content\/uploads\/2026\/02\/Iekartu-rupnica-CNC.png","datePublished":"2026-02-02T08:42:53+00:00","dateModified":"2026-02-02T08:56:23+00:00","description":"\u0145emot v\u0113r\u0101 pas\u016bt\u012bjumu skaitu pieaugumu un nepiecie\u0161am\u012bbu past\u0101v\u012bgi paaugstin\u0101t apstr\u0101des kvalit\u0101ti, vienlaic\u012bgi samazinot to pa\u0161izmaksu, tiek pl\u0101nots p\u0101riet uz piln\u012bb\u0101 autom\u0101tisku CNC (Computer Numerical Control) fr\u0113zi.","breadcrumb":{"@id":"https:\/\/www.finieris.com\/lv\/produkti-un-pakalpojumi\/petnieciba-un-attistiba\/es-atbalsta-projekti\/jauns-lielformata-cnc-iekartu-rupnica\/#breadcrumb"},"inLanguage":"lv-LV","potentialAction":[{"@type":"ReadAction","target":["https:\/\/www.finieris.com\/lv\/produkti-un-pakalpojumi\/petnieciba-un-attistiba\/es-atbalsta-projekti\/jauns-lielformata-cnc-iekartu-rupnica\/"]}]},{"@type":"ImageObject","inLanguage":"lv-LV","@id":"https:\/\/www.finieris.com\/lv\/produkti-un-pakalpojumi\/petnieciba-un-attistiba\/es-atbalsta-projekti\/jauns-lielformata-cnc-iekartu-rupnica\/#primaryimage","url":"https:\/\/www.finieris.com\/wp-content\/uploads\/2026\/02\/Iekartu-rupnica-CNC.png","contentUrl":"https:\/\/www.finieris.com\/wp-content\/uploads\/2026\/02\/Iekartu-rupnica-CNC.png","width":1011,"height":677,"caption":"Iekartu r\u012bpnica CNC iek\u0101rta"},{"@type":"BreadcrumbList","@id":"https:\/\/www.finieris.com\/lv\/produkti-un-pakalpojumi\/petnieciba-un-attistiba\/es-atbalsta-projekti\/jauns-lielformata-cnc-iekartu-rupnica\/#breadcrumb","itemListElement":[{"@type":"ListItem","position":1,"name":"Home","item":"https:\/\/www.finieris.com\/lv\/"},{"@type":"ListItem","position":2,"name":"Jauns lielform\u0101ta CNC Iek\u0101rtu r\u016bpn\u012bc\u0101"}]},{"@type":"WebSite","@id":"https:\/\/www.finieris.com\/lv\/#website","url":"https:\/\/www.finieris.com\/lv\/","name":"Latvijas Finieris","description":"Leading the way in sustainable forestry","publisher":{"@id":"https:\/\/www.finieris.com\/lv\/#organization"},"potentialAction":[{"@type":"SearchAction","target":{"@type":"EntryPoint","urlTemplate":"https:\/\/www.finieris.com\/lv\/?s={search_term_string}"},"query-input":{"@type":"PropertyValueSpecification","valueRequired":true,"valueName":"search_term_string"}}],"inLanguage":"lv-LV"},{"@type":"Organization","@id":"https:\/\/www.finieris.com\/lv\/#organization","name":"Latvijas Finieris","alternateName":"Riga Wood","url":"https:\/\/www.finieris.com\/lv\/","logo":{"@type":"ImageObject","inLanguage":"lv-LV","@id":"https:\/\/www.finieris.com\/lv\/#\/schema\/logo\/image\/","url":"https:\/\/www.finieris.com\/wp-content\/uploads\/2023\/08\/finieris-logo.svg","contentUrl":"https:\/\/www.finieris.com\/wp-content\/uploads\/2023\/08\/finieris-logo.svg","width":1,"height":1,"caption":"Latvijas Finieris"},"image":{"@id":"https:\/\/www.finieris.com\/lv\/#\/schema\/logo\/image\/"},"sameAs":["https:\/\/www.facebook.com\/Finieris\/","https:\/\/lv.linkedin.com\/company\/latvijas-finieris","https:\/\/www.youtube.com\/c\/LatvijasFinierisAS"]}]}},"_links":{"self":[{"href":"https:\/\/www.finieris.com\/lv\/wp-json\/wp\/v2\/pages\/17455","targetHints":{"allow":["GET"]}}],"collection":[{"href":"https:\/\/www.finieris.com\/lv\/wp-json\/wp\/v2\/pages"}],"about":[{"href":"https:\/\/www.finieris.com\/lv\/wp-json\/wp\/v2\/types\/page"}],"author":[{"embeddable":true,"href":"https:\/\/www.finieris.com\/lv\/wp-json\/wp\/v2\/users\/2"}],"replies":[{"embeddable":true,"href":"https:\/\/www.finieris.com\/lv\/wp-json\/wp\/v2\/comments?post=17455"}],"version-history":[{"count":3,"href":"https:\/\/www.finieris.com\/lv\/wp-json\/wp\/v2\/pages\/17455\/revisions"}],"predecessor-version":[{"id":17464,"href":"https:\/\/www.finieris.com\/lv\/wp-json\/wp\/v2\/pages\/17455\/revisions\/17464"}],"up":[{"embeddable":true,"href":"https:\/\/www.finieris.com\/lv\/wp-json\/wp\/v2\/pages\/8840"}],"wp:featuredmedia":[{"embeddable":true,"href":"https:\/\/www.finieris.com\/lv\/wp-json\/wp\/v2\/media\/17456"}],"wp:attachment":[{"href":"https:\/\/www.finieris.com\/lv\/wp-json\/wp\/v2\/media?parent=17455"}],"wp:term":[{"taxonomy":"category","embeddable":true,"href":"https:\/\/www.finieris.com\/lv\/wp-json\/wp\/v2\/categories?post=17455"}],"curies":[{"name":"wp","href":"https:\/\/api.w.org\/{rel}","templated":true}]}}