{"id":17448,"date":"2026-02-02T10:01:01","date_gmt":"2026-02-02T08:01:01","guid":{"rendered":"https:\/\/www.finieris.com\/?page_id=17448"},"modified":"2026-02-02T10:57:43","modified_gmt":"2026-02-02T08:57:43","slug":"rupnicas-lignums-tepesanas-linijas-modernizacija","status":"publish","type":"page","link":"https:\/\/www.finieris.com\/lv\/produkti-un-pakalpojumi\/petnieciba-un-attistiba\/es-atbalsta-projekti\/rupnicas-lignums-tepesanas-linijas-modernizacija\/","title":{"rendered":"R\u016bpn\u012bcas \u201cLignums\u201d tep\u0113\u0161anas l\u012bnijas moderniz\u0101cija"},"content":{"rendered":"<section id=\"written-content-block_9bfc1cf8d99349f35ace832c4ca2b3d2\" class=\"block written-content bg-white pt-sm pb-sm\"\n    >\n        <div class=\"container\" data-aos=\"fade-up\" data-aos-once=\"true\" data-aos-duration=\"500\">\n        <div class=\"row\">\n                        <div class=\"col\">\n                <h1>R\u016bpn\u012bcas \u201cLignums\u201d tep\u0113\u0161anas l\u012bnijas moderniz\u0101cija<\/h1>\n            <\/div>\n        <\/div>\n    <\/div>\n    <\/section>\n\n\n<section id=\"written-content-block_2074090df7aa4a898b89171405da99d7\" class=\"block written-content bg-white pt-zero pb-zero\"\n    >\n        <div class=\"container\" data-aos=\"fade-up\" data-aos-once=\"true\" data-aos-duration=\"500\">\n        <div class=\"row\">\n                        <div class=\"col col-md-9\">\n                <p><img decoding=\"async\" src=\"https:\/\/www.finieris.com\/wp-content\/uploads\/2026\/02\/Tepesana.jpeg\" alt=\"R\u016bpn\u012bcas \u201cLignums\u201d tep\u0113\u0161anas l\u012bnijas moderniz\u0101cija\" width=\"100%\" \/><\/p>\n            <\/div>\n        <\/div>\n    <\/div>\n    <\/section>\n\n\n<section id=\"written-content-block_47ad030ab8d9a1c2221abe5d701697cf\" class=\"block written-content bg-white pt-sm pb-sm\"\n    >\n        <div class=\"container\" data-aos=\"fade-up\" data-aos-once=\"true\" data-aos-duration=\"500\">\n        <div class=\"row\">\n                        <div class=\"col col-md-9\">\n                <p>AS \u201cLatvijas Finieris\u201d ir vado\u0161ais b\u0113rza sapl\u0101k\u0161\u0146a ra\u017eot\u0101js Baltijas valst\u012bs, ik gadu sara\u017eojot vair\u0101k k\u0101 320 t\u016bkst. m\u00b3 b\u0113rza sapl\u0101k\u0161\u0146a, kas tiek eksport\u0113ts uz vair\u0101k k\u0101 60 pasaules valst\u012bm. T\u0101 k\u0101 b\u0113rza sapl\u0101k\u0161\u0146a ra\u017eo\u0161ana ir darbietilp\u012bgs process, tad uz\u0146\u0113mum\u0101 past\u0101v\u012bgi tiek dom\u0101ts un invest\u0113ts darbietilp\u012bbas samazin\u0101\u0161anas pas\u0101kumos. Viens no vismaz\u0101k automatiz\u0113tajiem sapl\u0101k\u0161\u0146a ra\u017eo\u0161anas posmiem ir sapl\u0101k\u0161\u0146a tep\u0113\u0161ana (defektu labo\u0161ana) pirms sl\u012bp\u0113\u0161anas un lamin\u0113\u0161anas ar aizsargp\u0101rkl\u0101jumu. Tep\u0113\u0161anas process tiek veikts manu\u0101li ar \u0161pakteles l\u0101psti\u0146u. Tipisk\u0101kie defekti ir zari, plaisas un finieru p\u0101rkl\u0101jumi. Darbs ir fiziski smags, t\u0101d\u0113\u013c 12h darba mai\u0146ai \u0161aj\u0101 darba viet\u0101 ir augsta kadru main\u012bba, gr\u016bt\u012bbas atrast darbiniekus, k\u0101 ar\u012b tiek pie\u013cauts daudz k\u013c\u016bdu, kas noved pie sapl\u0101k\u0161\u0146a lok\u0161\u0146u izbr\u0101\u0137\u0113\u0161anas p\u0113c to lamin\u0113\u0161anas. Risin\u0101jums procesa automatiz\u0101cijai tiek mekl\u0113ts jau vair\u0101kus gadus. Lai gan sapl\u0101k\u0161\u0146a defektu autom\u0101tisk\u0101s atpaz\u012b\u0161anas sist\u0113mas un CNC tipa tep\u0113\u0161anas galvas tiek pla\u0161i izmantotas, galvenais izaicin\u0101jums bija tie\u0161i tep\u0113\u0161anas masa. Tai j\u0101b\u016bt pietiekami cietai, labi sl\u012bp\u0113jamai, ar atbilsto\u0161u adhez\u012bvo l\u012bmeni, notur\u012bgai pret mitrumu, \u0101tri \u017e\u016bsto\u0161ai, lai loksnes nesaliptu, sader\u012bgai ar lamin\u0101ta filmu, izmantojamai tep\u0113\u0161anas galv\u0101s, karstumiztur\u012bgai un komerci\u0101li pieejamai. Iepriek\u0161min\u0113to iemeslu d\u0113\u013c, ilgsto\u0161i tirg\u016b nebija pieejamas b\u0113rza sapl\u0101k\u0161\u0146a autom\u0101tisk\u0101s tep\u0113\u0161anas l\u012bnijas. Projekta ietvaros pl\u0101nots moderniz\u0113t eso\u0161o tep\u0113\u0161anas l\u012bniju (konveijers ar lok\u0161\u0146u apgrie\u0161anas funkciju), apr\u012bkojot to ar defektu atpaz\u012b\u0161anas sist\u0113mu, CNC defektu fr\u0113zi un CNC tep\u0113\u0161anas galvu. Projekta realiz\u0101cija sniegs b\u016btisku darbietilp\u012bbas samazin\u0101jumu &#8211; 8 tep\u0113t\u0101ju viet\u0101 b\u016bs 4 l\u012bnijas operatori. B\u016btiski ar\u012b uzlabosies darba apst\u0101k\u013ci, jo l\u012bnijas operators vairs fiziski neveiks lok\u0161\u0146u tep\u0113\u0161anu, bet t\u0101 uzdevums b\u016bs uzraudz\u012bt l\u012bnijas darb\u012bbu un papildin\u0101t tep\u0113\u0161anas masu.<\/p>\n            <\/div>\n        <\/div>\n    <\/div>\n    <\/section>\n\n\n<section id=\"written-content-block_5c5c4c7e7e47b3d0311790e2bd8e10b3\" class=\"block written-content bg-white pt-zero pb-zero\"\n    >\n        <div class=\"container\" data-aos=\"fade-up\" data-aos-once=\"true\" data-aos-duration=\"500\">\n        <div class=\"row\">\n                        <div class=\"col\">\n                <p style=\"text-align: center;\"><img decoding=\"async\" src=\"https:\/\/www.finieris.com\/wp-content\/uploads\/2024\/10\/LV_Finanse_Eiropas_Savieniba_RGB_POS.png\" alt=\"Finans\u0113 Eirpoas Savien\u012bba - Next Generation EU\" width=\"500\" \/> <img decoding=\"async\" src=\"https:\/\/www.finieris.com\/wp-content\/uploads\/2024\/10\/NAP_logo_ar_nosaukumu_PNG_H400px_lv.png\" alt=\"Nacion\u0101lais att\u012bst\u012bbas pl\u0101ns 2027\" width=\"100\" \/><\/p>\n            <\/div>\n        <\/div>\n    <\/div>\n    <\/section>\n\n\n<section id=\"written-content-block_65f128830c1f95e19c0b37327a025b8f\" class=\"block written-content bg-white\"\n    >\n    <\/section>\n","protected":false},"excerpt":{"rendered":"","protected":false},"author":2,"featured_media":17449,"parent":8840,"menu_order":0,"comment_status":"closed","ping_status":"closed","template":"","meta":{"_acf_changed":false,"footnotes":""},"categories":[713],"class_list":["post-17448","page","type-page","status-publish","has-post-thumbnail","hentry","category-projekti"],"acf":[],"yoast_head":"<!-- This site is optimized with the Yoast SEO Premium plugin v27.2 (Yoast SEO v27.2) - https:\/\/yoast.com\/product\/yoast-seo-premium-wordpress\/ -->\n<title>R\u016bpn\u012bcas \u201cLignums\u201d tep\u0113\u0161anas l\u012bnijas moderniz\u0101cija - Latvijas Finieris<\/title>\n<meta name=\"robots\" content=\"index, follow, max-snippet:-1, max-image-preview:large, max-video-preview:-1\" \/>\n<link rel=\"canonical\" href=\"https:\/\/www.finieris.com\/lv\/produkti-un-pakalpojumi\/petnieciba-un-attistiba\/es-atbalsta-projekti\/rupnicas-lignums-tepesanas-linijas-modernizacija\/\" \/>\n<meta property=\"og:locale\" content=\"lv_LV\" \/>\n<meta property=\"og:type\" content=\"article\" \/>\n<meta property=\"og:title\" content=\"R\u016bpn\u012bcas \u201cLignums\u201d tep\u0113\u0161anas l\u012bnijas moderniz\u0101cija\" \/>\n<meta property=\"og:url\" content=\"https:\/\/www.finieris.com\/lv\/produkti-un-pakalpojumi\/petnieciba-un-attistiba\/es-atbalsta-projekti\/rupnicas-lignums-tepesanas-linijas-modernizacija\/\" \/>\n<meta property=\"og:site_name\" content=\"Latvijas Finieris\" \/>\n<meta property=\"article:publisher\" content=\"https:\/\/www.facebook.com\/Finieris\/\" \/>\n<meta property=\"article:modified_time\" content=\"2026-02-02T08:57:43+00:00\" \/>\n<meta property=\"og:image\" content=\"https:\/\/www.finieris.com\/wp-content\/uploads\/2026\/02\/Tepesana.jpeg\" \/>\n\t<meta property=\"og:image:width\" content=\"1280\" \/>\n\t<meta property=\"og:image:height\" content=\"1280\" \/>\n\t<meta property=\"og:image:type\" content=\"image\/jpeg\" \/>\n<meta name=\"twitter:card\" content=\"summary_large_image\" \/>\n<meta name=\"twitter:label1\" content=\"Est. reading time\" \/>\n\t<meta name=\"twitter:data1\" content=\"2 minutes\" \/>\n<script type=\"application\/ld+json\" class=\"yoast-schema-graph\">{\"@context\":\"https:\/\/schema.org\",\"@graph\":[{\"@type\":\"WebPage\",\"@id\":\"https:\/\/www.finieris.com\/lv\/produkti-un-pakalpojumi\/petnieciba-un-attistiba\/es-atbalsta-projekti\/rupnicas-lignums-tepesanas-linijas-modernizacija\/\",\"url\":\"https:\/\/www.finieris.com\/lv\/produkti-un-pakalpojumi\/petnieciba-un-attistiba\/es-atbalsta-projekti\/rupnicas-lignums-tepesanas-linijas-modernizacija\/\",\"name\":\"R\u016bpn\u012bcas \u201cLignums\u201d tep\u0113\u0161anas l\u012bnijas moderniz\u0101cija - Latvijas Finieris\",\"isPartOf\":{\"@id\":\"https:\/\/www.finieris.com\/lv\/#website\"},\"primaryImageOfPage\":{\"@id\":\"https:\/\/www.finieris.com\/lv\/produkti-un-pakalpojumi\/petnieciba-un-attistiba\/es-atbalsta-projekti\/rupnicas-lignums-tepesanas-linijas-modernizacija\/#primaryimage\"},\"image\":{\"@id\":\"https:\/\/www.finieris.com\/lv\/produkti-un-pakalpojumi\/petnieciba-un-attistiba\/es-atbalsta-projekti\/rupnicas-lignums-tepesanas-linijas-modernizacija\/#primaryimage\"},\"thumbnailUrl\":\"https:\/\/www.finieris.com\/wp-content\/uploads\/2026\/02\/Tepesana.jpeg\",\"datePublished\":\"2026-02-02T08:01:01+00:00\",\"dateModified\":\"2026-02-02T08:57:43+00:00\",\"breadcrumb\":{\"@id\":\"https:\/\/www.finieris.com\/lv\/produkti-un-pakalpojumi\/petnieciba-un-attistiba\/es-atbalsta-projekti\/rupnicas-lignums-tepesanas-linijas-modernizacija\/#breadcrumb\"},\"inLanguage\":\"lv-LV\",\"potentialAction\":[{\"@type\":\"ReadAction\",\"target\":[\"https:\/\/www.finieris.com\/lv\/produkti-un-pakalpojumi\/petnieciba-un-attistiba\/es-atbalsta-projekti\/rupnicas-lignums-tepesanas-linijas-modernizacija\/\"]}]},{\"@type\":\"ImageObject\",\"inLanguage\":\"lv-LV\",\"@id\":\"https:\/\/www.finieris.com\/lv\/produkti-un-pakalpojumi\/petnieciba-un-attistiba\/es-atbalsta-projekti\/rupnicas-lignums-tepesanas-linijas-modernizacija\/#primaryimage\",\"url\":\"https:\/\/www.finieris.com\/wp-content\/uploads\/2026\/02\/Tepesana.jpeg\",\"contentUrl\":\"https:\/\/www.finieris.com\/wp-content\/uploads\/2026\/02\/Tepesana.jpeg\",\"width\":1280,\"height\":1280,\"caption\":\"Tep\u0113\u0161ana\"},{\"@type\":\"BreadcrumbList\",\"@id\":\"https:\/\/www.finieris.com\/lv\/produkti-un-pakalpojumi\/petnieciba-un-attistiba\/es-atbalsta-projekti\/rupnicas-lignums-tepesanas-linijas-modernizacija\/#breadcrumb\",\"itemListElement\":[{\"@type\":\"ListItem\",\"position\":1,\"name\":\"Home\",\"item\":\"https:\/\/www.finieris.com\/lv\/\"},{\"@type\":\"ListItem\",\"position\":2,\"name\":\"R\u016bpn\u012bcas \u201cLignums\u201d tep\u0113\u0161anas l\u012bnijas moderniz\u0101cija\"}]},{\"@type\":\"WebSite\",\"@id\":\"https:\/\/www.finieris.com\/lv\/#website\",\"url\":\"https:\/\/www.finieris.com\/lv\/\",\"name\":\"Latvijas Finieris\",\"description\":\"Leading the way in sustainable forestry\",\"publisher\":{\"@id\":\"https:\/\/www.finieris.com\/lv\/#organization\"},\"potentialAction\":[{\"@type\":\"SearchAction\",\"target\":{\"@type\":\"EntryPoint\",\"urlTemplate\":\"https:\/\/www.finieris.com\/lv\/?s={search_term_string}\"},\"query-input\":{\"@type\":\"PropertyValueSpecification\",\"valueRequired\":true,\"valueName\":\"search_term_string\"}}],\"inLanguage\":\"lv-LV\"},{\"@type\":\"Organization\",\"@id\":\"https:\/\/www.finieris.com\/lv\/#organization\",\"name\":\"Latvijas Finieris\",\"alternateName\":\"Riga Wood\",\"url\":\"https:\/\/www.finieris.com\/lv\/\",\"logo\":{\"@type\":\"ImageObject\",\"inLanguage\":\"lv-LV\",\"@id\":\"https:\/\/www.finieris.com\/lv\/#\/schema\/logo\/image\/\",\"url\":\"https:\/\/www.finieris.com\/wp-content\/uploads\/2023\/08\/finieris-logo.svg\",\"contentUrl\":\"https:\/\/www.finieris.com\/wp-content\/uploads\/2023\/08\/finieris-logo.svg\",\"width\":1,\"height\":1,\"caption\":\"Latvijas Finieris\"},\"image\":{\"@id\":\"https:\/\/www.finieris.com\/lv\/#\/schema\/logo\/image\/\"},\"sameAs\":[\"https:\/\/www.facebook.com\/Finieris\/\",\"https:\/\/lv.linkedin.com\/company\/latvijas-finieris\",\"https:\/\/www.youtube.com\/c\/LatvijasFinierisAS\"]}]}<\/script>\n<!-- \/ Yoast SEO Premium plugin. -->","yoast_head_json":{"title":"R\u016bpn\u012bcas \u201cLignums\u201d tep\u0113\u0161anas l\u012bnijas moderniz\u0101cija - Latvijas Finieris","robots":{"index":"index","follow":"follow","max-snippet":"max-snippet:-1","max-image-preview":"max-image-preview:large","max-video-preview":"max-video-preview:-1"},"canonical":"https:\/\/www.finieris.com\/lv\/produkti-un-pakalpojumi\/petnieciba-un-attistiba\/es-atbalsta-projekti\/rupnicas-lignums-tepesanas-linijas-modernizacija\/","og_locale":"lv_LV","og_type":"article","og_title":"R\u016bpn\u012bcas \u201cLignums\u201d tep\u0113\u0161anas l\u012bnijas moderniz\u0101cija","og_url":"https:\/\/www.finieris.com\/lv\/produkti-un-pakalpojumi\/petnieciba-un-attistiba\/es-atbalsta-projekti\/rupnicas-lignums-tepesanas-linijas-modernizacija\/","og_site_name":"Latvijas Finieris","article_publisher":"https:\/\/www.facebook.com\/Finieris\/","article_modified_time":"2026-02-02T08:57:43+00:00","og_image":[{"width":1280,"height":1280,"url":"https:\/\/www.finieris.com\/wp-content\/uploads\/2026\/02\/Tepesana.jpeg","type":"image\/jpeg"}],"twitter_card":"summary_large_image","twitter_misc":{"Est. reading time":"2 minutes"},"schema":{"@context":"https:\/\/schema.org","@graph":[{"@type":"WebPage","@id":"https:\/\/www.finieris.com\/lv\/produkti-un-pakalpojumi\/petnieciba-un-attistiba\/es-atbalsta-projekti\/rupnicas-lignums-tepesanas-linijas-modernizacija\/","url":"https:\/\/www.finieris.com\/lv\/produkti-un-pakalpojumi\/petnieciba-un-attistiba\/es-atbalsta-projekti\/rupnicas-lignums-tepesanas-linijas-modernizacija\/","name":"R\u016bpn\u012bcas \u201cLignums\u201d tep\u0113\u0161anas l\u012bnijas moderniz\u0101cija - Latvijas Finieris","isPartOf":{"@id":"https:\/\/www.finieris.com\/lv\/#website"},"primaryImageOfPage":{"@id":"https:\/\/www.finieris.com\/lv\/produkti-un-pakalpojumi\/petnieciba-un-attistiba\/es-atbalsta-projekti\/rupnicas-lignums-tepesanas-linijas-modernizacija\/#primaryimage"},"image":{"@id":"https:\/\/www.finieris.com\/lv\/produkti-un-pakalpojumi\/petnieciba-un-attistiba\/es-atbalsta-projekti\/rupnicas-lignums-tepesanas-linijas-modernizacija\/#primaryimage"},"thumbnailUrl":"https:\/\/www.finieris.com\/wp-content\/uploads\/2026\/02\/Tepesana.jpeg","datePublished":"2026-02-02T08:01:01+00:00","dateModified":"2026-02-02T08:57:43+00:00","breadcrumb":{"@id":"https:\/\/www.finieris.com\/lv\/produkti-un-pakalpojumi\/petnieciba-un-attistiba\/es-atbalsta-projekti\/rupnicas-lignums-tepesanas-linijas-modernizacija\/#breadcrumb"},"inLanguage":"lv-LV","potentialAction":[{"@type":"ReadAction","target":["https:\/\/www.finieris.com\/lv\/produkti-un-pakalpojumi\/petnieciba-un-attistiba\/es-atbalsta-projekti\/rupnicas-lignums-tepesanas-linijas-modernizacija\/"]}]},{"@type":"ImageObject","inLanguage":"lv-LV","@id":"https:\/\/www.finieris.com\/lv\/produkti-un-pakalpojumi\/petnieciba-un-attistiba\/es-atbalsta-projekti\/rupnicas-lignums-tepesanas-linijas-modernizacija\/#primaryimage","url":"https:\/\/www.finieris.com\/wp-content\/uploads\/2026\/02\/Tepesana.jpeg","contentUrl":"https:\/\/www.finieris.com\/wp-content\/uploads\/2026\/02\/Tepesana.jpeg","width":1280,"height":1280,"caption":"Tep\u0113\u0161ana"},{"@type":"BreadcrumbList","@id":"https:\/\/www.finieris.com\/lv\/produkti-un-pakalpojumi\/petnieciba-un-attistiba\/es-atbalsta-projekti\/rupnicas-lignums-tepesanas-linijas-modernizacija\/#breadcrumb","itemListElement":[{"@type":"ListItem","position":1,"name":"Home","item":"https:\/\/www.finieris.com\/lv\/"},{"@type":"ListItem","position":2,"name":"R\u016bpn\u012bcas \u201cLignums\u201d tep\u0113\u0161anas l\u012bnijas moderniz\u0101cija"}]},{"@type":"WebSite","@id":"https:\/\/www.finieris.com\/lv\/#website","url":"https:\/\/www.finieris.com\/lv\/","name":"Latvijas Finieris","description":"Leading the way in sustainable forestry","publisher":{"@id":"https:\/\/www.finieris.com\/lv\/#organization"},"potentialAction":[{"@type":"SearchAction","target":{"@type":"EntryPoint","urlTemplate":"https:\/\/www.finieris.com\/lv\/?s={search_term_string}"},"query-input":{"@type":"PropertyValueSpecification","valueRequired":true,"valueName":"search_term_string"}}],"inLanguage":"lv-LV"},{"@type":"Organization","@id":"https:\/\/www.finieris.com\/lv\/#organization","name":"Latvijas Finieris","alternateName":"Riga Wood","url":"https:\/\/www.finieris.com\/lv\/","logo":{"@type":"ImageObject","inLanguage":"lv-LV","@id":"https:\/\/www.finieris.com\/lv\/#\/schema\/logo\/image\/","url":"https:\/\/www.finieris.com\/wp-content\/uploads\/2023\/08\/finieris-logo.svg","contentUrl":"https:\/\/www.finieris.com\/wp-content\/uploads\/2023\/08\/finieris-logo.svg","width":1,"height":1,"caption":"Latvijas Finieris"},"image":{"@id":"https:\/\/www.finieris.com\/lv\/#\/schema\/logo\/image\/"},"sameAs":["https:\/\/www.facebook.com\/Finieris\/","https:\/\/lv.linkedin.com\/company\/latvijas-finieris","https:\/\/www.youtube.com\/c\/LatvijasFinierisAS"]}]}},"_links":{"self":[{"href":"https:\/\/www.finieris.com\/lv\/wp-json\/wp\/v2\/pages\/17448","targetHints":{"allow":["GET"]}}],"collection":[{"href":"https:\/\/www.finieris.com\/lv\/wp-json\/wp\/v2\/pages"}],"about":[{"href":"https:\/\/www.finieris.com\/lv\/wp-json\/wp\/v2\/types\/page"}],"author":[{"embeddable":true,"href":"https:\/\/www.finieris.com\/lv\/wp-json\/wp\/v2\/users\/2"}],"replies":[{"embeddable":true,"href":"https:\/\/www.finieris.com\/lv\/wp-json\/wp\/v2\/comments?post=17448"}],"version-history":[{"count":9,"href":"https:\/\/www.finieris.com\/lv\/wp-json\/wp\/v2\/pages\/17448\/revisions"}],"predecessor-version":[{"id":17465,"href":"https:\/\/www.finieris.com\/lv\/wp-json\/wp\/v2\/pages\/17448\/revisions\/17465"}],"up":[{"embeddable":true,"href":"https:\/\/www.finieris.com\/lv\/wp-json\/wp\/v2\/pages\/8840"}],"wp:featuredmedia":[{"embeddable":true,"href":"https:\/\/www.finieris.com\/lv\/wp-json\/wp\/v2\/media\/17449"}],"wp:attachment":[{"href":"https:\/\/www.finieris.com\/lv\/wp-json\/wp\/v2\/media?parent=17448"}],"wp:term":[{"taxonomy":"category","embeddable":true,"href":"https:\/\/www.finieris.com\/lv\/wp-json\/wp\/v2\/categories?post=17448"}],"curies":[{"name":"wp","href":"https:\/\/api.w.org\/{rel}","templated":true}]}}