{"id":16400,"date":"2025-08-25T09:27:00","date_gmt":"2025-08-25T06:27:00","guid":{"rendered":"https:\/\/www.finieris.com\/?page_id=16400"},"modified":"2025-09-19T08:46:00","modified_gmt":"2025-09-19T05:46:00","slug":"riga-ply-koch-schulte-%e2%80%92-lignopro-244","status":"publish","type":"page","link":"https:\/\/www.finieris.com\/lv\/produkti-un-pakalpojumi\/petnieciba-un-attistiba\/bolderajas-projekts\/riga-ply\/riga-ply-koch-schulte-%e2%80%92-lignopro-244\/","title":{"rendered":"Riga Ply KOCH &amp; SCHULTE \u2012 LIGNOPRO\u00ae 244"},"content":{"rendered":"<section id=\"written-content-block_beace207ee789df1da4233144db15ed9\" class=\"block written-content bg-white pt-sm\"\n    >\n        <div class=\"container\" data-aos=\"fade-up\" data-aos-once=\"true\" data-aos-duration=\"500\">\n        <div class=\"row\">\n                        <div class=\"col col-md-9\">\n                <h1 class=\"small\">Riga Ply KOCH &amp; SCHULTE \u2012 LIGNOPRO\u00ae 244<\/h1>\n<p>Parauga izgatavo\u0161an\u0101 izmantots sapl\u0101ksnis:\u00a0<strong><a href=\"https:\/\/www.finieris.com\/lv\/produkti\/riga-ply\/\">Riga Ply<\/a><\/strong><\/p>\n<div>B\u0113rza sapl\u0101ksnis bez apdares<\/div>\n<div><\/div>\n<hr class=\"small\" \/>\n<p><strong>KOCH &amp; SCHULTE \u2012 LIGNOPRO\u00ae 244<\/strong><\/p>\n<p>&nbsp;<\/p>\n<table class=\"table-alt\">\n<tbody>\n<tr>\n<td>\n<div><strong>Izmantotie produkti<\/strong><\/div>\n<\/td>\n<td>\n<div><strong>Ra\u017eot\u0101ja inform\u0101cija<\/strong><\/div>\n<\/td>\n<td>\n<div><strong>\u017d\u016b\u0161anas laiks<\/strong><\/div>\n<\/td>\n<td>\n<div><strong>Uzkl\u0101\u0161anas tehnolo\u0123ijas<\/strong><\/div>\n<\/td>\n<\/tr>\n<tr>\n<td>\n<div>KOCH &amp; SCHULTE \u2012 LIGNOPRO\u00ae 244<\/div>\n<\/td>\n<td>\n<div>\u016adeni atgr\u016bdo\u0161s, uz t\u012bra akril\u0101ta b\u0101zes izgatavots, gaismu blo\u0137\u0113jo\u0161s p\u0101rkl\u0101jums<\/div>\n<ul>\n<li>Augsts cietvielu saturs nodro\u0161ina ilgnotur\u012bbu<\/li>\n<li>Efekt\u012bvi mazina koksnes kr\u0101sas izmai\u0146as UV starojuma ietekm\u0113 (tum\u0161o\u0161anos un v\u0113l\u0101k pel\u0113ko\u0161anos)<\/li>\n<li>\u013boti notur\u012bgs pret laikapst\u0101k\u013ciem, mitrumu regul\u0113jo\u0161s (dif\u016bzijai atv\u0113rts)<\/li>\n<li>Mat\u0113ts, caursp\u012bd\u012bgs p\u0101rkl\u0101jums ar vid\u0113ji biezu sl\u0101ni<\/li>\n<li>Atbilst EN 71-3 (\u201cRota\u013clietu dro\u0161\u012bba\u201d) un 53160 (\u201cIztur\u012bba pret siekal\u0101m un sviedriem\u201d) standartiem<\/li>\n<\/ul>\n<\/td>\n<td>\n<div>Pirm\u0101 k\u0101rta 15 min<br \/>\nOtr\u0101 k\u0101rta 15 min<\/div>\n<\/td>\n<td>\n<div>Uzkl\u0101\u0161ana div\u0101s k\u0101rt\u0101s 140 g un 110 g \u2012 ar otu, ar suku, ar uzlejamo ma\u0161\u012bnu<\/div>\n<\/td>\n<\/tr>\n<\/tbody>\n<\/table>\n<p>&nbsp;<\/p>\n<p><img decoding=\"async\" src=\"https:\/\/e-veikals.finieris.lv\/docs\/Produkti\/aaa\/ota.png\" alt=\"\" width=\"50\" height=\"50\" \/>\u00a0 \u00a0 \u00a0<img decoding=\"async\" src=\"https:\/\/e-veikals.finieris.lv\/docs\/Produkti\/aaa\/rullis.png\" alt=\"\" width=\"50\" height=\"50\" \/>\u00a0\u00a0\u00a0 \u00a0<img decoding=\"async\" src=\"https:\/\/e-veikals.finieris.lv\/docs\/Produkti\/aaa\/spray.png\" alt=\"\" width=\"50\" height=\"50\" \/>\u00a0\u00a0\u00a0 \u00a0<img decoding=\"async\" src=\"https:\/\/e-veikals.finieris.lv\/docs\/Produkti\/aaa\/termo.png\" alt=\"\" width=\"50\" height=\"50\" \/><\/p>\n<p>Pla\u0161\u0101ka inform\u0101cija:\u00a0<a href=\"https:\/\/kochundschulte.com\/\" target=\"_blank\" rel=\"noopener\">kochundschulte.com<\/a><\/p>\n<hr class=\"small\" \/>\n<p class=\"small\">Pl\u0101t\u0146u nama Gaigalava eksperiment\u0101l\u0101s sienas m\u0113r\u0137is ir veikt ilgtermi\u0146a p\u0113t\u012bjumus.<br \/>\nLatvijas Finieris nedod garantijas min\u0113to materi\u0101lu virsmas notur\u012bbai \u0101ra apst\u0101k\u013cos. Produkcijas gala lietot\u0101js uz\u0146emas atbild\u012bbu par produktu izmanto\u0161anu un ar to saist\u012btiem defektiem, kas var rasties neiev\u0113rojot produkta aprakst\u0101 min\u0113t\u0101s specifik\u0101cijas, sagatavojot un apstr\u0101d\u0101jot virsmu ar min\u0113to produktu, k\u0101 ar\u012b apk\u0101rt\u0113j\u0101s vides ietekm\u0113.<\/p>\n<p class=\"small\"><span style=\"color: #f26a21;\">Produkts uzst\u0101d\u012bts 2025. gada august\u0101 \u201cKoch &amp; Schulte\u201d UV testa ietvaros.<\/span><\/p>\n            <\/div>\n        <\/div>\n    <\/div>\n    <\/section>\n","protected":false},"excerpt":{"rendered":"","protected":false},"author":2,"featured_media":0,"parent":8440,"menu_order":0,"comment_status":"closed","ping_status":"closed","template":"","meta":{"_acf_changed":false,"footnotes":""},"categories":[719,779,695],"class_list":["post-16400","page","type-page","status-publish","hentry","category-rd-lv","category-riga-wood-lv","category-saplaksnis"],"acf":[],"yoast_head":"<!-- This site is optimized with the Yoast SEO Premium plugin v27.2 (Yoast SEO v27.2) - https:\/\/yoast.com\/product\/yoast-seo-premium-wordpress\/ -->\n<title>Riga Ply KOCH &amp; SCHULTE \u2012 LIGNOPRO\u00ae 244 - Latvijas Finieris<\/title>\n<meta name=\"description\" content=\"\u016adeni atgr\u016bdo\u0161s, uz t\u012bra akril\u0101ta b\u0101zes izgatavots, gaismu blo\u0137\u0113jo\u0161s p\u0101rkl\u0101jums. Augsts cietvielu saturs nodro\u0161ina ilgnotur\u012bbu. Efekt\u012bvi mazina koksnes kr\u0101sas izmai\u0146as UV starojuma ietekm\u0113 (tum\u0161o\u0161anos un v\u0113l\u0101k pel\u0113ko\u0161anos).\" \/>\n<meta name=\"robots\" content=\"index, follow, max-snippet:-1, max-image-preview:large, max-video-preview:-1\" \/>\n<link rel=\"canonical\" href=\"https:\/\/www.finieris.com\/lv\/produkti-un-pakalpojumi\/petnieciba-un-attistiba\/bolderajas-projekts\/riga-ply\/riga-ply-koch-schulte-%e2%80%92-lignopro-244\/\" \/>\n<meta property=\"og:locale\" content=\"lv_LV\" \/>\n<meta property=\"og:type\" content=\"article\" \/>\n<meta property=\"og:title\" content=\"Riga Ply KOCH &amp; SCHULTE \u2012 LIGNOPRO\u00ae 244\" \/>\n<meta property=\"og:description\" content=\"\u016adeni atgr\u016bdo\u0161s, uz t\u012bra akril\u0101ta b\u0101zes izgatavots, gaismu blo\u0137\u0113jo\u0161s p\u0101rkl\u0101jums. Augsts cietvielu saturs nodro\u0161ina ilgnotur\u012bbu. Efekt\u012bvi mazina koksnes kr\u0101sas izmai\u0146as UV starojuma ietekm\u0113 (tum\u0161o\u0161anos un v\u0113l\u0101k pel\u0113ko\u0161anos).\" \/>\n<meta property=\"og:url\" content=\"https:\/\/www.finieris.com\/lv\/produkti-un-pakalpojumi\/petnieciba-un-attistiba\/bolderajas-projekts\/riga-ply\/riga-ply-koch-schulte-%e2%80%92-lignopro-244\/\" \/>\n<meta property=\"og:site_name\" content=\"Latvijas Finieris\" \/>\n<meta property=\"article:publisher\" content=\"https:\/\/www.facebook.com\/Finieris\/\" \/>\n<meta property=\"article:modified_time\" content=\"2025-09-19T05:46:00+00:00\" \/>\n<meta name=\"twitter:card\" content=\"summary_large_image\" \/>\n<meta name=\"twitter:label1\" content=\"Est. reading time\" \/>\n\t<meta name=\"twitter:data1\" content=\"2 minutes\" \/>\n<script type=\"application\/ld+json\" class=\"yoast-schema-graph\">{\"@context\":\"https:\/\/schema.org\",\"@graph\":[{\"@type\":\"WebPage\",\"@id\":\"https:\/\/www.finieris.com\/lv\/produkti-un-pakalpojumi\/petnieciba-un-attistiba\/bolderajas-projekts\/riga-ply\/riga-ply-koch-schulte-%e2%80%92-lignopro-244\/\",\"url\":\"https:\/\/www.finieris.com\/lv\/produkti-un-pakalpojumi\/petnieciba-un-attistiba\/bolderajas-projekts\/riga-ply\/riga-ply-koch-schulte-%e2%80%92-lignopro-244\/\",\"name\":\"Riga Ply KOCH &amp; SCHULTE \u2012 LIGNOPRO\u00ae 244 - Latvijas Finieris\",\"isPartOf\":{\"@id\":\"https:\/\/www.finieris.com\/lv\/#website\"},\"datePublished\":\"2025-08-25T06:27:00+00:00\",\"dateModified\":\"2025-09-19T05:46:00+00:00\",\"description\":\"\u016adeni atgr\u016bdo\u0161s, uz t\u012bra akril\u0101ta b\u0101zes izgatavots, gaismu blo\u0137\u0113jo\u0161s p\u0101rkl\u0101jums. Augsts cietvielu saturs nodro\u0161ina ilgnotur\u012bbu. Efekt\u012bvi mazina koksnes kr\u0101sas izmai\u0146as UV starojuma ietekm\u0113 (tum\u0161o\u0161anos un v\u0113l\u0101k pel\u0113ko\u0161anos).\",\"breadcrumb\":{\"@id\":\"https:\/\/www.finieris.com\/lv\/produkti-un-pakalpojumi\/petnieciba-un-attistiba\/bolderajas-projekts\/riga-ply\/riga-ply-koch-schulte-%e2%80%92-lignopro-244\/#breadcrumb\"},\"inLanguage\":\"lv-LV\",\"potentialAction\":[{\"@type\":\"ReadAction\",\"target\":[\"https:\/\/www.finieris.com\/lv\/produkti-un-pakalpojumi\/petnieciba-un-attistiba\/bolderajas-projekts\/riga-ply\/riga-ply-koch-schulte-%e2%80%92-lignopro-244\/\"]}]},{\"@type\":\"BreadcrumbList\",\"@id\":\"https:\/\/www.finieris.com\/lv\/produkti-un-pakalpojumi\/petnieciba-un-attistiba\/bolderajas-projekts\/riga-ply\/riga-ply-koch-schulte-%e2%80%92-lignopro-244\/#breadcrumb\",\"itemListElement\":[{\"@type\":\"ListItem\",\"position\":1,\"name\":\"Home\",\"item\":\"https:\/\/www.finieris.com\/lv\/\"},{\"@type\":\"ListItem\",\"position\":2,\"name\":\"Produkti un pakalpojumi\",\"item\":\"https:\/\/www.finieris.com\/lv\/produkti-un-pakalpojumi\/\"},{\"@type\":\"ListItem\",\"position\":3,\"name\":\"P\u0113tniec\u012bba un att\u012bst\u012bba\",\"item\":\"https:\/\/www.finieris.com\/lv\/produkti-un-pakalpojumi\/petnieciba-un-attistiba\/\"},{\"@type\":\"ListItem\",\"position\":4,\"name\":\"Bolder\u0101jas Projekts\",\"item\":\"https:\/\/www.finieris.com\/lv\/produkti-un-pakalpojumi\/petnieciba-un-attistiba\/bolderajas-projekts\/\"},{\"@type\":\"ListItem\",\"position\":5,\"name\":\"Riga Ply\",\"item\":\"https:\/\/www.finieris.com\/lv\/produkti-un-pakalpojumi\/petnieciba-un-attistiba\/bolderajas-projekts\/riga-ply\/\"},{\"@type\":\"ListItem\",\"position\":6,\"name\":\"Riga Ply KOCH &amp; SCHULTE \u2012 LIGNOPRO\u00ae 244\"}]},{\"@type\":\"WebSite\",\"@id\":\"https:\/\/www.finieris.com\/lv\/#website\",\"url\":\"https:\/\/www.finieris.com\/lv\/\",\"name\":\"Latvijas Finieris\",\"description\":\"Leading the way in sustainable forestry\",\"publisher\":{\"@id\":\"https:\/\/www.finieris.com\/lv\/#organization\"},\"potentialAction\":[{\"@type\":\"SearchAction\",\"target\":{\"@type\":\"EntryPoint\",\"urlTemplate\":\"https:\/\/www.finieris.com\/lv\/?s={search_term_string}\"},\"query-input\":{\"@type\":\"PropertyValueSpecification\",\"valueRequired\":true,\"valueName\":\"search_term_string\"}}],\"inLanguage\":\"lv-LV\"},{\"@type\":\"Organization\",\"@id\":\"https:\/\/www.finieris.com\/lv\/#organization\",\"name\":\"Latvijas Finieris\",\"alternateName\":\"Riga Wood\",\"url\":\"https:\/\/www.finieris.com\/lv\/\",\"logo\":{\"@type\":\"ImageObject\",\"inLanguage\":\"lv-LV\",\"@id\":\"https:\/\/www.finieris.com\/lv\/#\/schema\/logo\/image\/\",\"url\":\"https:\/\/www.finieris.com\/wp-content\/uploads\/2023\/08\/finieris-logo.svg\",\"contentUrl\":\"https:\/\/www.finieris.com\/wp-content\/uploads\/2023\/08\/finieris-logo.svg\",\"width\":1,\"height\":1,\"caption\":\"Latvijas Finieris\"},\"image\":{\"@id\":\"https:\/\/www.finieris.com\/lv\/#\/schema\/logo\/image\/\"},\"sameAs\":[\"https:\/\/www.facebook.com\/Finieris\/\",\"https:\/\/lv.linkedin.com\/company\/latvijas-finieris\",\"https:\/\/www.youtube.com\/c\/LatvijasFinierisAS\"]}]}<\/script>\n<!-- \/ Yoast SEO Premium plugin. -->","yoast_head_json":{"title":"Riga Ply KOCH &amp; SCHULTE \u2012 LIGNOPRO\u00ae 244 - Latvijas Finieris","description":"\u016adeni atgr\u016bdo\u0161s, uz t\u012bra akril\u0101ta b\u0101zes izgatavots, gaismu blo\u0137\u0113jo\u0161s p\u0101rkl\u0101jums. Augsts cietvielu saturs nodro\u0161ina ilgnotur\u012bbu. Efekt\u012bvi mazina koksnes kr\u0101sas izmai\u0146as UV starojuma ietekm\u0113 (tum\u0161o\u0161anos un v\u0113l\u0101k pel\u0113ko\u0161anos).","robots":{"index":"index","follow":"follow","max-snippet":"max-snippet:-1","max-image-preview":"max-image-preview:large","max-video-preview":"max-video-preview:-1"},"canonical":"https:\/\/www.finieris.com\/lv\/produkti-un-pakalpojumi\/petnieciba-un-attistiba\/bolderajas-projekts\/riga-ply\/riga-ply-koch-schulte-%e2%80%92-lignopro-244\/","og_locale":"lv_LV","og_type":"article","og_title":"Riga Ply KOCH &amp; SCHULTE \u2012 LIGNOPRO\u00ae 244","og_description":"\u016adeni atgr\u016bdo\u0161s, uz t\u012bra akril\u0101ta b\u0101zes izgatavots, gaismu blo\u0137\u0113jo\u0161s p\u0101rkl\u0101jums. Augsts cietvielu saturs nodro\u0161ina ilgnotur\u012bbu. Efekt\u012bvi mazina koksnes kr\u0101sas izmai\u0146as UV starojuma ietekm\u0113 (tum\u0161o\u0161anos un v\u0113l\u0101k pel\u0113ko\u0161anos).","og_url":"https:\/\/www.finieris.com\/lv\/produkti-un-pakalpojumi\/petnieciba-un-attistiba\/bolderajas-projekts\/riga-ply\/riga-ply-koch-schulte-%e2%80%92-lignopro-244\/","og_site_name":"Latvijas Finieris","article_publisher":"https:\/\/www.facebook.com\/Finieris\/","article_modified_time":"2025-09-19T05:46:00+00:00","twitter_card":"summary_large_image","twitter_misc":{"Est. reading time":"2 minutes"},"schema":{"@context":"https:\/\/schema.org","@graph":[{"@type":"WebPage","@id":"https:\/\/www.finieris.com\/lv\/produkti-un-pakalpojumi\/petnieciba-un-attistiba\/bolderajas-projekts\/riga-ply\/riga-ply-koch-schulte-%e2%80%92-lignopro-244\/","url":"https:\/\/www.finieris.com\/lv\/produkti-un-pakalpojumi\/petnieciba-un-attistiba\/bolderajas-projekts\/riga-ply\/riga-ply-koch-schulte-%e2%80%92-lignopro-244\/","name":"Riga Ply KOCH &amp; SCHULTE \u2012 LIGNOPRO\u00ae 244 - Latvijas Finieris","isPartOf":{"@id":"https:\/\/www.finieris.com\/lv\/#website"},"datePublished":"2025-08-25T06:27:00+00:00","dateModified":"2025-09-19T05:46:00+00:00","description":"\u016adeni atgr\u016bdo\u0161s, uz t\u012bra akril\u0101ta b\u0101zes izgatavots, gaismu blo\u0137\u0113jo\u0161s p\u0101rkl\u0101jums. Augsts cietvielu saturs nodro\u0161ina ilgnotur\u012bbu. Efekt\u012bvi mazina koksnes kr\u0101sas izmai\u0146as UV starojuma ietekm\u0113 (tum\u0161o\u0161anos un v\u0113l\u0101k pel\u0113ko\u0161anos).","breadcrumb":{"@id":"https:\/\/www.finieris.com\/lv\/produkti-un-pakalpojumi\/petnieciba-un-attistiba\/bolderajas-projekts\/riga-ply\/riga-ply-koch-schulte-%e2%80%92-lignopro-244\/#breadcrumb"},"inLanguage":"lv-LV","potentialAction":[{"@type":"ReadAction","target":["https:\/\/www.finieris.com\/lv\/produkti-un-pakalpojumi\/petnieciba-un-attistiba\/bolderajas-projekts\/riga-ply\/riga-ply-koch-schulte-%e2%80%92-lignopro-244\/"]}]},{"@type":"BreadcrumbList","@id":"https:\/\/www.finieris.com\/lv\/produkti-un-pakalpojumi\/petnieciba-un-attistiba\/bolderajas-projekts\/riga-ply\/riga-ply-koch-schulte-%e2%80%92-lignopro-244\/#breadcrumb","itemListElement":[{"@type":"ListItem","position":1,"name":"Home","item":"https:\/\/www.finieris.com\/lv\/"},{"@type":"ListItem","position":2,"name":"Produkti un pakalpojumi","item":"https:\/\/www.finieris.com\/lv\/produkti-un-pakalpojumi\/"},{"@type":"ListItem","position":3,"name":"P\u0113tniec\u012bba un att\u012bst\u012bba","item":"https:\/\/www.finieris.com\/lv\/produkti-un-pakalpojumi\/petnieciba-un-attistiba\/"},{"@type":"ListItem","position":4,"name":"Bolder\u0101jas Projekts","item":"https:\/\/www.finieris.com\/lv\/produkti-un-pakalpojumi\/petnieciba-un-attistiba\/bolderajas-projekts\/"},{"@type":"ListItem","position":5,"name":"Riga Ply","item":"https:\/\/www.finieris.com\/lv\/produkti-un-pakalpojumi\/petnieciba-un-attistiba\/bolderajas-projekts\/riga-ply\/"},{"@type":"ListItem","position":6,"name":"Riga Ply KOCH &amp; SCHULTE \u2012 LIGNOPRO\u00ae 244"}]},{"@type":"WebSite","@id":"https:\/\/www.finieris.com\/lv\/#website","url":"https:\/\/www.finieris.com\/lv\/","name":"Latvijas Finieris","description":"Leading the way in sustainable forestry","publisher":{"@id":"https:\/\/www.finieris.com\/lv\/#organization"},"potentialAction":[{"@type":"SearchAction","target":{"@type":"EntryPoint","urlTemplate":"https:\/\/www.finieris.com\/lv\/?s={search_term_string}"},"query-input":{"@type":"PropertyValueSpecification","valueRequired":true,"valueName":"search_term_string"}}],"inLanguage":"lv-LV"},{"@type":"Organization","@id":"https:\/\/www.finieris.com\/lv\/#organization","name":"Latvijas Finieris","alternateName":"Riga Wood","url":"https:\/\/www.finieris.com\/lv\/","logo":{"@type":"ImageObject","inLanguage":"lv-LV","@id":"https:\/\/www.finieris.com\/lv\/#\/schema\/logo\/image\/","url":"https:\/\/www.finieris.com\/wp-content\/uploads\/2023\/08\/finieris-logo.svg","contentUrl":"https:\/\/www.finieris.com\/wp-content\/uploads\/2023\/08\/finieris-logo.svg","width":1,"height":1,"caption":"Latvijas Finieris"},"image":{"@id":"https:\/\/www.finieris.com\/lv\/#\/schema\/logo\/image\/"},"sameAs":["https:\/\/www.facebook.com\/Finieris\/","https:\/\/lv.linkedin.com\/company\/latvijas-finieris","https:\/\/www.youtube.com\/c\/LatvijasFinierisAS"]}]}},"_links":{"self":[{"href":"https:\/\/www.finieris.com\/lv\/wp-json\/wp\/v2\/pages\/16400","targetHints":{"allow":["GET"]}}],"collection":[{"href":"https:\/\/www.finieris.com\/lv\/wp-json\/wp\/v2\/pages"}],"about":[{"href":"https:\/\/www.finieris.com\/lv\/wp-json\/wp\/v2\/types\/page"}],"author":[{"embeddable":true,"href":"https:\/\/www.finieris.com\/lv\/wp-json\/wp\/v2\/users\/2"}],"replies":[{"embeddable":true,"href":"https:\/\/www.finieris.com\/lv\/wp-json\/wp\/v2\/comments?post=16400"}],"version-history":[{"count":2,"href":"https:\/\/www.finieris.com\/lv\/wp-json\/wp\/v2\/pages\/16400\/revisions"}],"predecessor-version":[{"id":16533,"href":"https:\/\/www.finieris.com\/lv\/wp-json\/wp\/v2\/pages\/16400\/revisions\/16533"}],"up":[{"embeddable":true,"href":"https:\/\/www.finieris.com\/lv\/wp-json\/wp\/v2\/pages\/8440"}],"wp:attachment":[{"href":"https:\/\/www.finieris.com\/lv\/wp-json\/wp\/v2\/media?parent=16400"}],"wp:term":[{"taxonomy":"category","embeddable":true,"href":"https:\/\/www.finieris.com\/lv\/wp-json\/wp\/v2\/categories?post=16400"}],"curies":[{"name":"wp","href":"https:\/\/api.w.org\/{rel}","templated":true}]}}