{"id":16398,"date":"2025-08-22T16:36:42","date_gmt":"2025-08-22T13:36:42","guid":{"rendered":"https:\/\/www.finieris.com\/?page_id=16398"},"modified":"2025-09-19T08:44:46","modified_gmt":"2025-09-19T05:44:46","slug":"riga-ply-koch-schulte-%e2%80%92-h320-hydrostop-h-2-o","status":"publish","type":"page","link":"https:\/\/www.finieris.com\/lv\/produkti-un-pakalpojumi\/petnieciba-un-attistiba\/bolderajas-projekts\/riga-ply\/riga-ply-koch-schulte-%e2%80%92-h320-hydrostop-h-2-o\/","title":{"rendered":"R\u012bga Ply KOCH &amp; SCHULTE \u2012 H320 Hydrostop H 2 O"},"content":{"rendered":"<section id=\"written-content-block_7ee0ff7930b6946f4c336a5f50236c09\" class=\"block written-content bg-white pt-sm\"\n    >\n        <div class=\"container\" data-aos=\"fade-up\" data-aos-once=\"true\" data-aos-duration=\"500\">\n        <div class=\"row\">\n                        <div class=\"col col-md-9\">\n                <h1 class=\"small\">Riga Ply KOCH &amp; SCHULTE \u2012 H320 Hydrostop H 2 O<\/h1>\n<p>Parauga izgatavo\u0161an\u0101 izmantots sapl\u0101ksnis:\u00a0<strong><a href=\"https:\/\/www.finieris.com\/lv\/produkti\/riga-ply\/\">Riga Ply<\/a><\/strong><\/p>\n<div>B\u0113rza sapl\u0101ksnis bez apdares<\/div>\n<div><\/div>\n<hr class=\"small\" \/>\n<p><strong>KOCH &amp; SCHULTE \u2012 H320 Hydrostop H 2 O<\/strong><\/p>\n<p>&nbsp;<\/p>\n<table class=\"table-alt\">\n<tbody>\n<tr>\n<td>\n<div><strong>Izmantotie produkti<\/strong><\/div>\n<\/td>\n<td>\n<div><strong>Ra\u017eot\u0101ja inform\u0101cija<\/strong><\/div>\n<\/td>\n<td>\n<div><strong>\u017d\u016b\u0161anas laiks<\/strong><\/div>\n<\/td>\n<td>\n<div><strong>Uzkl\u0101\u0161anas tehnolo\u0123ijas<\/strong><\/div>\n<\/td>\n<\/tr>\n<tr>\n<td>\n<div>KOCH &amp; SCHULTE \u2012 H320 Hydrostop H 2 O<\/div>\n<\/td>\n<td>\n<div>\u013boti hidrofobiska koksnes e\u013c\u013ca<\/div>\n<ul>\n<li><strong>Dab\u012bgs izskats ar patin\u0113tu efektu<\/strong><\/li>\n<li><strong>Optim\u0101la aizsardz\u012bba<\/strong> smalki z\u0101\u0123\u0113tai un rupji z\u0101\u0123\u0113tai koksnei<\/li>\n<li>Piem\u0113rota <strong>laikapst\u0101k\u013cu stipri ietekm\u0113t\u0101m deta\u013c\u0101m<\/strong> (piem\u0113ram, fas\u0101\u017eu profiliem)<\/li>\n<li><strong>Papildapstr\u0101de nav nepiecie\u0161ama<\/strong><\/li>\n<li>Virsmas tiek <strong>aizsarg\u0101tas pret pel\u0113jumu un s\u0113n\u012b\u0161u boj\u0101jumiem<\/strong><\/li>\n<\/ul>\n<\/td>\n<td>\n<div>Pirm\u0101 k\u0101rta 24 h<br \/>\nOtr\u0101 k\u0101rta 24 h<\/div>\n<\/td>\n<td>\n<div>Uzkl\u0101\u0161ana div\u0101s k\u0101rt\u0101s 140 g un 120 g \u2012 ar otu, ar suku, ar uzlejamo ma\u0161\u012bnu<\/div>\n<\/td>\n<\/tr>\n<\/tbody>\n<\/table>\n<p>&nbsp;<\/p>\n<p><img decoding=\"async\" src=\"https:\/\/e-veikals.finieris.lv\/docs\/Produkti\/aaa\/ota.png\" alt=\"\" width=\"50\" height=\"50\" \/>\u00a0 \u00a0 \u00a0<img decoding=\"async\" src=\"https:\/\/e-veikals.finieris.lv\/docs\/Produkti\/aaa\/rullis.png\" alt=\"\" width=\"50\" height=\"50\" \/>\u00a0\u00a0\u00a0 \u00a0<img decoding=\"async\" src=\"https:\/\/e-veikals.finieris.lv\/docs\/Produkti\/aaa\/spray.png\" alt=\"\" width=\"50\" height=\"50\" \/>\u00a0\u00a0\u00a0 \u00a0<img decoding=\"async\" src=\"https:\/\/e-veikals.finieris.lv\/docs\/Produkti\/aaa\/termo.png\" alt=\"\" width=\"50\" height=\"50\" \/><\/p>\n<p>Pla\u0161\u0101ka inform\u0101cija:\u00a0<a href=\"https:\/\/kochundschulte.com\/\" target=\"_blank\" rel=\"noopener\">kochundschulte.com<\/a><\/p>\n<hr class=\"small\" \/>\n<p class=\"small\">Pl\u0101t\u0146u nama Gaigalava eksperiment\u0101l\u0101s sienas m\u0113r\u0137is ir veikt ilgtermi\u0146a p\u0113t\u012bjumus.<br \/>\nLatvijas Finieris nedod garantijas min\u0113to materi\u0101lu virsmas notur\u012bbai \u0101ra apst\u0101k\u013cos. Produkcijas gala lietot\u0101js uz\u0146emas atbild\u012bbu par produktu izmanto\u0161anu un ar to saist\u012btiem defektiem, kas var rasties neiev\u0113rojot produkta aprakst\u0101 min\u0113t\u0101s specifik\u0101cijas, sagatavojot un apstr\u0101d\u0101jot virsmu ar min\u0113to produktu, k\u0101 ar\u012b apk\u0101rt\u0113j\u0101s vides ietekm\u0113.<\/p>\n<p class=\"small\"><span style=\"color: #f26a21;\">Produkts uzst\u0101d\u012bts 2025. gada august\u0101 \u201cKoch &amp; Schulte\u201d UV testa ietvaros.<\/span><\/p>\n            <\/div>\n        <\/div>\n    <\/div>\n    <\/section>\n","protected":false},"excerpt":{"rendered":"","protected":false},"author":2,"featured_media":0,"parent":8440,"menu_order":0,"comment_status":"closed","ping_status":"closed","template":"","meta":{"_acf_changed":false,"footnotes":""},"categories":[719,779,695],"class_list":["post-16398","page","type-page","status-publish","hentry","category-rd-lv","category-riga-wood-lv","category-saplaksnis"],"acf":[],"yoast_head":"<!-- This site is optimized with the Yoast SEO Premium plugin v27.2 (Yoast SEO v27.2) - https:\/\/yoast.com\/product\/yoast-seo-premium-wordpress\/ -->\n<title>R\u012bga Ply KOCH &amp; SCHULTE \u2012 H320 Hydrostop H 2 O - Latvijas Finieris<\/title>\n<meta name=\"description\" content=\"\u013boti hidrofobiska koksnes e\u013c\u013ca. Dab\u012bgs izskats ar patin\u0113tu efektu. Optim\u0101la aizsardz\u012bba smalki z\u0101\u0123\u0113tai un rupji z\u0101\u0123\u0113tai koksnei. Piem\u0113rota laikapst\u0101k\u013cu stipri ietekm\u0113t\u0101m deta\u013c\u0101m.\" \/>\n<meta name=\"robots\" content=\"index, follow, max-snippet:-1, max-image-preview:large, max-video-preview:-1\" \/>\n<link rel=\"canonical\" href=\"https:\/\/www.finieris.com\/lv\/produkti-un-pakalpojumi\/petnieciba-un-attistiba\/bolderajas-projekts\/riga-ply\/riga-ply-koch-schulte-%e2%80%92-h320-hydrostop-h-2-o\/\" \/>\n<meta property=\"og:locale\" content=\"lv_LV\" \/>\n<meta property=\"og:type\" content=\"article\" \/>\n<meta property=\"og:title\" content=\"R\u012bga Ply KOCH &amp; SCHULTE \u2012 H320 Hydrostop H 2 O\" \/>\n<meta property=\"og:description\" content=\"\u013boti hidrofobiska koksnes e\u013c\u013ca. Dab\u012bgs izskats ar patin\u0113tu efektu. Optim\u0101la aizsardz\u012bba smalki z\u0101\u0123\u0113tai un rupji z\u0101\u0123\u0113tai koksnei. Piem\u0113rota laikapst\u0101k\u013cu stipri ietekm\u0113t\u0101m deta\u013c\u0101m.\" \/>\n<meta property=\"og:url\" content=\"https:\/\/www.finieris.com\/lv\/produkti-un-pakalpojumi\/petnieciba-un-attistiba\/bolderajas-projekts\/riga-ply\/riga-ply-koch-schulte-%e2%80%92-h320-hydrostop-h-2-o\/\" \/>\n<meta property=\"og:site_name\" content=\"Latvijas Finieris\" \/>\n<meta property=\"article:publisher\" content=\"https:\/\/www.facebook.com\/Finieris\/\" \/>\n<meta property=\"article:modified_time\" content=\"2025-09-19T05:44:46+00:00\" \/>\n<meta name=\"twitter:card\" content=\"summary_large_image\" \/>\n<meta name=\"twitter:label1\" content=\"Est. reading time\" \/>\n\t<meta name=\"twitter:data1\" content=\"2 minutes\" \/>\n<script type=\"application\/ld+json\" class=\"yoast-schema-graph\">{\"@context\":\"https:\/\/schema.org\",\"@graph\":[{\"@type\":\"WebPage\",\"@id\":\"https:\/\/www.finieris.com\/lv\/produkti-un-pakalpojumi\/petnieciba-un-attistiba\/bolderajas-projekts\/riga-ply\/riga-ply-koch-schulte-%e2%80%92-h320-hydrostop-h-2-o\/\",\"url\":\"https:\/\/www.finieris.com\/lv\/produkti-un-pakalpojumi\/petnieciba-un-attistiba\/bolderajas-projekts\/riga-ply\/riga-ply-koch-schulte-%e2%80%92-h320-hydrostop-h-2-o\/\",\"name\":\"R\u012bga Ply KOCH &amp; SCHULTE \u2012 H320 Hydrostop H 2 O - Latvijas Finieris\",\"isPartOf\":{\"@id\":\"https:\/\/www.finieris.com\/lv\/#website\"},\"datePublished\":\"2025-08-22T13:36:42+00:00\",\"dateModified\":\"2025-09-19T05:44:46+00:00\",\"description\":\"\u013boti hidrofobiska koksnes e\u013c\u013ca. Dab\u012bgs izskats ar patin\u0113tu efektu. Optim\u0101la aizsardz\u012bba smalki z\u0101\u0123\u0113tai un rupji z\u0101\u0123\u0113tai koksnei. Piem\u0113rota laikapst\u0101k\u013cu stipri ietekm\u0113t\u0101m deta\u013c\u0101m.\",\"breadcrumb\":{\"@id\":\"https:\/\/www.finieris.com\/lv\/produkti-un-pakalpojumi\/petnieciba-un-attistiba\/bolderajas-projekts\/riga-ply\/riga-ply-koch-schulte-%e2%80%92-h320-hydrostop-h-2-o\/#breadcrumb\"},\"inLanguage\":\"lv-LV\",\"potentialAction\":[{\"@type\":\"ReadAction\",\"target\":[\"https:\/\/www.finieris.com\/lv\/produkti-un-pakalpojumi\/petnieciba-un-attistiba\/bolderajas-projekts\/riga-ply\/riga-ply-koch-schulte-%e2%80%92-h320-hydrostop-h-2-o\/\"]}]},{\"@type\":\"BreadcrumbList\",\"@id\":\"https:\/\/www.finieris.com\/lv\/produkti-un-pakalpojumi\/petnieciba-un-attistiba\/bolderajas-projekts\/riga-ply\/riga-ply-koch-schulte-%e2%80%92-h320-hydrostop-h-2-o\/#breadcrumb\",\"itemListElement\":[{\"@type\":\"ListItem\",\"position\":1,\"name\":\"Home\",\"item\":\"https:\/\/www.finieris.com\/lv\/\"},{\"@type\":\"ListItem\",\"position\":2,\"name\":\"Produkti un pakalpojumi\",\"item\":\"https:\/\/www.finieris.com\/lv\/produkti-un-pakalpojumi\/\"},{\"@type\":\"ListItem\",\"position\":3,\"name\":\"P\u0113tniec\u012bba un att\u012bst\u012bba\",\"item\":\"https:\/\/www.finieris.com\/lv\/produkti-un-pakalpojumi\/petnieciba-un-attistiba\/\"},{\"@type\":\"ListItem\",\"position\":4,\"name\":\"Bolder\u0101jas Projekts\",\"item\":\"https:\/\/www.finieris.com\/lv\/produkti-un-pakalpojumi\/petnieciba-un-attistiba\/bolderajas-projekts\/\"},{\"@type\":\"ListItem\",\"position\":5,\"name\":\"Riga Ply\",\"item\":\"https:\/\/www.finieris.com\/lv\/produkti-un-pakalpojumi\/petnieciba-un-attistiba\/bolderajas-projekts\/riga-ply\/\"},{\"@type\":\"ListItem\",\"position\":6,\"name\":\"R\u012bga Ply KOCH &amp; SCHULTE \u2012 H320 Hydrostop H 2 O\"}]},{\"@type\":\"WebSite\",\"@id\":\"https:\/\/www.finieris.com\/lv\/#website\",\"url\":\"https:\/\/www.finieris.com\/lv\/\",\"name\":\"Latvijas Finieris\",\"description\":\"Leading the way in sustainable forestry\",\"publisher\":{\"@id\":\"https:\/\/www.finieris.com\/lv\/#organization\"},\"potentialAction\":[{\"@type\":\"SearchAction\",\"target\":{\"@type\":\"EntryPoint\",\"urlTemplate\":\"https:\/\/www.finieris.com\/lv\/?s={search_term_string}\"},\"query-input\":{\"@type\":\"PropertyValueSpecification\",\"valueRequired\":true,\"valueName\":\"search_term_string\"}}],\"inLanguage\":\"lv-LV\"},{\"@type\":\"Organization\",\"@id\":\"https:\/\/www.finieris.com\/lv\/#organization\",\"name\":\"Latvijas Finieris\",\"alternateName\":\"Riga Wood\",\"url\":\"https:\/\/www.finieris.com\/lv\/\",\"logo\":{\"@type\":\"ImageObject\",\"inLanguage\":\"lv-LV\",\"@id\":\"https:\/\/www.finieris.com\/lv\/#\/schema\/logo\/image\/\",\"url\":\"https:\/\/www.finieris.com\/wp-content\/uploads\/2023\/08\/finieris-logo.svg\",\"contentUrl\":\"https:\/\/www.finieris.com\/wp-content\/uploads\/2023\/08\/finieris-logo.svg\",\"width\":1,\"height\":1,\"caption\":\"Latvijas Finieris\"},\"image\":{\"@id\":\"https:\/\/www.finieris.com\/lv\/#\/schema\/logo\/image\/\"},\"sameAs\":[\"https:\/\/www.facebook.com\/Finieris\/\",\"https:\/\/lv.linkedin.com\/company\/latvijas-finieris\",\"https:\/\/www.youtube.com\/c\/LatvijasFinierisAS\"]}]}<\/script>\n<!-- \/ Yoast SEO Premium plugin. -->","yoast_head_json":{"title":"R\u012bga Ply KOCH &amp; SCHULTE \u2012 H320 Hydrostop H 2 O - Latvijas Finieris","description":"\u013boti hidrofobiska koksnes e\u013c\u013ca. Dab\u012bgs izskats ar patin\u0113tu efektu. Optim\u0101la aizsardz\u012bba smalki z\u0101\u0123\u0113tai un rupji z\u0101\u0123\u0113tai koksnei. Piem\u0113rota laikapst\u0101k\u013cu stipri ietekm\u0113t\u0101m deta\u013c\u0101m.","robots":{"index":"index","follow":"follow","max-snippet":"max-snippet:-1","max-image-preview":"max-image-preview:large","max-video-preview":"max-video-preview:-1"},"canonical":"https:\/\/www.finieris.com\/lv\/produkti-un-pakalpojumi\/petnieciba-un-attistiba\/bolderajas-projekts\/riga-ply\/riga-ply-koch-schulte-%e2%80%92-h320-hydrostop-h-2-o\/","og_locale":"lv_LV","og_type":"article","og_title":"R\u012bga Ply KOCH &amp; SCHULTE \u2012 H320 Hydrostop H 2 O","og_description":"\u013boti hidrofobiska koksnes e\u013c\u013ca. Dab\u012bgs izskats ar patin\u0113tu efektu. Optim\u0101la aizsardz\u012bba smalki z\u0101\u0123\u0113tai un rupji z\u0101\u0123\u0113tai koksnei. Piem\u0113rota laikapst\u0101k\u013cu stipri ietekm\u0113t\u0101m deta\u013c\u0101m.","og_url":"https:\/\/www.finieris.com\/lv\/produkti-un-pakalpojumi\/petnieciba-un-attistiba\/bolderajas-projekts\/riga-ply\/riga-ply-koch-schulte-%e2%80%92-h320-hydrostop-h-2-o\/","og_site_name":"Latvijas Finieris","article_publisher":"https:\/\/www.facebook.com\/Finieris\/","article_modified_time":"2025-09-19T05:44:46+00:00","twitter_card":"summary_large_image","twitter_misc":{"Est. reading time":"2 minutes"},"schema":{"@context":"https:\/\/schema.org","@graph":[{"@type":"WebPage","@id":"https:\/\/www.finieris.com\/lv\/produkti-un-pakalpojumi\/petnieciba-un-attistiba\/bolderajas-projekts\/riga-ply\/riga-ply-koch-schulte-%e2%80%92-h320-hydrostop-h-2-o\/","url":"https:\/\/www.finieris.com\/lv\/produkti-un-pakalpojumi\/petnieciba-un-attistiba\/bolderajas-projekts\/riga-ply\/riga-ply-koch-schulte-%e2%80%92-h320-hydrostop-h-2-o\/","name":"R\u012bga Ply KOCH &amp; SCHULTE \u2012 H320 Hydrostop H 2 O - Latvijas Finieris","isPartOf":{"@id":"https:\/\/www.finieris.com\/lv\/#website"},"datePublished":"2025-08-22T13:36:42+00:00","dateModified":"2025-09-19T05:44:46+00:00","description":"\u013boti hidrofobiska koksnes e\u013c\u013ca. Dab\u012bgs izskats ar patin\u0113tu efektu. Optim\u0101la aizsardz\u012bba smalki z\u0101\u0123\u0113tai un rupji z\u0101\u0123\u0113tai koksnei. Piem\u0113rota laikapst\u0101k\u013cu stipri ietekm\u0113t\u0101m deta\u013c\u0101m.","breadcrumb":{"@id":"https:\/\/www.finieris.com\/lv\/produkti-un-pakalpojumi\/petnieciba-un-attistiba\/bolderajas-projekts\/riga-ply\/riga-ply-koch-schulte-%e2%80%92-h320-hydrostop-h-2-o\/#breadcrumb"},"inLanguage":"lv-LV","potentialAction":[{"@type":"ReadAction","target":["https:\/\/www.finieris.com\/lv\/produkti-un-pakalpojumi\/petnieciba-un-attistiba\/bolderajas-projekts\/riga-ply\/riga-ply-koch-schulte-%e2%80%92-h320-hydrostop-h-2-o\/"]}]},{"@type":"BreadcrumbList","@id":"https:\/\/www.finieris.com\/lv\/produkti-un-pakalpojumi\/petnieciba-un-attistiba\/bolderajas-projekts\/riga-ply\/riga-ply-koch-schulte-%e2%80%92-h320-hydrostop-h-2-o\/#breadcrumb","itemListElement":[{"@type":"ListItem","position":1,"name":"Home","item":"https:\/\/www.finieris.com\/lv\/"},{"@type":"ListItem","position":2,"name":"Produkti un pakalpojumi","item":"https:\/\/www.finieris.com\/lv\/produkti-un-pakalpojumi\/"},{"@type":"ListItem","position":3,"name":"P\u0113tniec\u012bba un att\u012bst\u012bba","item":"https:\/\/www.finieris.com\/lv\/produkti-un-pakalpojumi\/petnieciba-un-attistiba\/"},{"@type":"ListItem","position":4,"name":"Bolder\u0101jas Projekts","item":"https:\/\/www.finieris.com\/lv\/produkti-un-pakalpojumi\/petnieciba-un-attistiba\/bolderajas-projekts\/"},{"@type":"ListItem","position":5,"name":"Riga Ply","item":"https:\/\/www.finieris.com\/lv\/produkti-un-pakalpojumi\/petnieciba-un-attistiba\/bolderajas-projekts\/riga-ply\/"},{"@type":"ListItem","position":6,"name":"R\u012bga Ply KOCH &amp; SCHULTE \u2012 H320 Hydrostop H 2 O"}]},{"@type":"WebSite","@id":"https:\/\/www.finieris.com\/lv\/#website","url":"https:\/\/www.finieris.com\/lv\/","name":"Latvijas Finieris","description":"Leading the way in sustainable forestry","publisher":{"@id":"https:\/\/www.finieris.com\/lv\/#organization"},"potentialAction":[{"@type":"SearchAction","target":{"@type":"EntryPoint","urlTemplate":"https:\/\/www.finieris.com\/lv\/?s={search_term_string}"},"query-input":{"@type":"PropertyValueSpecification","valueRequired":true,"valueName":"search_term_string"}}],"inLanguage":"lv-LV"},{"@type":"Organization","@id":"https:\/\/www.finieris.com\/lv\/#organization","name":"Latvijas Finieris","alternateName":"Riga Wood","url":"https:\/\/www.finieris.com\/lv\/","logo":{"@type":"ImageObject","inLanguage":"lv-LV","@id":"https:\/\/www.finieris.com\/lv\/#\/schema\/logo\/image\/","url":"https:\/\/www.finieris.com\/wp-content\/uploads\/2023\/08\/finieris-logo.svg","contentUrl":"https:\/\/www.finieris.com\/wp-content\/uploads\/2023\/08\/finieris-logo.svg","width":1,"height":1,"caption":"Latvijas Finieris"},"image":{"@id":"https:\/\/www.finieris.com\/lv\/#\/schema\/logo\/image\/"},"sameAs":["https:\/\/www.facebook.com\/Finieris\/","https:\/\/lv.linkedin.com\/company\/latvijas-finieris","https:\/\/www.youtube.com\/c\/LatvijasFinierisAS"]}]}},"_links":{"self":[{"href":"https:\/\/www.finieris.com\/lv\/wp-json\/wp\/v2\/pages\/16398","targetHints":{"allow":["GET"]}}],"collection":[{"href":"https:\/\/www.finieris.com\/lv\/wp-json\/wp\/v2\/pages"}],"about":[{"href":"https:\/\/www.finieris.com\/lv\/wp-json\/wp\/v2\/types\/page"}],"author":[{"embeddable":true,"href":"https:\/\/www.finieris.com\/lv\/wp-json\/wp\/v2\/users\/2"}],"replies":[{"embeddable":true,"href":"https:\/\/www.finieris.com\/lv\/wp-json\/wp\/v2\/comments?post=16398"}],"version-history":[{"count":2,"href":"https:\/\/www.finieris.com\/lv\/wp-json\/wp\/v2\/pages\/16398\/revisions"}],"predecessor-version":[{"id":16532,"href":"https:\/\/www.finieris.com\/lv\/wp-json\/wp\/v2\/pages\/16398\/revisions\/16532"}],"up":[{"embeddable":true,"href":"https:\/\/www.finieris.com\/lv\/wp-json\/wp\/v2\/pages\/8440"}],"wp:attachment":[{"href":"https:\/\/www.finieris.com\/lv\/wp-json\/wp\/v2\/media?parent=16398"}],"wp:term":[{"taxonomy":"category","embeddable":true,"href":"https:\/\/www.finieris.com\/lv\/wp-json\/wp\/v2\/categories?post=16398"}],"curies":[{"name":"wp","href":"https:\/\/api.w.org\/{rel}","templated":true}]}}