{"id":16392,"date":"2025-08-21T11:44:47","date_gmt":"2025-08-21T08:44:47","guid":{"rendered":"https:\/\/www.finieris.com\/?page_id=16392"},"modified":"2025-08-21T11:44:49","modified_gmt":"2025-08-21T08:44:49","slug":"latvijas-dzivibas-zinatnu-nozares-attistibas-sadarbibas-tikla-petniecibas-un-internacionalizacijas-veicinasana","status":"publish","type":"page","link":"https:\/\/www.finieris.com\/lv\/produkti-un-pakalpojumi\/petnieciba-un-attistiba\/es-atbalsta-projekti\/latvijas-dzivibas-zinatnu-nozares-attistibas-sadarbibas-tikla-petniecibas-un-internacionalizacijas-veicinasana\/","title":{"rendered":"Latvijas Dz\u012bv\u012bbas zin\u0101t\u0146u nozares att\u012bst\u012bbas sadarb\u012bbas t\u012bkla p\u0113tniec\u012bbas un internacionaliz\u0101cijas veicin\u0101\u0161ana"},"content":{"rendered":"<section id=\"written-content-block_f711be0551f4401126cdfa4f760a1e87\" class=\"block written-content bg-white\"\n    >\n        <div class=\"container\" data-aos=\"fade-up\" data-aos-once=\"true\" data-aos-duration=\"500\">\n        <div class=\"row\">\n                        <div class=\"col\">\n                <h1 class=\"small\">Latvijas Dz\u012bv\u012bbas zin\u0101t\u0146u nozares att\u012bst\u012bbas sadarb\u012bbas t\u012bkla p\u0113tniec\u012bbas un internacionaliz\u0101cijas veicin\u0101\u0161ana<\/h1>\n            <\/div>\n        <\/div>\n    <\/div>\n    <\/section>\n\n\n<section id=\"written-content-block_c204d04586d082034fe2c1fcf413eb87\" class=\"block written-content bg-white pt-zero pb-zero\"\n    >\n        <div class=\"container\" data-aos=\"fade-up\" data-aos-once=\"true\" data-aos-duration=\"500\">\n        <div class=\"row\">\n                        <div class=\"col\">\n                <p style=\"text-align: center;\"><img decoding=\"async\" src=\"https:\/\/www.finieris.com\/wp-content\/uploads\/2024\/10\/LV_Finanse_Eiropas_Savieniba_RGB_POS.png\" alt=\"Finans\u0113 Eirpoas Savien\u012bba - Next Generation EU\" width=\"500\" \/> <img decoding=\"async\" src=\"https:\/\/www.finieris.com\/wp-content\/uploads\/2024\/10\/NAP_logo_ar_nosaukumu_PNG_H400px_lv.png\" alt=\"Nacion\u0101lais att\u012bst\u012bbas pl\u0101ns 2027\" width=\"100\" \/><\/p>\n            <\/div>\n        <\/div>\n    <\/div>\n    <\/section>\n\n\n<section id=\"written-content-block_cd242a2f03b61231e58aced7e20ea16a\" class=\"block written-content bg-white pt-zero pb-zero\"\n    >\n        <div class=\"container\" data-aos=\"fade-up\" data-aos-once=\"true\" data-aos-duration=\"500\">\n        <div class=\"row\">\n                        <div class=\"col col-md-9\">\n                <p>2024.gada 22.apr\u012bl\u012b biedr\u012bba \u201cLatvijas \u0136\u012bmijas un farm\u0101cijas uz\u0146\u0113m\u0113ju asoci\u0101cija\u201d (turpm\u0101k &#8211; biedr\u012bba) un Centr\u0101l\u0101 finan\u0161u un l\u012bgumu a\u0123ent\u016bra parakst\u012bja L\u012bgumu par Eiropas Savien\u012bbas Atvese\u013co\u0161anas fonda projekta \u201cLatvijas Dz\u012bv\u012bbas zin\u0101t\u0146u nozares att\u012bst\u012bbas sadarb\u012bbas t\u012bkla p\u0113tniec\u012bbas un internacionaliz\u0101cijas veicin\u0101\u0161ana\u201d ievie\u0161anu, Projekta nr. Nr.\u00a05.1.1.2.i.0\/3\/24\/A\/CFLA\/003 (turpm\u0101k \u2013 Projekts).<\/p>\n<p>Projekta \u012bsteno\u0161ana notiek sadarb\u012bbas t\u012bkla veid\u0101. Sadarb\u012bbas t\u012bklu veido vair\u0101k k\u0101 30 uz\u0146\u0113mumi, t.sk. AS \u201cLatvijas Finieris\u201d, vismaz viena p\u0113tniecisk\u0101 organiz\u0101cija un biedr\u012bba.<\/p>\n            <\/div>\n        <\/div>\n    <\/div>\n    <\/section>\n\n\n<section id=\"written-content-block_7fd0f143fa6c6c496b474317e9db978f\" class=\"block written-content bg-white pt-zero pb-zero\"\n    >\n        <div class=\"container\" data-aos=\"fade-up\" data-aos-once=\"true\" data-aos-duration=\"500\">\n        <div class=\"row\">\n                        <div class=\"col col-md-9\">\n                <p>Projekts tiek \u012bstenots sekojo\u0161\u0101s RIS3 jom\u0101s:<\/p>\n<ul>\n<li>Biomedic\u012bna, medic\u012bnas tehnolo\u0123ijas, biofarm\u0101cija un biotehnolo\u0123ijas;<\/li>\n<li>Viedie materi\u0101li, tehnolo\u0123ijas un in\u017eeniersist\u0113mas;<\/li>\n<li>Inform\u0101cijas un komunik\u0101ciju tehnolo\u0123ijas.<\/li>\n<\/ul>\n            <\/div>\n        <\/div>\n    <\/div>\n    <\/section>\n\n\n<section id=\"written-content-block_f5aa3376ffe0d86a00ec35dee1d7e7ef\" class=\"block written-content bg-white pt-zero pb-zero\"\n    >\n        <div class=\"container\" data-aos=\"fade-up\" data-aos-once=\"true\" data-aos-duration=\"500\">\n        <div class=\"row\">\n                        <div class=\"col col-md-9\">\n                <p>Projekta ietvaros pl\u0101not\u0101s aktivit\u0101tes ir v\u0113rstas uz jomas presti\u017ea cel\u0161anu un atbilsto\u0161as motiv\u0101cijas sist\u0113mas izveidi, sadarb\u012bbas t\u012bkla izveidi un darb\u012bbu, starptautisk\u0101s sadarb\u012bbas un eksporta apjoma pieauguma veicin\u0101\u0161anu.<\/p>\n<p>Projekts tie\u0161i veicin\u0101s sadarb\u012bbas t\u012bkla dal\u012bbnieku pieeju starptautiskajiem tirgiem, stiprin\u0101s nozares starptautisko konkur\u0113tsp\u0113ju, ka ar\u012b veicin\u0101s nozares popularit\u0101ti jaunatnes vid\u016b.<\/p>\n<p>Projekta aktivit\u0101tes ir v\u0113rstas uz sadarb\u012bbas t\u012bkla dal\u012bbnieku internacionaliz\u0101ciju un priv\u0101to p\u0113tniec\u012bbas un att\u012bst\u012bbas invest\u012bciju apjoma palielin\u0101\u0161anu.<\/p>\n            <\/div>\n        <\/div>\n    <\/div>\n    <\/section>\n\n\n<section id=\"written-content-block_f823e055450edd630d46262787bd4b5b\" class=\"block written-content bg-white pt-zero\"\n    >\n        <div class=\"container\" data-aos=\"fade-up\" data-aos-once=\"true\" data-aos-duration=\"500\">\n        <div class=\"row\">\n                        <div class=\"col col-md-9\">\n                <p>Projekta ilgums: 16.01.2024. \u2013 30.06.2026.<\/p>\n<p>Projekta kop\u0113jais bud\u017eets: 514\u00a0552 EUR<\/p>\n<p>ES Atvese\u013co\u0161an\u0101s fonda l\u012bdzfinans\u0113jums 85%: 437 369 EUR;<\/p>\n<p>Priv\u0101tais l\u012bdzfinans\u0113jums: 77 183 EUR.<\/p>\n            <\/div>\n        <\/div>\n    <\/div>\n    <\/section>\n","protected":false},"excerpt":{"rendered":"","protected":false},"author":2,"featured_media":4360,"parent":8840,"menu_order":0,"comment_status":"closed","ping_status":"closed","template":"","meta":{"_acf_changed":false,"footnotes":""},"categories":[713],"class_list":["post-16392","page","type-page","status-publish","has-post-thumbnail","hentry","category-projekti"],"acf":[],"yoast_head":"<!-- This site is optimized with the Yoast SEO Premium plugin v27.2 (Yoast SEO v27.2) - https:\/\/yoast.com\/product\/yoast-seo-premium-wordpress\/ -->\n<title>Latvijas Dz\u012bv\u012bbas zin\u0101t\u0146u nozares att\u012bst\u012bbas sadarb\u012bbas t\u012bkla p\u0113tniec\u012bbas un internacionaliz\u0101cijas veicin\u0101\u0161ana - Latvijas Finieris<\/title>\n<meta name=\"description\" content=\"2024.gada 22.apr\u012bl\u012b biedr\u012bba \u201cLatvijas \u0136\u012bmijas un farm\u0101cijas uz\u0146\u0113m\u0113ju asoci\u0101cija\u201d un Centr\u0101l\u0101 finan\u0161u un l\u012bgumu a\u0123ent\u016bra parakst\u012bja L\u012bgumu..\" \/>\n<meta name=\"robots\" content=\"index, follow, max-snippet:-1, max-image-preview:large, max-video-preview:-1\" \/>\n<link rel=\"canonical\" href=\"https:\/\/www.finieris.com\/lv\/produkti-un-pakalpojumi\/petnieciba-un-attistiba\/es-atbalsta-projekti\/latvijas-dzivibas-zinatnu-nozares-attistibas-sadarbibas-tikla-petniecibas-un-internacionalizacijas-veicinasana\/\" \/>\n<meta property=\"og:locale\" content=\"lv_LV\" \/>\n<meta property=\"og:type\" content=\"article\" \/>\n<meta property=\"og:title\" content=\"Latvijas Dz\u012bv\u012bbas zin\u0101t\u0146u nozares att\u012bst\u012bbas sadarb\u012bbas t\u012bkla p\u0113tniec\u012bbas un internacionaliz\u0101cijas veicin\u0101\u0161ana\" \/>\n<meta property=\"og:description\" content=\"2024.gada 22.apr\u012bl\u012b biedr\u012bba \u201cLatvijas \u0136\u012bmijas un farm\u0101cijas uz\u0146\u0113m\u0113ju asoci\u0101cija\u201d un Centr\u0101l\u0101 finan\u0161u un l\u012bgumu a\u0123ent\u016bra parakst\u012bja L\u012bgumu..\" \/>\n<meta property=\"og:url\" content=\"https:\/\/www.finieris.com\/lv\/produkti-un-pakalpojumi\/petnieciba-un-attistiba\/es-atbalsta-projekti\/latvijas-dzivibas-zinatnu-nozares-attistibas-sadarbibas-tikla-petniecibas-un-internacionalizacijas-veicinasana\/\" \/>\n<meta property=\"og:site_name\" content=\"Latvijas Finieris\" \/>\n<meta property=\"article:publisher\" content=\"https:\/\/www.facebook.com\/Finieris\/\" \/>\n<meta property=\"article:modified_time\" content=\"2025-08-21T08:44:49+00:00\" \/>\n<meta property=\"og:image\" content=\"https:\/\/www.finieris.com\/wp-content\/uploads\/2024\/01\/Tavi-koki-drosas-rokas.png\" \/>\n\t<meta property=\"og:image:width\" content=\"1920\" \/>\n\t<meta property=\"og:image:height\" content=\"1080\" \/>\n\t<meta property=\"og:image:type\" content=\"image\/png\" \/>\n<meta name=\"twitter:card\" content=\"summary_large_image\" \/>\n<meta name=\"twitter:label1\" content=\"Est. reading time\" \/>\n\t<meta name=\"twitter:data1\" content=\"2 minutes\" \/>\n<script type=\"application\/ld+json\" class=\"yoast-schema-graph\">{\"@context\":\"https:\/\/schema.org\",\"@graph\":[{\"@type\":\"WebPage\",\"@id\":\"https:\/\/www.finieris.com\/lv\/produkti-un-pakalpojumi\/petnieciba-un-attistiba\/es-atbalsta-projekti\/latvijas-dzivibas-zinatnu-nozares-attistibas-sadarbibas-tikla-petniecibas-un-internacionalizacijas-veicinasana\/\",\"url\":\"https:\/\/www.finieris.com\/lv\/produkti-un-pakalpojumi\/petnieciba-un-attistiba\/es-atbalsta-projekti\/latvijas-dzivibas-zinatnu-nozares-attistibas-sadarbibas-tikla-petniecibas-un-internacionalizacijas-veicinasana\/\",\"name\":\"Latvijas Dz\u012bv\u012bbas zin\u0101t\u0146u nozares att\u012bst\u012bbas sadarb\u012bbas t\u012bkla p\u0113tniec\u012bbas un internacionaliz\u0101cijas veicin\u0101\u0161ana - Latvijas Finieris\",\"isPartOf\":{\"@id\":\"https:\/\/www.finieris.com\/lv\/#website\"},\"primaryImageOfPage\":{\"@id\":\"https:\/\/www.finieris.com\/lv\/produkti-un-pakalpojumi\/petnieciba-un-attistiba\/es-atbalsta-projekti\/latvijas-dzivibas-zinatnu-nozares-attistibas-sadarbibas-tikla-petniecibas-un-internacionalizacijas-veicinasana\/#primaryimage\"},\"image\":{\"@id\":\"https:\/\/www.finieris.com\/lv\/produkti-un-pakalpojumi\/petnieciba-un-attistiba\/es-atbalsta-projekti\/latvijas-dzivibas-zinatnu-nozares-attistibas-sadarbibas-tikla-petniecibas-un-internacionalizacijas-veicinasana\/#primaryimage\"},\"thumbnailUrl\":\"https:\/\/www.finieris.com\/wp-content\/uploads\/2024\/01\/Tavi-koki-drosas-rokas.png\",\"datePublished\":\"2025-08-21T08:44:47+00:00\",\"dateModified\":\"2025-08-21T08:44:49+00:00\",\"description\":\"2024.gada 22.apr\u012bl\u012b biedr\u012bba \u201cLatvijas \u0136\u012bmijas un farm\u0101cijas uz\u0146\u0113m\u0113ju asoci\u0101cija\u201d un Centr\u0101l\u0101 finan\u0161u un l\u012bgumu a\u0123ent\u016bra parakst\u012bja L\u012bgumu..\",\"breadcrumb\":{\"@id\":\"https:\/\/www.finieris.com\/lv\/produkti-un-pakalpojumi\/petnieciba-un-attistiba\/es-atbalsta-projekti\/latvijas-dzivibas-zinatnu-nozares-attistibas-sadarbibas-tikla-petniecibas-un-internacionalizacijas-veicinasana\/#breadcrumb\"},\"inLanguage\":\"lv-LV\",\"potentialAction\":[{\"@type\":\"ReadAction\",\"target\":[\"https:\/\/www.finieris.com\/lv\/produkti-un-pakalpojumi\/petnieciba-un-attistiba\/es-atbalsta-projekti\/latvijas-dzivibas-zinatnu-nozares-attistibas-sadarbibas-tikla-petniecibas-un-internacionalizacijas-veicinasana\/\"]}]},{\"@type\":\"ImageObject\",\"inLanguage\":\"lv-LV\",\"@id\":\"https:\/\/www.finieris.com\/lv\/produkti-un-pakalpojumi\/petnieciba-un-attistiba\/es-atbalsta-projekti\/latvijas-dzivibas-zinatnu-nozares-attistibas-sadarbibas-tikla-petniecibas-un-internacionalizacijas-veicinasana\/#primaryimage\",\"url\":\"https:\/\/www.finieris.com\/wp-content\/uploads\/2024\/01\/Tavi-koki-drosas-rokas.png\",\"contentUrl\":\"https:\/\/www.finieris.com\/wp-content\/uploads\/2024\/01\/Tavi-koki-drosas-rokas.png\",\"width\":1920,\"height\":1080,\"caption\":\"Tavi koki - dro\u0161\u0101s rokas!\"},{\"@type\":\"BreadcrumbList\",\"@id\":\"https:\/\/www.finieris.com\/lv\/produkti-un-pakalpojumi\/petnieciba-un-attistiba\/es-atbalsta-projekti\/latvijas-dzivibas-zinatnu-nozares-attistibas-sadarbibas-tikla-petniecibas-un-internacionalizacijas-veicinasana\/#breadcrumb\",\"itemListElement\":[{\"@type\":\"ListItem\",\"position\":1,\"name\":\"Home\",\"item\":\"https:\/\/www.finieris.com\/lv\/\"},{\"@type\":\"ListItem\",\"position\":2,\"name\":\"Produkti un pakalpojumi\",\"item\":\"https:\/\/www.finieris.com\/lv\/produkti-un-pakalpojumi\/\"},{\"@type\":\"ListItem\",\"position\":3,\"name\":\"P\u0113tniec\u012bba un att\u012bst\u012bba\",\"item\":\"https:\/\/www.finieris.com\/lv\/produkti-un-pakalpojumi\/petnieciba-un-attistiba\/\"},{\"@type\":\"ListItem\",\"position\":4,\"name\":\"ES atbalsta projekti\",\"item\":\"https:\/\/www.finieris.com\/lv\/produkti-un-pakalpojumi\/petnieciba-un-attistiba\/es-atbalsta-projekti\/\"},{\"@type\":\"ListItem\",\"position\":5,\"name\":\"Latvijas Dz\u012bv\u012bbas zin\u0101t\u0146u nozares att\u012bst\u012bbas sadarb\u012bbas t\u012bkla p\u0113tniec\u012bbas un internacionaliz\u0101cijas veicin\u0101\u0161ana\"}]},{\"@type\":\"WebSite\",\"@id\":\"https:\/\/www.finieris.com\/lv\/#website\",\"url\":\"https:\/\/www.finieris.com\/lv\/\",\"name\":\"Latvijas Finieris\",\"description\":\"Leading the way in sustainable forestry\",\"publisher\":{\"@id\":\"https:\/\/www.finieris.com\/lv\/#organization\"},\"potentialAction\":[{\"@type\":\"SearchAction\",\"target\":{\"@type\":\"EntryPoint\",\"urlTemplate\":\"https:\/\/www.finieris.com\/lv\/?s={search_term_string}\"},\"query-input\":{\"@type\":\"PropertyValueSpecification\",\"valueRequired\":true,\"valueName\":\"search_term_string\"}}],\"inLanguage\":\"lv-LV\"},{\"@type\":\"Organization\",\"@id\":\"https:\/\/www.finieris.com\/lv\/#organization\",\"name\":\"Latvijas Finieris\",\"alternateName\":\"Riga Wood\",\"url\":\"https:\/\/www.finieris.com\/lv\/\",\"logo\":{\"@type\":\"ImageObject\",\"inLanguage\":\"lv-LV\",\"@id\":\"https:\/\/www.finieris.com\/lv\/#\/schema\/logo\/image\/\",\"url\":\"https:\/\/www.finieris.com\/wp-content\/uploads\/2023\/08\/finieris-logo.svg\",\"contentUrl\":\"https:\/\/www.finieris.com\/wp-content\/uploads\/2023\/08\/finieris-logo.svg\",\"width\":1,\"height\":1,\"caption\":\"Latvijas Finieris\"},\"image\":{\"@id\":\"https:\/\/www.finieris.com\/lv\/#\/schema\/logo\/image\/\"},\"sameAs\":[\"https:\/\/www.facebook.com\/Finieris\/\",\"https:\/\/lv.linkedin.com\/company\/latvijas-finieris\",\"https:\/\/www.youtube.com\/c\/LatvijasFinierisAS\"]}]}<\/script>\n<!-- \/ Yoast SEO Premium plugin. -->","yoast_head_json":{"title":"Latvijas Dz\u012bv\u012bbas zin\u0101t\u0146u nozares att\u012bst\u012bbas sadarb\u012bbas t\u012bkla p\u0113tniec\u012bbas un internacionaliz\u0101cijas veicin\u0101\u0161ana - Latvijas Finieris","description":"2024.gada 22.apr\u012bl\u012b biedr\u012bba \u201cLatvijas \u0136\u012bmijas un farm\u0101cijas uz\u0146\u0113m\u0113ju asoci\u0101cija\u201d un Centr\u0101l\u0101 finan\u0161u un l\u012bgumu a\u0123ent\u016bra parakst\u012bja L\u012bgumu..","robots":{"index":"index","follow":"follow","max-snippet":"max-snippet:-1","max-image-preview":"max-image-preview:large","max-video-preview":"max-video-preview:-1"},"canonical":"https:\/\/www.finieris.com\/lv\/produkti-un-pakalpojumi\/petnieciba-un-attistiba\/es-atbalsta-projekti\/latvijas-dzivibas-zinatnu-nozares-attistibas-sadarbibas-tikla-petniecibas-un-internacionalizacijas-veicinasana\/","og_locale":"lv_LV","og_type":"article","og_title":"Latvijas Dz\u012bv\u012bbas zin\u0101t\u0146u nozares att\u012bst\u012bbas sadarb\u012bbas t\u012bkla p\u0113tniec\u012bbas un internacionaliz\u0101cijas veicin\u0101\u0161ana","og_description":"2024.gada 22.apr\u012bl\u012b biedr\u012bba \u201cLatvijas \u0136\u012bmijas un farm\u0101cijas uz\u0146\u0113m\u0113ju asoci\u0101cija\u201d un Centr\u0101l\u0101 finan\u0161u un l\u012bgumu a\u0123ent\u016bra parakst\u012bja L\u012bgumu..","og_url":"https:\/\/www.finieris.com\/lv\/produkti-un-pakalpojumi\/petnieciba-un-attistiba\/es-atbalsta-projekti\/latvijas-dzivibas-zinatnu-nozares-attistibas-sadarbibas-tikla-petniecibas-un-internacionalizacijas-veicinasana\/","og_site_name":"Latvijas Finieris","article_publisher":"https:\/\/www.facebook.com\/Finieris\/","article_modified_time":"2025-08-21T08:44:49+00:00","og_image":[{"width":1920,"height":1080,"url":"https:\/\/www.finieris.com\/wp-content\/uploads\/2024\/01\/Tavi-koki-drosas-rokas.png","type":"image\/png"}],"twitter_card":"summary_large_image","twitter_misc":{"Est. reading time":"2 minutes"},"schema":{"@context":"https:\/\/schema.org","@graph":[{"@type":"WebPage","@id":"https:\/\/www.finieris.com\/lv\/produkti-un-pakalpojumi\/petnieciba-un-attistiba\/es-atbalsta-projekti\/latvijas-dzivibas-zinatnu-nozares-attistibas-sadarbibas-tikla-petniecibas-un-internacionalizacijas-veicinasana\/","url":"https:\/\/www.finieris.com\/lv\/produkti-un-pakalpojumi\/petnieciba-un-attistiba\/es-atbalsta-projekti\/latvijas-dzivibas-zinatnu-nozares-attistibas-sadarbibas-tikla-petniecibas-un-internacionalizacijas-veicinasana\/","name":"Latvijas Dz\u012bv\u012bbas zin\u0101t\u0146u nozares att\u012bst\u012bbas sadarb\u012bbas t\u012bkla p\u0113tniec\u012bbas un internacionaliz\u0101cijas veicin\u0101\u0161ana - Latvijas Finieris","isPartOf":{"@id":"https:\/\/www.finieris.com\/lv\/#website"},"primaryImageOfPage":{"@id":"https:\/\/www.finieris.com\/lv\/produkti-un-pakalpojumi\/petnieciba-un-attistiba\/es-atbalsta-projekti\/latvijas-dzivibas-zinatnu-nozares-attistibas-sadarbibas-tikla-petniecibas-un-internacionalizacijas-veicinasana\/#primaryimage"},"image":{"@id":"https:\/\/www.finieris.com\/lv\/produkti-un-pakalpojumi\/petnieciba-un-attistiba\/es-atbalsta-projekti\/latvijas-dzivibas-zinatnu-nozares-attistibas-sadarbibas-tikla-petniecibas-un-internacionalizacijas-veicinasana\/#primaryimage"},"thumbnailUrl":"https:\/\/www.finieris.com\/wp-content\/uploads\/2024\/01\/Tavi-koki-drosas-rokas.png","datePublished":"2025-08-21T08:44:47+00:00","dateModified":"2025-08-21T08:44:49+00:00","description":"2024.gada 22.apr\u012bl\u012b biedr\u012bba \u201cLatvijas \u0136\u012bmijas un farm\u0101cijas uz\u0146\u0113m\u0113ju asoci\u0101cija\u201d un Centr\u0101l\u0101 finan\u0161u un l\u012bgumu a\u0123ent\u016bra parakst\u012bja L\u012bgumu..","breadcrumb":{"@id":"https:\/\/www.finieris.com\/lv\/produkti-un-pakalpojumi\/petnieciba-un-attistiba\/es-atbalsta-projekti\/latvijas-dzivibas-zinatnu-nozares-attistibas-sadarbibas-tikla-petniecibas-un-internacionalizacijas-veicinasana\/#breadcrumb"},"inLanguage":"lv-LV","potentialAction":[{"@type":"ReadAction","target":["https:\/\/www.finieris.com\/lv\/produkti-un-pakalpojumi\/petnieciba-un-attistiba\/es-atbalsta-projekti\/latvijas-dzivibas-zinatnu-nozares-attistibas-sadarbibas-tikla-petniecibas-un-internacionalizacijas-veicinasana\/"]}]},{"@type":"ImageObject","inLanguage":"lv-LV","@id":"https:\/\/www.finieris.com\/lv\/produkti-un-pakalpojumi\/petnieciba-un-attistiba\/es-atbalsta-projekti\/latvijas-dzivibas-zinatnu-nozares-attistibas-sadarbibas-tikla-petniecibas-un-internacionalizacijas-veicinasana\/#primaryimage","url":"https:\/\/www.finieris.com\/wp-content\/uploads\/2024\/01\/Tavi-koki-drosas-rokas.png","contentUrl":"https:\/\/www.finieris.com\/wp-content\/uploads\/2024\/01\/Tavi-koki-drosas-rokas.png","width":1920,"height":1080,"caption":"Tavi koki - dro\u0161\u0101s rokas!"},{"@type":"BreadcrumbList","@id":"https:\/\/www.finieris.com\/lv\/produkti-un-pakalpojumi\/petnieciba-un-attistiba\/es-atbalsta-projekti\/latvijas-dzivibas-zinatnu-nozares-attistibas-sadarbibas-tikla-petniecibas-un-internacionalizacijas-veicinasana\/#breadcrumb","itemListElement":[{"@type":"ListItem","position":1,"name":"Home","item":"https:\/\/www.finieris.com\/lv\/"},{"@type":"ListItem","position":2,"name":"Produkti un pakalpojumi","item":"https:\/\/www.finieris.com\/lv\/produkti-un-pakalpojumi\/"},{"@type":"ListItem","position":3,"name":"P\u0113tniec\u012bba un att\u012bst\u012bba","item":"https:\/\/www.finieris.com\/lv\/produkti-un-pakalpojumi\/petnieciba-un-attistiba\/"},{"@type":"ListItem","position":4,"name":"ES atbalsta projekti","item":"https:\/\/www.finieris.com\/lv\/produkti-un-pakalpojumi\/petnieciba-un-attistiba\/es-atbalsta-projekti\/"},{"@type":"ListItem","position":5,"name":"Latvijas Dz\u012bv\u012bbas zin\u0101t\u0146u nozares att\u012bst\u012bbas sadarb\u012bbas t\u012bkla p\u0113tniec\u012bbas un internacionaliz\u0101cijas veicin\u0101\u0161ana"}]},{"@type":"WebSite","@id":"https:\/\/www.finieris.com\/lv\/#website","url":"https:\/\/www.finieris.com\/lv\/","name":"Latvijas Finieris","description":"Leading the way in sustainable forestry","publisher":{"@id":"https:\/\/www.finieris.com\/lv\/#organization"},"potentialAction":[{"@type":"SearchAction","target":{"@type":"EntryPoint","urlTemplate":"https:\/\/www.finieris.com\/lv\/?s={search_term_string}"},"query-input":{"@type":"PropertyValueSpecification","valueRequired":true,"valueName":"search_term_string"}}],"inLanguage":"lv-LV"},{"@type":"Organization","@id":"https:\/\/www.finieris.com\/lv\/#organization","name":"Latvijas Finieris","alternateName":"Riga Wood","url":"https:\/\/www.finieris.com\/lv\/","logo":{"@type":"ImageObject","inLanguage":"lv-LV","@id":"https:\/\/www.finieris.com\/lv\/#\/schema\/logo\/image\/","url":"https:\/\/www.finieris.com\/wp-content\/uploads\/2023\/08\/finieris-logo.svg","contentUrl":"https:\/\/www.finieris.com\/wp-content\/uploads\/2023\/08\/finieris-logo.svg","width":1,"height":1,"caption":"Latvijas Finieris"},"image":{"@id":"https:\/\/www.finieris.com\/lv\/#\/schema\/logo\/image\/"},"sameAs":["https:\/\/www.facebook.com\/Finieris\/","https:\/\/lv.linkedin.com\/company\/latvijas-finieris","https:\/\/www.youtube.com\/c\/LatvijasFinierisAS"]}]}},"_links":{"self":[{"href":"https:\/\/www.finieris.com\/lv\/wp-json\/wp\/v2\/pages\/16392","targetHints":{"allow":["GET"]}}],"collection":[{"href":"https:\/\/www.finieris.com\/lv\/wp-json\/wp\/v2\/pages"}],"about":[{"href":"https:\/\/www.finieris.com\/lv\/wp-json\/wp\/v2\/types\/page"}],"author":[{"embeddable":true,"href":"https:\/\/www.finieris.com\/lv\/wp-json\/wp\/v2\/users\/2"}],"replies":[{"embeddable":true,"href":"https:\/\/www.finieris.com\/lv\/wp-json\/wp\/v2\/comments?post=16392"}],"version-history":[{"count":2,"href":"https:\/\/www.finieris.com\/lv\/wp-json\/wp\/v2\/pages\/16392\/revisions"}],"predecessor-version":[{"id":16394,"href":"https:\/\/www.finieris.com\/lv\/wp-json\/wp\/v2\/pages\/16392\/revisions\/16394"}],"up":[{"embeddable":true,"href":"https:\/\/www.finieris.com\/lv\/wp-json\/wp\/v2\/pages\/8840"}],"wp:featuredmedia":[{"embeddable":true,"href":"https:\/\/www.finieris.com\/lv\/wp-json\/wp\/v2\/media\/4360"}],"wp:attachment":[{"href":"https:\/\/www.finieris.com\/lv\/wp-json\/wp\/v2\/media?parent=16392"}],"wp:term":[{"taxonomy":"category","embeddable":true,"href":"https:\/\/www.finieris.com\/lv\/wp-json\/wp\/v2\/categories?post=16392"}],"curies":[{"name":"wp","href":"https:\/\/api.w.org\/{rel}","templated":true}]}}