{"id":14932,"date":"2025-01-06T11:02:00","date_gmt":"2025-01-06T09:02:00","guid":{"rendered":"https:\/\/www.finieris.com\/?page_id=14932"},"modified":"2025-11-11T09:43:08","modified_gmt":"2025-11-11T07:43:08","slug":"saplaksna-automatiska-skirosana","status":"publish","type":"page","link":"https:\/\/www.finieris.com\/lv\/produkti-un-pakalpojumi\/petnieciba-un-attistiba\/es-atbalsta-projekti\/saplaksna-automatiska-skirosana\/","title":{"rendered":"Sapl\u0101k\u0161\u0146a autom\u0101tisk\u0101 \u0161\u0137iro\u0161ana"},"content":{"rendered":"<section id=\"written-content-block_7d775b6009586d8fdaa9455efdc15045\" class=\"block written-content bg-white\"\n    >\n        <div class=\"container\" data-aos=\"fade-up\" data-aos-once=\"true\" data-aos-duration=\"500\">\n        <div class=\"row\">\n                        <div class=\"col col-md-9\">\n                <h1 class=\"small\">Sapl\u0101k\u0161\u0146a autom\u0101tisk\u0101 \u0161\u0137iro\u0161ana<\/h1>\n            <\/div>\n        <\/div>\n    <\/div>\n    <\/section>\n\n\n<section id=\"written-content-block_21e8af631a77c4bf3fb0daf0fef988fa\" class=\"block written-content bg-white pt-zero pb-zero\"\n    >\n        <div class=\"container\" data-aos=\"fade-up\" data-aos-once=\"true\" data-aos-duration=\"500\">\n        <div class=\"row\">\n                        <div class=\"col\">\n                <p style=\"text-align: center;\"><img decoding=\"async\" src=\"https:\/\/www.finieris.com\/wp-content\/uploads\/2024\/10\/LV_Finanse_Eiropas_Savieniba_RGB_POS.png\" alt=\"Finans\u0113 Eirpoas Savien\u012bba - Next Generation EU\" width=\"500\" \/> <img decoding=\"async\" src=\"https:\/\/www.finieris.com\/wp-content\/uploads\/2024\/10\/NAP_logo_ar_nosaukumu_PNG_H400px_lv.png\" alt=\"Nacion\u0101lais att\u012bst\u012bbas pl\u0101ns 2027\" width=\"100\" \/><\/p>\n            <\/div>\n        <\/div>\n    <\/div>\n    <\/section>\n\n\n<section id=\"written-content-block_ad0ffc6393e7a54621a910f40174b2c8\" class=\"block written-content bg-white pt-sm pb-zero\"\n    >\n        <div class=\"container\" data-aos=\"fade-up\" data-aos-once=\"true\" data-aos-duration=\"500\">\n        <div class=\"row\">\n                        <div class=\"col col-md-9\">\n                <p>2025.gada janv\u0101r\u012b uzs\u0101kts projekts \u201cSapl\u0101k\u0161\u0146a autom\u0101tisk\u0101 \u0161\u0137iro\u0161ana\u201d, kura ietvaros sapl\u0101k\u0161\u0146a sl\u012bp\u0113\u0161anas l\u012bnij\u0101 pl\u0101nots integr\u0113t sken\u0113\u0161anas pilotsist\u0113mu, izveidot sapl\u0101k\u0161\u0146a \u0161\u0137ir\u0101m atbilsto\u0161u sapl\u0101k\u0161\u0146a defektu datu b\u0101zi, veikt MI sist\u0113mas apm\u0101c\u012bbas procesu un palaist iek\u0101rtu autom\u0101tisk\u0101 re\u017e\u012bm\u0101. Projekta m\u0113r\u0137is ir adapt\u0113t uz m\u0101ksl\u012bg\u0101 intelekta (MI) b\u0101z\u0113tu autom\u0101tisko sapl\u0101k\u0161\u0146a lok\u0161\u0146u \u0161\u0137iro\u0161anas sist\u0113mu, to integr\u0113jot tehnolo\u0123iskaj\u0101 pl\u016bsm\u0101. K\u0101 galvenie projekta izaicin\u0101jumi paredzami sist\u0113mas komponen\u0161u piel\u0101go\u0161ana sl\u012bp\u0113\u0161anas l\u012bnijai, k\u0101 ar\u012b sapl\u0101k\u0161\u0146u defektu datu b\u0101zes izveide, valid\u0101cija un papildin\u0101\u0161ana. Projekta rezult\u0101t\u0101 pl\u0101nota samazin\u0101ta darbasp\u0113ka iesaiste sapl\u0101k\u0161\u0146a \u0161\u0137iro\u0161an\u0101 un uzlabota \u0161\u0137iro\u0161anas kvalit\u0101te. P\u0113tniec\u012bbas projekta ietvaros ievie\u0161am\u0101 MI defektu atpaz\u012b\u0161anas sist\u0113mu raksturo t\u0101das priek\u0161roc\u012bbas k\u0101 izmaksu samazin\u0101jums (iesaist\u012bt\u0101 darbasp\u0113ka samazin\u0101jumu un izmaksu samazin\u0101jums d\u0113\u013c \u0161\u0137iro\u0161anas kvalit\u0101tes uzlabojumiem), augst\u0101ka \u0161\u0137iro\u0161anas precizit\u0101te (m\u0101ksl\u012bg\u0101 intelekta algoritmu nians\u0113t\u0101ka \u0161\u0137iroto lok\u0161\u0146u defektu noteik\u0161ana) un defektu atpaz\u012b\u0161anas att\u012bst\u012bba (nians\u0113t\u0101ka defektu atpaz\u012b\u0161ana pieaugot datu b\u0101zei, inform\u0101cijas apjomam p\u0101rsniedzot cilv\u0113ka oper\u0113jam\u0101s inform\u0101cijas apjomu).<\/p>\n<p>Projekta \u012bsteno\u0161anas laiks: 01.2025 \u2013 03.2027<\/p>\n            <\/div>\n        <\/div>\n    <\/div>\n    <\/section>\n\n\n<section id=\"written-content-block_6de584e89dbaaa0315ddbde0a4ddc9af\" class=\"block written-content bg-white pt-zero pb-zero\"\n    >\n        <div class=\"container\" data-aos=\"fade-up\" data-aos-once=\"true\" data-aos-duration=\"500\">\n        <div class=\"row\">\n                        <div class=\"col col-md-9\">\n                <hr \/>\n<h3 class=\"med small\">Projekta I periods\u00a0 (janv\u0101ris \u2013 marts, 2025):<\/h3>\n<p>Projekt\u0101: \u201cSapl\u0101k\u0161\u0146a autom\u0101tisk\u0101 \u0161\u0137iro\u0161ana\u201d ir nosl\u0113dzies pirmais t\u0101 \u012bsteno\u0161anas periods (01.2025. \u2013 03.2025.), kura ietvaros uzs\u0101kta aktivit\u0101tes RP 1.1. \u201cSapl\u0101k\u0161\u0146a skan\u0113\u0161anas pilotsist\u0113mas integr\u0101cija sl\u012bp\u0113\u0161anas l\u012bnij\u0101&#8221; \u012bsteno\u0161ana (aktivit\u0101tes pl\u0101notais izpildes termi\u0146\u0161 03.2026). Aktivit\u0101tes ietvaros projekta 1.period\u0101:<\/p>\n<ul>\n<li>Veikta datu iev\u0101k\u0161ana un anal\u012bze par sapl\u0101k\u0161\u0146u defektiem, kurus sl\u012bp\u0113\u0161anas operators palai\u017e gar\u0101m;<\/li>\n<li>Identific\u0113ti bie\u017e\u0101kie sare\u017e\u0123\u012bjumi sl\u012bp\u0113\u0161anas l\u012bnijas operatora darb\u0101, \u0161\u0137irojot sapl\u0101ksni,<\/li>\n<li>Noteikti un apkopoti visgr\u016bt\u0101k paman\u0101mie defekti,<\/li>\n<li>Izveidots saraksts turpm\u0101kajai sist\u0113mas p\u0101rbaudei un apm\u0101c\u012bbas b\u0101zei,<\/li>\n<li>Datu apkopo\u0161anas ietvaros noteikts, ar k\u0101du % atbilst\u012bbu \u0161\u0137iro sl\u012bp\u0113t\u0101js,<\/li>\n<li>Inform\u0101cijas apkopo\u0161ana un situ\u0101cijas anal\u012bze veikta tehnolo\u0123isko procesu visu amatu l\u012bme\u0146os, ar atbild\u012bgo\u00a0 darbinieku iesaisti.<\/li>\n<\/ul>\n<p>Paral\u0113li aktivit\u0101tei RP 1.1. projekta 2.period\u0101 (no 04.2025-09.2025) tiks uzs\u0101ktas un \u012bstenotas ar\u012b aktivit\u0101tes RP 1.2.\u201d Sapl\u0101k\u0161\u0146a defektu datu b\u0101zes izveide un grup\u0113\u0161ana atbilsto\u0161i \u0161\u0137ir\u0101m\u201d un RP 1.3. &#8220;Datu b\u0101zes papildin\u0101\u0161ana&#8221;, kuru ietvaros tiks apkopoti dati par sapl\u0101k\u0161\u0146u \u0161\u0137iru tehnolo\u0123isko parametru sist\u0113mu un sistematiz\u0113tas datu b\u0101zes strukt\u016bru, sapl\u0101k\u0161\u0146a defektu datu b\u0101zes st\u0101vokli p\u0113c datu iev\u0101k\u0161anas un sist\u0113mas pilnu integr\u0101ciju sl\u012bp\u0113\u0161anas l\u012bnij\u0101.<\/p>\n            <\/div>\n        <\/div>\n    <\/div>\n    <\/section>\n\n\n<section id=\"written-content-block_e85ce43707e6a28f15557ef8c684a88f\" class=\"block written-content bg-white pt-zero\"\n    >\n        <div class=\"container\" data-aos=\"fade-up\" data-aos-once=\"true\" data-aos-duration=\"500\">\n        <div class=\"row\">\n                        <div class=\"col col-md-9\">\n                <hr \/>\n<h3 class=\"med small\">Projekta II periods\u00a0 (apr\u012blis \u2013 septembris, 2025):<\/h3>\n<p>Projekta 2.period\u0101 (04.2025. \u2013 09.2025.) aktivit\u0101tes RP 1.1. \u201cSapl\u0101k\u0161\u0146a skan\u0113\u0161anas pilotsist\u0113mas integr\u0101cija sl\u012bp\u0113\u0161anas l\u012bnij\u0101&#8221; (izpildes termi\u0146\u0161 03.2026) ietvaros turpin\u0101j\u0101s testa iek\u0101rtas uzst\u0101d\u012b\u0161anas sagatavo\u0161an\u0101s darbi un pati iek\u0101rtas uzst\u0101d\u012b\u0161ana. Aktivit\u0101tes ietvaros tika veikta:<\/p>\n<ul>\n<li>eso\u0161\u0101s sl\u012bp\u0113\u0161anas iek\u0101rtas piel\u0101go\u0161ana \u0161\u0137iro\u0161anas iek\u0101rtai,<\/li>\n<li>tehnolo\u0123isk\u0101 procesa izmai\u0146as sapl\u0101k\u0161\u0146u sl\u012bp\u0113\u0161anas kvalit\u0101tes p\u0101rbaudei un iesp\u0113jam\u0101s n\u0101kotnes pl\u016bsmas pl\u0101no\u0161ana,<\/li>\n<li>elektroapg\u0101des nodro\u0161in\u0101juma sal\u0101go\u0161anas darbi un elektr\u012bbas jaudu pl\u0101no\u0161ana kopum\u0101,<\/li>\n<li>veikta elektronisko risin\u0101jumu priek\u0161izp\u0113te un sal\u0101go\u0161ana.<\/li>\n<\/ul>\n<p>T\u0101pat ar\u012b aktivit\u0101t\u0113 RP Nr.1.1. tika uzs\u0101kta gatavo\u0161an\u0101s aktivit\u0101tes RP 1.2.\u201d &#8220;Sapl\u0101k\u0161\u0146a defektu datu b\u0101zes izveide un grup\u0113\u0161ana atbilsto\u0161i \u0161\u0137ir\u0101m&#8221; darba pl\u0101na \u012bsteno\u0161anai &#8211; veikti priek\u0161darbi datu b\u0101zes un testa recep\u0161u faktiskai izveidei un piel\u0101gojumiem iek\u0101rtas turpm\u0101kajam test\u0113\u0161anas procesam.<\/p>\n            <\/div>\n        <\/div>\n    <\/div>\n    <\/section>\n\n\n<section id=\"written-content-block_d0cd11f76e27e37f144471adc28a6ae6\" class=\"block written-content bg-white pt-zero\"\n    >\n        <div class=\"container\" data-aos=\"fade-up\" data-aos-once=\"true\" data-aos-duration=\"500\">\n        <div class=\"row\">\n                        <div class=\"col col-md-9\">\n                <hr \/>\n<p class=\"small\">SIA \u201cMe\u017ea nozares kompetences centrs\u201d \u012bsteno ANM pl\u0101na 2.2.1.3.i.invest\u012bcijas \u201cAtbalsts jaunu produktu un pakalpojumu ievie\u0161anai uz\u0146\u0113m\u0113jdarb\u012bb\u0101\u201d projektu \u201cMe\u017ea nozares kompetences centrs \u2013 digitaliz\u0101cija\u201d.<\/p>\n<p class=\"small\">Invest\u012bciju projekta identifik\u0101cijas Nr.: Nr. 2.2.1.3.i.0\/1\/24\/A\/CFLA\/001<br \/>\nAtvese\u013co\u0161anas fonda projekta invest\u012bciju apjoms: 3 037 500 EUR<br \/>\nProgrammas darb\u012bbas laiks: l\u012bdz 31.12.2027.<\/p>\n<p class=\"small\">Finans\u0113jums paredz\u0113ts komersantu digit\u0101lajai transform\u0101cijai, tai skait\u0101 m\u016bsdien\u012bgu automatiz\u0101cijas, robotiz\u0101cijas un darba kontroles r\u012bku ievie\u0161anai ra\u017eotn\u0113, piesaistot priv\u0101to l\u012bdzfinans\u0113jumu inov\u0101ciju ievie\u0161an\u0101.<\/p>\n<p class=\"small\">Atbalst\u0101mie p\u0113tniec\u012bbas virzieni:<\/p>\n<ul>\n<li class=\"small\">Me\u017ea kapit\u0101lv\u0113rt\u012bbas palielin\u0101\u0161ana un me\u017esaimniec\u012bba.<\/li>\n<li class=\"small\">Jauni koksnes materi\u0101li un tehnolo\u0123ijas.<\/li>\n<\/ul>\n            <\/div>\n        <\/div>\n    <\/div>\n    <\/section>\n","protected":false},"excerpt":{"rendered":"","protected":false},"author":2,"featured_media":14938,"parent":8840,"menu_order":0,"comment_status":"closed","ping_status":"closed","template":"","meta":{"_acf_changed":false,"footnotes":""},"categories":[777,713,719,695],"class_list":["post-14932","page","type-page","status-publish","has-post-thumbnail","hentry","category-efektivitate","category-projekti","category-rd-lv","category-saplaksnis"],"acf":[],"yoast_head":"<!-- This site is optimized with the Yoast SEO Premium plugin v27.2 (Yoast SEO v27.2) - https:\/\/yoast.com\/product\/yoast-seo-premium-wordpress\/ -->\n<title>Sapl\u0101k\u0161\u0146a autom\u0101tisk\u0101 \u0161\u0137iro\u0161ana - Latvijas Finieris<\/title>\n<meta name=\"description\" content=\"Uzs\u0101kts projekts, kura ietvaros sl\u012bp\u0113\u0161anas l\u012bnij\u0101 pl\u0101nots integr\u0113t sken\u0113\u0161anas pilotsist\u0113mu, izveidot \u0161\u0137ir\u0101m atbilsto\u0161u defektu datu b\u0101zi.\" \/>\n<meta name=\"robots\" content=\"index, follow, max-snippet:-1, max-image-preview:large, max-video-preview:-1\" \/>\n<link rel=\"canonical\" href=\"https:\/\/www.finieris.com\/lv\/produkti-un-pakalpojumi\/petnieciba-un-attistiba\/es-atbalsta-projekti\/saplaksna-automatiska-skirosana\/\" \/>\n<meta property=\"og:locale\" content=\"lv_LV\" \/>\n<meta property=\"og:type\" content=\"article\" \/>\n<meta property=\"og:title\" content=\"Sapl\u0101k\u0161\u0146a autom\u0101tisk\u0101 \u0161\u0137iro\u0161ana\" \/>\n<meta property=\"og:description\" content=\"Uzs\u0101kts projekts, kura ietvaros sl\u012bp\u0113\u0161anas l\u012bnij\u0101 pl\u0101nots integr\u0113t sken\u0113\u0161anas pilotsist\u0113mu, izveidot \u0161\u0137ir\u0101m atbilsto\u0161u defektu datu b\u0101zi.\" \/>\n<meta property=\"og:url\" content=\"https:\/\/www.finieris.com\/lv\/produkti-un-pakalpojumi\/petnieciba-un-attistiba\/es-atbalsta-projekti\/saplaksna-automatiska-skirosana\/\" \/>\n<meta property=\"og:site_name\" content=\"Latvijas Finieris\" \/>\n<meta property=\"article:publisher\" content=\"https:\/\/www.facebook.com\/Finieris\/\" \/>\n<meta property=\"article:modified_time\" content=\"2025-11-11T07:43:08+00:00\" \/>\n<meta property=\"og:image\" content=\"https:\/\/www.finieris.com\/wp-content\/uploads\/2025\/03\/2145_20161115.jpg\" \/>\n\t<meta property=\"og:image:width\" content=\"1800\" \/>\n\t<meta property=\"og:image:height\" content=\"1200\" \/>\n\t<meta property=\"og:image:type\" content=\"image\/jpeg\" \/>\n<meta name=\"twitter:card\" content=\"summary_large_image\" \/>\n<meta name=\"twitter:label1\" content=\"Est. reading time\" \/>\n\t<meta name=\"twitter:data1\" content=\"3 minutes\" \/>\n<script type=\"application\/ld+json\" class=\"yoast-schema-graph\">{\"@context\":\"https:\/\/schema.org\",\"@graph\":[{\"@type\":\"WebPage\",\"@id\":\"https:\/\/www.finieris.com\/lv\/produkti-un-pakalpojumi\/petnieciba-un-attistiba\/es-atbalsta-projekti\/saplaksna-automatiska-skirosana\/\",\"url\":\"https:\/\/www.finieris.com\/lv\/produkti-un-pakalpojumi\/petnieciba-un-attistiba\/es-atbalsta-projekti\/saplaksna-automatiska-skirosana\/\",\"name\":\"Sapl\u0101k\u0161\u0146a autom\u0101tisk\u0101 \u0161\u0137iro\u0161ana - Latvijas Finieris\",\"isPartOf\":{\"@id\":\"https:\/\/www.finieris.com\/lv\/#website\"},\"primaryImageOfPage\":{\"@id\":\"https:\/\/www.finieris.com\/lv\/produkti-un-pakalpojumi\/petnieciba-un-attistiba\/es-atbalsta-projekti\/saplaksna-automatiska-skirosana\/#primaryimage\"},\"image\":{\"@id\":\"https:\/\/www.finieris.com\/lv\/produkti-un-pakalpojumi\/petnieciba-un-attistiba\/es-atbalsta-projekti\/saplaksna-automatiska-skirosana\/#primaryimage\"},\"thumbnailUrl\":\"https:\/\/www.finieris.com\/wp-content\/uploads\/2025\/03\/2145_20161115.jpg\",\"datePublished\":\"2025-01-06T09:02:00+00:00\",\"dateModified\":\"2025-11-11T07:43:08+00:00\",\"description\":\"Uzs\u0101kts projekts, kura ietvaros sl\u012bp\u0113\u0161anas l\u012bnij\u0101 pl\u0101nots integr\u0113t sken\u0113\u0161anas pilotsist\u0113mu, izveidot \u0161\u0137ir\u0101m atbilsto\u0161u defektu datu b\u0101zi.\",\"breadcrumb\":{\"@id\":\"https:\/\/www.finieris.com\/lv\/produkti-un-pakalpojumi\/petnieciba-un-attistiba\/es-atbalsta-projekti\/saplaksna-automatiska-skirosana\/#breadcrumb\"},\"inLanguage\":\"lv-LV\",\"potentialAction\":[{\"@type\":\"ReadAction\",\"target\":[\"https:\/\/www.finieris.com\/lv\/produkti-un-pakalpojumi\/petnieciba-un-attistiba\/es-atbalsta-projekti\/saplaksna-automatiska-skirosana\/\"]}]},{\"@type\":\"ImageObject\",\"inLanguage\":\"lv-LV\",\"@id\":\"https:\/\/www.finieris.com\/lv\/produkti-un-pakalpojumi\/petnieciba-un-attistiba\/es-atbalsta-projekti\/saplaksna-automatiska-skirosana\/#primaryimage\",\"url\":\"https:\/\/www.finieris.com\/wp-content\/uploads\/2025\/03\/2145_20161115.jpg\",\"contentUrl\":\"https:\/\/www.finieris.com\/wp-content\/uploads\/2025\/03\/2145_20161115.jpg\",\"width\":1800,\"height\":1200,\"caption\":\"Robotic arm sorting birch plywood\"},{\"@type\":\"BreadcrumbList\",\"@id\":\"https:\/\/www.finieris.com\/lv\/produkti-un-pakalpojumi\/petnieciba-un-attistiba\/es-atbalsta-projekti\/saplaksna-automatiska-skirosana\/#breadcrumb\",\"itemListElement\":[{\"@type\":\"ListItem\",\"position\":1,\"name\":\"Home\",\"item\":\"https:\/\/www.finieris.com\/lv\/\"},{\"@type\":\"ListItem\",\"position\":2,\"name\":\"Produkti un pakalpojumi\",\"item\":\"https:\/\/www.finieris.com\/lv\/produkti-un-pakalpojumi\/\"},{\"@type\":\"ListItem\",\"position\":3,\"name\":\"P\u0113tniec\u012bba un att\u012bst\u012bba\",\"item\":\"https:\/\/www.finieris.com\/lv\/produkti-un-pakalpojumi\/petnieciba-un-attistiba\/\"},{\"@type\":\"ListItem\",\"position\":4,\"name\":\"ES atbalsta projekti\",\"item\":\"https:\/\/www.finieris.com\/lv\/produkti-un-pakalpojumi\/petnieciba-un-attistiba\/es-atbalsta-projekti\/\"},{\"@type\":\"ListItem\",\"position\":5,\"name\":\"Sapl\u0101k\u0161\u0146a autom\u0101tisk\u0101 \u0161\u0137iro\u0161ana\"}]},{\"@type\":\"WebSite\",\"@id\":\"https:\/\/www.finieris.com\/lv\/#website\",\"url\":\"https:\/\/www.finieris.com\/lv\/\",\"name\":\"Latvijas Finieris\",\"description\":\"Leading the way in sustainable forestry\",\"publisher\":{\"@id\":\"https:\/\/www.finieris.com\/lv\/#organization\"},\"potentialAction\":[{\"@type\":\"SearchAction\",\"target\":{\"@type\":\"EntryPoint\",\"urlTemplate\":\"https:\/\/www.finieris.com\/lv\/?s={search_term_string}\"},\"query-input\":{\"@type\":\"PropertyValueSpecification\",\"valueRequired\":true,\"valueName\":\"search_term_string\"}}],\"inLanguage\":\"lv-LV\"},{\"@type\":\"Organization\",\"@id\":\"https:\/\/www.finieris.com\/lv\/#organization\",\"name\":\"Latvijas Finieris\",\"alternateName\":\"Riga Wood\",\"url\":\"https:\/\/www.finieris.com\/lv\/\",\"logo\":{\"@type\":\"ImageObject\",\"inLanguage\":\"lv-LV\",\"@id\":\"https:\/\/www.finieris.com\/lv\/#\/schema\/logo\/image\/\",\"url\":\"https:\/\/www.finieris.com\/wp-content\/uploads\/2023\/08\/finieris-logo.svg\",\"contentUrl\":\"https:\/\/www.finieris.com\/wp-content\/uploads\/2023\/08\/finieris-logo.svg\",\"width\":1,\"height\":1,\"caption\":\"Latvijas Finieris\"},\"image\":{\"@id\":\"https:\/\/www.finieris.com\/lv\/#\/schema\/logo\/image\/\"},\"sameAs\":[\"https:\/\/www.facebook.com\/Finieris\/\",\"https:\/\/lv.linkedin.com\/company\/latvijas-finieris\",\"https:\/\/www.youtube.com\/c\/LatvijasFinierisAS\"]}]}<\/script>\n<!-- \/ Yoast SEO Premium plugin. -->","yoast_head_json":{"title":"Sapl\u0101k\u0161\u0146a autom\u0101tisk\u0101 \u0161\u0137iro\u0161ana - Latvijas Finieris","description":"Uzs\u0101kts projekts, kura ietvaros sl\u012bp\u0113\u0161anas l\u012bnij\u0101 pl\u0101nots integr\u0113t sken\u0113\u0161anas pilotsist\u0113mu, izveidot \u0161\u0137ir\u0101m atbilsto\u0161u defektu datu b\u0101zi.","robots":{"index":"index","follow":"follow","max-snippet":"max-snippet:-1","max-image-preview":"max-image-preview:large","max-video-preview":"max-video-preview:-1"},"canonical":"https:\/\/www.finieris.com\/lv\/produkti-un-pakalpojumi\/petnieciba-un-attistiba\/es-atbalsta-projekti\/saplaksna-automatiska-skirosana\/","og_locale":"lv_LV","og_type":"article","og_title":"Sapl\u0101k\u0161\u0146a autom\u0101tisk\u0101 \u0161\u0137iro\u0161ana","og_description":"Uzs\u0101kts projekts, kura ietvaros sl\u012bp\u0113\u0161anas l\u012bnij\u0101 pl\u0101nots integr\u0113t sken\u0113\u0161anas pilotsist\u0113mu, izveidot \u0161\u0137ir\u0101m atbilsto\u0161u defektu datu b\u0101zi.","og_url":"https:\/\/www.finieris.com\/lv\/produkti-un-pakalpojumi\/petnieciba-un-attistiba\/es-atbalsta-projekti\/saplaksna-automatiska-skirosana\/","og_site_name":"Latvijas Finieris","article_publisher":"https:\/\/www.facebook.com\/Finieris\/","article_modified_time":"2025-11-11T07:43:08+00:00","og_image":[{"width":1800,"height":1200,"url":"https:\/\/www.finieris.com\/wp-content\/uploads\/2025\/03\/2145_20161115.jpg","type":"image\/jpeg"}],"twitter_card":"summary_large_image","twitter_misc":{"Est. reading time":"3 minutes"},"schema":{"@context":"https:\/\/schema.org","@graph":[{"@type":"WebPage","@id":"https:\/\/www.finieris.com\/lv\/produkti-un-pakalpojumi\/petnieciba-un-attistiba\/es-atbalsta-projekti\/saplaksna-automatiska-skirosana\/","url":"https:\/\/www.finieris.com\/lv\/produkti-un-pakalpojumi\/petnieciba-un-attistiba\/es-atbalsta-projekti\/saplaksna-automatiska-skirosana\/","name":"Sapl\u0101k\u0161\u0146a autom\u0101tisk\u0101 \u0161\u0137iro\u0161ana - Latvijas Finieris","isPartOf":{"@id":"https:\/\/www.finieris.com\/lv\/#website"},"primaryImageOfPage":{"@id":"https:\/\/www.finieris.com\/lv\/produkti-un-pakalpojumi\/petnieciba-un-attistiba\/es-atbalsta-projekti\/saplaksna-automatiska-skirosana\/#primaryimage"},"image":{"@id":"https:\/\/www.finieris.com\/lv\/produkti-un-pakalpojumi\/petnieciba-un-attistiba\/es-atbalsta-projekti\/saplaksna-automatiska-skirosana\/#primaryimage"},"thumbnailUrl":"https:\/\/www.finieris.com\/wp-content\/uploads\/2025\/03\/2145_20161115.jpg","datePublished":"2025-01-06T09:02:00+00:00","dateModified":"2025-11-11T07:43:08+00:00","description":"Uzs\u0101kts projekts, kura ietvaros sl\u012bp\u0113\u0161anas l\u012bnij\u0101 pl\u0101nots integr\u0113t sken\u0113\u0161anas pilotsist\u0113mu, izveidot \u0161\u0137ir\u0101m atbilsto\u0161u defektu datu b\u0101zi.","breadcrumb":{"@id":"https:\/\/www.finieris.com\/lv\/produkti-un-pakalpojumi\/petnieciba-un-attistiba\/es-atbalsta-projekti\/saplaksna-automatiska-skirosana\/#breadcrumb"},"inLanguage":"lv-LV","potentialAction":[{"@type":"ReadAction","target":["https:\/\/www.finieris.com\/lv\/produkti-un-pakalpojumi\/petnieciba-un-attistiba\/es-atbalsta-projekti\/saplaksna-automatiska-skirosana\/"]}]},{"@type":"ImageObject","inLanguage":"lv-LV","@id":"https:\/\/www.finieris.com\/lv\/produkti-un-pakalpojumi\/petnieciba-un-attistiba\/es-atbalsta-projekti\/saplaksna-automatiska-skirosana\/#primaryimage","url":"https:\/\/www.finieris.com\/wp-content\/uploads\/2025\/03\/2145_20161115.jpg","contentUrl":"https:\/\/www.finieris.com\/wp-content\/uploads\/2025\/03\/2145_20161115.jpg","width":1800,"height":1200,"caption":"Robotic arm sorting birch plywood"},{"@type":"BreadcrumbList","@id":"https:\/\/www.finieris.com\/lv\/produkti-un-pakalpojumi\/petnieciba-un-attistiba\/es-atbalsta-projekti\/saplaksna-automatiska-skirosana\/#breadcrumb","itemListElement":[{"@type":"ListItem","position":1,"name":"Home","item":"https:\/\/www.finieris.com\/lv\/"},{"@type":"ListItem","position":2,"name":"Produkti un pakalpojumi","item":"https:\/\/www.finieris.com\/lv\/produkti-un-pakalpojumi\/"},{"@type":"ListItem","position":3,"name":"P\u0113tniec\u012bba un att\u012bst\u012bba","item":"https:\/\/www.finieris.com\/lv\/produkti-un-pakalpojumi\/petnieciba-un-attistiba\/"},{"@type":"ListItem","position":4,"name":"ES atbalsta projekti","item":"https:\/\/www.finieris.com\/lv\/produkti-un-pakalpojumi\/petnieciba-un-attistiba\/es-atbalsta-projekti\/"},{"@type":"ListItem","position":5,"name":"Sapl\u0101k\u0161\u0146a autom\u0101tisk\u0101 \u0161\u0137iro\u0161ana"}]},{"@type":"WebSite","@id":"https:\/\/www.finieris.com\/lv\/#website","url":"https:\/\/www.finieris.com\/lv\/","name":"Latvijas Finieris","description":"Leading the way in sustainable forestry","publisher":{"@id":"https:\/\/www.finieris.com\/lv\/#organization"},"potentialAction":[{"@type":"SearchAction","target":{"@type":"EntryPoint","urlTemplate":"https:\/\/www.finieris.com\/lv\/?s={search_term_string}"},"query-input":{"@type":"PropertyValueSpecification","valueRequired":true,"valueName":"search_term_string"}}],"inLanguage":"lv-LV"},{"@type":"Organization","@id":"https:\/\/www.finieris.com\/lv\/#organization","name":"Latvijas Finieris","alternateName":"Riga Wood","url":"https:\/\/www.finieris.com\/lv\/","logo":{"@type":"ImageObject","inLanguage":"lv-LV","@id":"https:\/\/www.finieris.com\/lv\/#\/schema\/logo\/image\/","url":"https:\/\/www.finieris.com\/wp-content\/uploads\/2023\/08\/finieris-logo.svg","contentUrl":"https:\/\/www.finieris.com\/wp-content\/uploads\/2023\/08\/finieris-logo.svg","width":1,"height":1,"caption":"Latvijas Finieris"},"image":{"@id":"https:\/\/www.finieris.com\/lv\/#\/schema\/logo\/image\/"},"sameAs":["https:\/\/www.facebook.com\/Finieris\/","https:\/\/lv.linkedin.com\/company\/latvijas-finieris","https:\/\/www.youtube.com\/c\/LatvijasFinierisAS"]}]}},"_links":{"self":[{"href":"https:\/\/www.finieris.com\/lv\/wp-json\/wp\/v2\/pages\/14932","targetHints":{"allow":["GET"]}}],"collection":[{"href":"https:\/\/www.finieris.com\/lv\/wp-json\/wp\/v2\/pages"}],"about":[{"href":"https:\/\/www.finieris.com\/lv\/wp-json\/wp\/v2\/types\/page"}],"author":[{"embeddable":true,"href":"https:\/\/www.finieris.com\/lv\/wp-json\/wp\/v2\/users\/2"}],"replies":[{"embeddable":true,"href":"https:\/\/www.finieris.com\/lv\/wp-json\/wp\/v2\/comments?post=14932"}],"version-history":[{"count":8,"href":"https:\/\/www.finieris.com\/lv\/wp-json\/wp\/v2\/pages\/14932\/revisions"}],"predecessor-version":[{"id":16888,"href":"https:\/\/www.finieris.com\/lv\/wp-json\/wp\/v2\/pages\/14932\/revisions\/16888"}],"up":[{"embeddable":true,"href":"https:\/\/www.finieris.com\/lv\/wp-json\/wp\/v2\/pages\/8840"}],"wp:featuredmedia":[{"embeddable":true,"href":"https:\/\/www.finieris.com\/lv\/wp-json\/wp\/v2\/media\/14938"}],"wp:attachment":[{"href":"https:\/\/www.finieris.com\/lv\/wp-json\/wp\/v2\/media?parent=14932"}],"wp:term":[{"taxonomy":"category","embeddable":true,"href":"https:\/\/www.finieris.com\/lv\/wp-json\/wp\/v2\/categories?post=14932"}],"curies":[{"name":"wp","href":"https:\/\/api.w.org\/{rel}","templated":true}]}}