{"id":14803,"date":"2024-08-05T14:18:00","date_gmt":"2024-08-05T11:18:00","guid":{"rendered":"https:\/\/www.finieris.com\/?page_id=14803"},"modified":"2025-02-26T16:22:39","modified_gmt":"2025-02-26T14:22:39","slug":"geotelpisko-datu-apstrades-algoritmu-pielietosana-plantaciju-mezu-veselibas-stavokla-un-oglekla-piesaistes-prognozesanai","status":"publish","type":"page","link":"https:\/\/www.finieris.com\/lv\/produkti-un-pakalpojumi\/petnieciba-un-attistiba\/es-atbalsta-projekti\/geotelpisko-datu-apstrades-algoritmu-pielietosana-plantaciju-mezu-veselibas-stavokla-un-oglekla-piesaistes-prognozesanai\/","title":{"rendered":"\u0122eotelpisko datu apstr\u0101des algoritmu pielieto\u0161ana plant\u0101ciju me\u017eu vesel\u012bbas st\u0101vok\u013ca un oglek\u013ca piesaistes prognoz\u0113\u0161anai"},"content":{"rendered":"<section id=\"written-content-block_643c5b18da2cb27627ebb795c1ea98b1\" class=\"block written-content bg-dark-green\"\n    >\n        <div class=\"container\" data-aos=\"fade-up\" data-aos-once=\"true\" data-aos-duration=\"500\">\n        <div class=\"row\">\n                        <div class=\"col\">\n                <h1 class=\"h2\">\u0122eotelpisko datu apstr\u0101des algoritmu pielieto\u0161ana plant\u0101ciju me\u017eu vesel\u012bbas st\u0101vok\u013ca un oglek\u013ca piesaistes prognoz\u0113\u0161anai<\/h1>\n            <\/div>\n        <\/div>\n    <\/div>\n    <\/section>\n\n\n<section id=\"written-content-block_5968313d11be947e5cb6b49f6f1bcae4\" class=\"block written-content bg-white pt-sm pb-sm\"\n    >\n        <div class=\"container\" data-aos=\"fade-up\" data-aos-once=\"true\" data-aos-duration=\"500\">\n        <div class=\"row\">\n                        <div class=\"col col-md-9\">\n                <header>\n<div class=\"details\">\n<div><strong>Vad\u012bt\u0101js:<\/strong>\u00a0<a href=\"https:\/\/www.silava.lv\/darbinieki\/zinatniskie-darbinieki\/kaspars-liepins\" target=\"_blank\" rel=\"noopener\">Kaspars Liepi\u0146\u0161<\/a><br \/>\n<strong>S\u0101kuma datums:<\/strong>\u00a005.08.2024.<br \/>\n<strong>Beigu datums:<\/strong> 30.08.2027.<\/div>\n<div style=\"text-align: center;\"><span style=\"font-size: 18px;\">Eiropas Savien\u012bbas Eiropas Lauksaimniec\u012bbas fonda lauku att\u012bst\u012bbai (ELFLA) <\/span><span style=\"font-size: 18px;\">vieno\u0161an\u0101s Nr.\u00a024-00-C0LA1601-000010<\/span><\/div>\n<\/div>\n<\/header>\n            <\/div>\n        <\/div>\n    <\/div>\n    <\/section>\n\n\n<section id=\"written-content-block_41cfc8bb28d350fbbb04c5240779b5f8\" class=\"block written-content bg-white pt-zero pb-zero\"\n    >\n        <div class=\"container\" data-aos=\"fade-up\" data-aos-once=\"true\" data-aos-duration=\"500\">\n        <div class=\"row\">\n                        <div class=\"col\">\n                <p style=\"text-align: center;\"><img decoding=\"async\" src=\"https:\/\/www.finieris.com\/wp-content\/uploads\/2024\/10\/LV_Finanse_Eiropas_Savieniba_RGB_POS.png\" alt=\"Finans\u0113 Eirpoas Savien\u012bba - Next Generation EU\" width=\"500\" \/> <img decoding=\"async\" src=\"https:\/\/www.finieris.com\/wp-content\/uploads\/2024\/10\/NAP_logo_ar_nosaukumu_PNG_H400px_lv.png\" alt=\"Nacion\u0101lais att\u012bst\u012bbas pl\u0101ns 2027\" width=\"100\" \/><\/p>\n            <\/div>\n        <\/div>\n    <\/div>\n    <\/section>\n\n\n<section id=\"written-content-block_8d816fe62c668accc84dbd066138fe14\" class=\"block written-content bg-white pt-sm pb-sm\"\n    >\n        <div class=\"container\" data-aos=\"fade-up\" data-aos-once=\"true\" data-aos-duration=\"500\">\n        <div class=\"row\">\n                        <div class=\"col col-md-9\">\n                <p class=\"\">P\u0113t\u012bjuma partneri ir <a href=\"https:\/\/www.silava.lv\/\" target=\"_blank\" rel=\"noopener\">LVMI\u00a0&#8220;Silava&#8221;<\/a> (vado\u0161ais partneris), SIA\u00a0<a href=\"https:\/\/www.finieris.com\/lv\/meza-ipasniekiem\/meza-ipasumu-iegade-un-apsaimniekosana\/\">Latvijas Finieris me\u017es<\/a>, Me\u017ea \u012bpa\u0161nieku biedr\u012bba<br \/>\n<a href=\"http:\/\/mezakonsultants.lv\/\" target=\"_blank\" rel=\"noopener\">Me\u017ea konsultants<\/a>\u00a0un SIA\u00a0<a href=\"https:\/\/www.sodra.com\/lv\/sodra-forest-latvija\/sodra-latvija\/sodra-forest-latvia\/\" target=\"_blank\" rel=\"noopener\">Sodra Forest Latvia<\/a>.<br \/>\nKop\u0113jais finans\u0113jums ir 295\u00a0482,15\u00a0EUR.<\/p>\n<p>P\u0113t\u012bjuma\u00a0<strong>m\u0113r\u0137is<\/strong>\u00a0ir izveidot l\u0113mumu pie\u0146em\u0161anas atbalsta r\u012bku plant\u0101ciju me\u017eu vesel\u012bbas st\u0101vok\u013ca un produktivit\u0101tes prognoz\u0113\u0161anai neizmantot\u0101s lauksaimniec\u012bbas augsn\u0113s. Rezult\u0101t\u0101 tiks izveidotas digit\u0101las kartes, kas pal\u012bdz\u0113s noteikt problem\u0101tiskas plat\u012bbas, optimiz\u0113t apsaimnieko\u0161anu un veicin\u0101t ekonomisko att\u012bst\u012bbu.<\/p>\n<p>P\u0113t\u012bjums pied\u0101v\u0101s unik\u0101lu r\u012bku zemes apsaimnieko\u0161anas scen\u0101riju izv\u0113rt\u0113\u0161anai, balstoties uz integr\u0113tiem \u0123eotelpiskajiem datiem. Tiks analiz\u0113tas koku biomasas un vitalit\u0101tes izmai\u0146as saist\u012bb\u0101 ar vides apst\u0101k\u013ciem, izmantojot modern\u0101s tehnolo\u0123ijas, LIDAR datus un ma\u0161\u012bnm\u0101c\u012b\u0161anos. Risin\u0101jums b\u016bs pieejams k\u0101 WMS serviss, nodro\u0161inot datu piek\u013cuvi nozares profesion\u0101\u013ciem, zemju \u012bpa\u0161niekiem un l\u0113mumu pie\u0146\u0113m\u0113jiem. Tas veicin\u0101s ilgtsp\u0113j\u012bgu me\u017esaimniec\u012bbu, uzlabos izpratni par vides faktoru ietekmi uz me\u017ea vesel\u012bbu un produktivit\u0101ti, k\u0101 ar\u012b atbalst\u012bs inov\u0101cijas, tostarp oglek\u013ca uzskaites un kokaud\u017eu p\u0101rvald\u012bbas jom\u0101, stiprinot konkur\u0113tsp\u0113ju starptautisk\u0101 tirg\u016b.<\/p>\n<h4>Aktualit\u0101tes<\/h4>\n<ol start=\"1\" type=\"1\">\n<li>26.11.2024.\u00a0<a class=\"wf_file\" href=\"https:\/\/www.silava.lv\/images\/Petijumi\/2024-ELFLA-24-00-COLA1601-000010\/2024-11-26-ELFLA-24-00-COLA1601-000010-Seminars.pdf\" target=\"_blank\" rel=\"noopener\">Semin\u0101rs me\u017ea nozares profesion\u0101\u013ciem par b\u0113rzu st\u0101d\u012bjumu ier\u012bko\u0161anu un apsaimnieko\u0161anu<\/a><\/li>\n<li>11.2024.\u00a0<a class=\"wf_file\" href=\"https:\/\/www.silava.lv\/images\/Petijumi\/2024-ELFLA-24-00-COLA1601-000010\/2024-11-ELFLA-24-00-COLA1601-000010-Geotelpisko-datu-slanu-pielietosana-Apskats.pdf\" target=\"_blank\" rel=\"noopener\">\u0122eotelpisko datu sl\u0101\u0146u pielieto\u0161ana koku aug\u0161anas gaitas un vitalit\u0101tes izp\u0113t\u0113 (literat\u016bras apskats)<\/a><\/li>\n<li>12.2024.\u00a0<a class=\"wf_file\" href=\"https:\/\/www.silava.lv\/images\/Petijumi\/2024-ELFLA-24-00-COLA1601-000010\/2024-12-ELFLA-24-00-COLA1601-000010-Koku-stadijumi-LKS-zemes-Apraksts.pdf\" target=\"_blank\" rel=\"noopener\">Koku st\u0101d\u012bjumi lauksaimniec\u012bbas zem\u0113s\u00a0\u2013 produktivit\u0101ti un vitalit\u0101ti ietekm\u0113jo\u0161ie faktori (literat\u016bras apskats)<\/a><\/li>\n<\/ol>\n            <\/div>\n        <\/div>\n    <\/div>\n    <\/section>\n","protected":false},"excerpt":{"rendered":"","protected":false},"author":2,"featured_media":4922,"parent":8840,"menu_order":0,"comment_status":"closed","ping_status":"closed","template":"","meta":{"_acf_changed":false,"footnotes":""},"categories":[705,713],"class_list":["post-14803","page","type-page","status-publish","has-post-thumbnail","hentry","category-mezsaimnieciba","category-projekti"],"acf":[],"yoast_head":"<!-- This site is optimized with the Yoast SEO Premium plugin v27.2 (Yoast SEO v27.2) - https:\/\/yoast.com\/product\/yoast-seo-premium-wordpress\/ -->\n<title>\u0122eotelpisko datu apstr\u0101des algoritmu pielieto\u0161ana plant\u0101ciju me\u017eu vesel\u012bbas st\u0101vok\u013ca un oglek\u013ca piesaistes prognoz\u0113\u0161anai - Latvijas Finieris<\/title>\n<meta name=\"robots\" content=\"index, follow, max-snippet:-1, max-image-preview:large, max-video-preview:-1\" \/>\n<link rel=\"canonical\" href=\"https:\/\/www.finieris.com\/lv\/produkti-un-pakalpojumi\/petnieciba-un-attistiba\/es-atbalsta-projekti\/geotelpisko-datu-apstrades-algoritmu-pielietosana-plantaciju-mezu-veselibas-stavokla-un-oglekla-piesaistes-prognozesanai\/\" \/>\n<meta property=\"og:locale\" content=\"lv_LV\" \/>\n<meta property=\"og:type\" content=\"article\" \/>\n<meta property=\"og:title\" content=\"\u0122eotelpisko datu apstr\u0101des algoritmu pielieto\u0161ana plant\u0101ciju me\u017eu vesel\u012bbas st\u0101vok\u013ca un oglek\u013ca piesaistes prognoz\u0113\u0161anai\" \/>\n<meta property=\"og:url\" content=\"https:\/\/www.finieris.com\/lv\/produkti-un-pakalpojumi\/petnieciba-un-attistiba\/es-atbalsta-projekti\/geotelpisko-datu-apstrades-algoritmu-pielietosana-plantaciju-mezu-veselibas-stavokla-un-oglekla-piesaistes-prognozesanai\/\" \/>\n<meta property=\"og:site_name\" content=\"Latvijas Finieris\" \/>\n<meta property=\"article:publisher\" content=\"https:\/\/www.facebook.com\/Finieris\/\" \/>\n<meta property=\"article:modified_time\" content=\"2025-02-26T14:22:39+00:00\" \/>\n<meta property=\"og:image\" content=\"https:\/\/www.finieris.com\/wp-content\/uploads\/2024\/02\/GG09451-scaled.jpg\" \/>\n\t<meta property=\"og:image:width\" content=\"2560\" \/>\n\t<meta property=\"og:image:height\" content=\"1703\" \/>\n\t<meta property=\"og:image:type\" content=\"image\/jpeg\" \/>\n<meta name=\"twitter:card\" content=\"summary_large_image\" \/>\n<meta name=\"twitter:label1\" content=\"Est. reading time\" \/>\n\t<meta name=\"twitter:data1\" content=\"2 minutes\" \/>\n<script type=\"application\/ld+json\" class=\"yoast-schema-graph\">{\"@context\":\"https:\/\/schema.org\",\"@graph\":[{\"@type\":\"WebPage\",\"@id\":\"https:\/\/www.finieris.com\/lv\/produkti-un-pakalpojumi\/petnieciba-un-attistiba\/es-atbalsta-projekti\/geotelpisko-datu-apstrades-algoritmu-pielietosana-plantaciju-mezu-veselibas-stavokla-un-oglekla-piesaistes-prognozesanai\/\",\"url\":\"https:\/\/www.finieris.com\/lv\/produkti-un-pakalpojumi\/petnieciba-un-attistiba\/es-atbalsta-projekti\/geotelpisko-datu-apstrades-algoritmu-pielietosana-plantaciju-mezu-veselibas-stavokla-un-oglekla-piesaistes-prognozesanai\/\",\"name\":\"\u0122eotelpisko datu apstr\u0101des algoritmu pielieto\u0161ana plant\u0101ciju me\u017eu vesel\u012bbas st\u0101vok\u013ca un oglek\u013ca piesaistes prognoz\u0113\u0161anai - Latvijas Finieris\",\"isPartOf\":{\"@id\":\"https:\/\/www.finieris.com\/lv\/#website\"},\"primaryImageOfPage\":{\"@id\":\"https:\/\/www.finieris.com\/lv\/produkti-un-pakalpojumi\/petnieciba-un-attistiba\/es-atbalsta-projekti\/geotelpisko-datu-apstrades-algoritmu-pielietosana-plantaciju-mezu-veselibas-stavokla-un-oglekla-piesaistes-prognozesanai\/#primaryimage\"},\"image\":{\"@id\":\"https:\/\/www.finieris.com\/lv\/produkti-un-pakalpojumi\/petnieciba-un-attistiba\/es-atbalsta-projekti\/geotelpisko-datu-apstrades-algoritmu-pielietosana-plantaciju-mezu-veselibas-stavokla-un-oglekla-piesaistes-prognozesanai\/#primaryimage\"},\"thumbnailUrl\":\"https:\/\/www.finieris.com\/wp-content\/uploads\/2024\/02\/GG09451-scaled.jpg\",\"datePublished\":\"2024-08-05T11:18:00+00:00\",\"dateModified\":\"2025-02-26T14:22:39+00:00\",\"breadcrumb\":{\"@id\":\"https:\/\/www.finieris.com\/lv\/produkti-un-pakalpojumi\/petnieciba-un-attistiba\/es-atbalsta-projekti\/geotelpisko-datu-apstrades-algoritmu-pielietosana-plantaciju-mezu-veselibas-stavokla-un-oglekla-piesaistes-prognozesanai\/#breadcrumb\"},\"inLanguage\":\"lv-LV\",\"potentialAction\":[{\"@type\":\"ReadAction\",\"target\":[\"https:\/\/www.finieris.com\/lv\/produkti-un-pakalpojumi\/petnieciba-un-attistiba\/es-atbalsta-projekti\/geotelpisko-datu-apstrades-algoritmu-pielietosana-plantaciju-mezu-veselibas-stavokla-un-oglekla-piesaistes-prognozesanai\/\"]}]},{\"@type\":\"ImageObject\",\"inLanguage\":\"lv-LV\",\"@id\":\"https:\/\/www.finieris.com\/lv\/produkti-un-pakalpojumi\/petnieciba-un-attistiba\/es-atbalsta-projekti\/geotelpisko-datu-apstrades-algoritmu-pielietosana-plantaciju-mezu-veselibas-stavokla-un-oglekla-piesaistes-prognozesanai\/#primaryimage\",\"url\":\"https:\/\/www.finieris.com\/wp-content\/uploads\/2024\/02\/GG09451-scaled.jpg\",\"contentUrl\":\"https:\/\/www.finieris.com\/wp-content\/uploads\/2024\/02\/GG09451-scaled.jpg\",\"width\":2560,\"height\":1703,\"caption\":\"Tr\u012bs gari lapoti b\u0113rza koki pret saulain\u0101m debes\u012bm\"},{\"@type\":\"BreadcrumbList\",\"@id\":\"https:\/\/www.finieris.com\/lv\/produkti-un-pakalpojumi\/petnieciba-un-attistiba\/es-atbalsta-projekti\/geotelpisko-datu-apstrades-algoritmu-pielietosana-plantaciju-mezu-veselibas-stavokla-un-oglekla-piesaistes-prognozesanai\/#breadcrumb\",\"itemListElement\":[{\"@type\":\"ListItem\",\"position\":1,\"name\":\"Home\",\"item\":\"https:\/\/www.finieris.com\/lv\/\"},{\"@type\":\"ListItem\",\"position\":2,\"name\":\"Produkti un pakalpojumi\",\"item\":\"https:\/\/www.finieris.com\/lv\/produkti-un-pakalpojumi\/\"},{\"@type\":\"ListItem\",\"position\":3,\"name\":\"P\u0113tniec\u012bba un att\u012bst\u012bba\",\"item\":\"https:\/\/www.finieris.com\/lv\/produkti-un-pakalpojumi\/petnieciba-un-attistiba\/\"},{\"@type\":\"ListItem\",\"position\":4,\"name\":\"ES atbalsta projekti\",\"item\":\"https:\/\/www.finieris.com\/lv\/produkti-un-pakalpojumi\/petnieciba-un-attistiba\/es-atbalsta-projekti\/\"},{\"@type\":\"ListItem\",\"position\":5,\"name\":\"\u0122eotelpisko datu apstr\u0101des algoritmu pielieto\u0161ana plant\u0101ciju me\u017eu vesel\u012bbas st\u0101vok\u013ca un oglek\u013ca piesaistes prognoz\u0113\u0161anai\"}]},{\"@type\":\"WebSite\",\"@id\":\"https:\/\/www.finieris.com\/lv\/#website\",\"url\":\"https:\/\/www.finieris.com\/lv\/\",\"name\":\"Latvijas Finieris\",\"description\":\"Leading the way in sustainable forestry\",\"publisher\":{\"@id\":\"https:\/\/www.finieris.com\/lv\/#organization\"},\"potentialAction\":[{\"@type\":\"SearchAction\",\"target\":{\"@type\":\"EntryPoint\",\"urlTemplate\":\"https:\/\/www.finieris.com\/lv\/?s={search_term_string}\"},\"query-input\":{\"@type\":\"PropertyValueSpecification\",\"valueRequired\":true,\"valueName\":\"search_term_string\"}}],\"inLanguage\":\"lv-LV\"},{\"@type\":\"Organization\",\"@id\":\"https:\/\/www.finieris.com\/lv\/#organization\",\"name\":\"Latvijas Finieris\",\"alternateName\":\"Riga Wood\",\"url\":\"https:\/\/www.finieris.com\/lv\/\",\"logo\":{\"@type\":\"ImageObject\",\"inLanguage\":\"lv-LV\",\"@id\":\"https:\/\/www.finieris.com\/lv\/#\/schema\/logo\/image\/\",\"url\":\"https:\/\/www.finieris.com\/wp-content\/uploads\/2023\/08\/finieris-logo.svg\",\"contentUrl\":\"https:\/\/www.finieris.com\/wp-content\/uploads\/2023\/08\/finieris-logo.svg\",\"width\":1,\"height\":1,\"caption\":\"Latvijas Finieris\"},\"image\":{\"@id\":\"https:\/\/www.finieris.com\/lv\/#\/schema\/logo\/image\/\"},\"sameAs\":[\"https:\/\/www.facebook.com\/Finieris\/\",\"https:\/\/lv.linkedin.com\/company\/latvijas-finieris\",\"https:\/\/www.youtube.com\/c\/LatvijasFinierisAS\"]}]}<\/script>\n<!-- \/ Yoast SEO Premium plugin. -->","yoast_head_json":{"title":"\u0122eotelpisko datu apstr\u0101des algoritmu pielieto\u0161ana plant\u0101ciju me\u017eu vesel\u012bbas st\u0101vok\u013ca un oglek\u013ca piesaistes prognoz\u0113\u0161anai - Latvijas Finieris","robots":{"index":"index","follow":"follow","max-snippet":"max-snippet:-1","max-image-preview":"max-image-preview:large","max-video-preview":"max-video-preview:-1"},"canonical":"https:\/\/www.finieris.com\/lv\/produkti-un-pakalpojumi\/petnieciba-un-attistiba\/es-atbalsta-projekti\/geotelpisko-datu-apstrades-algoritmu-pielietosana-plantaciju-mezu-veselibas-stavokla-un-oglekla-piesaistes-prognozesanai\/","og_locale":"lv_LV","og_type":"article","og_title":"\u0122eotelpisko datu apstr\u0101des algoritmu pielieto\u0161ana plant\u0101ciju me\u017eu vesel\u012bbas st\u0101vok\u013ca un oglek\u013ca piesaistes prognoz\u0113\u0161anai","og_url":"https:\/\/www.finieris.com\/lv\/produkti-un-pakalpojumi\/petnieciba-un-attistiba\/es-atbalsta-projekti\/geotelpisko-datu-apstrades-algoritmu-pielietosana-plantaciju-mezu-veselibas-stavokla-un-oglekla-piesaistes-prognozesanai\/","og_site_name":"Latvijas Finieris","article_publisher":"https:\/\/www.facebook.com\/Finieris\/","article_modified_time":"2025-02-26T14:22:39+00:00","og_image":[{"width":2560,"height":1703,"url":"https:\/\/www.finieris.com\/wp-content\/uploads\/2024\/02\/GG09451-scaled.jpg","type":"image\/jpeg"}],"twitter_card":"summary_large_image","twitter_misc":{"Est. reading time":"2 minutes"},"schema":{"@context":"https:\/\/schema.org","@graph":[{"@type":"WebPage","@id":"https:\/\/www.finieris.com\/lv\/produkti-un-pakalpojumi\/petnieciba-un-attistiba\/es-atbalsta-projekti\/geotelpisko-datu-apstrades-algoritmu-pielietosana-plantaciju-mezu-veselibas-stavokla-un-oglekla-piesaistes-prognozesanai\/","url":"https:\/\/www.finieris.com\/lv\/produkti-un-pakalpojumi\/petnieciba-un-attistiba\/es-atbalsta-projekti\/geotelpisko-datu-apstrades-algoritmu-pielietosana-plantaciju-mezu-veselibas-stavokla-un-oglekla-piesaistes-prognozesanai\/","name":"\u0122eotelpisko datu apstr\u0101des algoritmu pielieto\u0161ana plant\u0101ciju me\u017eu vesel\u012bbas st\u0101vok\u013ca un oglek\u013ca piesaistes prognoz\u0113\u0161anai - Latvijas Finieris","isPartOf":{"@id":"https:\/\/www.finieris.com\/lv\/#website"},"primaryImageOfPage":{"@id":"https:\/\/www.finieris.com\/lv\/produkti-un-pakalpojumi\/petnieciba-un-attistiba\/es-atbalsta-projekti\/geotelpisko-datu-apstrades-algoritmu-pielietosana-plantaciju-mezu-veselibas-stavokla-un-oglekla-piesaistes-prognozesanai\/#primaryimage"},"image":{"@id":"https:\/\/www.finieris.com\/lv\/produkti-un-pakalpojumi\/petnieciba-un-attistiba\/es-atbalsta-projekti\/geotelpisko-datu-apstrades-algoritmu-pielietosana-plantaciju-mezu-veselibas-stavokla-un-oglekla-piesaistes-prognozesanai\/#primaryimage"},"thumbnailUrl":"https:\/\/www.finieris.com\/wp-content\/uploads\/2024\/02\/GG09451-scaled.jpg","datePublished":"2024-08-05T11:18:00+00:00","dateModified":"2025-02-26T14:22:39+00:00","breadcrumb":{"@id":"https:\/\/www.finieris.com\/lv\/produkti-un-pakalpojumi\/petnieciba-un-attistiba\/es-atbalsta-projekti\/geotelpisko-datu-apstrades-algoritmu-pielietosana-plantaciju-mezu-veselibas-stavokla-un-oglekla-piesaistes-prognozesanai\/#breadcrumb"},"inLanguage":"lv-LV","potentialAction":[{"@type":"ReadAction","target":["https:\/\/www.finieris.com\/lv\/produkti-un-pakalpojumi\/petnieciba-un-attistiba\/es-atbalsta-projekti\/geotelpisko-datu-apstrades-algoritmu-pielietosana-plantaciju-mezu-veselibas-stavokla-un-oglekla-piesaistes-prognozesanai\/"]}]},{"@type":"ImageObject","inLanguage":"lv-LV","@id":"https:\/\/www.finieris.com\/lv\/produkti-un-pakalpojumi\/petnieciba-un-attistiba\/es-atbalsta-projekti\/geotelpisko-datu-apstrades-algoritmu-pielietosana-plantaciju-mezu-veselibas-stavokla-un-oglekla-piesaistes-prognozesanai\/#primaryimage","url":"https:\/\/www.finieris.com\/wp-content\/uploads\/2024\/02\/GG09451-scaled.jpg","contentUrl":"https:\/\/www.finieris.com\/wp-content\/uploads\/2024\/02\/GG09451-scaled.jpg","width":2560,"height":1703,"caption":"Tr\u012bs gari lapoti b\u0113rza koki pret saulain\u0101m debes\u012bm"},{"@type":"BreadcrumbList","@id":"https:\/\/www.finieris.com\/lv\/produkti-un-pakalpojumi\/petnieciba-un-attistiba\/es-atbalsta-projekti\/geotelpisko-datu-apstrades-algoritmu-pielietosana-plantaciju-mezu-veselibas-stavokla-un-oglekla-piesaistes-prognozesanai\/#breadcrumb","itemListElement":[{"@type":"ListItem","position":1,"name":"Home","item":"https:\/\/www.finieris.com\/lv\/"},{"@type":"ListItem","position":2,"name":"Produkti un pakalpojumi","item":"https:\/\/www.finieris.com\/lv\/produkti-un-pakalpojumi\/"},{"@type":"ListItem","position":3,"name":"P\u0113tniec\u012bba un att\u012bst\u012bba","item":"https:\/\/www.finieris.com\/lv\/produkti-un-pakalpojumi\/petnieciba-un-attistiba\/"},{"@type":"ListItem","position":4,"name":"ES atbalsta projekti","item":"https:\/\/www.finieris.com\/lv\/produkti-un-pakalpojumi\/petnieciba-un-attistiba\/es-atbalsta-projekti\/"},{"@type":"ListItem","position":5,"name":"\u0122eotelpisko datu apstr\u0101des algoritmu pielieto\u0161ana plant\u0101ciju me\u017eu vesel\u012bbas st\u0101vok\u013ca un oglek\u013ca piesaistes prognoz\u0113\u0161anai"}]},{"@type":"WebSite","@id":"https:\/\/www.finieris.com\/lv\/#website","url":"https:\/\/www.finieris.com\/lv\/","name":"Latvijas Finieris","description":"Leading the way in sustainable forestry","publisher":{"@id":"https:\/\/www.finieris.com\/lv\/#organization"},"potentialAction":[{"@type":"SearchAction","target":{"@type":"EntryPoint","urlTemplate":"https:\/\/www.finieris.com\/lv\/?s={search_term_string}"},"query-input":{"@type":"PropertyValueSpecification","valueRequired":true,"valueName":"search_term_string"}}],"inLanguage":"lv-LV"},{"@type":"Organization","@id":"https:\/\/www.finieris.com\/lv\/#organization","name":"Latvijas Finieris","alternateName":"Riga Wood","url":"https:\/\/www.finieris.com\/lv\/","logo":{"@type":"ImageObject","inLanguage":"lv-LV","@id":"https:\/\/www.finieris.com\/lv\/#\/schema\/logo\/image\/","url":"https:\/\/www.finieris.com\/wp-content\/uploads\/2023\/08\/finieris-logo.svg","contentUrl":"https:\/\/www.finieris.com\/wp-content\/uploads\/2023\/08\/finieris-logo.svg","width":1,"height":1,"caption":"Latvijas Finieris"},"image":{"@id":"https:\/\/www.finieris.com\/lv\/#\/schema\/logo\/image\/"},"sameAs":["https:\/\/www.facebook.com\/Finieris\/","https:\/\/lv.linkedin.com\/company\/latvijas-finieris","https:\/\/www.youtube.com\/c\/LatvijasFinierisAS"]}]}},"_links":{"self":[{"href":"https:\/\/www.finieris.com\/lv\/wp-json\/wp\/v2\/pages\/14803","targetHints":{"allow":["GET"]}}],"collection":[{"href":"https:\/\/www.finieris.com\/lv\/wp-json\/wp\/v2\/pages"}],"about":[{"href":"https:\/\/www.finieris.com\/lv\/wp-json\/wp\/v2\/types\/page"}],"author":[{"embeddable":true,"href":"https:\/\/www.finieris.com\/lv\/wp-json\/wp\/v2\/users\/2"}],"replies":[{"embeddable":true,"href":"https:\/\/www.finieris.com\/lv\/wp-json\/wp\/v2\/comments?post=14803"}],"version-history":[{"count":5,"href":"https:\/\/www.finieris.com\/lv\/wp-json\/wp\/v2\/pages\/14803\/revisions"}],"predecessor-version":[{"id":14813,"href":"https:\/\/www.finieris.com\/lv\/wp-json\/wp\/v2\/pages\/14803\/revisions\/14813"}],"up":[{"embeddable":true,"href":"https:\/\/www.finieris.com\/lv\/wp-json\/wp\/v2\/pages\/8840"}],"wp:featuredmedia":[{"embeddable":true,"href":"https:\/\/www.finieris.com\/lv\/wp-json\/wp\/v2\/media\/4922"}],"wp:attachment":[{"href":"https:\/\/www.finieris.com\/lv\/wp-json\/wp\/v2\/media?parent=14803"}],"wp:term":[{"taxonomy":"category","embeddable":true,"href":"https:\/\/www.finieris.com\/lv\/wp-json\/wp\/v2\/categories?post=14803"}],"curies":[{"name":"wp","href":"https:\/\/api.w.org\/{rel}","templated":true}]}}