{"id":13570,"date":"2023-08-25T13:17:27","date_gmt":"2023-08-25T10:17:27","guid":{"rendered":"https:\/\/www.finieris.com\/for-shareholders\/"},"modified":"2024-10-16T09:45:17","modified_gmt":"2024-10-16T06:45:17","slug":"akcionariem","status":"publish","type":"page","link":"https:\/\/www.finieris.com\/lv\/akcionariem\/","title":{"rendered":"Akcion\u0101riem"},"content":{"rendered":"<section id=\"hero-block_fa673332cb0f225403a0ce8ab7890ef9\"\n         class=\"block hero bg-image\"\n         data-hero-block>\n    <div class=\"hero-bg\" style=\" background-image: url(https:\/\/www.finieris.com\/wp-content\/uploads\/2010\/10\/KL1F6858-scaled.jpg); \"><\/div>    <div class=\"container\">\n        <div class=\"row\">\n            <div class=\"col-12 col-lg-9 hero-content-wrap\">\n                <div class=\"hero-content\" data-aos=\"fade-in\" data-aos-duration=\"400\" data-aos-easing=\"ease-in-out\"><h1>Akcion\u0101riem<\/h1>\n<p>&nbsp;<\/p>\n<p>Mums tic un uzticas \u2013 gan darbinieki, gan sadarb\u012bbas partneri, un t\u0101 ir m\u016bsu uz\u0146\u0113muma liel\u0101k\u0101 z\u012bmola v\u0113rt\u012bba. Koncerna m\u0101tes uz\u0146\u0113mums AS \u201cLatvijas Finieris\u201d ir akciju sabiedr\u012bba, kas pieder 579 nekontrol\u0113jo\u0161iem akcion\u0101riem, no kuriem liel\u0101k\u0101 da\u013ca ir uz\u0146\u0113muma eso\u0161ie vai biju\u0161ie darbinieki. Esam p\u0101rliecin\u0101ti, ka tas liel\u0101 m\u0113r\u0101 nodro\u0161ina uz\u0146\u0113muma izaugsmi un daudzpus\u012bg\u0101s kompetenc\u0113s balst\u012btus profesion\u0101lus ilgtermi\u0146a l\u0113mumus ilgtsp\u0113j\u012bgai att\u012bst\u012bbai, p\u0113c iesp\u0113jas iesaistot visus koncerna darbiniekus.<\/p>\n<\/div>\n            <\/div>\n        <\/div>\n                <div class=\"row\">\n            <div class=\"col-12 col-lg-9 hero-button-wrap\">\n                                    <a class=\"button button-primary arrow-right color-reset\" href=\"https:\/\/akcionariem.finieris.lv\/lv\/login\" title=\"Akcion\u0101ru port\u0101ls\">Akcion\u0101ru port\u0101ls<svg xmlns=\"http:\/\/www.w3.org\/2000\/svg\" viewBox=\"0 0 14 14\" width=\"14\" height=\"14\" fill=\"none\"><g stroke=\"currentColor\" stroke-miterlimit=\"10\" stroke-width=\"1.2\"><path d=\"m7.657 13.181 4.838-4.753a1.968 1.968 0 0 0 0-2.804L7.657.87M.601 7h9.6\"\/><\/g><\/svg><\/a>                                            <\/div>\n        <\/div>\n            <\/div>\n    <\/section>\n","protected":false},"excerpt":{"rendered":"","protected":false},"author":1,"featured_media":12340,"parent":0,"menu_order":0,"comment_status":"closed","ping_status":"closed","template":"","meta":{"_acf_changed":false,"footnotes":""},"categories":[],"class_list":["post-13570","page","type-page","status-publish","has-post-thumbnail","hentry"],"acf":[],"yoast_head":"<!-- This site is optimized with the Yoast SEO Premium plugin v27.2 (Yoast SEO v27.2) - https:\/\/yoast.com\/product\/yoast-seo-premium-wordpress\/ -->\n<title>Akcion\u0101riem - Latvijas Finieris<\/title>\n<meta name=\"description\" content=\"Unlock the benefits of the latest shareholder strategies for increased profits and business growth.\" \/>\n<meta name=\"robots\" content=\"index, follow, max-snippet:-1, max-image-preview:large, max-video-preview:-1\" \/>\n<link rel=\"canonical\" href=\"https:\/\/www.finieris.com\/lv\/akcionariem\/\" \/>\n<meta property=\"og:locale\" content=\"lv_LV\" \/>\n<meta property=\"og:type\" content=\"article\" \/>\n<meta property=\"og:title\" content=\"Akcion\u0101riem\" \/>\n<meta property=\"og:description\" content=\"Unlock the benefits of the latest shareholder strategies for increased profits and business growth.\" \/>\n<meta property=\"og:url\" content=\"https:\/\/www.finieris.com\/lv\/akcionariem\/\" \/>\n<meta property=\"og:site_name\" content=\"Latvijas Finieris\" \/>\n<meta property=\"article:publisher\" content=\"https:\/\/www.facebook.com\/Finieris\/\" \/>\n<meta property=\"article:modified_time\" content=\"2024-10-16T06:45:17+00:00\" \/>\n<meta property=\"og:image\" content=\"https:\/\/www.finieris.com\/wp-content\/uploads\/2010\/10\/KL1F6858-scaled.jpg\" \/>\n\t<meta property=\"og:image:width\" content=\"2560\" \/>\n\t<meta property=\"og:image:height\" content=\"1707\" \/>\n\t<meta property=\"og:image:type\" content=\"image\/jpeg\" \/>\n<meta name=\"twitter:card\" content=\"summary_large_image\" \/>\n<meta name=\"twitter:label1\" content=\"Est. reading time\" \/>\n\t<meta name=\"twitter:data1\" content=\"1 minute\" \/>\n<script type=\"application\/ld+json\" class=\"yoast-schema-graph\">{\"@context\":\"https:\/\/schema.org\",\"@graph\":[{\"@type\":\"WebPage\",\"@id\":\"https:\/\/www.finieris.com\/lv\/akcionariem\/\",\"url\":\"https:\/\/www.finieris.com\/lv\/akcionariem\/\",\"name\":\"Akcion\u0101riem - Latvijas Finieris\",\"isPartOf\":{\"@id\":\"https:\/\/www.finieris.com\/lv\/#website\"},\"primaryImageOfPage\":{\"@id\":\"https:\/\/www.finieris.com\/lv\/akcionariem\/#primaryimage\"},\"image\":{\"@id\":\"https:\/\/www.finieris.com\/lv\/akcionariem\/#primaryimage\"},\"thumbnailUrl\":\"https:\/\/www.finieris.com\/wp-content\/uploads\/2010\/10\/KL1F6858-scaled.jpg\",\"datePublished\":\"2023-08-25T10:17:27+00:00\",\"dateModified\":\"2024-10-16T06:45:17+00:00\",\"description\":\"Unlock the benefits of the latest shareholder strategies for increased profits and business growth.\",\"breadcrumb\":{\"@id\":\"https:\/\/www.finieris.com\/lv\/akcionariem\/#breadcrumb\"},\"inLanguage\":\"lv-LV\",\"potentialAction\":[{\"@type\":\"ReadAction\",\"target\":[\"https:\/\/www.finieris.com\/lv\/akcionariem\/\"]}]},{\"@type\":\"ImageObject\",\"inLanguage\":\"lv-LV\",\"@id\":\"https:\/\/www.finieris.com\/lv\/akcionariem\/#primaryimage\",\"url\":\"https:\/\/www.finieris.com\/wp-content\/uploads\/2010\/10\/KL1F6858-scaled.jpg\",\"contentUrl\":\"https:\/\/www.finieris.com\/wp-content\/uploads\/2010\/10\/KL1F6858-scaled.jpg\",\"width\":2560,\"height\":1707,\"caption\":\"Divi kukai\u0146i, kas dala b\u0113rza lapu\"},{\"@type\":\"BreadcrumbList\",\"@id\":\"https:\/\/www.finieris.com\/lv\/akcionariem\/#breadcrumb\",\"itemListElement\":[{\"@type\":\"ListItem\",\"position\":1,\"name\":\"Home\",\"item\":\"https:\/\/www.finieris.com\/lv\/\"},{\"@type\":\"ListItem\",\"position\":2,\"name\":\"Akcion\u0101riem\"}]},{\"@type\":\"WebSite\",\"@id\":\"https:\/\/www.finieris.com\/lv\/#website\",\"url\":\"https:\/\/www.finieris.com\/lv\/\",\"name\":\"Latvijas Finieris\",\"description\":\"Leading the way in sustainable forestry\",\"publisher\":{\"@id\":\"https:\/\/www.finieris.com\/lv\/#organization\"},\"potentialAction\":[{\"@type\":\"SearchAction\",\"target\":{\"@type\":\"EntryPoint\",\"urlTemplate\":\"https:\/\/www.finieris.com\/lv\/?s={search_term_string}\"},\"query-input\":{\"@type\":\"PropertyValueSpecification\",\"valueRequired\":true,\"valueName\":\"search_term_string\"}}],\"inLanguage\":\"lv-LV\"},{\"@type\":\"Organization\",\"@id\":\"https:\/\/www.finieris.com\/lv\/#organization\",\"name\":\"Latvijas Finieris\",\"alternateName\":\"Riga Wood\",\"url\":\"https:\/\/www.finieris.com\/lv\/\",\"logo\":{\"@type\":\"ImageObject\",\"inLanguage\":\"lv-LV\",\"@id\":\"https:\/\/www.finieris.com\/lv\/#\/schema\/logo\/image\/\",\"url\":\"https:\/\/www.finieris.com\/wp-content\/uploads\/2023\/08\/finieris-logo.svg\",\"contentUrl\":\"https:\/\/www.finieris.com\/wp-content\/uploads\/2023\/08\/finieris-logo.svg\",\"width\":1,\"height\":1,\"caption\":\"Latvijas Finieris\"},\"image\":{\"@id\":\"https:\/\/www.finieris.com\/lv\/#\/schema\/logo\/image\/\"},\"sameAs\":[\"https:\/\/www.facebook.com\/Finieris\/\",\"https:\/\/lv.linkedin.com\/company\/latvijas-finieris\",\"https:\/\/www.youtube.com\/c\/LatvijasFinierisAS\"]}]}<\/script>\n<!-- \/ Yoast SEO Premium plugin. -->","yoast_head_json":{"title":"Akcion\u0101riem - Latvijas Finieris","description":"Unlock the benefits of the latest shareholder strategies for increased profits and business growth.","robots":{"index":"index","follow":"follow","max-snippet":"max-snippet:-1","max-image-preview":"max-image-preview:large","max-video-preview":"max-video-preview:-1"},"canonical":"https:\/\/www.finieris.com\/lv\/akcionariem\/","og_locale":"lv_LV","og_type":"article","og_title":"Akcion\u0101riem","og_description":"Unlock the benefits of the latest shareholder strategies for increased profits and business growth.","og_url":"https:\/\/www.finieris.com\/lv\/akcionariem\/","og_site_name":"Latvijas Finieris","article_publisher":"https:\/\/www.facebook.com\/Finieris\/","article_modified_time":"2024-10-16T06:45:17+00:00","og_image":[{"width":2560,"height":1707,"url":"https:\/\/www.finieris.com\/wp-content\/uploads\/2010\/10\/KL1F6858-scaled.jpg","type":"image\/jpeg"}],"twitter_card":"summary_large_image","twitter_misc":{"Est. reading time":"1 minute"},"schema":{"@context":"https:\/\/schema.org","@graph":[{"@type":"WebPage","@id":"https:\/\/www.finieris.com\/lv\/akcionariem\/","url":"https:\/\/www.finieris.com\/lv\/akcionariem\/","name":"Akcion\u0101riem - Latvijas Finieris","isPartOf":{"@id":"https:\/\/www.finieris.com\/lv\/#website"},"primaryImageOfPage":{"@id":"https:\/\/www.finieris.com\/lv\/akcionariem\/#primaryimage"},"image":{"@id":"https:\/\/www.finieris.com\/lv\/akcionariem\/#primaryimage"},"thumbnailUrl":"https:\/\/www.finieris.com\/wp-content\/uploads\/2010\/10\/KL1F6858-scaled.jpg","datePublished":"2023-08-25T10:17:27+00:00","dateModified":"2024-10-16T06:45:17+00:00","description":"Unlock the benefits of the latest shareholder strategies for increased profits and business growth.","breadcrumb":{"@id":"https:\/\/www.finieris.com\/lv\/akcionariem\/#breadcrumb"},"inLanguage":"lv-LV","potentialAction":[{"@type":"ReadAction","target":["https:\/\/www.finieris.com\/lv\/akcionariem\/"]}]},{"@type":"ImageObject","inLanguage":"lv-LV","@id":"https:\/\/www.finieris.com\/lv\/akcionariem\/#primaryimage","url":"https:\/\/www.finieris.com\/wp-content\/uploads\/2010\/10\/KL1F6858-scaled.jpg","contentUrl":"https:\/\/www.finieris.com\/wp-content\/uploads\/2010\/10\/KL1F6858-scaled.jpg","width":2560,"height":1707,"caption":"Divi kukai\u0146i, kas dala b\u0113rza lapu"},{"@type":"BreadcrumbList","@id":"https:\/\/www.finieris.com\/lv\/akcionariem\/#breadcrumb","itemListElement":[{"@type":"ListItem","position":1,"name":"Home","item":"https:\/\/www.finieris.com\/lv\/"},{"@type":"ListItem","position":2,"name":"Akcion\u0101riem"}]},{"@type":"WebSite","@id":"https:\/\/www.finieris.com\/lv\/#website","url":"https:\/\/www.finieris.com\/lv\/","name":"Latvijas Finieris","description":"Leading the way in sustainable forestry","publisher":{"@id":"https:\/\/www.finieris.com\/lv\/#organization"},"potentialAction":[{"@type":"SearchAction","target":{"@type":"EntryPoint","urlTemplate":"https:\/\/www.finieris.com\/lv\/?s={search_term_string}"},"query-input":{"@type":"PropertyValueSpecification","valueRequired":true,"valueName":"search_term_string"}}],"inLanguage":"lv-LV"},{"@type":"Organization","@id":"https:\/\/www.finieris.com\/lv\/#organization","name":"Latvijas Finieris","alternateName":"Riga Wood","url":"https:\/\/www.finieris.com\/lv\/","logo":{"@type":"ImageObject","inLanguage":"lv-LV","@id":"https:\/\/www.finieris.com\/lv\/#\/schema\/logo\/image\/","url":"https:\/\/www.finieris.com\/wp-content\/uploads\/2023\/08\/finieris-logo.svg","contentUrl":"https:\/\/www.finieris.com\/wp-content\/uploads\/2023\/08\/finieris-logo.svg","width":1,"height":1,"caption":"Latvijas Finieris"},"image":{"@id":"https:\/\/www.finieris.com\/lv\/#\/schema\/logo\/image\/"},"sameAs":["https:\/\/www.facebook.com\/Finieris\/","https:\/\/lv.linkedin.com\/company\/latvijas-finieris","https:\/\/www.youtube.com\/c\/LatvijasFinierisAS"]}]}},"_links":{"self":[{"href":"https:\/\/www.finieris.com\/lv\/wp-json\/wp\/v2\/pages\/13570","targetHints":{"allow":["GET"]}}],"collection":[{"href":"https:\/\/www.finieris.com\/lv\/wp-json\/wp\/v2\/pages"}],"about":[{"href":"https:\/\/www.finieris.com\/lv\/wp-json\/wp\/v2\/types\/page"}],"author":[{"embeddable":true,"href":"https:\/\/www.finieris.com\/lv\/wp-json\/wp\/v2\/users\/1"}],"replies":[{"embeddable":true,"href":"https:\/\/www.finieris.com\/lv\/wp-json\/wp\/v2\/comments?post=13570"}],"version-history":[{"count":1,"href":"https:\/\/www.finieris.com\/lv\/wp-json\/wp\/v2\/pages\/13570\/revisions"}],"predecessor-version":[{"id":13571,"href":"https:\/\/www.finieris.com\/lv\/wp-json\/wp\/v2\/pages\/13570\/revisions\/13571"}],"wp:featuredmedia":[{"embeddable":true,"href":"https:\/\/www.finieris.com\/lv\/wp-json\/wp\/v2\/media\/12340"}],"wp:attachment":[{"href":"https:\/\/www.finieris.com\/lv\/wp-json\/wp\/v2\/media?parent=13570"}],"wp:term":[{"taxonomy":"category","embeddable":true,"href":"https:\/\/www.finieris.com\/lv\/wp-json\/wp\/v2\/categories?post=13570"}],"curies":[{"name":"wp","href":"https:\/\/api.w.org\/{rel}","templated":true}]}}