{"id":10809,"date":"2024-06-26T17:13:03","date_gmt":"2024-06-26T14:13:03","guid":{"rendered":"https:\/\/www.finieris.com\/?page_id=10809"},"modified":"2024-06-26T17:19:08","modified_gmt":"2024-06-26T14:19:08","slug":"trauksmes-celsana","status":"publish","type":"page","link":"https:\/\/www.finieris.com\/lv\/kontakti\/trauksmes-celsana\/","title":{"rendered":"Trauksmes cel\u0161ana"},"content":{"rendered":"<section id=\"hero-block_fbb99689e0b8e8ba95017e27e3af3233\"\n         class=\"block hero bg-color bg-beige\"\n         data-hero-block>\n        <div class=\"container\">\n        <div class=\"row\">\n            <div class=\"col-12 col-lg-9 hero-content-wrap\">\n                <div class=\"hero-content\" data-aos=\"fade-in\" data-aos-duration=\"400\" data-aos-easing=\"ease-in-out\"><h1>Trauksmes cel\u0161ana<\/h1>\n<\/div>\n            <\/div>\n        <\/div>\n            <\/div>\n    <\/section>\n\n\n<section id=\"written-content-block_5184b3e3b0c7f1a6d92881313ddaef64\" class=\"block written-content bg-white\"\n    >\n        <div class=\"container\" data-aos=\"fade-up\" data-aos-once=\"true\" data-aos-duration=\"500\">\n        <div class=\"row\">\n                        <div class=\"col col-md-9\">\n                <p>AS \u201cLatvijas Finieris\u201d ir izveidota iek\u0161\u0113j\u0101 trauksmes cel\u0161anas sist\u0113ma, kas nodro\u0161ina iesp\u0113ju dro\u0161i zi\u0146ot par iesp\u0113jamiem p\u0101rk\u0101pumiem un nodro\u0161ina trauksmes c\u0113l\u0113jiem normat\u012bvajos aktos noteikto aizsardz\u012bbu.<\/p>\n<p>Trauksmes cel\u0161ana noz\u012bm\u0113 godpr\u0101t\u012bgi sniegt inform\u0101ciju par iesp\u0113jamu p\u0101rk\u0101pumu, kas var kait\u0113t sabiedr\u012bbas interes\u0113m, k\u0101 ar\u012b AS \u201cLatvijas Finieris\u201d iek\u0161\u0113jo noteikumu p\u0101rk\u0101pumu, ja inform\u0101cija par p\u0101rk\u0101pumu g\u016bta saist\u012bb\u0101 ar darba pien\u0101kumu izpildi vai dibinot tiesisk\u0101s attiec\u012bbas, kas saist\u012btas ar darba pien\u0101kumu izpildi, un ir pamatoti uzskat\u012bt \u0161o inform\u0101ciju par patiesu.<\/p>\n<p>AS \u201cLatvijas Finieris\u201d trauksmes zi\u0146ojumus var iesniegt \u0161\u0101dos veidos:<\/p>\n<ul>\n<li>Elektroniski, nos\u016btot uz e-pastu\u00a0<a href=\"mailto:trauksme@finieris.lv\">trauksme@finieris.lv<\/a>.<\/li>\n<li>Pa pastu, nos\u016btot uz adresi AS \u201cLatvijas Finieris\u201d, Bauskas iela 59, R\u012bga, LV-1004, uz aploksnes oblig\u0101ti nor\u0101dot \u201cTrauksmes cel\u0161ana\u201d.<\/li>\n<\/ul>\n<p>Saska\u0146\u0101 ar AS \u201cLatvijas Finieris\u201d iek\u0161\u0113j\u0101s trauksmes cel\u0161anas sist\u0113mas noteikumiem trauksmes c\u0113l\u0113ja identit\u0101te tiek aizsarg\u0101ta un ir zin\u0101ma tikai AS \u201cLatvijas Finieris\u201d trauksmes cel\u0161anas kontaktpersonai.<\/p>\n<p>Trauksmes zi\u0146ojum\u0101 ietvertie personas dati tiek aizsarg\u0101ti atbilsto\u0161i normat\u012bvo aktu pras\u012bb\u0101m.<\/p>\n<p>Papildus inform\u0101cija:<\/p>\n<ul>\n<li>Valsts kancelejas t\u012bmek\u013cvietn\u0113\u00a0<a title=\"Trauksmes c\u0113l\u0113js\" href=\"https:\/\/www.trauksmescelejs.lv\/\" target=\"_blank\" rel=\"noopener\">trauksmescelejs.lv<\/a>.<\/li>\n<\/ul>\n            <\/div>\n        <\/div>\n    <\/div>\n    <\/section>\n","protected":false},"excerpt":{"rendered":"","protected":false},"author":2,"featured_media":10812,"parent":4036,"menu_order":0,"comment_status":"closed","ping_status":"closed","template":"","meta":{"_acf_changed":false,"footnotes":""},"categories":[],"class_list":["post-10809","page","type-page","status-publish","has-post-thumbnail","hentry"],"acf":[],"yoast_head":"<!-- This site is optimized with the Yoast SEO Premium plugin v27.2 (Yoast SEO v27.2) - https:\/\/yoast.com\/product\/yoast-seo-premium-wordpress\/ -->\n<title>Trauksmes cel\u0161ana - Latvijas Finieris<\/title>\n<meta name=\"description\" content=\"Iek\u0161\u0113j\u0101 trauksmes cel\u0161anas sist\u0113ma, kas nodro\u0161ina iesp\u0113ju dro\u0161i zi\u0146ot par iesp\u0113jamiem p\u0101rk\u0101pumiem un nodro\u0161ina aizsardz\u012bbu.\" \/>\n<meta name=\"robots\" content=\"index, follow, max-snippet:-1, max-image-preview:large, max-video-preview:-1\" \/>\n<link rel=\"canonical\" href=\"https:\/\/www.finieris.com\/lv\/kontakti\/trauksmes-celsana\/\" \/>\n<meta property=\"og:locale\" content=\"lv_LV\" \/>\n<meta property=\"og:type\" content=\"article\" \/>\n<meta property=\"og:title\" content=\"Trauksmes cel\u0161ana\" \/>\n<meta property=\"og:description\" content=\"Iek\u0161\u0113j\u0101 trauksmes cel\u0161anas sist\u0113ma, kas nodro\u0161ina iesp\u0113ju dro\u0161i zi\u0146ot par iesp\u0113jamiem p\u0101rk\u0101pumiem un nodro\u0161ina aizsardz\u012bbu.\" \/>\n<meta property=\"og:url\" content=\"https:\/\/www.finieris.com\/lv\/kontakti\/trauksmes-celsana\/\" \/>\n<meta property=\"og:site_name\" content=\"Latvijas Finieris\" \/>\n<meta property=\"article:publisher\" content=\"https:\/\/www.facebook.com\/Finieris\/\" \/>\n<meta property=\"article:modified_time\" content=\"2024-06-26T14:19:08+00:00\" \/>\n<meta property=\"og:image\" content=\"https:\/\/www.finieris.com\/wp-content\/uploads\/2024\/06\/Trauksmes-celsana.jpg\" \/>\n\t<meta property=\"og:image:width\" content=\"1440\" \/>\n\t<meta property=\"og:image:height\" content=\"1620\" \/>\n\t<meta property=\"og:image:type\" content=\"image\/jpeg\" \/>\n<meta name=\"twitter:card\" content=\"summary_large_image\" \/>\n<meta name=\"twitter:label1\" content=\"Est. reading time\" \/>\n\t<meta name=\"twitter:data1\" content=\"1 minute\" \/>\n<script type=\"application\/ld+json\" class=\"yoast-schema-graph\">{\"@context\":\"https:\/\/schema.org\",\"@graph\":[{\"@type\":\"WebPage\",\"@id\":\"https:\/\/www.finieris.com\/lv\/kontakti\/trauksmes-celsana\/\",\"url\":\"https:\/\/www.finieris.com\/lv\/kontakti\/trauksmes-celsana\/\",\"name\":\"Trauksmes cel\u0161ana - Latvijas Finieris\",\"isPartOf\":{\"@id\":\"https:\/\/www.finieris.com\/lv\/#website\"},\"primaryImageOfPage\":{\"@id\":\"https:\/\/www.finieris.com\/lv\/kontakti\/trauksmes-celsana\/#primaryimage\"},\"image\":{\"@id\":\"https:\/\/www.finieris.com\/lv\/kontakti\/trauksmes-celsana\/#primaryimage\"},\"thumbnailUrl\":\"https:\/\/www.finieris.com\/wp-content\/uploads\/2024\/06\/Trauksmes-celsana.jpg\",\"datePublished\":\"2024-06-26T14:13:03+00:00\",\"dateModified\":\"2024-06-26T14:19:08+00:00\",\"description\":\"Iek\u0161\u0113j\u0101 trauksmes cel\u0161anas sist\u0113ma, kas nodro\u0161ina iesp\u0113ju dro\u0161i zi\u0146ot par iesp\u0113jamiem p\u0101rk\u0101pumiem un nodro\u0161ina aizsardz\u012bbu.\",\"breadcrumb\":{\"@id\":\"https:\/\/www.finieris.com\/lv\/kontakti\/trauksmes-celsana\/#breadcrumb\"},\"inLanguage\":\"lv-LV\",\"potentialAction\":[{\"@type\":\"ReadAction\",\"target\":[\"https:\/\/www.finieris.com\/lv\/kontakti\/trauksmes-celsana\/\"]}]},{\"@type\":\"ImageObject\",\"inLanguage\":\"lv-LV\",\"@id\":\"https:\/\/www.finieris.com\/lv\/kontakti\/trauksmes-celsana\/#primaryimage\",\"url\":\"https:\/\/www.finieris.com\/wp-content\/uploads\/2024\/06\/Trauksmes-celsana.jpg\",\"contentUrl\":\"https:\/\/www.finieris.com\/wp-content\/uploads\/2024\/06\/Trauksmes-celsana.jpg\",\"width\":1440,\"height\":1620,\"caption\":\"Megafons\"},{\"@type\":\"BreadcrumbList\",\"@id\":\"https:\/\/www.finieris.com\/lv\/kontakti\/trauksmes-celsana\/#breadcrumb\",\"itemListElement\":[{\"@type\":\"ListItem\",\"position\":1,\"name\":\"Home\",\"item\":\"https:\/\/www.finieris.com\/lv\/\"},{\"@type\":\"ListItem\",\"position\":2,\"name\":\"Kontakti\",\"item\":\"https:\/\/www.finieris.com\/lv\/kontakti\/\"},{\"@type\":\"ListItem\",\"position\":3,\"name\":\"Trauksmes cel\u0161ana\"}]},{\"@type\":\"WebSite\",\"@id\":\"https:\/\/www.finieris.com\/lv\/#website\",\"url\":\"https:\/\/www.finieris.com\/lv\/\",\"name\":\"Latvijas Finieris\",\"description\":\"Leading the way in sustainable forestry\",\"publisher\":{\"@id\":\"https:\/\/www.finieris.com\/lv\/#organization\"},\"potentialAction\":[{\"@type\":\"SearchAction\",\"target\":{\"@type\":\"EntryPoint\",\"urlTemplate\":\"https:\/\/www.finieris.com\/lv\/?s={search_term_string}\"},\"query-input\":{\"@type\":\"PropertyValueSpecification\",\"valueRequired\":true,\"valueName\":\"search_term_string\"}}],\"inLanguage\":\"lv-LV\"},{\"@type\":\"Organization\",\"@id\":\"https:\/\/www.finieris.com\/lv\/#organization\",\"name\":\"Latvijas Finieris\",\"alternateName\":\"Riga Wood\",\"url\":\"https:\/\/www.finieris.com\/lv\/\",\"logo\":{\"@type\":\"ImageObject\",\"inLanguage\":\"lv-LV\",\"@id\":\"https:\/\/www.finieris.com\/lv\/#\/schema\/logo\/image\/\",\"url\":\"https:\/\/www.finieris.com\/wp-content\/uploads\/2023\/08\/finieris-logo.svg\",\"contentUrl\":\"https:\/\/www.finieris.com\/wp-content\/uploads\/2023\/08\/finieris-logo.svg\",\"width\":1,\"height\":1,\"caption\":\"Latvijas Finieris\"},\"image\":{\"@id\":\"https:\/\/www.finieris.com\/lv\/#\/schema\/logo\/image\/\"},\"sameAs\":[\"https:\/\/www.facebook.com\/Finieris\/\",\"https:\/\/lv.linkedin.com\/company\/latvijas-finieris\",\"https:\/\/www.youtube.com\/c\/LatvijasFinierisAS\"]}]}<\/script>\n<!-- \/ Yoast SEO Premium plugin. -->","yoast_head_json":{"title":"Trauksmes cel\u0161ana - Latvijas Finieris","description":"Iek\u0161\u0113j\u0101 trauksmes cel\u0161anas sist\u0113ma, kas nodro\u0161ina iesp\u0113ju dro\u0161i zi\u0146ot par iesp\u0113jamiem p\u0101rk\u0101pumiem un nodro\u0161ina aizsardz\u012bbu.","robots":{"index":"index","follow":"follow","max-snippet":"max-snippet:-1","max-image-preview":"max-image-preview:large","max-video-preview":"max-video-preview:-1"},"canonical":"https:\/\/www.finieris.com\/lv\/kontakti\/trauksmes-celsana\/","og_locale":"lv_LV","og_type":"article","og_title":"Trauksmes cel\u0161ana","og_description":"Iek\u0161\u0113j\u0101 trauksmes cel\u0161anas sist\u0113ma, kas nodro\u0161ina iesp\u0113ju dro\u0161i zi\u0146ot par iesp\u0113jamiem p\u0101rk\u0101pumiem un nodro\u0161ina aizsardz\u012bbu.","og_url":"https:\/\/www.finieris.com\/lv\/kontakti\/trauksmes-celsana\/","og_site_name":"Latvijas Finieris","article_publisher":"https:\/\/www.facebook.com\/Finieris\/","article_modified_time":"2024-06-26T14:19:08+00:00","og_image":[{"width":1440,"height":1620,"url":"https:\/\/www.finieris.com\/wp-content\/uploads\/2024\/06\/Trauksmes-celsana.jpg","type":"image\/jpeg"}],"twitter_card":"summary_large_image","twitter_misc":{"Est. reading time":"1 minute"},"schema":{"@context":"https:\/\/schema.org","@graph":[{"@type":"WebPage","@id":"https:\/\/www.finieris.com\/lv\/kontakti\/trauksmes-celsana\/","url":"https:\/\/www.finieris.com\/lv\/kontakti\/trauksmes-celsana\/","name":"Trauksmes cel\u0161ana - Latvijas Finieris","isPartOf":{"@id":"https:\/\/www.finieris.com\/lv\/#website"},"primaryImageOfPage":{"@id":"https:\/\/www.finieris.com\/lv\/kontakti\/trauksmes-celsana\/#primaryimage"},"image":{"@id":"https:\/\/www.finieris.com\/lv\/kontakti\/trauksmes-celsana\/#primaryimage"},"thumbnailUrl":"https:\/\/www.finieris.com\/wp-content\/uploads\/2024\/06\/Trauksmes-celsana.jpg","datePublished":"2024-06-26T14:13:03+00:00","dateModified":"2024-06-26T14:19:08+00:00","description":"Iek\u0161\u0113j\u0101 trauksmes cel\u0161anas sist\u0113ma, kas nodro\u0161ina iesp\u0113ju dro\u0161i zi\u0146ot par iesp\u0113jamiem p\u0101rk\u0101pumiem un nodro\u0161ina aizsardz\u012bbu.","breadcrumb":{"@id":"https:\/\/www.finieris.com\/lv\/kontakti\/trauksmes-celsana\/#breadcrumb"},"inLanguage":"lv-LV","potentialAction":[{"@type":"ReadAction","target":["https:\/\/www.finieris.com\/lv\/kontakti\/trauksmes-celsana\/"]}]},{"@type":"ImageObject","inLanguage":"lv-LV","@id":"https:\/\/www.finieris.com\/lv\/kontakti\/trauksmes-celsana\/#primaryimage","url":"https:\/\/www.finieris.com\/wp-content\/uploads\/2024\/06\/Trauksmes-celsana.jpg","contentUrl":"https:\/\/www.finieris.com\/wp-content\/uploads\/2024\/06\/Trauksmes-celsana.jpg","width":1440,"height":1620,"caption":"Megafons"},{"@type":"BreadcrumbList","@id":"https:\/\/www.finieris.com\/lv\/kontakti\/trauksmes-celsana\/#breadcrumb","itemListElement":[{"@type":"ListItem","position":1,"name":"Home","item":"https:\/\/www.finieris.com\/lv\/"},{"@type":"ListItem","position":2,"name":"Kontakti","item":"https:\/\/www.finieris.com\/lv\/kontakti\/"},{"@type":"ListItem","position":3,"name":"Trauksmes cel\u0161ana"}]},{"@type":"WebSite","@id":"https:\/\/www.finieris.com\/lv\/#website","url":"https:\/\/www.finieris.com\/lv\/","name":"Latvijas Finieris","description":"Leading the way in sustainable forestry","publisher":{"@id":"https:\/\/www.finieris.com\/lv\/#organization"},"potentialAction":[{"@type":"SearchAction","target":{"@type":"EntryPoint","urlTemplate":"https:\/\/www.finieris.com\/lv\/?s={search_term_string}"},"query-input":{"@type":"PropertyValueSpecification","valueRequired":true,"valueName":"search_term_string"}}],"inLanguage":"lv-LV"},{"@type":"Organization","@id":"https:\/\/www.finieris.com\/lv\/#organization","name":"Latvijas Finieris","alternateName":"Riga Wood","url":"https:\/\/www.finieris.com\/lv\/","logo":{"@type":"ImageObject","inLanguage":"lv-LV","@id":"https:\/\/www.finieris.com\/lv\/#\/schema\/logo\/image\/","url":"https:\/\/www.finieris.com\/wp-content\/uploads\/2023\/08\/finieris-logo.svg","contentUrl":"https:\/\/www.finieris.com\/wp-content\/uploads\/2023\/08\/finieris-logo.svg","width":1,"height":1,"caption":"Latvijas Finieris"},"image":{"@id":"https:\/\/www.finieris.com\/lv\/#\/schema\/logo\/image\/"},"sameAs":["https:\/\/www.facebook.com\/Finieris\/","https:\/\/lv.linkedin.com\/company\/latvijas-finieris","https:\/\/www.youtube.com\/c\/LatvijasFinierisAS"]}]}},"_links":{"self":[{"href":"https:\/\/www.finieris.com\/lv\/wp-json\/wp\/v2\/pages\/10809","targetHints":{"allow":["GET"]}}],"collection":[{"href":"https:\/\/www.finieris.com\/lv\/wp-json\/wp\/v2\/pages"}],"about":[{"href":"https:\/\/www.finieris.com\/lv\/wp-json\/wp\/v2\/types\/page"}],"author":[{"embeddable":true,"href":"https:\/\/www.finieris.com\/lv\/wp-json\/wp\/v2\/users\/2"}],"replies":[{"embeddable":true,"href":"https:\/\/www.finieris.com\/lv\/wp-json\/wp\/v2\/comments?post=10809"}],"version-history":[{"count":2,"href":"https:\/\/www.finieris.com\/lv\/wp-json\/wp\/v2\/pages\/10809\/revisions"}],"predecessor-version":[{"id":10811,"href":"https:\/\/www.finieris.com\/lv\/wp-json\/wp\/v2\/pages\/10809\/revisions\/10811"}],"up":[{"embeddable":true,"href":"https:\/\/www.finieris.com\/lv\/wp-json\/wp\/v2\/pages\/4036"}],"wp:featuredmedia":[{"embeddable":true,"href":"https:\/\/www.finieris.com\/lv\/wp-json\/wp\/v2\/media\/10812"}],"wp:attachment":[{"href":"https:\/\/www.finieris.com\/lv\/wp-json\/wp\/v2\/media?parent=10809"}],"wp:term":[{"taxonomy":"category","embeddable":true,"href":"https:\/\/www.finieris.com\/lv\/wp-json\/wp\/v2\/categories?post=10809"}],"curies":[{"name":"wp","href":"https:\/\/api.w.org\/{rel}","templated":true}]}}